{"id":23247,"date":"2023-08-29T16:56:34","date_gmt":"2023-08-29T14:56:34","guid":{"rendered":"https:\/\/www.eltono.com\/?page_id=23247"},"modified":"2023-08-29T22:48:06","modified_gmt":"2023-08-29T20:48:06","slug":"oriflammes","status":"publish","type":"page","link":"https:\/\/www.eltono.com\/en\/projects\/oriflammes\/","title":{"rendered":"Oriflammes"},"content":{"rendered":"<p>Bourdeilles, France<br \/>\nJune 2022<\/p>\n<p>Project realized in collaboration with the town of Bourdeilles and the Dordogne-P\u00e9rigord Departmental Cultural Agency.<\/p>\n<p>Upon the invitation of the Departmental Cultural Agency and the town of Bourdeilles, I have conceived a series of graphic compositions for the Grand Rue, the main street in the village. This work involved participatory workshops with over seventy residents. This installation marks the official launch of a collective consultation initiated by the municipality regarding the future urban and landscape redevelopment of the town.<\/p>\n<p>I collaborated with primary school students, volunteers, as well as residents from the La Prada medical center and the Les Deux S\u00e9quoias nursing home. Using architectural elements, I created twenty-four shapes and defined a color palette. I introduced participants to a graphic and playful protocol where choices were based on the results of dice rolls. Each number corresponded to a shape, an orientation, and a color. The dice throws generated over two hundred motifs, allowing me to compose the banners.<\/p>\nngg_shortcode_1_placeholder\n<p><strong>Participants, from 6 to 101 years old:<\/strong><br \/>\nErinne, Emma, Lisa, Elvin, Antoine, Loup, Luther, Arthur, Joseph, Alice, Margot, Abel, C\u00e9line, Guy, Patrick, Elie, Nolan, Solange, Chantal, Alexis, Killyan, John, Jessica, Clara, Nathalie, Pierre, Paulette, Simone, Hameury, Jean-Claude, Marie, Alain, Christine, Nicolas, Maria, Marie-Colette, Joan, Lorenzo, Thomas, Camille, Soyann, Flore, Sasha, Ma\u00eblys, Ethan, Ad\u00e8le, Yoann, Jaja, Hugo, Jules V, L\u00e9o, Lulu, Oc\u00e9ane, Elisa, L\u00e9on, Jules F, M\u00e9lissa, Eywa, Ladig, Kyllian, along with their teachers and activity leaders.<\/p>\n<p><strong>Production:<\/strong><br \/>\nBourdeilles Town Hall &amp; Dordogne-P\u00e9rigord Departmental Cultural Agency &#8211; 2022<\/p>\n<p>Photos: Eltono<\/p>","protected":false},"excerpt":{"rendered":"<p>Bourdeilles, France June 2022 Project realized in collaboration with the town of Bourdeilles and the Dordogne-P\u00e9rigord Departmental Cultural Agency. Upon the invitation of the Departmental Cultural Agency and the town of Bourdeilles, I have conceived a series of graphic compositions for the Grand Rue, the main street in the village. This work involved participatory workshops &hellip; <a href=\"https:\/\/www.eltono.com\/en\/projects\/oriflammes\/\" class=\"more-link\">Continue reading <span class=\"screen-reader-text\">Oriflammes<\/span><\/a><\/p>\n","protected":false},"author":1,"featured_media":23286,"parent":5,"menu_order":0,"comment_status":"closed","ping_status":"closed","template":"","meta":{"ngg_post_thumbnail":0,"jetpack_post_was_ever_published":false,"footnotes":""},"categories":[350,334,277,5,262,266,269,272,7],"tags":[],"class_list":["post-23247","page","type-page","status-publish","has-post-thumbnail","hentry","category-350","category-destacados","category-generative","category-interventions","category-page_automatic","category-page_outdoor","category-page_participatif","category-page_project","category-projects"],"jetpack_sharing_enabled":true,"jetpack_shortlink":"https:\/\/wp.me\/P7sWFx-62X","_links":{"self":[{"href":"https:\/\/www.eltono.com\/en\/wp-json\/wp\/v2\/pages\/23247","targetHints":{"allow":["GET"]}}],"collection":[{"href":"https:\/\/www.eltono.com\/en\/wp-json\/wp\/v2\/pages"}],"about":[{"href":"https:\/\/www.eltono.com\/en\/wp-json\/wp\/v2\/types\/page"}],"author":[{"embeddable":true,"href":"https:\/\/www.eltono.com\/en\/wp-json\/wp\/v2\/users\/1"}],"replies":[{"embeddable":true,"href":"https:\/\/www.eltono.com\/en\/wp-json\/wp\/v2\/comments?post=23247"}],"version-history":[{"count":17,"href":"https:\/\/www.eltono.com\/en\/wp-json\/wp\/v2\/pages\/23247\/revisions"}],"predecessor-version":[{"id":23342,"href":"https:\/\/www.eltono.com\/en\/wp-json\/wp\/v2\/pages\/23247\/revisions\/23342"}],"up":[{"embeddable":true,"href":"https:\/\/www.eltono.com\/en\/wp-json\/wp\/v2\/pages\/5"}],"wp:featuredmedia":[{"embeddable":true,"href":"https:\/\/www.eltono.com\/en\/wp-json\/wp\/v2\/media\/23286"}],"wp:attachment":[{"href":"https:\/\/www.eltono.com\/en\/wp-json\/wp\/v2\/media?parent=23247"}],"wp:term":[{"taxonomy":"category","embeddable":true,"href":"https:\/\/www.eltono.com\/en\/wp-json\/wp\/v2\/categories?post=23247"},{"taxonomy":"post_tag","embeddable":true,"href":"https:\/\/www.eltono.com\/en\/wp-json\/wp\/v2\/tags?post=23247"}],"curies":[{"name":"wp","href":"https:\/\/api.w.org\/{rel}","templated":true}]}}