{"id":3271,"date":"2010-04-15T13:08:48","date_gmt":"2010-04-15T11:08:48","guid":{"rendered":"http:\/\/www.eltono.com\/?page_id=3271"},"modified":"2016-03-20T18:05:40","modified_gmt":"2016-03-20T16:05:40","slug":"branco-de-espana","status":"publish","type":"page","link":"https:\/\/www.eltono.com\/en\/exhibitions\/branco-de-espana\/","title":{"rendered":"Branco de Espa\u00f1a"},"content":{"rendered":"<p>MUAU<br \/>\nFundaci\u00f3n Caixa Galicia, La Coru\u00f1a, Spain<br \/>\nApril 15th &#8211; June 27th 2010<\/p>\n<p>I first presented the project <em><strong>Branco de Espa\u00f1a<\/strong><\/em> during the <em><strong>Postgraffiti, Geometr\u00eda y Abstracci\u00f3n<\/strong><\/em> exhibition curated by <a href=\"http:\/\/urbanario.es\/\" target=\"_blank\">Javier Abarca<\/a> at the Fundaci\u00f3n Caixa Galicia during the MUAU in A Coru\u00f1a.<\/p>\n<p>This is another experiment like <em><a href=\"http:\/\/www.eltono.com\/en\/projects\/pubblico\/\" target=\"_blank\">Pubblico<\/a>, <a href=\"http:\/\/www.eltono.com\/en\/exhibitions\/coriandoli\/\" target=\"_blank\">Coriandoli<\/a><\/em> or <em><a href=\"http:\/\/www.eltono.com\/en\/projects\/el-autotono\/\" target=\"_blank\">El Autotono<\/a><\/em> where the final result of the artwork is completely dependent on pedestrian interaction. In this project the basis of my interest and observation was the combination of random organic drawings with my clean, calculated designs. People drew with their fingers slowly revealing my hidden images.<\/p>\n<p>You can see the video first by <a href=\"#video\">clicking here<\/a>.<\/p>\n<p><style type=\"text\/css\" media=\"all\">\n\/* ----------- Galeria Vertical 700 vh ngg1 ------------*\/\n#gallery-vertical-700-vh{\n\t\/\/max-width: 100%;\n\t\/\/width: 700px;\n\tbackground-color: #ffffff;\n\ttext-align: left;\n}\n#gallery-vertical-700-vh img{\n\t\/\/max-width: 100%;\n\tvertical-align: bottom;\n}\n#gallery-vertical-700-vh-comment{\n\tword-wrap: break-word;\n\t\/\/width: 700px;\n\tmargin: 0 0 17px 0;\n}\n<\/style>\n<div class=\"ngg1-galleryoverview\" id=\"ngg1-gallery-fb373323ebc116b9be769a387079740c\">\n\t\t<div id=\"ngg1-image-1590\">\n\t\t<div id=\"gallery-vertical-700-vh\">\n\t\t\t<img title=\"This is one good example of where my inspiration came from to start this experiment. This picture was taken in the Bronx, New York in March 2009.\" alt=\"This is one good example of where my inspiration came from to start this experiment. This picture was taken in the Bronx, New York in March 2009.\" src=\"https:\/\/www.eltono.com\/wp-content\/gallery\/bde-a-coruna\/eltono-bde00.jpg\"\/>\n\t\t\t<\/div><div id=\"gallery-vertical-700-vh-comment\">This is one good example of where my inspiration came from to start this experiment. This picture was taken in the Bronx, New York in March 2009.\t\t<\/div>\n\t<\/div>\n \t\t<div id=\"ngg1-image-1548\">\n\t\t<div id=\"gallery-vertical-700-vh\">\n\t\t\t<img title=\"Looking for locations in the city of Coru\u00f1a, I finally decided to work around Orz\u00e1n street.  This street is in a traditional and popular neighborhood with a lot of nocturnal activity, just perfect for the experiment!\" alt=\"Looking for locations in the city of Coru\u00f1a, I finally decided to work around Orz\u00e1n street.  This street is in a traditional and popular neighborhood with a lot of nocturnal activity, just perfect for the experiment!\" src=\"https:\/\/www.eltono.com\/wp-content\/gallery\/bde-a-coruna\/eltono-bde05.jpg\"\/>\n\t\t\t<\/div><div id=\"gallery-vertical-700-vh-comment\">Looking for locations in the city of Coru\u00f1a, I finally decided to work around Orz\u00e1n street.  This street is in a traditional and popular neighborhood with a lot of nocturnal activity, just perfect for the experiment!\t\t<\/div>\n\t<\/div>\n \t\t<div id=\"ngg1-image-1611\">\n\t\t<div id=\"gallery-vertical-700-vh\">\n\t\t\t<img title=\" \" alt=\" \" src=\"https:\/\/www.eltono.com\/wp-content\/gallery\/bde-a-coruna\/eltono-bde001.jpg\"\/>\n\t\t\t<\/div><div id=\"gallery-vertical-700-vh-comment\"> \t\t<\/div>\n\t<\/div>\n \t\t<div id=\"ngg1-image-1549\">\n\t\t<div id=\"gallery-vertical-700-vh\">\n\t\t\t<img title=\"The guys from the MUAU set up a space for me to work in their basement...\" alt=\"The guys from the MUAU set up a space for me to work in their basement...\" src=\"https:\/\/www.eltono.com\/wp-content\/gallery\/bde-a-coruna\/eltono-bde06.jpg\"\/>\n\t\t\t<\/div><div id=\"gallery-vertical-700-vh-comment\">The guys from the MUAU set up a space for me to work in their basement...\t\t<\/div>\n\t<\/div>\n \t\t<div id=\"ngg1-image-1553\">\n\t\t<div id=\"gallery-vertical-700-vh\">\n\t\t\t<img title=\" \" alt=\" \" src=\"https:\/\/www.eltono.com\/wp-content\/gallery\/bde-a-coruna\/eltono-bde10.jpg\"\/>\n\t\t\t<\/div><div id=\"gallery-vertical-700-vh-comment\"> \t\t<\/div>\n\t<\/div>\n \t\t<div id=\"ngg1-image-1554\">\n\t\t<div id=\"gallery-vertical-700-vh\">\n\t\t\t<img title=\" \" alt=\" \" src=\"https:\/\/www.eltono.com\/wp-content\/gallery\/bde-a-coruna\/eltono-bde11.jpg\"\/>\n\t\t\t<\/div><div id=\"gallery-vertical-700-vh-comment\"> \t\t<\/div>\n\t<\/div>\n \t\t<div id=\"ngg1-image-1555\">\n\t\t<div id=\"gallery-vertical-700-vh\">\n\t\t\t<img title=\" \" alt=\" \" src=\"https:\/\/www.eltono.com\/wp-content\/gallery\/bde-a-coruna\/eltono-bde12.jpg\"\/>\n\t\t\t<\/div><div id=\"gallery-vertical-700-vh-comment\"> \t\t<\/div>\n\t<\/div>\n \t\t<div id=\"ngg1-image-1552\">\n\t\t<div id=\"gallery-vertical-700-vh\">\n\t\t\t<img title=\"...and I prepared three pieces of plexiglass with a hidden design on it.\" alt=\"...and I prepared three pieces of plexiglass with a hidden design on it.\" src=\"https:\/\/www.eltono.com\/wp-content\/gallery\/bde-a-coruna\/eltono-bde09.jpg\"\/>\n\t\t\t<\/div><div id=\"gallery-vertical-700-vh-comment\">...and I prepared three pieces of plexiglass with a hidden design on it.\t\t<\/div>\n\t<\/div>\n \t\t<div id=\"ngg1-image-1557\">\n\t\t<div id=\"gallery-vertical-700-vh\">\n\t\t\t<img title=\" \" alt=\" \" src=\"https:\/\/www.eltono.com\/wp-content\/gallery\/bde-a-coruna\/eltono-bde14.jpg\"\/>\n\t\t\t<\/div><div id=\"gallery-vertical-700-vh-comment\"> \t\t<\/div>\n\t<\/div>\n \t\t<div id=\"ngg1-image-1596\">\n\t\t<div id=\"gallery-vertical-700-vh\">\n\t\t\t<img title=\"On the 9th, I installed the plexiglass in the street over the shop windows I previously selected.\" alt=\"On the 9th, I installed the plexiglass in the street over the shop windows I previously selected.\" src=\"https:\/\/www.eltono.com\/wp-content\/gallery\/bde-a-coruna\/eltono-bde-52.jpg\"\/>\n\t\t\t<\/div><div id=\"gallery-vertical-700-vh-comment\">On the 9th, I installed the plexiglass in the street over the shop windows I previously selected.\t\t<\/div>\n\t<\/div>\n \t\t<div id=\"ngg1-image-1558\">\n\t\t<div id=\"gallery-vertical-700-vh\">\n\t\t\t<img title=\" \" alt=\" \" src=\"https:\/\/www.eltono.com\/wp-content\/gallery\/bde-a-coruna\/eltono-bde15.jpg\"\/>\n\t\t\t<\/div><div id=\"gallery-vertical-700-vh-comment\"> \t\t<\/div>\n\t<\/div>\n \t\t<div id=\"ngg1-image-1559\">\n\t\t<div id=\"gallery-vertical-700-vh\">\n\t\t\t<img title=\" \" alt=\" \" src=\"https:\/\/www.eltono.com\/wp-content\/gallery\/bde-a-coruna\/eltono-bde16.jpg\"\/>\n\t\t\t<\/div><div id=\"gallery-vertical-700-vh-comment\"> \t\t<\/div>\n\t<\/div>\n \t\t<div id=\"ngg1-image-1560\">\n\t\t<div id=\"gallery-vertical-700-vh\">\n\t\t\t<img title=\" \" alt=\" \" src=\"https:\/\/www.eltono.com\/wp-content\/gallery\/bde-a-coruna\/eltono-bde17.jpg\"\/>\n\t\t\t<\/div><div id=\"gallery-vertical-700-vh-comment\"> \t\t<\/div>\n\t<\/div>\n \t\t<div id=\"ngg1-image-1562\">\n\t\t<div id=\"gallery-vertical-700-vh\">\n\t\t\t<img title=\"Calle Orz\u00e1n, 130\" alt=\"Calle Orz\u00e1n, 130\" src=\"https:\/\/www.eltono.com\/wp-content\/gallery\/bde-a-coruna\/eltono-bde19.jpg\"\/>\n\t\t\t<\/div><div id=\"gallery-vertical-700-vh-comment\">Calle Orz\u00e1n, 130\t\t<\/div>\n\t<\/div>\n \t\t<div id=\"ngg1-image-1563\">\n\t\t<div id=\"gallery-vertical-700-vh\">\n\t\t\t<img title=\" \" alt=\" \" src=\"https:\/\/www.eltono.com\/wp-content\/gallery\/bde-a-coruna\/eltono-bde20.jpg\"\/>\n\t\t\t<\/div><div id=\"gallery-vertical-700-vh-comment\"> \t\t<\/div>\n\t<\/div>\n \t\t<div id=\"ngg1-image-1564\">\n\t\t<div id=\"gallery-vertical-700-vh\">\n\t\t\t<img title=\" \" alt=\" \" src=\"https:\/\/www.eltono.com\/wp-content\/gallery\/bde-a-coruna\/eltono-bde21.jpg\"\/>\n\t\t\t<\/div><div id=\"gallery-vertical-700-vh-comment\"> \t\t<\/div>\n\t<\/div>\n \t\t<div id=\"ngg1-image-1565\">\n\t\t<div id=\"gallery-vertical-700-vh\">\n\t\t\t<img title=\" \" alt=\" \" src=\"https:\/\/www.eltono.com\/wp-content\/gallery\/bde-a-coruna\/eltono-bde22.jpg\"\/>\n\t\t\t<\/div><div id=\"gallery-vertical-700-vh-comment\"> \t\t<\/div>\n\t<\/div>\n \t\t<div id=\"ngg1-image-1594\">\n\t\t<div id=\"gallery-vertical-700-vh\">\n\t\t\t<img title=\" \" alt=\" \" src=\"https:\/\/www.eltono.com\/wp-content\/gallery\/bde-a-coruna\/eltono-bde-51.jpg\"\/>\n\t\t\t<\/div><div id=\"gallery-vertical-700-vh-comment\"> \t\t<\/div>\n\t<\/div>\n \t\t<div id=\"ngg1-image-1598\">\n\t\t<div id=\"gallery-vertical-700-vh\">\n\t\t\t<img title=\" \" alt=\" \" src=\"https:\/\/www.eltono.com\/wp-content\/gallery\/bde-a-coruna\/eltono-bde-53.jpg\"\/>\n\t\t\t<\/div><div id=\"gallery-vertical-700-vh-comment\"> \t\t<\/div>\n\t<\/div>\n \t\t<div id=\"ngg1-image-1567\">\n\t\t<div id=\"gallery-vertical-700-vh\">\n\t\t\t<img title=\"Calle Orz\u00e1n, 101\" alt=\"Calle Orz\u00e1n, 101\" src=\"https:\/\/www.eltono.com\/wp-content\/gallery\/bde-a-coruna\/eltono-bde24.jpg\"\/>\n\t\t\t<\/div><div id=\"gallery-vertical-700-vh-comment\">Calle Orz\u00e1n, 101\t\t<\/div>\n\t<\/div>\n \t\t<div id=\"ngg1-image-1568\">\n\t\t<div id=\"gallery-vertical-700-vh\">\n\t\t\t<img title=\" \" alt=\" \" src=\"https:\/\/www.eltono.com\/wp-content\/gallery\/bde-a-coruna\/eltono-bde25.jpg\"\/>\n\t\t\t<\/div><div id=\"gallery-vertical-700-vh-comment\"> \t\t<\/div>\n\t<\/div>\n \t\t<div id=\"ngg1-image-1592\">\n\t\t<div id=\"gallery-vertical-700-vh\">\n\t\t\t<img title=\" \" alt=\" \" src=\"https:\/\/www.eltono.com\/wp-content\/gallery\/bde-a-coruna\/eltono-bde-50.jpg\"\/>\n\t\t\t<\/div><div id=\"gallery-vertical-700-vh-comment\"> \t\t<\/div>\n\t<\/div>\n \t\t<div id=\"ngg1-image-1561\">\n\t\t<div id=\"gallery-vertical-700-vh\">\n\t\t\t<img title=\" \" alt=\" \" src=\"https:\/\/www.eltono.com\/wp-content\/gallery\/bde-a-coruna\/eltono-bde18.jpg\"\/>\n\t\t\t<\/div><div id=\"gallery-vertical-700-vh-comment\"> \t\t<\/div>\n\t<\/div>\n \t\t<div id=\"ngg1-image-1569\">\n\t\t<div id=\"gallery-vertical-700-vh\">\n\t\t\t<img title=\"Calle Vista, 24\" alt=\"Calle Vista, 24\" src=\"https:\/\/www.eltono.com\/wp-content\/gallery\/bde-a-coruna\/eltono-bde26.jpg\"\/>\n\t\t\t<\/div><div id=\"gallery-vertical-700-vh-comment\">Calle Vista, 24\t\t<\/div>\n\t<\/div>\n \t\t<div id=\"ngg1-image-1570\">\n\t\t<div id=\"gallery-vertical-700-vh\">\n\t\t\t<img title=\"Then I went to the beach and waited to see if the experiment was working...\" alt=\"Then I went to the beach and waited to see if the experiment was working...\" src=\"https:\/\/www.eltono.com\/wp-content\/gallery\/bde-a-coruna\/eltono-bde27.jpg\"\/>\n\t\t\t<\/div><div id=\"gallery-vertical-700-vh-comment\">Then I went to the beach and waited to see if the experiment was working...\t\t<\/div>\n\t<\/div>\n \t\t<div id=\"ngg1-image-1574\">\n\t\t<div id=\"gallery-vertical-700-vh\">\n\t\t\t<img title=\" \" alt=\" \" src=\"https:\/\/www.eltono.com\/wp-content\/gallery\/bde-a-coruna\/eltono-bde31.jpg\"\/>\n\t\t\t<\/div><div id=\"gallery-vertical-700-vh-comment\"> \t\t<\/div>\n\t<\/div>\n \t\t<div id=\"ngg1-image-1573\">\n\t\t<div id=\"gallery-vertical-700-vh\">\n\t\t\t<img title=\"I came to take pictures 4 to 5 times a day.\" alt=\"I came to take pictures 4 to 5 times a day.\" src=\"https:\/\/www.eltono.com\/wp-content\/gallery\/bde-a-coruna\/eltono-bde30.jpg\"\/>\n\t\t\t<\/div><div id=\"gallery-vertical-700-vh-comment\">I came to take pictures 4 to 5 times a day.\t\t<\/div>\n\t<\/div>\n \t\t<div id=\"ngg1-image-1575\">\n\t\t<div id=\"gallery-vertical-700-vh\">\n\t\t\t<img title=\" \" alt=\" \" src=\"https:\/\/www.eltono.com\/wp-content\/gallery\/bde-a-coruna\/eltono-bde32.jpg\"\/>\n\t\t\t<\/div><div id=\"gallery-vertical-700-vh-comment\"> \t\t<\/div>\n\t<\/div>\n \t\t<div id=\"ngg1-image-1576\">\n\t\t<div id=\"gallery-vertical-700-vh\">\n\t\t\t<img title=\" \" alt=\" \" src=\"https:\/\/www.eltono.com\/wp-content\/gallery\/bde-a-coruna\/eltono-bde33.jpg\"\/>\n\t\t\t<\/div><div id=\"gallery-vertical-700-vh-comment\"> \t\t<\/div>\n\t<\/div>\n \t\t<div id=\"ngg1-image-1551\">\n\t\t<div id=\"gallery-vertical-700-vh\">\n\t\t\t<img title=\"...\" alt=\"...\" src=\"https:\/\/www.eltono.com\/wp-content\/gallery\/bde-a-coruna\/eltono-bde08.jpg\"\/>\n\t\t\t<\/div><div id=\"gallery-vertical-700-vh-comment\">...\t\t<\/div>\n\t<\/div>\n \t\t<div id=\"ngg1-image-1577\">\n\t\t<div id=\"gallery-vertical-700-vh\">\n\t\t\t<img title=\" \" alt=\" \" src=\"https:\/\/www.eltono.com\/wp-content\/gallery\/bde-a-coruna\/eltono-bde34.jpg\"\/>\n\t\t\t<\/div><div id=\"gallery-vertical-700-vh-comment\"> \t\t<\/div>\n\t<\/div>\n \t\t<div id=\"ngg1-image-1578\">\n\t\t<div id=\"gallery-vertical-700-vh\">\n\t\t\t<img title=\" \" alt=\" \" src=\"https:\/\/www.eltono.com\/wp-content\/gallery\/bde-a-coruna\/eltono-bde35.jpg\"\/>\n\t\t\t<\/div><div id=\"gallery-vertical-700-vh-comment\"> \t\t<\/div>\n\t<\/div>\n \t\t<div id=\"ngg1-image-1579\">\n\t\t<div id=\"gallery-vertical-700-vh\">\n\t\t\t<img title=\" \" alt=\" \" src=\"https:\/\/www.eltono.com\/wp-content\/gallery\/bde-a-coruna\/eltono-bde36.jpg\"\/>\n\t\t\t<\/div><div id=\"gallery-vertical-700-vh-comment\"> \t\t<\/div>\n\t<\/div>\n \t\t<div id=\"ngg1-image-1582\">\n\t\t<div id=\"gallery-vertical-700-vh\">\n\t\t\t<img title=\" \" alt=\" \" src=\"https:\/\/www.eltono.com\/wp-content\/gallery\/bde-a-coruna\/eltono-bde39.jpg\"\/>\n\t\t\t<\/div><div id=\"gallery-vertical-700-vh-comment\"> \t\t<\/div>\n\t<\/div>\n \t\t<div id=\"ngg1-image-1581\">\n\t\t<div id=\"gallery-vertical-700-vh\">\n\t\t\t<img title=\" \" alt=\" \" src=\"https:\/\/www.eltono.com\/wp-content\/gallery\/bde-a-coruna\/eltono-bde38.jpg\"\/>\n\t\t\t<\/div><div id=\"gallery-vertical-700-vh-comment\"> \t\t<\/div>\n\t<\/div>\n \t\t<div id=\"ngg1-image-1583\">\n\t\t<div id=\"gallery-vertical-700-vh\">\n\t\t\t<img title=\" \" alt=\" \" src=\"https:\/\/www.eltono.com\/wp-content\/gallery\/bde-a-coruna\/eltono-bde40.jpg\"\/>\n\t\t\t<\/div><div id=\"gallery-vertical-700-vh-comment\"> \t\t<\/div>\n\t<\/div>\n \t\t<div id=\"ngg1-image-1585\">\n\t\t<div id=\"gallery-vertical-700-vh\">\n\t\t\t<img title=\" \" alt=\" \" src=\"https:\/\/www.eltono.com\/wp-content\/gallery\/bde-a-coruna\/eltono-bde42.jpg\"\/>\n\t\t\t<\/div><div id=\"gallery-vertical-700-vh-comment\"> \t\t<\/div>\n\t<\/div>\n \t\t<div id=\"ngg1-image-1584\">\n\t\t<div id=\"gallery-vertical-700-vh\">\n\t\t\t<img title=\"!!!\" alt=\"!!!\" src=\"https:\/\/www.eltono.com\/wp-content\/gallery\/bde-a-coruna\/eltono-bde41.jpg\"\/>\n\t\t\t<\/div><div id=\"gallery-vertical-700-vh-comment\">!!!\t\t<\/div>\n\t<\/div>\n \t\t<div id=\"ngg1-image-1605\">\n\t\t<div id=\"gallery-vertical-700-vh\">\n\t\t\t<img title=\"By the 13th, I was quite satisfied with the results. It was time to pick up my artwork...\" alt=\"By the 13th, I was quite satisfied with the results. It was time to pick up my artwork...\" src=\"https:\/\/www.eltono.com\/wp-content\/gallery\/bde-a-coruna\/eltono-bde-62.jpg\"\/>\n\t\t\t<\/div><div id=\"gallery-vertical-700-vh-comment\">By the 13th, I was quite satisfied with the results. It was time to pick up my artwork...\t\t<\/div>\n\t<\/div>\n \t\t<div id=\"ngg1-image-1606\">\n\t\t<div id=\"gallery-vertical-700-vh\">\n\t\t\t<img title=\" \" alt=\" \" src=\"https:\/\/www.eltono.com\/wp-content\/gallery\/bde-a-coruna\/eltono-bde-63.jpg\"\/>\n\t\t\t<\/div><div id=\"gallery-vertical-700-vh-comment\"> \t\t<\/div>\n\t<\/div>\n \t\t<div id=\"ngg1-image-1607\">\n\t\t<div id=\"gallery-vertical-700-vh\">\n\t\t\t<img title=\"...and bring it to the Fundaci\u00f3n.\" alt=\"...and bring it to the Fundaci\u00f3n.\" src=\"https:\/\/www.eltono.com\/wp-content\/gallery\/bde-a-coruna\/eltono-bde-64.jpg\"\/>\n\t\t\t<\/div><div id=\"gallery-vertical-700-vh-comment\">...and bring it to the Fundaci\u00f3n.\t\t<\/div>\n\t<\/div>\n \t\t<div id=\"ngg1-image-1601\">\n\t\t<div id=\"gallery-vertical-700-vh\">\n\t\t\t<img title=\" \" alt=\" \" src=\"https:\/\/www.eltono.com\/wp-content\/gallery\/bde-a-coruna\/eltono-bde-58.jpg\"\/>\n\t\t\t<\/div><div id=\"gallery-vertical-700-vh-comment\"> \t\t<\/div>\n\t<\/div>\n \t\t<div id=\"ngg1-image-1609\">\n\t\t<div id=\"gallery-vertical-700-vh\">\n\t\t\t<img title=\" \" alt=\" \" src=\"https:\/\/www.eltono.com\/wp-content\/gallery\/bde-a-coruna\/eltono-bde02_0.jpg\"\/>\n\t\t\t<\/div><div id=\"gallery-vertical-700-vh-comment\"> \t\t<\/div>\n\t<\/div>\n \t\t<div id=\"ngg1-image-1591\">\n\t\t<div id=\"gallery-vertical-700-vh\">\n\t\t\t<img title=\" \" alt=\" \" src=\"https:\/\/www.eltono.com\/wp-content\/gallery\/bde-a-coruna\/eltono-bde03.jpg\"\/>\n\t\t\t<\/div><div id=\"gallery-vertical-700-vh-comment\"> \t\t<\/div>\n\t<\/div>\n \t\t<div id=\"ngg1-image-1547\">\n\t\t<div id=\"gallery-vertical-700-vh\">\n\t\t\t<img title=\" \" alt=\" \" src=\"https:\/\/www.eltono.com\/wp-content\/gallery\/bde-a-coruna\/eltono-bde04.jpg\"\/>\n\t\t\t<\/div><div id=\"gallery-vertical-700-vh-comment\"> \t\t<\/div>\n\t<\/div>\n \t\t<div id=\"ngg1-image-1608\">\n\t\t<div id=\"gallery-vertical-700-vh\">\n\t\t\t<img title=\"The artworks had stayed five days in the street.\" alt=\"The artworks had stayed five days in the street.\" src=\"https:\/\/www.eltono.com\/wp-content\/gallery\/bde-a-coruna\/eltono-bde01_0.jpg\"\/>\n\t\t\t<\/div><div id=\"gallery-vertical-700-vh-comment\">The artworks had stayed five days in the street.\t\t<\/div>\n\t<\/div>\n \t\t<div id=\"ngg1-image-1603\">\n\t\t<div id=\"gallery-vertical-700-vh\">\n\t\t\t<img title=\" \" alt=\" \" src=\"https:\/\/www.eltono.com\/wp-content\/gallery\/bde-a-coruna\/eltono-bde-60.jpg\"\/>\n\t\t\t<\/div><div id=\"gallery-vertical-700-vh-comment\"> \t\t<\/div>\n\t<\/div>\n \t\t<div id=\"ngg1-image-1572\">\n\t\t<div id=\"gallery-vertical-700-vh\">\n\t\t\t<img title=\" \" alt=\" \" src=\"https:\/\/www.eltono.com\/wp-content\/gallery\/bde-a-coruna\/eltono-bde29.jpg\"\/>\n\t\t\t<\/div><div id=\"gallery-vertical-700-vh-comment\"> \t\t<\/div>\n\t<\/div>\n \t<\/div>\n<\/p>\n<p><a name=\"video\"><\/a>This is the video that was shown in the gallery. It was filmed and edited by M.A. Barrig\u00fcete.<\/p>\n<p><iframe loading=\"lazy\" src=\"http:\/\/player.vimeo.com\/video\/10980088?title=0&amp;byline=0&amp;portrait=0&amp;badge=0&amp;color=ff0179\" width=\"700\" height=\"525\" frameborder=\"0\"><\/iframe><\/p>\n<p>Thanks to all the amazing people from the MUAU, Javier Abarca for giving me the opportunity to partake in this exhibition, and Henry Chalfant for his great conversation, insight and company.<\/p>\n<p>Pictures by Elba Fern\u00e1ndez, M.A. Barrig\u00fcete and Eltono.<\/p>","protected":false},"excerpt":{"rendered":"<p>MUAU Fundaci\u00f3n Caixa Galicia, La Coru\u00f1a, Spain April 15th &#8211; June 27th 2010 I first presented the project Branco de Espa\u00f1a during the Postgraffiti, Geometr\u00eda y Abstracci\u00f3n exhibition curated by Javier Abarca at the Fundaci\u00f3n Caixa Galicia during the MUAU in A Coru\u00f1a. This is another experiment like Pubblico, Coriandoli or El Autotono where the &hellip; <a href=\"https:\/\/www.eltono.com\/en\/exhibitions\/branco-de-espana\/\" class=\"more-link\">Continue reading <span class=\"screen-reader-text\">Branco de Espa\u00f1a<\/span><\/a><\/p>\n","protected":false},"author":1,"featured_media":14062,"parent":9,"menu_order":0,"comment_status":"closed","ping_status":"closed","template":"","meta":{"ngg_post_thumbnail":0,"jetpack_post_was_ever_published":false,"footnotes":""},"categories":[292,3,5,270,261,265,266,269,259],"tags":[],"class_list":["post-3271","page","type-page","status-publish","has-post-thumbnail","hentry","category-292","category-exhibitions","category-interventions","category-page_collective_show","category-page_expo","category-page_indoor","category-page_outdoor","category-page_participatif","category-spontaneous"],"jetpack_sharing_enabled":true,"jetpack_shortlink":"https:\/\/wp.me\/P7sWFx-QL","_links":{"self":[{"href":"https:\/\/www.eltono.com\/en\/wp-json\/wp\/v2\/pages\/3271","targetHints":{"allow":["GET"]}}],"collection":[{"href":"https:\/\/www.eltono.com\/en\/wp-json\/wp\/v2\/pages"}],"about":[{"href":"https:\/\/www.eltono.com\/en\/wp-json\/wp\/v2\/types\/page"}],"author":[{"embeddable":true,"href":"https:\/\/www.eltono.com\/en\/wp-json\/wp\/v2\/users\/1"}],"replies":[{"embeddable":true,"href":"https:\/\/www.eltono.com\/en\/wp-json\/wp\/v2\/comments?post=3271"}],"version-history":[{"count":19,"href":"https:\/\/www.eltono.com\/en\/wp-json\/wp\/v2\/pages\/3271\/revisions"}],"predecessor-version":[{"id":14063,"href":"https:\/\/www.eltono.com\/en\/wp-json\/wp\/v2\/pages\/3271\/revisions\/14063"}],"up":[{"embeddable":true,"href":"https:\/\/www.eltono.com\/en\/wp-json\/wp\/v2\/pages\/9"}],"wp:featuredmedia":[{"embeddable":true,"href":"https:\/\/www.eltono.com\/en\/wp-json\/wp\/v2\/media\/14062"}],"wp:attachment":[{"href":"https:\/\/www.eltono.com\/en\/wp-json\/wp\/v2\/media?parent=3271"}],"wp:term":[{"taxonomy":"category","embeddable":true,"href":"https:\/\/www.eltono.com\/en\/wp-json\/wp\/v2\/categories?post=3271"},{"taxonomy":"post_tag","embeddable":true,"href":"https:\/\/www.eltono.com\/en\/wp-json\/wp\/v2\/tags?post=3271"}],"curies":[{"name":"wp","href":"https:\/\/api.w.org\/{rel}","templated":true}]}}