{"id":539,"date":"2008-06-01T21:46:04","date_gmt":"2008-06-01T19:46:04","guid":{"rendered":"http:\/\/www.eltono.com\/_V2\/?page_id=539"},"modified":"2016-03-20T17:56:26","modified_gmt":"2016-03-20T15:56:26","slug":"astillas","status":"publish","type":"page","link":"https:\/\/www.eltono.com\/en\/exhibitions\/solo\/astillas\/","title":{"rendered":"Astillas"},"content":{"rendered":"<p><em><strong>(Splinters\/\u00c9chardes)<\/strong><\/em><br \/>\n<strong>La Culpable<\/strong><br \/>\nSucre 101, Barranco, Lima, Peru<br \/>\nJune 2008<\/p>\n<p>Project realised with the help of the <a href=\"http:\/\/www.ambafrance-pe.org\/\" target=\"_blank\">Ambassade de france au P\u00e9rou<\/a> and curated by Jules Bay.<\/p>\n<p>(Spanish)<\/p>\n<p><strong><em>Astillas<\/em><\/strong> se pretende como una experiencia creativa compartida entre Eltono y el espectador. La instalaci\u00f3n ir\u00e1 adquiriendo las formas que el p\u00fablico desee darle al mover las piezas de lugar y establecer todas las combinaciones posibles e imaginables, la instalaci\u00f3n ir\u00e1 adquiriendo tambi\u00e9n la forma de los deseos de todos los participantes. Y a trav\u00e9s de ese sencillo modelo de armado y desarmado permanente, la obra dejar\u00e1 de pertenecer a una sola persona, se har\u00e1 literalmente astillas y ser\u00e1 parte de todos. Empiece a mover las piezas y d\u00e9le rienda suelta a su voluntad.<\/p>\n<h2>Video:<\/h2>\n<p><iframe loading=\"lazy\" src=\"https:\/\/www.youtube.com\/embed\/-Qu402xLSHA?showinfo=0\" width=\"700\" height=\"525\" frameborder=\"0\" allowfullscreen=\"allowfullscreen\"><\/iframe><\/p>\n<h2>Pictures:<\/h2>\n<p><style type=\"text\/css\" media=\"all\">\n\/* ----------- Galeria Vertical 700 vh ngg1 ------------*\/\n#gallery-vertical-700-vh{\n\t\/\/max-width: 100%;\n\t\/\/width: 700px;\n\tbackground-color: #ffffff;\n\ttext-align: left;\n}\n#gallery-vertical-700-vh img{\n\t\/\/max-width: 100%;\n\tvertical-align: bottom;\n}\n#gallery-vertical-700-vh-comment{\n\tword-wrap: break-word;\n\t\/\/width: 700px;\n\tmargin: 0 0 17px 0;\n}\n<\/style>\n<div class=\"ngg1-galleryoverview\" id=\"ngg1-gallery-d14be56a0fa028e2921a587dd7089830\">\n\t\t<div id=\"ngg1-image-3638\">\n\t\t<div id=\"gallery-vertical-700-vh\">\n\t\t\t<img title=\" \" alt=\" \" src=\"https:\/\/www.eltono.com\/wp-content\/gallery\/astillas\/eltono-astillas38.jpg\"\/>\n\t\t\t<\/div><div id=\"gallery-vertical-700-vh-comment\"> \t\t<\/div>\n\t<\/div>\n \t\t<div id=\"ngg1-image-3627\">\n\t\t<div id=\"gallery-vertical-700-vh\">\n\t\t\t<img title=\"When the gallery opened, the walls were empty.\" alt=\"When the gallery opened, the walls were empty.\" src=\"https:\/\/www.eltono.com\/wp-content\/gallery\/astillas\/eltono-astillas27.jpg\"\/>\n\t\t\t<\/div><div id=\"gallery-vertical-700-vh-comment\">When the gallery opened, the walls were empty.\t\t<\/div>\n\t<\/div>\n \t\t<div id=\"ngg1-image-3628\">\n\t\t<div id=\"gallery-vertical-700-vh\">\n\t\t\t<img title=\"This is how the entrance of the gallery looked at the opening hour.\" alt=\"This is how the entrance of the gallery looked at the opening hour.\" src=\"https:\/\/www.eltono.com\/wp-content\/gallery\/astillas\/eltono-astillas28.jpg\"\/>\n\t\t\t<\/div><div id=\"gallery-vertical-700-vh-comment\">This is how the entrance of the gallery looked at the opening hour.\t\t<\/div>\n\t<\/div>\n \t\t<div id=\"ngg1-image-3629\">\n\t\t<div id=\"gallery-vertical-700-vh\">\n\t\t\t<img title=\"And then, the public started to act\u2026\" alt=\"And then, the public started to act\u2026\" src=\"https:\/\/www.eltono.com\/wp-content\/gallery\/astillas\/eltono-astillas29.jpg\"\/>\n\t\t\t<\/div><div id=\"gallery-vertical-700-vh-comment\">And then, the public started to act\u2026\t\t<\/div>\n\t<\/div>\n \t\t<div id=\"ngg1-image-3630\">\n\t\t<div id=\"gallery-vertical-700-vh\">\n\t\t\t<img title=\" \" alt=\" \" src=\"https:\/\/www.eltono.com\/wp-content\/gallery\/astillas\/eltono-astillas30.jpg\"\/>\n\t\t\t<\/div><div id=\"gallery-vertical-700-vh-comment\"> \t\t<\/div>\n\t<\/div>\n \t\t<div id=\"ngg1-image-3631\">\n\t\t<div id=\"gallery-vertical-700-vh\">\n\t\t\t<img title=\" \" alt=\" \" src=\"https:\/\/www.eltono.com\/wp-content\/gallery\/astillas\/eltono-astillas31.jpg\"\/>\n\t\t\t<\/div><div id=\"gallery-vertical-700-vh-comment\"> \t\t<\/div>\n\t<\/div>\n \t\t<div id=\"ngg1-image-3632\">\n\t\t<div id=\"gallery-vertical-700-vh\">\n\t\t\t<img title=\" \" alt=\" \" src=\"https:\/\/www.eltono.com\/wp-content\/gallery\/astillas\/eltono-astillas32.jpg\"\/>\n\t\t\t<\/div><div id=\"gallery-vertical-700-vh-comment\"> \t\t<\/div>\n\t<\/div>\n \t\t<div id=\"ngg1-image-3633\">\n\t\t<div id=\"gallery-vertical-700-vh\">\n\t\t\t<img title=\"Pieces # 1, 2 and 3 in the first room, at 20h20\" alt=\"Pieces # 1, 2 and 3 in the first room, at 20h20\" src=\"https:\/\/www.eltono.com\/wp-content\/gallery\/astillas\/eltono-astillas33.jpg\"\/>\n\t\t\t<\/div><div id=\"gallery-vertical-700-vh-comment\">Pieces # 1, 2 and 3 in the first room, at 20h20\t\t<\/div>\n\t<\/div>\n \t\t<div id=\"ngg1-image-3634\">\n\t\t<div id=\"gallery-vertical-700-vh\">\n\t\t\t<img title=\"Piece # 3 in the first room, at 20h29\" alt=\"Piece # 3 in the first room, at 20h29\" src=\"https:\/\/www.eltono.com\/wp-content\/gallery\/astillas\/eltono-astillas34.jpg\"\/>\n\t\t\t<\/div><div id=\"gallery-vertical-700-vh-comment\">Piece # 3 in the first room, at 20h29\t\t<\/div>\n\t<\/div>\n \t\t<div id=\"ngg1-image-3635\">\n\t\t<div id=\"gallery-vertical-700-vh\">\n\t\t\t<img title=\"Pieces # 4 and 5 in the second room, at 22h36\" alt=\"Pieces # 4 and 5 in the second room, at 22h36\" src=\"https:\/\/www.eltono.com\/wp-content\/gallery\/astillas\/eltono-astillas35.jpg\"\/>\n\t\t\t<\/div><div id=\"gallery-vertical-700-vh-comment\">Pieces # 4 and 5 in the second room, at 22h36\t\t<\/div>\n\t<\/div>\n \t\t<div id=\"ngg1-image-3636\">\n\t\t<div id=\"gallery-vertical-700-vh\">\n\t\t\t<img title=\"Pieces # 4 in the second room, at 22h47\" alt=\"Pieces # 4 in the second room, at 22h47\" src=\"https:\/\/www.eltono.com\/wp-content\/gallery\/astillas\/eltono-astillas36.jpg\"\/>\n\t\t\t<\/div><div id=\"gallery-vertical-700-vh-comment\">Pieces # 4 in the second room, at 22h47\t\t<\/div>\n\t<\/div>\n \t\t<div id=\"ngg1-image-3637\">\n\t\t<div id=\"gallery-vertical-700-vh\">\n\t\t\t<img title=\"Pieces # 1 and 2 in the first room, at 23h04\" alt=\"Pieces # 1 and 2 in the first room, at 23h04\" src=\"https:\/\/www.eltono.com\/wp-content\/gallery\/astillas\/eltono-astillas37.jpg\"\/>\n\t\t\t<\/div><div id=\"gallery-vertical-700-vh-comment\">Pieces # 1 and 2 in the first room, at 23h04\t\t<\/div>\n\t<\/div>\n \t\t<div id=\"ngg1-image-3626\">\n\t\t<div id=\"gallery-vertical-700-vh\">\n\t\t\t<img title=\" \" alt=\" \" src=\"https:\/\/www.eltono.com\/wp-content\/gallery\/astillas\/eltono-astillas26.jpg\"\/>\n\t\t\t<\/div><div id=\"gallery-vertical-700-vh-comment\"> \t\t<\/div>\n\t<\/div>\n \t\t<div id=\"ngg1-image-3639\">\n\t\t<div id=\"gallery-vertical-700-vh\">\n\t\t\t<img title=\"Pieces # 6 in the second room, at 23h10\" alt=\"Pieces # 6 in the second room, at 23h10\" src=\"https:\/\/www.eltono.com\/wp-content\/gallery\/astillas\/eltono-astillas39.jpg\"\/>\n\t\t\t<\/div><div id=\"gallery-vertical-700-vh-comment\">Pieces # 6 in the second room, at 23h10\t\t<\/div>\n\t<\/div>\n \t\t<div id=\"ngg1-image-3640\">\n\t\t<div id=\"gallery-vertical-700-vh\">\n\t\t\t<img title=\"Piece # 3 in the first room, at 22h55\" alt=\"Piece # 3 in the first room, at 22h55\" src=\"https:\/\/www.eltono.com\/wp-content\/gallery\/astillas\/eltono-astillas40.jpg\"\/>\n\t\t\t<\/div><div id=\"gallery-vertical-700-vh-comment\">Piece # 3 in the first room, at 22h55\t\t<\/div>\n\t<\/div>\n \t\t<div id=\"ngg1-image-3641\">\n\t\t<div id=\"gallery-vertical-700-vh\">\n\t\t\t<img title=\"Piece # 2 in the first room at 23h15\" alt=\"Piece # 2 in the first room at 23h15\" src=\"https:\/\/www.eltono.com\/wp-content\/gallery\/astillas\/eltono-astillas41.jpg\"\/>\n\t\t\t<\/div><div id=\"gallery-vertical-700-vh-comment\">Piece # 2 in the first room at 23h15\t\t<\/div>\n\t<\/div>\n \t\t<div id=\"ngg1-image-3642\">\n\t\t<div id=\"gallery-vertical-700-vh\">\n\t\t\t<img title=\"The entrance, 21h45La entrada, 21h45\" alt=\"The entrance, 21h45La entrada, 21h45\" src=\"https:\/\/www.eltono.com\/wp-content\/gallery\/astillas\/eltono-astillas42.jpg\"\/>\n\t\t\t<\/div><div id=\"gallery-vertical-700-vh-comment\">The entrance, 21h45La entrada, 21h45\t\t<\/div>\n\t<\/div>\n \t\t<div id=\"ngg1-image-3643\">\n\t\t<div id=\"gallery-vertical-700-vh\">\n\t\t\t<img title=\"Pieces # 5 in the second room, at 22h10\" alt=\"Pieces # 5 in the second room, at 22h10\" src=\"https:\/\/www.eltono.com\/wp-content\/gallery\/astillas\/eltono-astillas43.jpg\"\/>\n\t\t\t<\/div><div id=\"gallery-vertical-700-vh-comment\">Pieces # 5 in the second room, at 22h10\t\t<\/div>\n\t<\/div>\n \t\t<div id=\"ngg1-image-3644\">\n\t\t<div id=\"gallery-vertical-700-vh\">\n\t\t\t<img title=\"Pieces # 4 in the second room, at 22h40\" alt=\"Pieces # 4 in the second room, at 22h40\" src=\"https:\/\/www.eltono.com\/wp-content\/gallery\/astillas\/eltono-astillas44.jpg\"\/>\n\t\t\t<\/div><div id=\"gallery-vertical-700-vh-comment\">Pieces # 4 in the second room, at 22h40\t\t<\/div>\n\t<\/div>\n \t\t<div id=\"ngg1-image-3645\">\n\t\t<div id=\"gallery-vertical-700-vh\">\n\t\t\t<img title=\"Piece # 5 in the second room, the day after, 20h33\" alt=\"Piece # 5 in the second room, the day after, 20h33\" src=\"https:\/\/www.eltono.com\/wp-content\/gallery\/astillas\/eltono-astillas45.jpg\"\/>\n\t\t\t<\/div><div id=\"gallery-vertical-700-vh-comment\">Piece # 5 in the second room, the day after, 20h33\t\t<\/div>\n\t<\/div>\n \t\t<div id=\"ngg1-image-3646\">\n\t\t<div id=\"gallery-vertical-700-vh\">\n\t\t\t<img title=\"The entrance at 00h10\" alt=\"The entrance at 00h10\" src=\"https:\/\/www.eltono.com\/wp-content\/gallery\/astillas\/eltono-astillas46.jpg\"\/>\n\t\t\t<\/div><div id=\"gallery-vertical-700-vh-comment\">The entrance at 00h10\t\t<\/div>\n\t<\/div>\n \t\t<div id=\"ngg1-image-3647\">\n\t\t<div id=\"gallery-vertical-700-vh\">\n\t\t\t<img title=\"Finally, the public went much more creative than I expected, Amazing!\r\nPiece # 6 in the second room, at 00h30.\" alt=\"Finally, the public went much more creative than I expected, Amazing!\r\nPiece # 6 in the second room, at 00h30.\" src=\"https:\/\/www.eltono.com\/wp-content\/gallery\/astillas\/eltono-astillas47.jpg\"\/>\n\t\t\t<\/div><div id=\"gallery-vertical-700-vh-comment\">Finally, the public went much more creative than I expected, Amazing!\r\nPiece # 6 in the second room, at 00h30.\t\t<\/div>\n\t<\/div>\n \t\t<div id=\"ngg1-image-3648\">\n\t\t<div id=\"gallery-vertical-700-vh\">\n\t\t\t<img title=\"Pieces # 4 and 5 in the second room, the next day at 10h22\" alt=\"Pieces # 4 and 5 in the second room, the next day at 10h22\" src=\"https:\/\/www.eltono.com\/wp-content\/gallery\/astillas\/eltono-astillas48.jpg\"\/>\n\t\t\t<\/div><div id=\"gallery-vertical-700-vh-comment\">Pieces # 4 and 5 in the second room, the next day at 10h22\t\t<\/div>\n\t<\/div>\n \t\t<div id=\"ngg1-image-3649\">\n\t\t<div id=\"gallery-vertical-700-vh\">\n\t\t\t<img title=\"Barranco son dos pasos: Bodega \u201cJuanito\u201d para los sanduches y \u201cTrapiche\u201d para el \u201cArde Papi\u201d.\" alt=\"Barranco son dos pasos: Bodega \u201cJuanito\u201d para los sanduches y \u201cTrapiche\u201d para el \u201cArde Papi\u201d.\" src=\"https:\/\/www.eltono.com\/wp-content\/gallery\/astillas\/eltono-astillas49.jpg\"\/>\n\t\t\t<\/div><div id=\"gallery-vertical-700-vh-comment\">Barranco son dos pasos: Bodega \u201cJuanito\u201d para los sanduches y \u201cTrapiche\u201d para el \u201cArde Papi\u201d.\t\t<\/div>\n\t<\/div>\n \t\t<div id=\"ngg1-image-3615\">\n\t\t<div id=\"gallery-vertical-700-vh\">\n\t\t\t<img title=\"I spent one day to clean the dust on the 101 boards, Lima is crazily dusty!\" alt=\"I spent one day to clean the dust on the 101 boards, Lima is crazily dusty!\" src=\"https:\/\/www.eltono.com\/wp-content\/gallery\/astillas\/eltono-astillas14.jpg\"\/>\n\t\t\t<\/div><div id=\"gallery-vertical-700-vh-comment\">I spent one day to clean the dust on the 101 boards, Lima is crazily dusty!\t\t<\/div>\n\t<\/div>\n \t\t<div id=\"ngg1-image-3604\">\n\t\t<div id=\"gallery-vertical-700-vh\">\n\t\t\t<img title=\"I love Barranco\u2026 and you?\" alt=\"I love Barranco\u2026 and you?\" src=\"https:\/\/www.eltono.com\/wp-content\/gallery\/astillas\/eltono-astillas03.jpg\"\/>\n\t\t\t<\/div><div id=\"gallery-vertical-700-vh-comment\">I love Barranco\u2026 and you?\t\t<\/div>\n\t<\/div>\n \t\t<div id=\"ngg1-image-3605\">\n\t\t<div id=\"gallery-vertical-700-vh\">\n\t\t\t<img title=\"First step, as usual, the local hardware store!\" alt=\"First step, as usual, the local hardware store!\" src=\"https:\/\/www.eltono.com\/wp-content\/gallery\/astillas\/eltono-astillas04.jpg\"\/>\n\t\t\t<\/div><div id=\"gallery-vertical-700-vh-comment\">First step, as usual, the local hardware store!\t\t<\/div>\n\t<\/div>\n \t\t<div id=\"ngg1-image-3606\">\n\t\t<div id=\"gallery-vertical-700-vh\">\n\t\t\t<img title=\"Second step, find wood in the streets around the gallery. We found a lot on a friend\u2019s aunt rooftop.\" alt=\"Second step, find wood in the streets around the gallery. We found a lot on a friend\u2019s aunt rooftop.\" src=\"https:\/\/www.eltono.com\/wp-content\/gallery\/astillas\/eltono-astillas05.jpg\"\/>\n\t\t\t<\/div><div id=\"gallery-vertical-700-vh-comment\">Second step, find wood in the streets around the gallery. We found a lot on a friend\u2019s aunt rooftop.\t\t<\/div>\n\t<\/div>\n \t\t<div id=\"ngg1-image-3607\">\n\t\t<div id=\"gallery-vertical-700-vh\">\n\t\t\t<img title=\"Too much wood to carry it walking so guess who helped us...\" alt=\"Too much wood to carry it walking so guess who helped us...\" src=\"https:\/\/www.eltono.com\/wp-content\/gallery\/astillas\/eltono-astillas06.jpg\"\/>\n\t\t\t<\/div><div id=\"gallery-vertical-700-vh-comment\">Too much wood to carry it walking so guess who helped us...\t\t<\/div>\n\t<\/div>\n \t\t<div id=\"ngg1-image-3608\">\n\t\t<div id=\"gallery-vertical-700-vh\">\n\t\t\t<img title=\"The friendly Policia Nacional with their brand new pick up!!! They brought everything to the gallery door,\r\nhelped us to unload the car, shook hands and kissed girl\u2019s cheek and went back on their night patrol.\" alt=\"The friendly Policia Nacional with their brand new pick up!!! They brought everything to the gallery door,\r\nhelped us to unload the car, shook hands and kissed girl\u2019s cheek and went back on their night patrol.\" src=\"https:\/\/www.eltono.com\/wp-content\/gallery\/astillas\/eltono-astillas07.jpg\"\/>\n\t\t\t<\/div><div id=\"gallery-vertical-700-vh-comment\">The friendly Policia Nacional with their brand new pick up!!! They brought everything to the gallery door,\r\nhelped us to unload the car, shook hands and kissed girl\u2019s cheek and went back on their night patrol.\t\t<\/div>\n\t<\/div>\n \t\t<div id=\"ngg1-image-3609\">\n\t\t<div id=\"gallery-vertical-700-vh\">\n\t\t\t<img title=\"The harvest of the night!\" alt=\"The harvest of the night!\" src=\"https:\/\/www.eltono.com\/wp-content\/gallery\/astillas\/eltono-astillas08.jpg\"\/>\n\t\t\t<\/div><div id=\"gallery-vertical-700-vh-comment\">The harvest of the night!\t\t<\/div>\n\t<\/div>\n \t\t<div id=\"ngg1-image-3610\">\n\t\t<div id=\"gallery-vertical-700-vh\">\n\t\t\t<img title=\"Pacific Ocean view from the gallery\" alt=\"Pacific Ocean view from the gallery\" src=\"https:\/\/www.eltono.com\/wp-content\/gallery\/astillas\/eltono-astillas09.jpg\"\/>\n\t\t\t<\/div><div id=\"gallery-vertical-700-vh-comment\">Pacific Ocean view from the gallery\t\t<\/div>\n\t<\/div>\n \t\t<div id=\"ngg1-image-3611\">\n\t\t<div id=\"gallery-vertical-700-vh\">\n\t\t\t<img title=\"Ready to start working.\" alt=\"Ready to start working.\" src=\"https:\/\/www.eltono.com\/wp-content\/gallery\/astillas\/eltono-astillas10.jpg\"\/>\n\t\t\t<\/div><div id=\"gallery-vertical-700-vh-comment\">Ready to start working.\t\t<\/div>\n\t<\/div>\n \t\t<div id=\"ngg1-image-3612\">\n\t\t<div id=\"gallery-vertical-700-vh\">\n\t\t\t<img title=\" \" alt=\" \" src=\"https:\/\/www.eltono.com\/wp-content\/gallery\/astillas\/eltono-astillas11.jpg\"\/>\n\t\t\t<\/div><div id=\"gallery-vertical-700-vh-comment\"> \t\t<\/div>\n\t<\/div>\n \t\t<div id=\"ngg1-image-3613\">\n\t\t<div id=\"gallery-vertical-700-vh\">\n\t\t\t<img title=\" \" alt=\" \" src=\"https:\/\/www.eltono.com\/wp-content\/gallery\/astillas\/eltono-astillas12.jpg\"\/>\n\t\t\t<\/div><div id=\"gallery-vertical-700-vh-comment\"> \t\t<\/div>\n\t<\/div>\n \t\t<div id=\"ngg1-image-3614\">\n\t\t<div id=\"gallery-vertical-700-vh\">\n\t\t\t<img title=\" \" alt=\" \" src=\"https:\/\/www.eltono.com\/wp-content\/gallery\/astillas\/eltono-astillas13.jpg\"\/>\n\t\t\t<\/div><div id=\"gallery-vertical-700-vh-comment\"> \t\t<\/div>\n\t<\/div>\n \t\t<div id=\"ngg1-image-3603\">\n\t\t<div id=\"gallery-vertical-700-vh\">\n\t\t\t<img title=\"Lima by night!\" alt=\"Lima by night!\" src=\"https:\/\/www.eltono.com\/wp-content\/gallery\/astillas\/eltono-astillas02.jpg\"\/>\n\t\t\t<\/div><div id=\"gallery-vertical-700-vh-comment\">Lima by night!\t\t<\/div>\n\t<\/div>\n \t\t<div id=\"ngg1-image-3616\">\n\t\t<div id=\"gallery-vertical-700-vh\">\n\t\t\t<img title=\" \" alt=\" \" src=\"https:\/\/www.eltono.com\/wp-content\/gallery\/astillas\/eltono-astillas15.jpg\"\/>\n\t\t\t<\/div><div id=\"gallery-vertical-700-vh-comment\"> \t\t<\/div>\n\t<\/div>\n \t\t<div id=\"ngg1-image-3617\">\n\t\t<div id=\"gallery-vertical-700-vh\">\n\t\t\t<img title=\" \" alt=\" \" src=\"https:\/\/www.eltono.com\/wp-content\/gallery\/astillas\/eltono-astillas17.jpg\"\/>\n\t\t\t<\/div><div id=\"gallery-vertical-700-vh-comment\"> \t\t<\/div>\n\t<\/div>\n \t\t<div id=\"ngg1-image-3618\">\n\t\t<div id=\"gallery-vertical-700-vh\">\n\t\t\t<img title=\"I painted during four days.\" alt=\"I painted during four days.\" src=\"https:\/\/www.eltono.com\/wp-content\/gallery\/astillas\/eltono-astillas18.jpg\"\/>\n\t\t\t<\/div><div id=\"gallery-vertical-700-vh-comment\">I painted during four days.\t\t<\/div>\n\t<\/div>\n \t\t<div id=\"ngg1-image-3619\">\n\t\t<div id=\"gallery-vertical-700-vh\">\n\t\t\t<img title=\"And used a looooot of masking tape!\" alt=\"And used a looooot of masking tape!\" src=\"https:\/\/www.eltono.com\/wp-content\/gallery\/astillas\/eltono-astillas19.jpg\"\/>\n\t\t\t<\/div><div id=\"gallery-vertical-700-vh-comment\">And used a looooot of masking tape!\t\t<\/div>\n\t<\/div>\n \t\t<div id=\"ngg1-image-3620\">\n\t\t<div id=\"gallery-vertical-700-vh\">\n\t\t\t<img title=\" \" alt=\" \" src=\"https:\/\/www.eltono.com\/wp-content\/gallery\/astillas\/eltono-astillas20.jpg\"\/>\n\t\t\t<\/div><div id=\"gallery-vertical-700-vh-comment\"> \t\t<\/div>\n\t<\/div>\n \t\t<div id=\"ngg1-image-3621\">\n\t\t<div id=\"gallery-vertical-700-vh\">\n\t\t\t<img title=\" \" alt=\" \" src=\"https:\/\/www.eltono.com\/wp-content\/gallery\/astillas\/eltono-astillas21.jpg\"\/>\n\t\t\t<\/div><div id=\"gallery-vertical-700-vh-comment\"> \t\t<\/div>\n\t<\/div>\n \t\t<div id=\"ngg1-image-3622\">\n\t\t<div id=\"gallery-vertical-700-vh\">\n\t\t\t<img title=\"Working on the hanging system.\" alt=\"Working on the hanging system.\" src=\"https:\/\/www.eltono.com\/wp-content\/gallery\/astillas\/eltono-astillas22.jpg\"\/>\n\t\t\t<\/div><div id=\"gallery-vertical-700-vh-comment\">Working on the hanging system.\t\t<\/div>\n\t<\/div>\n \t\t<div id=\"ngg1-image-3623\">\n\t\t<div id=\"gallery-vertical-700-vh\">\n\t\t\t<img title=\" \" alt=\" \" src=\"https:\/\/www.eltono.com\/wp-content\/gallery\/astillas\/eltono-astillas23.jpg\"\/>\n\t\t\t<\/div><div id=\"gallery-vertical-700-vh-comment\"> \t\t<\/div>\n\t<\/div>\n \t\t<div id=\"ngg1-image-3624\">\n\t\t<div id=\"gallery-vertical-700-vh\">\n\t\t\t<img title=\"Six hanging systems were installed in the two rooms.\" alt=\"Six hanging systems were installed in the two rooms.\" src=\"https:\/\/www.eltono.com\/wp-content\/gallery\/astillas\/eltono-astillas24.jpg\"\/>\n\t\t\t<\/div><div id=\"gallery-vertical-700-vh-comment\">Six hanging systems were installed in the two rooms.\t\t<\/div>\n\t<\/div>\n \t\t<div id=\"ngg1-image-3625\">\n\t\t<div id=\"gallery-vertical-700-vh\">\n\t\t\t<img title=\" \" alt=\" \" src=\"https:\/\/www.eltono.com\/wp-content\/gallery\/astillas\/eltono-astillas25.jpg\"\/>\n\t\t\t<\/div><div id=\"gallery-vertical-700-vh-comment\"> \t\t<\/div>\n\t<\/div>\n \t<\/div>\n<\/p>","protected":false},"excerpt":{"rendered":"<p>(Splinters\/\u00c9chardes) La Culpable Sucre 101, Barranco, Lima, Peru June 2008 Project realised with the help of the Ambassade de france au P\u00e9rou and curated by Jules Bay. (Spanish) Astillas se pretende como una experiencia creativa compartida entre Eltono y el espectador. La instalaci\u00f3n ir\u00e1 adquiriendo las formas que el p\u00fablico desee darle al mover las &hellip; <a href=\"https:\/\/www.eltono.com\/en\/exhibitions\/solo\/astillas\/\" class=\"more-link\">Continue reading <span class=\"screen-reader-text\">Astillas<\/span><\/a><\/p>\n","protected":false},"author":1,"featured_media":13539,"parent":13432,"menu_order":0,"comment_status":"closed","ping_status":"closed","template":"","meta":{"ngg_post_thumbnail":0,"jetpack_post_was_ever_published":false,"footnotes":""},"categories":[294,3,261,265,269,264,263],"tags":[],"class_list":["post-539","page","type-page","status-publish","has-post-thumbnail","hentry","category-294","category-exhibitions","category-page_expo","category-page_indoor","category-page_participatif","category-page_solo_show","category-solo-show"],"jetpack_sharing_enabled":true,"jetpack_shortlink":"https:\/\/wp.me\/P7sWFx-8H","_links":{"self":[{"href":"https:\/\/www.eltono.com\/en\/wp-json\/wp\/v2\/pages\/539","targetHints":{"allow":["GET"]}}],"collection":[{"href":"https:\/\/www.eltono.com\/en\/wp-json\/wp\/v2\/pages"}],"about":[{"href":"https:\/\/www.eltono.com\/en\/wp-json\/wp\/v2\/types\/page"}],"author":[{"embeddable":true,"href":"https:\/\/www.eltono.com\/en\/wp-json\/wp\/v2\/users\/1"}],"replies":[{"embeddable":true,"href":"https:\/\/www.eltono.com\/en\/wp-json\/wp\/v2\/comments?post=539"}],"version-history":[{"count":20,"href":"https:\/\/www.eltono.com\/en\/wp-json\/wp\/v2\/pages\/539\/revisions"}],"predecessor-version":[{"id":13939,"href":"https:\/\/www.eltono.com\/en\/wp-json\/wp\/v2\/pages\/539\/revisions\/13939"}],"up":[{"embeddable":true,"href":"https:\/\/www.eltono.com\/en\/wp-json\/wp\/v2\/pages\/13432"}],"wp:featuredmedia":[{"embeddable":true,"href":"https:\/\/www.eltono.com\/en\/wp-json\/wp\/v2\/media\/13539"}],"wp:attachment":[{"href":"https:\/\/www.eltono.com\/en\/wp-json\/wp\/v2\/media?parent=539"}],"wp:term":[{"taxonomy":"category","embeddable":true,"href":"https:\/\/www.eltono.com\/en\/wp-json\/wp\/v2\/categories?post=539"},{"taxonomy":"post_tag","embeddable":true,"href":"https:\/\/www.eltono.com\/en\/wp-json\/wp\/v2\/tags?post=539"}],"curies":[{"name":"wp","href":"https:\/\/api.w.org\/{rel}","templated":true}]}}