{"id":10041,"date":"2014-01-06T10:19:17","date_gmt":"2014-01-06T09:19:17","guid":{"rendered":"http:\/\/www.eltono.com\/?page_id=10041"},"modified":"2022-10-14T16:22:54","modified_gmt":"2022-10-14T14:22:54","slug":"promenade-no7","status":"publish","type":"page","link":"https:\/\/www.eltono.com\/es\/projects\/promenades\/promenade-no7\/","title":{"rendered":"Promenade N\u00ba7"},"content":{"rendered":"<p>Beijing \u2013 \u5317\u4eac<br \/>\n16 de diciembre 2013<br \/>\nDe 11h42 a 16h11 (4h29min)<br \/>\n8,5 km<br \/>\nDuraci\u00f3n total con transporte p\u00fablico (bus y metro): 7h02<br \/>\n\u8ddf\u968f\u62a4\u57ce\u6cb3\u7b2c\u4e09\u96c6 (siguiendo el foso, tercer episodio)<\/p>\n<p><img decoding=\"async\" src=\"http:\/\/www.eltono.com\/wp-content\/gallery\/promenade7\/eltono-promenade7-01.jpg\" alt=\"\">A las 10h16 dej\u00e9 mi casa. Camin\u00e9 hacia el sur para llegar a una linea de bus que me llevar\u00eda al mismo lugar donde me di la vuelta durante <a href=\"http:\/\/www.eltono.com\/es\/projects\/promenades\/promenade-no5\/\"><em>Promenade #5<\/em><\/a>. Mi idea era de caminar otra vez siguiendo el segundo foso norte pero esta vez hacia su punto final al este. Ya camin\u00e9 hasta su punto final al oeste de la ciudad durante <a href=\"http:\/\/www.eltono.com\/es\/projects\/promenades\/promenade-no6\/\"><em>Promenade #6<\/em><\/a>.<\/p>\n<p><img decoding=\"async\" src=\"http:\/\/www.eltono.com\/wp-content\/gallery\/promenade7\/eltono-promenade7-02.jpg\" alt=\"\"><\/p>\n<p><img decoding=\"async\" src=\"http:\/\/www.eltono.com\/wp-content\/gallery\/promenade7\/eltono-promenade7-04.jpg\" alt=\"\">Not\u00e9 un par de escobas en el camino.<\/p>\n<p><img decoding=\"async\" src=\"http:\/\/www.eltono.com\/wp-content\/gallery\/promenade7\/eltono-promenade7-03.jpg\" alt=\"\">Vi los restos de los carteles que pegu\u00e9 juntos durante <em><a href=\"http:\/\/www.eltono.com\/es\/projects\/promenades\/promenade-no5\/#billsp5\">Promenade #5<\/a><\/em>.<\/p>\n<p><img decoding=\"async\" src=\"http:\/\/www.eltono.com\/wp-content\/gallery\/promenade7\/eltono-promenade7-05.jpg\" alt=\"\">Despu\u00e9s de una hora y media andando y viajando en bus empec\u00e9 <em>Promenade #7<\/em>. La verdad es que sub\u00ed al bus equivocado siguiendo a un se\u00f1or encantador con quien empec\u00e9 a charlar despu\u00e9s de preguntarle si esa parada donde nos encontr\u00e1bamos era la buena. Me respondi\u00f3 que no (&#8220;bu bu bu!&#8221;) pero cuando lleg\u00f3 el autob\u00fas me inst\u00f3 a subir (&#8220;shangche shangche!&#8221;). Se sent\u00f3 a mi lado y seguimos charlando hasta que se baj\u00f3 en la parada siguiente (las personas mayores viajan gratis en Pek\u00edn). Justo despu\u00e9s, el bus gir\u00f3 hacia el norte cuando a mi me interesaba ir hacia el este. No pasa nada, llegu\u00e9 finalmente al Yuan Dynasty City Wall Ruins Park (\u5143\u5927\u90fd\u57ce\u57a3\u9057\u5740\u516c\u56ed), el parque que sigue el segundo foso norte. Salida a las 11h42.<\/p>\n<p><img decoding=\"async\" src=\"http:\/\/www.eltono.com\/wp-content\/gallery\/promenade7\/eltono-promenade7-06.jpg\" alt=\"\">Esto me parece un buen ejemplo de lo que estaba criticando durante la \u00faltima Promenade a prop\u00f3sito de los <a href=\"http:\/\/www.eltono.com\/es\/projects\/promenades\/promenade-no6\/#greenlinep6b\">caminos oficiales y espont\u00e1neos<\/a>. Aqu\u00ed, caminar en la v\u00eda pavimentada es tan incomodo que la gente ha hecho un sendero alternativo justo al lado. \u00bfEl que dise\u00f1o este pavimento prob\u00f3 una solo vez caminar sobre \u00e9l?<\/p>\n<p><img loading=\"lazy\" decoding=\"async\" src=\"http:\/\/www.eltono.com\/wp-content\/gallery\/promenade7\/eltono-promenade7-76.jpg\" alt=\"\" width=\"700\" height=\"525\"> Me encontr\u00e9 con dibujos de tiza en una se\u00f1al.<\/p>\n<p><img loading=\"lazy\" decoding=\"async\" src=\"http:\/\/www.eltono.com\/wp-content\/gallery\/promenade7\/eltono-promenade7-75.jpg\" alt=\"\" width=\"700\" height=\"525\">Y justo despu\u00e9s, pas\u00e9 por un t\u00fanel con las paredes llenas de peque\u00f1as formas verde oscuro cubriendo estampados de anuncios ilegales. Inmediatamente pens\u00e9 en hacer algo con esas formas.<\/p>\n<p><img decoding=\"async\" src=\"http:\/\/www.eltono.com\/wp-content\/gallery\/promenade7\/eltono-promenade7-07.jpg\" alt=\"\">Busqu\u00e9 una roca que pudiera usar como tiza. Con esta no funcionaba.<\/p>\n<p><img decoding=\"async\" src=\"http:\/\/www.eltono.com\/wp-content\/gallery\/promenade7\/eltono-promenade7-09.jpg\" alt=\"\">Con esta piedra caliza s\u00ed.<\/p>\n<p><img decoding=\"async\" src=\"http:\/\/www.eltono.com\/wp-content\/gallery\/promenade7\/eltono-promenade7-10.jpg\" alt=\"\">Volv\u00ed dentro del t\u00fanel.<\/p>\n<p><img decoding=\"async\" src=\"http:\/\/www.eltono.com\/wp-content\/gallery\/promenade7\/eltono-promenade7-11.jpg\" alt=\"\">Y empec\u00e9 a marcar un contorno alrededor de cada forma.<\/p>\n<p><img decoding=\"async\" src=\"http:\/\/www.eltono.com\/wp-content\/gallery\/promenade7\/eltono-promenade7-12.jpg\" alt=\"\"><\/p>\n<p><img decoding=\"async\" src=\"http:\/\/www.eltono.com\/wp-content\/gallery\/promenade7\/eltono-promenade7-13.jpg\" alt=\"\">Empec\u00e9 desde la entrada izquierda del t\u00fanel y contorne\u00e9 todas las formas que pude hasta que la roca se consumi\u00f3 entera.<\/p>\n<p><img decoding=\"async\" src=\"http:\/\/www.eltono.com\/wp-content\/gallery\/promenade7\/eltono-promenade7-14.jpg\" alt=\"\"><\/p>\n<p><img decoding=\"async\" src=\"http:\/\/www.eltono.com\/wp-content\/gallery\/promenade7\/eltono-promenade7-18.jpg\" alt=\"\"><\/p>\n<p><img decoding=\"async\" src=\"http:\/\/www.eltono.com\/wp-content\/gallery\/promenade7\/eltono-promenade7-15.jpg\" alt=\"\"><\/p>\n<p><img decoding=\"async\" src=\"http:\/\/www.eltono.com\/wp-content\/gallery\/promenade7\/eltono-promenade7-17.jpg\" alt=\"\"><\/p>\n<p><img loading=\"lazy\" decoding=\"async\" src=\"http:\/\/www.eltono.com\/wp-content\/gallery\/promenade7\/eltono-promenade7-77.jpg\" alt=\"\" width=\"700\" height=\"525\"><\/p>\n<p><img loading=\"lazy\" decoding=\"async\" src=\"http:\/\/www.eltono.com\/wp-content\/gallery\/promenade7\/eltono-promenade7-79.jpg\" alt=\"\" width=\"700\" height=\"525\">Hice casi en 90% de la longitud de la pared.<\/p>\n<p><div class=\"photonav\" id=\"80be9eedd5f9d984\">\n\t<div class=\"container\" style=\"width: 700px; height: 525px;\">\n\t\t<div class=\"content\" style=\"background-image: url(http:\/\/www.eltono.com\/wp-content\/gallery\/promenade7\/eltono-promenade7-tunelpanoramic2.jpg);\">\n\t\t\t<img decoding=\"async\" id=\"photonav-image\" class=\"image colorbox-off\" src=\"http:\/\/www.eltono.com\/wp-content\/gallery\/promenade7\/eltono-promenade7-tunelpanoramic2.jpg\">\n\t\t<\/div>\n\t<\/div>\n\t<div style=\"display: none;\">\n\t\t<div class=\"photonav popup\">\n\t\t\t<div class=\"container\" style=\"display: block; overflow: hidden;\">\n\t\t\t\t<div class=\"content\" style=\"background-image: url(http:\/\/www.eltono.com\/wp-content\/gallery\/promenade7\/eltono-promenade7-tunelpanoramic2.jpg);\">\n\t\t\t\t\t<img decoding=\"async\" id=\"photonav-image\" class=\"image colorbox-off\" src=\"http:\/\/www.eltono.com\/wp-content\/gallery\/promenade7\/eltono-promenade7-tunelpanoramic2.jpg\">\n\t\t\t\t<\/div>\n\t\t\t<\/div>\n\t\t<\/div>\n\t<\/div>\n\t<script type=\"text\/javascript\">jQuery(document).ready(function(){jQuery(\"#80be9eedd5f9d984\").photoNav({id:\"80be9eedd5f9d984\",mode:\"move\",popup:\"none\",animate:\"left\",position:\"right\",label:\"none\"});});<\/script>\n<\/div>Animaci\u00f3n panor\u00e1mica (pasa el rat\u00f3n encima de la imagen para moverla).<\/p>\n<p>La forma como se quitan los graffitis es siempre bastante fascinante, pero como lo hacen en China me llama mucho la atenci\u00f3n. En este caso, dentro de un t\u00fanel, usaron la m\u00e1s m\u00ednima cantidad de pintura posible para cubrir los anuncios estampados a todo lo largo de la pared. Normalmente una pared sin repintar se parece a eso: <a href=\"http:\/\/www.equipoplastico.com\/wp-content\/uploads\/2012\/10\/ep-hutong10.jpg\" target=\"_blank\" rel=\"noopener noreferrer\">www.equipoplastico.com\/wp-content\/uploads\/2012\/10\/ep-hutong10.jpg<\/a>. La mayor\u00eda del tiempo son anuncios para cerraderos, fontaneros, alba\u00f1iles, ayuda para la emisi\u00f3n de documentos&#8230; Pero, en este t\u00fanel, no encontr\u00e9 ning\u00fan anuncio sin recubrir entonces no tengo ni idea lo que anunciaban. El patr\u00f3n abstracto creado me pareci\u00f3 muy interesante y mi idea era simplemente ponerlo en valor. Despu\u00e9s de sacar fotos del resultado, me fui andando de nuevo hacia el este.<\/p>\n<p><img decoding=\"async\" src=\"http:\/\/www.eltono.com\/wp-content\/gallery\/promenade7\/eltono-promenade7-08.jpg\" alt=\"\">Me encontr\u00e9 con esta maravillosa fiesta privada de escobas y ladrillos.<\/p>\n<p><img decoding=\"async\" src=\"http:\/\/www.eltono.com\/wp-content\/gallery\/promenade7\/eltono-promenade7-19.jpg\" alt=\"\"><\/p>\n<p><img decoding=\"async\" src=\"http:\/\/www.eltono.com\/wp-content\/gallery\/promenade7\/eltono-promenade7-20.jpg\" alt=\"\">Por el camino, encontr\u00e9 otra piedra caliza.<\/p>\n<p><img decoding=\"async\" src=\"http:\/\/www.eltono.com\/wp-content\/gallery\/promenade7\/eltono-promenade7-21.jpg\" alt=\"\">Era m\u00e1s grande que la primera, la guard\u00e9 en mi bolsa.<\/p>\n<p><img decoding=\"async\" src=\"http:\/\/www.eltono.com\/wp-content\/gallery\/promenade7\/eltono-promenade7-25.jpg\" alt=\"\"><\/p>\n<p><img decoding=\"async\" src=\"http:\/\/www.eltono.com\/wp-content\/gallery\/promenade7\/eltono-promenade7-22.jpg\" alt=\"\">La competencia estaba muy activa a lo largo del camino.<\/p>\n<p><img decoding=\"async\" src=\"http:\/\/www.eltono.com\/wp-content\/gallery\/promenade7\/eltono-promenade7-26.jpg\" alt=\"\">Cuando el foso alcanza su punto m\u00e1s extremo al este, gira a 90 grados hacia el sur, igual que lo hace al lado oeste de la ciudad.<\/p>\n<p><img decoding=\"async\" src=\"http:\/\/www.eltono.com\/wp-content\/gallery\/promenade7\/eltono-promenade7-27.jpg\" alt=\"\">Despu\u00e9s de un rato andando hacia el sur, me encontr\u00e9 esta interesante configuraci\u00f3n. Un extra\u00f1o objeto de cemento est\u00e1 construido en el punto de encuentro de diferentes planos. Verticalmente tiene tres niveles distintos, la calle arriba, un terrapl\u00e9n en el medio y el camino peatonal donde me encontraba. Horizontalmente, dos pozos de visita hacen de punto de separaci\u00f3n entre una pared vertical y otra inclinada. El primer pozo de visita est\u00e1 al nivel de la carretera y el otro un poco m\u00e1s alto que el nivel del terrapl\u00e9n. No se en que orden estos elementos fueron construidos pero todo lo que est\u00e1 ocurriendo en ese \u00fanico lugar crea una estructura bastante singular.<\/p>\n<p><img decoding=\"async\" src=\"http:\/\/www.eltono.com\/wp-content\/gallery\/promenade7\/eltono-promenade7-28.jpg\" alt=\"\">Decid\u00ed realzarlo con mi nueva piedra.<\/p>\n<p><img decoding=\"async\" src=\"http:\/\/www.eltono.com\/wp-content\/gallery\/promenade7\/eltono-promenade7-29.jpg\" alt=\"\"><\/p>\n<p><img decoding=\"async\" src=\"http:\/\/www.eltono.com\/wp-content\/gallery\/promenade7\/eltono-promenade7-30.jpg\" alt=\"\"><\/p>\n<p><img decoding=\"async\" src=\"http:\/\/www.eltono.com\/wp-content\/gallery\/promenade7\/eltono-promenade7-31.jpg\" alt=\"\"><\/p>\n<p><img decoding=\"async\" src=\"http:\/\/www.eltono.com\/wp-content\/gallery\/promenade7\/eltono-promenade7-32.jpg\" alt=\"\">Esta &#8220;aberraci\u00f3n de dise\u00f1o&#8221; es seguramente el resultado de dificultosos trabajos viales. A veces la soluci\u00f3n m\u00e1s barata es la que da el mejor resultado visual. Aqu\u00ed los diferentes vol\u00famenes creados (cuadrados, rect\u00e1ngulos, semic\u00edrculos&#8230;) se funden para crear una composici\u00f3n que aprecio mucho. Espero que, con las rayas blancas, otra gente lo puedan notar y apreciar tanto como yo.<\/p>\n<p><img decoding=\"async\" src=\"http:\/\/www.eltono.com\/wp-content\/gallery\/promenade7\/eltono-promenade7-33.jpg\" alt=\"\">Un poco m\u00e1s tarde, me encontr\u00e9 con este fascinante lugar. Es un espacio sin salida, un lugar por el cual nadie necesita pasar, no lleva a ning\u00fan lado y no tiene nada de inter\u00e9s. Pero existe.<\/p>\n<p><img decoding=\"async\" src=\"http:\/\/www.eltono.com\/wp-content\/gallery\/promenade7\/eltono-promenade7-34.jpg\" alt=\"\"><\/p>\n<p><img loading=\"lazy\" decoding=\"async\" src=\"http:\/\/www.eltono.com\/wp-content\/gallery\/promenade7\/eltono-promenade7-80.jpg\" alt=\"\" width=\"700\" height=\"525\">Parece que este peque\u00f1o espacio descartado ha sido creado al mover la escalera de la mitad de su ancho hacia la izquierda. Despu\u00e9s de mirarlo mejor, parece que la escalera fue construida antes que el camino pavimentado. Pero no importa, no fueron capaces de hacer coincidir los dos elementos y el resultado es que la mitad de la escalera llevan fuera del camino y la barandilla arriba a la derecha es demasiada corta para evitar que los peatones caigan en el vaci\u00f3 creado. Esa peque\u00f1a &#8220;tierra de nadie&#8221; me pareci\u00f3 tan absurda y a la vez bonita que decid\u00ed realzarla tambi\u00e9n.<\/p>\n<p><img decoding=\"async\" src=\"http:\/\/www.eltono.com\/wp-content\/gallery\/promenade7\/eltono-promenade7-35.jpg\" alt=\"\">Para mi fue un poco como decir &#8220;oye, la escalera deber\u00eda estar aqu\u00ed&#8221;.<\/p>\n<p><img decoding=\"async\" src=\"http:\/\/www.eltono.com\/wp-content\/gallery\/promenade7\/eltono-promenade7-45.jpg\" alt=\"\"><\/p>\n<p><img decoding=\"async\" src=\"http:\/\/www.eltono.com\/wp-content\/gallery\/promenade7\/eltono-promenade7-36.jpg\" alt=\"\"><\/p>\n<p><img decoding=\"async\" src=\"http:\/\/www.eltono.com\/wp-content\/gallery\/promenade7\/eltono-promenade7-37.jpg\" alt=\"\"><\/p>\n<p><img decoding=\"async\" src=\"http:\/\/www.eltono.com\/wp-content\/gallery\/promenade7\/eltono-promenade7-40.jpg\" alt=\"\"><\/p>\n<p><img decoding=\"async\" src=\"http:\/\/www.eltono.com\/wp-content\/gallery\/promenade7\/eltono-promenade7-41.jpg\" alt=\"\"><\/p>\n<p><img decoding=\"async\" src=\"http:\/\/www.eltono.com\/wp-content\/gallery\/promenade7\/eltono-promenade7-42.jpg\" alt=\"\"><\/p>\n<p><img decoding=\"async\" src=\"http:\/\/www.eltono.com\/wp-content\/gallery\/promenade7\/eltono-promenade7-43.jpg\" alt=\"\"><\/p>\n<p><img decoding=\"async\" src=\"http:\/\/www.eltono.com\/wp-content\/gallery\/promenade7\/eltono-promenade7-44.jpg\" alt=\"\"><\/p>\n<p><img decoding=\"async\" src=\"http:\/\/www.eltono.com\/wp-content\/gallery\/promenade7\/eltono-promenade7-48.jpg\" alt=\"\"><\/p>\n<p><a name=\"billsp7\"><\/a><img decoding=\"async\" src=\"http:\/\/www.eltono.com\/wp-content\/gallery\/promenade7\/eltono-promenade7-49.jpg\" alt=\"\">Despu\u00e9s de documentar lo ocurrido, me fui de nuevo hacia el sur. Dentro de un largo y bajo t\u00fanel &#8211; largo porque encima pasa el tercer anillo con algo como 12 carriles para coches y bajo porque en alg\u00fan momento tuve que agacharme para poder pasar, y no soy m\u00e1s alto que la media china. Resulta que este lugar, tenebroso y lleno de grandes charcos de agua negra, estaba lleno de gente transitando. En este excepcional entorno, encontr\u00e9 un mont\u00f3n de cartelitos, todos anunciando las mismas &#8220;habitaciones individuales en alquiler&#8221;.<\/p>\n<p><img decoding=\"async\" src=\"http:\/\/www.eltono.com\/wp-content\/gallery\/promenade7\/eltono-promenade7-50.jpg\" alt=\"\">No me pude aguantar y hice otra vez la des-instalaci\u00f3n re-instalaci\u00f3n de carteles &#8211; hecha anteriormente durante&nbsp;<a href=\"http:\/\/www.eltono.com\/es\/projects\/promenades\/promenade-no2\/\">Promenade #2<\/a> y&nbsp;<a href=\"http:\/\/www.eltono.com\/es\/projects\/promenades\/promenade-no5\/#billsp5\">#5<\/a> &#8211; esta vez con 36 cartelitos.<\/p>\n<p><img loading=\"lazy\" decoding=\"async\" src=\"http:\/\/www.eltono.com\/wp-content\/gallery\/promenade7\/eltono-promenade7-51.jpg\" alt=\"\" width=\"700\" height=\"525\">El plan de marketing funciona, la gente los mira m\u00e1s as\u00ed que cuando est\u00e1n esparcidas individualmente.<\/p>\n<p><img decoding=\"async\" src=\"http:\/\/www.eltono.com\/wp-content\/gallery\/promenade7\/eltono-promenade7-60.jpg\" alt=\"\">Despu\u00e9s de pasar debajo de una de las autopistas m\u00e1s grandes de Pek\u00edn, acab\u00e9 en un barrio muy tranquilo. Cientos de personas se precipitaban dentro del inmundo t\u00fanel a unos 50 metros detr\u00e1s de mi y ahora este agradable barrio estaba totalmente desierto. Lo m\u00e1s seguro es que no conduc\u00eda a ning\u00fan lado, perfecto para mi. Segu\u00ed caminando a lo largo del foso hacia el sur. No me cruce con m\u00e1s de diez personas hasta que llegue a la siguiente calle grande.<\/p>\n<p><a name=\"animalfeederp7\"><\/a><img decoding=\"async\" src=\"http:\/\/www.eltono.com\/wp-content\/gallery\/promenade7\/eltono-promenade7-61.jpg\" alt=\"\">Eso es un detalle que se puede encontrar en casi todas las ciudades en el mundo, gente que deja comida para los gatos o los p\u00e1jaros. Para algunas personas esa visi\u00f3n puede ser desagradable entonces cog\u00ed un palo de madera y decid\u00ed intentar arreglar un poco<del><\/del> la cosa.<\/p>\n<p><img decoding=\"async\" src=\"http:\/\/www.eltono.com\/wp-content\/gallery\/promenade7\/eltono-promenade7-62.jpg\" alt=\"\">Pens\u00e9 que un poco de organizaci\u00f3n lo har\u00eda m\u00e1s apetecible.<\/p>\n<p><img decoding=\"async\" src=\"http:\/\/www.eltono.com\/wp-content\/gallery\/promenade7\/eltono-promenade7-64.jpg\" alt=\"\"><\/p>\n<p><img decoding=\"async\" src=\"http:\/\/www.eltono.com\/wp-content\/gallery\/promenade7\/eltono-promenade7-65.jpg\" alt=\"\">Me re\u00ed solo un buen rato y segu\u00ed mi camino para adelante.<\/p>\n<p><img decoding=\"async\" src=\"http:\/\/www.eltono.com\/wp-content\/gallery\/promenade7\/eltono-promenade7-66.jpg\" alt=\"\"><\/p>\n<p><img decoding=\"async\" src=\"http:\/\/www.eltono.com\/wp-content\/gallery\/promenade7\/eltono-promenade7-67.jpg\" alt=\"\">Llegu\u00e9 al punto donde el foso se echa en el r\u00edo Ba (\u575d\u6cb3). Observen la escalera a la izquierda que termina en una pared, un cl\u00e1sico.<\/p>\n<p><img decoding=\"async\" src=\"http:\/\/www.eltono.com\/wp-content\/gallery\/promenade7\/eltono-promenade7-68.jpg\" alt=\"\">Prob\u00e9 hacer algo en este lugar interesante pero el blanco de la piedra que estaba usando no contrastaba lo suficiente. No importa, est\u00e1 construcci\u00f3n me parec\u00eda un tanto absurda, seguramente antes estaba abierto y llevaba a alg\u00fan lado pero \u00bfporque despu\u00e9s de cerrarlo dejaron un espacio abierto arriba? \u00bfhay un aparcamiento escondido detr\u00e1s?<\/p>\n<p><img decoding=\"async\" src=\"http:\/\/www.eltono.com\/wp-content\/gallery\/promenade7\/eltono-promenade7-69.jpg\" alt=\"\"><\/p>\n<p><img decoding=\"async\" src=\"http:\/\/www.eltono.com\/wp-content\/gallery\/promenade7\/eltono-promenade7-70.jpg\" alt=\"\">Encontr\u00e9 una roca de color amarillo y dibuj\u00e9 un patr\u00f3n tipo Sol Lewitt en un parapeto. Dej\u00e9 la roca all\u00ed esperando que alguien lo continuar\u00e1.<\/p>\n<p><img decoding=\"async\" src=\"http:\/\/www.eltono.com\/wp-content\/gallery\/promenade7\/eltono-promenade7-71.jpg\" alt=\"\">Ya eran cerca de las 4 de la tarde entonces decid\u00ed dejar la orilla del r\u00edo y caminar hacia el oeste, sab\u00eda que la linea 13 de metro pasaba cerca.<\/p>\n<p><img decoding=\"async\" src=\"http:\/\/www.eltono.com\/wp-content\/gallery\/promenade7\/eltono-promenade7-72.jpg\" alt=\"\">La estaci\u00f3n de metro estaba muy cerca, pero para llegar a ella tuve que cruzar esta incre\u00edble pasarela peatonal. Esta pasarela no es como las dem\u00e1s, su parte superior es muy ancha, creando, otra vez, un enorme espacio in\u00fatil. La gente camina siguiendo una linea recta de escalera a escalera (camino marcado por unas placas negras en el suelo). Me imagino que muy poca gente entra al resto de la plataforma. Por supuesto yo fui.<\/p>\n<p><img decoding=\"async\" src=\"http:\/\/www.eltono.com\/wp-content\/gallery\/promenade7\/eltono-promenade7-73.jpg\" alt=\"\">Una vez que llegu\u00e9 al otro lado, entend\u00ed que el puente estaba destinado para la circulaci\u00f3n de algo mucho m\u00e1s grande que peatones; seguramente la linea de metro porque pude observar que su estructura era exactamente la misma que la del puente del metro a unos 50 metros m\u00e1s adelante. Me encantar\u00eda conocer la historia real detr\u00e1s de ese puente, pero lo que parece es que un puente fue construido en el lugar equivocado y, en vez de derrumbarlo, fue transformado creando de paso un maravilloso espacio residual.<\/p>\n<p><img decoding=\"async\" src=\"http:\/\/www.eltono.com\/wp-content\/gallery\/promenade7\/eltono-promenade7-74.jpg\" alt=\"\">16h06, en camino de vuelta a casa.<\/p>\n<p><a href=\"http:\/\/www.eltono.com\/wp-content\/gallery\/promenade7\/eltono-promenade7-map.jpg\"><img decoding=\"async\" src=\"http:\/\/www.eltono.com\/wp-content\/gallery\/promenade7\/eltono-promenade7-map.jpg\" alt=\"\"><\/a><br \/>\nEl registro GPS del recorrido (haz clic en el mapa para verlo m\u00e1s grande).<\/p>\n<p>&gt; <a href=\"http:\/\/www.eltono.com\/es\/projects\/promenades\/\">Volver a Diario de Promenades<\/a><\/p>","protected":false},"excerpt":{"rendered":"<p>Beijing \u2013 \u5317\u4eac 16 de diciembre 2013 De 11h42 a 16h11 (4h29min) 8,5 km Duraci\u00f3n total con transporte p\u00fablico (bus y metro): 7h02 \u8ddf\u968f\u62a4\u57ce\u6cb3\u7b2c\u4e09\u96c6 (siguiendo el foso, tercer episodio) A las 10h16 dej\u00e9 mi casa. Camin\u00e9 hacia el sur para llegar a una linea de bus que me llevar\u00eda al mismo lugar donde me di &hellip; <a href=\"https:\/\/www.eltono.com\/es\/projects\/promenades\/promenade-no7\/\" class=\"more-link\">Continue reading <span class=\"screen-reader-text\">Promenade N\u00ba7<\/span><\/a><\/p>\n","protected":false},"author":1,"featured_media":0,"parent":9854,"menu_order":0,"comment_status":"closed","ping_status":"open","template":"","meta":{"ngg_post_thumbnail":0,"jetpack_post_was_ever_published":false,"footnotes":""},"categories":[],"tags":[],"class_list":["post-10041","page","type-page","status-publish","hentry"],"jetpack_sharing_enabled":true,"jetpack_shortlink":"https:\/\/wp.me\/P7sWFx-2BX","_links":{"self":[{"href":"https:\/\/www.eltono.com\/es\/wp-json\/wp\/v2\/pages\/10041","targetHints":{"allow":["GET"]}}],"collection":[{"href":"https:\/\/www.eltono.com\/es\/wp-json\/wp\/v2\/pages"}],"about":[{"href":"https:\/\/www.eltono.com\/es\/wp-json\/wp\/v2\/types\/page"}],"author":[{"embeddable":true,"href":"https:\/\/www.eltono.com\/es\/wp-json\/wp\/v2\/users\/1"}],"replies":[{"embeddable":true,"href":"https:\/\/www.eltono.com\/es\/wp-json\/wp\/v2\/comments?post=10041"}],"version-history":[{"count":144,"href":"https:\/\/www.eltono.com\/es\/wp-json\/wp\/v2\/pages\/10041\/revisions"}],"predecessor-version":[{"id":22698,"href":"https:\/\/www.eltono.com\/es\/wp-json\/wp\/v2\/pages\/10041\/revisions\/22698"}],"up":[{"embeddable":true,"href":"https:\/\/www.eltono.com\/es\/wp-json\/wp\/v2\/pages\/9854"}],"wp:attachment":[{"href":"https:\/\/www.eltono.com\/es\/wp-json\/wp\/v2\/media?parent=10041"}],"wp:term":[{"taxonomy":"category","embeddable":true,"href":"https:\/\/www.eltono.com\/es\/wp-json\/wp\/v2\/categories?post=10041"},{"taxonomy":"post_tag","embeddable":true,"href":"https:\/\/www.eltono.com\/es\/wp-json\/wp\/v2\/tags?post=10041"}],"curies":[{"name":"wp","href":"https:\/\/api.w.org\/{rel}","templated":true}]}}