{"id":10730,"date":"2014-07-04T12:00:43","date_gmt":"2014-07-04T11:00:43","guid":{"rendered":"http:\/\/www.eltono.com\/?page_id=10730"},"modified":"2016-01-13T22:38:31","modified_gmt":"2016-01-13T20:38:31","slug":"armatoste","status":"publish","type":"page","link":"https:\/\/www.eltono.com\/es\/exhibitions\/solo\/amalgama\/armatoste\/","title":{"rendered":"Amalgama &#8211; Armatoste"},"content":{"rendered":"<p>Madrid, marzo de 2014<\/p>\n<p>La instalaci\u00f3n <strong><em>Armatoste<\/em><\/strong> es el resultado de dos fen\u00f3menos que he podido observar muy a menudo por diferentes ciudades:<br \/>\nEl primero trata de como la gente encuentra soluciones para a\u00f1adir una extensi\u00f3n a un palo; uniendo dos palos con lo primero que encuentran a mano, cinta, cuerda, alambre, etc. He ido observando muchas formas de hacerlo y para m\u00faltiples prop\u00f3sitos: para pintar m\u00e1s alto con un rodillo, para quitar telara\u00f1as con una escoba, para coger art\u00edculos colgados en una tienda, para recuperar un drone en un \u00e1rbol&#8230;<br \/>\nEl segundo son los palos que se pueden encontrar por la calle y en particular los palos de escoba que se ven en todos los cubos de basura de las calles de Madrid. Son de una mezcla met\u00e1lica de tan mala calidad que se rompen despu\u00e9s de muy poco tiempo de uso y acaban en la basura. Curiosamente, la gente los sigue comprando y, al rato, tirando al cubo. Lo que me llam\u00f3 la atenci\u00f3n es que los cubos no est\u00e1n adaptados para un formato tan alargado y siempre se ven palos saliendo impidiendo que la tapa cierre correctamente.<\/p>\n<p>Durante toda mi estancia por Madrid fui recuperando todo tipo de palos y los junte en una especie de macro-extensi\u00f3n que un\u00eda la primera sala de la galer\u00eda con la segunda m\u00e1s al fondo pasando por dos ventanas y cruzando el patio exterior.<\/p>\n<p><style type=\"text\/css\" media=\"all\">\n\/* ----------- Galeria Vertical 700 vh ngg1 ------------*\/\n#gallery-vertical-700-vh{\n\t\/\/max-width: 100%;\n\t\/\/width: 700px;\n\tbackground-color: #ffffff;\n\ttext-align: left;\n}\n#gallery-vertical-700-vh img{\n\t\/\/max-width: 100%;\n\tvertical-align: bottom;\n}\n#gallery-vertical-700-vh-comment{\n\tword-wrap: break-word;\n\t\/\/width: 700px;\n\tmargin: 0 0 17px 0;\n}\n<\/style>\n<div class=\"ngg1-galleryoverview\" id=\"ngg1-gallery-644ec6d3bbdc9fb15cb7ced3234d5a73\">\n\t\t<div id=\"ngg1-image-5395\">\n\t\t<div id=\"gallery-vertical-700-vh\">\n\t\t\t<img title=\" \" alt=\" \" src=\"https:\/\/www.eltono.com\/wp-content\/gallery\/amalgama-armatoste\/eltono-amalgama-armatoste01_0.jpg\"\/>\n\t\t\t<\/div><div id=\"gallery-vertical-700-vh-comment\"> \t\t<\/div>\n\t<\/div>\n \t\t<div id=\"ngg1-image-5368\">\n\t\t<div id=\"gallery-vertical-700-vh\">\n\t\t\t<img title=\" \" alt=\" \" src=\"https:\/\/www.eltono.com\/wp-content\/gallery\/amalgama-armatoste\/eltono-amalgama-armatoste02.jpg\"\/>\n\t\t\t<\/div><div id=\"gallery-vertical-700-vh-comment\"> \t\t<\/div>\n\t<\/div>\n \t\t<div id=\"ngg1-image-5396\">\n\t\t<div id=\"gallery-vertical-700-vh\">\n\t\t\t<img title=\" \" alt=\" \" src=\"https:\/\/www.eltono.com\/wp-content\/gallery\/amalgama-armatoste\/eltono-amalgama-armatoste03_0.jpg\"\/>\n\t\t\t<\/div><div id=\"gallery-vertical-700-vh-comment\"> \t\t<\/div>\n\t<\/div>\n \t\t<div id=\"ngg1-image-5370\">\n\t\t<div id=\"gallery-vertical-700-vh\">\n\t\t\t<img title=\" \" alt=\" \" src=\"https:\/\/www.eltono.com\/wp-content\/gallery\/amalgama-armatoste\/eltono-amalgama-armatoste04.jpg\"\/>\n\t\t\t<\/div><div id=\"gallery-vertical-700-vh-comment\"> \t\t<\/div>\n\t<\/div>\n \t\t<div id=\"ngg1-image-5371\">\n\t\t<div id=\"gallery-vertical-700-vh\">\n\t\t\t<img title=\" \" alt=\" \" src=\"https:\/\/www.eltono.com\/wp-content\/gallery\/amalgama-armatoste\/eltono-amalgama-armatoste05.jpg\"\/>\n\t\t\t<\/div><div id=\"gallery-vertical-700-vh-comment\"> \t\t<\/div>\n\t<\/div>\n \t\t<div id=\"ngg1-image-5372\">\n\t\t<div id=\"gallery-vertical-700-vh\">\n\t\t\t<img title=\" \" alt=\" \" src=\"https:\/\/www.eltono.com\/wp-content\/gallery\/amalgama-armatoste\/eltono-amalgama-armatoste06.jpg\"\/>\n\t\t\t<\/div><div id=\"gallery-vertical-700-vh-comment\"> \t\t<\/div>\n\t<\/div>\n \t\t<div id=\"ngg1-image-5373\">\n\t\t<div id=\"gallery-vertical-700-vh\">\n\t\t\t<img title=\" \" alt=\" \" src=\"https:\/\/www.eltono.com\/wp-content\/gallery\/amalgama-armatoste\/eltono-amalgama-armatoste07.jpg\"\/>\n\t\t\t<\/div><div id=\"gallery-vertical-700-vh-comment\"> \t\t<\/div>\n\t<\/div>\n \t\t<div id=\"ngg1-image-5374\">\n\t\t<div id=\"gallery-vertical-700-vh\">\n\t\t\t<img title=\" \" alt=\" \" src=\"https:\/\/www.eltono.com\/wp-content\/gallery\/amalgama-armatoste\/eltono-amalgama-armatoste08.jpg\"\/>\n\t\t\t<\/div><div id=\"gallery-vertical-700-vh-comment\"> \t\t<\/div>\n\t<\/div>\n \t\t<div id=\"ngg1-image-5375\">\n\t\t<div id=\"gallery-vertical-700-vh\">\n\t\t\t<img title=\" \" alt=\" \" src=\"https:\/\/www.eltono.com\/wp-content\/gallery\/amalgama-armatoste\/eltono-amalgama-armatoste09.jpg\"\/>\n\t\t\t<\/div><div id=\"gallery-vertical-700-vh-comment\"> \t\t<\/div>\n\t<\/div>\n \t\t<div id=\"ngg1-image-5376\">\n\t\t<div id=\"gallery-vertical-700-vh\">\n\t\t\t<img title=\" \" alt=\" \" src=\"https:\/\/www.eltono.com\/wp-content\/gallery\/amalgama-armatoste\/eltono-amalgama-armatoste10.jpg\"\/>\n\t\t\t<\/div><div id=\"gallery-vertical-700-vh-comment\"> \t\t<\/div>\n\t<\/div>\n \t\t<div id=\"ngg1-image-5382\">\n\t\t<div id=\"gallery-vertical-700-vh\">\n\t\t\t<img title=\" \" alt=\" \" src=\"https:\/\/www.eltono.com\/wp-content\/gallery\/amalgama-armatoste\/eltono-amalgama-armatoste16.jpg\"\/>\n\t\t\t<\/div><div id=\"gallery-vertical-700-vh-comment\"> \t\t<\/div>\n\t<\/div>\n \t\t<div id=\"ngg1-image-5381\">\n\t\t<div id=\"gallery-vertical-700-vh\">\n\t\t\t<img title=\" \" alt=\" \" src=\"https:\/\/www.eltono.com\/wp-content\/gallery\/amalgama-armatoste\/eltono-amalgama-armatoste15.jpg\"\/>\n\t\t\t<\/div><div id=\"gallery-vertical-700-vh-comment\"> \t\t<\/div>\n\t<\/div>\n \t\t<div id=\"ngg1-image-5380\">\n\t\t<div id=\"gallery-vertical-700-vh\">\n\t\t\t<img title=\" \" alt=\" \" src=\"https:\/\/www.eltono.com\/wp-content\/gallery\/amalgama-armatoste\/eltono-amalgama-armatoste14.jpg\"\/>\n\t\t\t<\/div><div id=\"gallery-vertical-700-vh-comment\"> \t\t<\/div>\n\t<\/div>\n \t\t<div id=\"ngg1-image-5384\">\n\t\t<div id=\"gallery-vertical-700-vh\">\n\t\t\t<img title=\" \" alt=\" \" src=\"https:\/\/www.eltono.com\/wp-content\/gallery\/amalgama-armatoste\/eltono-amalgama-armatoste18.jpg\"\/>\n\t\t\t<\/div><div id=\"gallery-vertical-700-vh-comment\"> \t\t<\/div>\n\t<\/div>\n \t\t<div id=\"ngg1-image-5385\">\n\t\t<div id=\"gallery-vertical-700-vh\">\n\t\t\t<img title=\" \" alt=\" \" src=\"https:\/\/www.eltono.com\/wp-content\/gallery\/amalgama-armatoste\/eltono-amalgama-armatoste19.jpg\"\/>\n\t\t\t<\/div><div id=\"gallery-vertical-700-vh-comment\"> \t\t<\/div>\n\t<\/div>\n \t\t<div id=\"ngg1-image-5379\">\n\t\t<div id=\"gallery-vertical-700-vh\">\n\t\t\t<img title=\" \" alt=\" \" src=\"https:\/\/www.eltono.com\/wp-content\/gallery\/amalgama-armatoste\/eltono-amalgama-armatoste13.jpg\"\/>\n\t\t\t<\/div><div id=\"gallery-vertical-700-vh-comment\"> \t\t<\/div>\n\t<\/div>\n \t<\/div>\n<\/p>\n<p>Fotos por Eltono y \u00a9Miguel\u00a0Ros\u00f3n (<a href=\"http:\/\/www.v15.es\/\" target=\"_blank\">www.v15.es<\/a>)<br \/>\nGracias a LUCE por la preciada ayuda!<\/p>","protected":false},"excerpt":{"rendered":"<p>Madrid, marzo de 2014 La instalaci\u00f3n Armatoste es el resultado de dos fen\u00f3menos que he podido observar muy a menudo por diferentes ciudades: El primero trata de como la gente encuentra soluciones para a\u00f1adir una extensi\u00f3n a un palo; uniendo dos palos con lo primero que encuentran a mano, cinta, cuerda, alambre, etc. He ido &hellip; <a href=\"https:\/\/www.eltono.com\/es\/exhibitions\/solo\/amalgama\/armatoste\/\" class=\"more-link\">Continue reading <span class=\"screen-reader-text\">Amalgama &#8211; Armatoste<\/span><\/a><\/p>\n","protected":false},"author":1,"featured_media":0,"parent":10740,"menu_order":0,"comment_status":"closed","ping_status":"open","template":"","meta":{"ngg_post_thumbnail":0,"jetpack_post_was_ever_published":false,"footnotes":""},"categories":[],"tags":[],"class_list":["post-10730","page","type-page","status-publish","hentry"],"jetpack_sharing_enabled":true,"jetpack_shortlink":"https:\/\/wp.me\/P7sWFx-2N4","_links":{"self":[{"href":"https:\/\/www.eltono.com\/es\/wp-json\/wp\/v2\/pages\/10730","targetHints":{"allow":["GET"]}}],"collection":[{"href":"https:\/\/www.eltono.com\/es\/wp-json\/wp\/v2\/pages"}],"about":[{"href":"https:\/\/www.eltono.com\/es\/wp-json\/wp\/v2\/types\/page"}],"author":[{"embeddable":true,"href":"https:\/\/www.eltono.com\/es\/wp-json\/wp\/v2\/users\/1"}],"replies":[{"embeddable":true,"href":"https:\/\/www.eltono.com\/es\/wp-json\/wp\/v2\/comments?post=10730"}],"version-history":[{"count":33,"href":"https:\/\/www.eltono.com\/es\/wp-json\/wp\/v2\/pages\/10730\/revisions"}],"predecessor-version":[{"id":14050,"href":"https:\/\/www.eltono.com\/es\/wp-json\/wp\/v2\/pages\/10730\/revisions\/14050"}],"up":[{"embeddable":true,"href":"https:\/\/www.eltono.com\/es\/wp-json\/wp\/v2\/pages\/10740"}],"wp:attachment":[{"href":"https:\/\/www.eltono.com\/es\/wp-json\/wp\/v2\/media?parent=10730"}],"wp:term":[{"taxonomy":"category","embeddable":true,"href":"https:\/\/www.eltono.com\/es\/wp-json\/wp\/v2\/categories?post=10730"},{"taxonomy":"post_tag","embeddable":true,"href":"https:\/\/www.eltono.com\/es\/wp-json\/wp\/v2\/tags?post=10730"}],"curies":[{"name":"wp","href":"https:\/\/api.w.org\/{rel}","templated":true}]}}