{"id":10733,"date":"2014-07-04T11:56:24","date_gmt":"2014-07-04T10:56:24","guid":{"rendered":"http:\/\/www.eltono.com\/?page_id=10733"},"modified":"2016-01-13T22:38:51","modified_gmt":"2016-01-13T20:38:51","slug":"boite-a-compositions","status":"publish","type":"page","link":"https:\/\/www.eltono.com\/es\/exhibitions\/solo\/amalgama\/boite-a-compositions\/","title":{"rendered":"Amalgama &#8211; Bo\u00eete \u00e0 Compositions"},"content":{"rendered":"<p><\/p>\n<p lang=\"es-ES\">La <i>Bo\u00eete \u00e0 Composition<\/i> es un dispositivo simple que he dise\u00f1ado para generar dibujos y explorar posibilidades de composiciones accidentales. La us\u00e9 por primera vez para mi exposici\u00f3n individual <i>Amalgama <\/i>en la galer\u00eda Slowtrack en Madrid en marzo de 2014. La primera figura que utilic\u00e9 era una linea ancha de 14&#215;2,5 cm.<\/p>\n<p lang=\"es-ES\">La caja funciona de la siguiente forma: abro la tapa y coloco un papel dentro, reposo la tapa sobre el borde de la caja de tal forma que el papel pueda moverse libremente y sin salirse, agito la caja unos cuantos segundos y vuelvo a colocar la tapa de forma que presione el papel. Finalmente, a trav\u00e9s del agujero en la tapa, pinto la figura sobre el papel en la posici\u00f3n en la cual se ha quedado dentro de la caja.<\/p>\n<p lang=\"es-ES\">El primer resultado fue una serie de 80 dibujos de 15&#215;21 cm organizados en 8 grupos de 10; empezando por una linea para el primer grupo, dos lineas para el segundo y siguiendo as\u00ed hasta 8 lineas para el octavo grupo.<\/p>\n<p lang=\"es-ES\">Cuando imagin\u00e9 est\u00e1 serie pensaba que el resultado tendr\u00eda un efecto de degradado. Una vez que coloqu\u00e9 todos los dibujos juntos, me di cuenta que el resultado obtenido daba m\u00e1s una sensaci\u00f3n de ca\u00edda.<\/p>\n<p><style type=\"text\/css\" media=\"all\">\n\/* ----------- Galeria Vertical 700 vh ngg1 ------------*\/\n#gallery-vertical-700-vh{\n\t\/\/max-width: 100%;\n\t\/\/width: 700px;\n\tbackground-color: #ffffff;\n\ttext-align: left;\n}\n#gallery-vertical-700-vh img{\n\t\/\/max-width: 100%;\n\tvertical-align: bottom;\n}\n#gallery-vertical-700-vh-comment{\n\tword-wrap: break-word;\n\t\/\/width: 700px;\n\tmargin: 0 0 17px 0;\n}\n<\/style>\n<div class=\"ngg1-galleryoverview\" id=\"ngg1-gallery-0f78bcfba913865d2db1f459809c3b03\">\n\t\t<div id=\"ngg1-image-5397\">\n\t\t<div id=\"gallery-vertical-700-vh\">\n\t\t\t<img title=\" \" alt=\" \" src=\"https:\/\/www.eltono.com\/wp-content\/gallery\/amalgama-bac\/eltono-amalgama-bac01.jpg\"\/>\n\t\t\t<\/div><div id=\"gallery-vertical-700-vh-comment\"> \t\t<\/div>\n\t<\/div>\n \t\t<div id=\"ngg1-image-5398\">\n\t\t<div id=\"gallery-vertical-700-vh\">\n\t\t\t<img title=\" \" alt=\" \" src=\"https:\/\/www.eltono.com\/wp-content\/gallery\/amalgama-bac\/eltono-amalgama-bac02.jpg\"\/>\n\t\t\t<\/div><div id=\"gallery-vertical-700-vh-comment\"> \t\t<\/div>\n\t<\/div>\n \t\t<div id=\"ngg1-image-5399\">\n\t\t<div id=\"gallery-vertical-700-vh\">\n\t\t\t<img title=\" \" alt=\" \" src=\"https:\/\/www.eltono.com\/wp-content\/gallery\/amalgama-bac\/eltono-amalgama-bac03.jpg\"\/>\n\t\t\t<\/div><div id=\"gallery-vertical-700-vh-comment\"> \t\t<\/div>\n\t<\/div>\n \t\t<div id=\"ngg1-image-5400\">\n\t\t<div id=\"gallery-vertical-700-vh\">\n\t\t\t<img title=\" \" alt=\" \" src=\"https:\/\/www.eltono.com\/wp-content\/gallery\/amalgama-bac\/eltono-amalgama-bac04.jpg\"\/>\n\t\t\t<\/div><div id=\"gallery-vertical-700-vh-comment\"> \t\t<\/div>\n\t<\/div>\n \t\t<div id=\"ngg1-image-5401\">\n\t\t<div id=\"gallery-vertical-700-vh\">\n\t\t\t<img title=\" \" alt=\" \" src=\"https:\/\/www.eltono.com\/wp-content\/gallery\/amalgama-bac\/eltono-amalgama-bac05.jpg\"\/>\n\t\t\t<\/div><div id=\"gallery-vertical-700-vh-comment\"> \t\t<\/div>\n\t<\/div>\n \t\t<div id=\"ngg1-image-5403\">\n\t\t<div id=\"gallery-vertical-700-vh\">\n\t\t\t<img title=\" \" alt=\" \" src=\"https:\/\/www.eltono.com\/wp-content\/gallery\/amalgama-bac\/eltono-amalgama-bac07.jpg\"\/>\n\t\t\t<\/div><div id=\"gallery-vertical-700-vh-comment\"> \t\t<\/div>\n\t<\/div>\n \t\t<div id=\"ngg1-image-5404\">\n\t\t<div id=\"gallery-vertical-700-vh\">\n\t\t\t<img title=\" \" alt=\" \" src=\"https:\/\/www.eltono.com\/wp-content\/gallery\/amalgama-bac\/eltono-amalgama-bac08.jpg\"\/>\n\t\t\t<\/div><div id=\"gallery-vertical-700-vh-comment\"> \t\t<\/div>\n\t<\/div>\n \t\t<div id=\"ngg1-image-5405\">\n\t\t<div id=\"gallery-vertical-700-vh\">\n\t\t\t<img title=\" \" alt=\" \" src=\"https:\/\/www.eltono.com\/wp-content\/gallery\/amalgama-bac\/eltono-amalgama-bac09.jpg\"\/>\n\t\t\t<\/div><div id=\"gallery-vertical-700-vh-comment\"> \t\t<\/div>\n\t<\/div>\n \t\t<div id=\"ngg1-image-5406\">\n\t\t<div id=\"gallery-vertical-700-vh\">\n\t\t\t<img title=\" \" alt=\" \" src=\"https:\/\/www.eltono.com\/wp-content\/gallery\/amalgama-bac\/eltono-amalgama-bac10.jpg\"\/>\n\t\t\t<\/div><div id=\"gallery-vertical-700-vh-comment\"> \t\t<\/div>\n\t<\/div>\n \t\t<div id=\"ngg1-image-5615\">\n\t\t<div id=\"gallery-vertical-700-vh\">\n\t\t\t<img title=\" \" alt=\" \" src=\"https:\/\/www.eltono.com\/wp-content\/gallery\/amalgama-bac\/eltono-amalgama-bac12_0.jpg\"\/>\n\t\t\t<\/div><div id=\"gallery-vertical-700-vh-comment\"> \t\t<\/div>\n\t<\/div>\n \t\t<div id=\"ngg1-image-5407\">\n\t\t<div id=\"gallery-vertical-700-vh\">\n\t\t\t<img title=\" \" alt=\" \" src=\"https:\/\/www.eltono.com\/wp-content\/gallery\/amalgama-bac\/eltono-amalgama-bac11.jpg\"\/>\n\t\t\t<\/div><div id=\"gallery-vertical-700-vh-comment\"> \t\t<\/div>\n\t<\/div>\n \t<\/div>\n<\/p>\n<p>Fotos por Eltono y \u00a9Miguel\u00a0Ros\u00f3n (<a href=\"http:\/\/www.v15.es\/\" target=\"_blank\">www.v15.es<\/a>)<br \/>\nLas obras est\u00e1n a la venta a trav\u00e9s de la galer\u00eda <a href=\"http:\/\/www.slowtracksociety.com\/\" target=\"_blank\">Slowtrack<\/a>.<\/p>","protected":false},"excerpt":{"rendered":"<p>La Bo\u00eete \u00e0 Composition es un dispositivo simple que he dise\u00f1ado para generar dibujos y explorar posibilidades de composiciones accidentales. La us\u00e9 por primera vez para mi exposici\u00f3n individual Amalgama en la galer\u00eda Slowtrack en Madrid en marzo de 2014. La primera figura que utilic\u00e9 era una linea ancha de 14&#215;2,5 cm. La caja funciona &hellip; <a href=\"https:\/\/www.eltono.com\/es\/exhibitions\/solo\/amalgama\/boite-a-compositions\/\" class=\"more-link\">Continue reading <span class=\"screen-reader-text\">Amalgama &#8211; Bo\u00eete \u00e0 Compositions<\/span><\/a><\/p>\n","protected":false},"author":1,"featured_media":0,"parent":10740,"menu_order":0,"comment_status":"closed","ping_status":"open","template":"","meta":{"ngg_post_thumbnail":0,"jetpack_post_was_ever_published":false,"footnotes":""},"categories":[],"tags":[],"class_list":["post-10733","page","type-page","status-publish","hentry"],"jetpack_sharing_enabled":true,"jetpack_shortlink":"https:\/\/wp.me\/P7sWFx-2N7","_links":{"self":[{"href":"https:\/\/www.eltono.com\/es\/wp-json\/wp\/v2\/pages\/10733","targetHints":{"allow":["GET"]}}],"collection":[{"href":"https:\/\/www.eltono.com\/es\/wp-json\/wp\/v2\/pages"}],"about":[{"href":"https:\/\/www.eltono.com\/es\/wp-json\/wp\/v2\/types\/page"}],"author":[{"embeddable":true,"href":"https:\/\/www.eltono.com\/es\/wp-json\/wp\/v2\/users\/1"}],"replies":[{"embeddable":true,"href":"https:\/\/www.eltono.com\/es\/wp-json\/wp\/v2\/comments?post=10733"}],"version-history":[{"count":13,"href":"https:\/\/www.eltono.com\/es\/wp-json\/wp\/v2\/pages\/10733\/revisions"}],"predecessor-version":[{"id":15335,"href":"https:\/\/www.eltono.com\/es\/wp-json\/wp\/v2\/pages\/10733\/revisions\/15335"}],"up":[{"embeddable":true,"href":"https:\/\/www.eltono.com\/es\/wp-json\/wp\/v2\/pages\/10740"}],"wp:attachment":[{"href":"https:\/\/www.eltono.com\/es\/wp-json\/wp\/v2\/media?parent=10733"}],"wp:term":[{"taxonomy":"category","embeddable":true,"href":"https:\/\/www.eltono.com\/es\/wp-json\/wp\/v2\/categories?post=10733"},{"taxonomy":"post_tag","embeddable":true,"href":"https:\/\/www.eltono.com\/es\/wp-json\/wp\/v2\/tags?post=10733"}],"curies":[{"name":"wp","href":"https:\/\/api.w.org\/{rel}","templated":true}]}}