{"id":1094,"date":"2005-02-01T03:51:04","date_gmt":"2005-02-01T01:51:04","guid":{"rendered":"http:\/\/www.eltono.com\/_V2\/?page_id=1094"},"modified":"2020-07-16T12:30:04","modified_gmt":"2020-07-16T10:30:04","slug":"arco-2005","status":"publish","type":"page","link":"https:\/\/www.eltono.com\/es\/exhibitions\/arco-2005\/","title":{"rendered":"ARCO 2005"},"content":{"rendered":"<p><strong>Galer\u00eda Vac\u00edo 9<\/strong><br \/>\nARCO Feria Internacional de Arte Contempor\u00e1neo, Madrid, Espa\u00f1a<br \/>\nFebrero 2005<\/p>\n<h2><strong><em>Souvenir<br \/>\n<\/em><\/strong><\/h2>\n<p>Instalaci\u00f3n en colaboraci\u00f3n con <a href=\"http:\/\/www.nuriamora.com\/\" target=\"_blank\" rel=\"noopener noreferrer\">Nuria Mora<\/a><\/p>\n<p><style type=\"text\/css\" media=\"all\">\n\/* ----------- Galeria Vertical 700 vh ngg1 ------------*\/\n#gallery-vertical-700-vh{\n\t\/\/max-width: 100%;\n\t\/\/width: 700px;\n\tbackground-color: #ffffff;\n\ttext-align: left;\n}\n#gallery-vertical-700-vh img{\n\t\/\/max-width: 100%;\n\tvertical-align: bottom;\n}\n#gallery-vertical-700-vh-comment{\n\tword-wrap: break-word;\n\t\/\/width: 700px;\n\tmargin: 0 0 17px 0;\n}\n<\/style>\n<div class=\"ngg1-galleryoverview\" id=\"ngg1-gallery-7ab8b06130aa574b17240bac8c5d1bc2\">\n\t\t<div id=\"ngg1-image-4049\">\n\t\t<div id=\"gallery-vertical-700-vh\">\n\t\t\t<img title=\" \" alt=\" \" src=\"https:\/\/www.eltono.com\/wp-content\/gallery\/arco-2005\/arco2005_5.jpg\"\/>\n\t\t\t<\/div><div id=\"gallery-vertical-700-vh-comment\"> \t\t<\/div>\n\t<\/div>\n \t\t<div id=\"ngg1-image-4047\">\n\t\t<div id=\"gallery-vertical-700-vh\">\n\t\t\t<img title=\" \" alt=\" \" src=\"https:\/\/www.eltono.com\/wp-content\/gallery\/arco-2005\/arco2005_3.jpg\"\/>\n\t\t\t<\/div><div id=\"gallery-vertical-700-vh-comment\"> \t\t<\/div>\n\t<\/div>\n \t\t<div id=\"ngg1-image-4048\">\n\t\t<div id=\"gallery-vertical-700-vh\">\n\t\t\t<img title=\" \" alt=\" \" src=\"https:\/\/www.eltono.com\/wp-content\/gallery\/arco-2005\/arco2005_4.jpg\"\/>\n\t\t\t<\/div><div id=\"gallery-vertical-700-vh-comment\"> \t\t<\/div>\n\t<\/div>\n \t\t<div id=\"ngg1-image-4046\">\n\t\t<div id=\"gallery-vertical-700-vh\">\n\t\t\t<img title=\" \" alt=\" \" src=\"https:\/\/www.eltono.com\/wp-content\/gallery\/arco-2005\/arco2005_2.jpg\"\/>\n\t\t\t<\/div><div id=\"gallery-vertical-700-vh-comment\"> \t\t<\/div>\n\t<\/div>\n \t\t<div id=\"ngg1-image-4045\">\n\t\t<div id=\"gallery-vertical-700-vh\">\n\t\t\t<img title=\" \" alt=\" \" src=\"https:\/\/www.eltono.com\/wp-content\/gallery\/arco-2005\/arco2005_1.jpg\"\/>\n\t\t\t<\/div><div id=\"gallery-vertical-700-vh-comment\"> \t\t<\/div>\n\t<\/div>\n \t<\/div>\n<\/p>","protected":false},"excerpt":{"rendered":"<p>Galer\u00eda Vac\u00edo 9 ARCO Feria Internacional de Arte Contempor\u00e1neo, Madrid, Espa\u00f1a Febrero 2005 Souvenir Instalaci\u00f3n en colaboraci\u00f3n con Nuria Mora<\/p>\n","protected":false},"author":1,"featured_media":14173,"parent":9,"menu_order":0,"comment_status":"closed","ping_status":"open","template":"","meta":{"ngg_post_thumbnail":0,"jetpack_post_was_ever_published":false,"footnotes":""},"categories":[297,3,270,261,265,269,307],"tags":[],"class_list":["post-1094","page","type-page","status-publish","has-post-thumbnail","hentry","category-297","category-exhibitions","category-page_collective_show","category-page_expo","category-page_indoor","category-page_participatif","category-test-cat"],"jetpack_sharing_enabled":true,"jetpack_shortlink":"https:\/\/wp.me\/P7sWFx-hE","_links":{"self":[{"href":"https:\/\/www.eltono.com\/es\/wp-json\/wp\/v2\/pages\/1094","targetHints":{"allow":["GET"]}}],"collection":[{"href":"https:\/\/www.eltono.com\/es\/wp-json\/wp\/v2\/pages"}],"about":[{"href":"https:\/\/www.eltono.com\/es\/wp-json\/wp\/v2\/types\/page"}],"author":[{"embeddable":true,"href":"https:\/\/www.eltono.com\/es\/wp-json\/wp\/v2\/users\/1"}],"replies":[{"embeddable":true,"href":"https:\/\/www.eltono.com\/es\/wp-json\/wp\/v2\/comments?post=1094"}],"version-history":[{"count":53,"href":"https:\/\/www.eltono.com\/es\/wp-json\/wp\/v2\/pages\/1094\/revisions"}],"predecessor-version":[{"id":21131,"href":"https:\/\/www.eltono.com\/es\/wp-json\/wp\/v2\/pages\/1094\/revisions\/21131"}],"up":[{"embeddable":true,"href":"https:\/\/www.eltono.com\/es\/wp-json\/wp\/v2\/pages\/9"}],"wp:featuredmedia":[{"embeddable":true,"href":"https:\/\/www.eltono.com\/es\/wp-json\/wp\/v2\/media\/14173"}],"wp:attachment":[{"href":"https:\/\/www.eltono.com\/es\/wp-json\/wp\/v2\/media?parent=1094"}],"wp:term":[{"taxonomy":"category","embeddable":true,"href":"https:\/\/www.eltono.com\/es\/wp-json\/wp\/v2\/categories?post=1094"},{"taxonomy":"post_tag","embeddable":true,"href":"https:\/\/www.eltono.com\/es\/wp-json\/wp\/v2\/tags?post=1094"}],"curies":[{"name":"wp","href":"https:\/\/api.w.org\/{rel}","templated":true}]}}