{"id":11,"date":"2008-07-30T00:19:04","date_gmt":"2008-07-29T22:19:04","guid":{"rendered":"http:\/\/www.mistermonsieur.com\/lamoissie\/?page_id=6"},"modified":"2025-03-03T09:07:14","modified_gmt":"2025-03-03T08:07:14","slug":"info","status":"publish","type":"page","link":"https:\/\/www.eltono.com\/es\/info\/","title":{"rendered":"Informaci\u00f3n"},"content":{"rendered":"<p><\/p>\n<blockquote><p><strong>Para contactarme<\/strong>, puedes mandar un correo a ese email:<br \/>\n<a href=\"mail&#116;&#111;&#58;&#101;&#108;t&#111;n&#111;&#64;elt&#111;n&#111;.c&#111;&#109;\">e&#108;t&#111;&#110;&#111;&#64;e&#108;t&#111;no&#46;c&#111;&#109;<\/a><br \/>\n<\/a><strong>Para suscribirte a mi lista de correo<\/strong>, manda un mensaje aqui:<br \/>\n<a href=\"&#109;a&#105;&#108;t&#111;:in&#102;&#111;t&#111;n&#111;&#64;&#101;&#108;to&#110;&#111;&#46;&#99;&#111;m?sub&#106;&#101;ct&#61;&#83;&#117;bsc&#114;i&#98;&#101; &#109;&#101;!\">inf&#111;&#116;&#111;&#110;o&#64;&#101;l&#116;ono.c&#111;&#109;<\/a><\/p><\/blockquote>\n<h2><strong>Acerca de Eltono:<\/strong><\/h2>\n<p>El artista franc\u00e9s Eltono (1975) ha trabajado en Madrid durante la \u00faltima d\u00e9cada, en Pek\u00edn durante cuatro a\u00f1os y ahora vive en el sur de Francia. Fl\u00e2neur, paseante obstinado y observador cr\u00f3nico, desde hace a\u00f1os Eltono utiliza el espacio p\u00fablico como soporte, estudio y fuente de inspiraci\u00f3n. Su sensibilidad hacia lo que ocurre a su alrededor y su conocimiento de la naturaleza de la calle \u2013 sus caprichos y su car\u00e1cter imprevisible \u2013 son sus principales herramientas en el momento de generar obras.<\/p>\n<p>Ha intervenido en las calles de m\u00e1s de 120 ciudades y ha ense\u00f1ado su trabajo en museos y galer\u00edas de renombre como la Tate Modern y la Somerset House en Londres, la Fundaci\u00f3n Mir\u00f3 en Barcelona o el museo Artium en Vitoria. Durante los \u00faltimos 15 a\u00f1os, su trabajo en galer\u00edas se ha enfocado en encontrar soluciones para afrontar el dilema de exponer arte p\u00fablico en espacios privados.<\/p>\n<p>&nbsp;<\/p>\n<h2>CV:<\/h2>\n<h3><strong>Exposiciones individuales:<\/strong><\/h3>\n<h6>10\/2021: <a href=\"https:\/\/www.eltono.com\/exhibitions\/solo\/desperfectos\/\"><em>Desperfectos<\/em>, Set Espai d&#8217;Art en Galer\u00eda Nueva, Madrid, Espa\u00f1a<\/a><br \/>\n07\/2021: <a href=\"https:\/\/www.eltono.com\/exhibitions\/solo\/serendipite\/\"><em>S\u00e9rendipit\u00e9<\/em>, centro de arte Hangar 107, Rouen, Francia<\/a><br \/>\n06\/2019: <a href=\"http:\/\/www.eltono.com\/exhibitions\/solo\/fault-lines\/\"><em>Fault Lines<\/em>, galer\u00eda Slika, Lyon, Francia<\/a><br \/>\n04\/2018: <a href=\"http:\/\/www.eltono.com\/exhibitions\/solo\/funambuls\/\"><em>Funamb\u00fals<\/em>, Casal Solleric, Palma de Mallorca, Espa\u00f1a<\/a><br \/>\n09\/2017: <a href=\"http:\/\/www.eltono.com\/exhibitions\/solo\/anomalias\/\"><em>Anomal\u00edas<\/em>, SET Espai d&#8217;Art, Valencia, Espa\u00f1a<\/a><br \/>\n05\/2017: <a href=\"http:\/\/www.eltono.com\/exhibitions\/solo\/crossroad3\/\"><em>Crossroad #3<\/em>, galer\u00eda Doppelgaenger, Bari, Italia<\/a><br \/>\n09\/2016: <a href=\"http:\/\/www.eltono.com\/exhibitions\/solo\/fluctuacion\/\"><em>Fluctuaci\u00f3n<\/em>, galer\u00eda Antonia Puy\u00f3, Zaragoza, Espa\u00f1a<\/a><br \/>\n11\/2015: <a href=\"http:\/\/www.eltono.com\/es\/exhibitions\/lugares-comunes\/\"><em>Lugares Comunes<\/em>, Set Espai d&#8217;Art, Valencia, Espa\u00f1a<\/a><br \/>\n10\/2015: <a href=\"http:\/\/www.eltono.com\/exhibitions\/solo\/aleas\/\"><em>Al\u00e9as<\/em>, Delimbo, Sevilla, Espa\u00f1a<\/a><br \/>\n06\/2015: <a href=\"http:\/\/www.eltono.com\/es\/exhibitions\/incontrolables\/\"><em>Incontr\u00f4lables<\/em>, Instituto Cervantes de Par\u00eds, Par\u00eds, Francia<\/a><br \/>\n06\/2014: <a href=\"http:\/\/www.eltono.com\/es\/exhibitions\/varianti\/\"><em>Varianti<\/em>, Ritmo, Catania, Italia<\/a><br \/>\n03\/2014: <a href=\"http:\/\/www.eltono.com\/es\/exhibitions\/amalgama\/\"><em>Amalgama<\/em>, Slowtrack, Madrid, Espa\u00f1a<\/a><br \/>\n07\/2012: <a href=\"http:\/\/www.eltono.com\/es\/exhibitions\/deambular\/\"><em>Deambular<\/em>, Museo Artium, Vitoria, Espa\u00f1a<\/a><br \/>\n06\/2012: <a href=\"http:\/\/www.eltono.com\/es\/projects\/1-1-caochangdi\/\"><em>1\/1<\/em>, C-Space gallery, Caochangdi, Pek\u00edn, China<\/a><br \/>\n03\/2012: <a href=\"http:\/\/www.eltono.com\/es\/projects\/traces-duotone\/\"><em>Duotone<\/em>, OZ, Amsterdam, Pa\u00edses Bajos<\/a><br \/>\n10\/2011: <a href=\"http:\/\/www.eltono.com\/es\/exhibitions\/eredu\/\"><em>Eredu<\/em>, SC Gallery, Bilbao, Espa\u00f1a<\/a><br \/>\n05\/2010: <a href=\"http:\/\/www.eltono.com\/es\/exhibitions\/reticula\/\"><em>Ret\u00edcula<\/em>, Galer\u00eda Delimbo, Sevilla, Espa\u00f1a<\/a><br \/>\n04\/2009: <a href=\"http:\/\/www.eltono.com\/es\/projects\/residencia-tampiquito\/\"><em>Residencia Tampiquito<\/em>, Monterrey, M\u00e9xico<\/a><br \/>\n01\/2009: <a href=\"http:\/\/www.eltono.com\/es\/exhibitions\/coriandoli\/\"><em>Coriandoli<\/em>, Cripta747, Tur\u00edn, Italia<\/a><br \/>\n01\/2009: <a href=\"http:\/\/www.eltono.com\/es\/projects\/pubblico\/\"><em>Pubblico<\/em>, ROJO\u00aeartspace, Mil\u00e1n, Italia<\/a><br \/>\n09\/2008: <a href=\"http:\/\/www.eltono.com\/es\/projects\/plaf\/\"><em>PLAF &#8211; Autonomous Mechanisms<\/em>, Nueva York, EE.UU.<\/a><br \/>\n07\/2008: <a href=\"http:\/\/www.eltono.com\/es\/exhibitions\/bermellon\/\"><em>Bermell\u00f3n<\/em>, ROJO\u00aeartspace, Barcelona, Espa\u00f1a<\/a><br \/>\n06\/2008: <a href=\"http:\/\/www.eltono.com\/es\/exhibitions\/astillas\/\"><em>Astillas<\/em>, La Culpable, Lima, Per\u00fa<\/a><br \/>\n01\/2008: <em>Montagens<\/em>, Galeria Adesivo, Porto Alegre, Brasil<br \/>\n01\/2008: <em>Petits collages<\/em>, Rojo Art Space, Ros\u00e1rio, Argentina<br \/>\n12\/2007: <em>Invertidos<\/em>, Rojo Art Space, S\u00e3o Paulo, Brasil<br \/>\n10\/2007: <em>Eltono at ART<\/em>, Monterrey, M\u00e9xico<br \/>\n11\/2006: <a href=\"http:\/\/www.eltono.com\/es\/exhibitions\/eigenkunstruktion\/\"><em>Eigenkunstruktion<\/em>, Artitude, Berl\u00edn, Alemania<\/a><br \/>\n01\/2006: <a href=\"http:\/\/www.eltono.com\/es\/x-y-z\/\"><em>(x, y, z)<\/em>, Vac\u00edo9, Madrid, Espa\u00f1a<\/a><br \/>\n10\/2002: <a href=\"http:\/\/www.eltono.com\/es\/complementaires\/\"><em>Compl\u00e9mentaires<\/em>, Vac\u00edo 9, Madrid, Espa\u00f1a<\/a><\/h6>\n<h3><strong>Exposiciones colectivas (selecci\u00f3n):<\/strong><\/h3>\n<h6>10\/2023 : <a href=\"https:\/\/www.eltono.com\/projects\/123couleurs\/\"><em>1, 2, 3 couleurs<\/em>, Palais des Beaux-Arts, Lille, Francia<\/a><br \/>\n12\/2022: <a href=\"https:\/\/www.eltono.com\/exhibitions\/collective-shows\/out-of-disorder\/\"><em>Out Of Disorder<\/em>, Galer\u00eda Antonio Colombo, Mil\u00e1n, Italia<\/a><br \/>\n09\/2022: <em>New Deal<\/em>, Galer\u00eda Le Domaine Perdu, Meyrals, Francia<br \/>\n09\/2022: <a href=\"https:\/\/betacity.eu\" target=\"_blank\" rel=\"noopener noreferrer\"><em>Beta<\/em>, Timi\u0219oara Architecture Biennial, Roman\u00eda<\/a><br \/>\n04\/2022: <a href=\"https:\/\/www.eltono.com\/exhibitions\/collective-shows\/espaces-manipulables\/\"><em>Espaces Manipulables<\/em>, centro de arte Mille Formes, Clermont-Ferrand, Francia<\/a><br \/>\n10\/2021: <a href=\"https:\/\/www.stedelijkmuseumschiedam.nl\/tentoonstelling\/glass-hard\/\" target=\"_blank\" rel=\"noopener noreferrer\"><em>Glass-Hard<\/em>, Stedelijk Museum, Schiedam, Pa\u00edses Bajos<\/a><br \/>\n11\/2018: <a href=\"http:\/\/www.eltono.com\/exhibitions\/corners-off-society\/\"><em>Corners of(f) Society<\/em>, Colab Gallery, Weil am Rhein, Alemania<\/a><br \/>\n09\/2017: <a href=\"http:\/\/www.eltono.com\/exhibitions\/la-ville-et-le-mouvement\/\"><em>La ville et le mouvement<\/em>, Le Pilori, Niort, Francia<\/a><br \/>\n07\/2017: <a href=\"http:\/\/www.eltono.com\/exhibitions\/downshifting\/\"><em><i>Downshifting<\/i><\/em>, Redline Centro de Arte Contempor\u00e1neo, Denver, EE.UU.<\/a><br \/>\n04\/2016: <a href=\"http:\/\/streetartmuseum.ru\/en\/project\/cherez-granitsy-skvoz-ogranicheniya\/\" target=\"_blank\" rel=\"noopener noreferrer\"><em>Crossing Borders\/Crossing Boundaries<\/em>, S.A.M., San Petersburgo, Rusia<\/a><br \/>\n03\/2016: <em>Unexpected Territory<\/em>, Nevven Gallery, Gotemburgo, Suecia<br \/>\n03\/2016: <a href=\"http:\/\/www.eltono.com\/exhibitions\/footpaths\/\"><em>Venturing Beyond, Somerset House, Londres, U.K.<\/em><\/a><br \/>\n10\/2015: <a href=\"http:\/\/www.condeduquemadrid.es\/evento\/arqueologia-prohibida\/\" target=\"_blank\" rel=\"noopener noreferrer\"><em>Arqueologia Prohibida<\/em>, Conde Duque, Madrid, Espa\u00f1a<\/a><br \/>\n07\/2015: <a href=\"http:\/\/886geary.com\/\"><em>Shapeshifters &amp; Sharpshooters<\/em>, 886 Geary Gallery, San Francisco, EE.UU.<\/a><br \/>\n06\/2015: <a href=\"http:\/\/minigalerie.nl\/?page_id=1728\"><em>Col.la.ge II<\/em>, Mini Gallery, Amsterdam, Pa\u00edses Bajos<\/a><br \/>\n04\/2015: <a href=\"https:\/\/www.eltono.com\/exhibitions\/oxymores\/\"><em>Oxymores<\/em>, Ministerio de Cultura, Par\u00eds, Francia<\/a><br \/>\n01\/2015: <a href=\"http:\/\/www.eltono.com\/es\/exhibitions\/mapping-the-city\/\"><em>Mapping The City<\/em>, Somerset House, Londres, U.K.<\/a><br \/>\n09\/2014: <a href=\"http:\/\/www.eltono.com\/es\/projects\/rufo-project-moscow\/\">Artmossphere Bienal, Mosc\u00fa, Rusia<\/a><br \/>\n08\/2013: <a href=\"http:\/\/www.eltono.com\/es\/projects\/one-minute-before\/\"><em>Wooster Collective 10th Anniversary<\/em>, Jonathan Levine Gallery, NY, EE.UU.<\/a><br \/>\n06\/2013: <a href=\"http:\/\/www.eltono.com\/es\/exhibitions\/fresh-flaneurs\/\"><em>Fresh Fl\u00e2neurs<\/em>, Galer\u00eda Doppelgaenger, Bari, Italia<\/a><br \/>\n09\/2012: <a href=\"http:\/\/www.eltono.com\/es\/projects\/signaletique-libre\/\">Biennale d\u2019Art Contemporain du Havre, Le Havre, Francia<\/a><br \/>\n09\/2012: <a href=\"http:\/\/www.eltono.com\/es\/projects\/bien-urbain\/\">Festival Bien Urbain, Besan\u00e7on, Francia<\/a><br \/>\n05\/2012: <a href=\"http:\/\/www.equipoplastico.com\/projects\/caballo-caballo-tigre-tigre\/\" target=\"_blank\" rel=\"noopener noreferrer\"><em>Caballo Caballo Tigre Tigre<\/em>, Pek\u00edn, China<\/a><br \/>\n04\/2012: <a href=\"http:\/\/www.eltono.com\/es\/exhibitions\/esto-no-es-graffiti\/\"><em>Esto no es Graffiti<\/em>, CICUS, Sevilla, Espa\u00f1a<\/a><br \/>\n08\/2011: <a href=\"http:\/\/www.eltono.com\/es\/projects\/tiensestraat\/\"><em>Outomatic<\/em>, M van Museum, Leuven, B\u00e9lgica<\/a><br \/>\n06\/2011: <a href=\"http:\/\/www.eltono.com\/es\/exhibitions\/espacios-flexibles-mexico-df\/\"><em>Espacios Flexibles<\/em>, La Qui\u00f1onera, Coyoac\u00e1n, D.F., M\u00e9xico<\/a><br \/>\n05\/2010: <a href=\"http:\/\/www.eltono.com\/es\/exhibitions\/sala-de-arte-joven-2-0\/\"><em>Sala de Arte Joven 2.0<\/em>, Sala de Arte Joven, Madrid, Espa\u00f1a<\/a><br \/>\n04\/2010: <a href=\"http:\/\/www.eltono.com\/es\/exhibitions\/script-1-0\/\"><em>Intervenciones Urbanas Iberoamericanas<\/em>, CCEBA, Buenos Aires, Argentina<\/a><br \/>\n04\/2010: <a href=\"http:\/\/www.eltono.com\/es\/projects\/branco-de-espana\/\"><em>Postgraffiti, Geometr\u00eda y Abstracci\u00f3n<\/em>, MUAU, A Coru\u00f1a, Espa\u00f1a<\/a><br \/>\n03\/2010: <a href=\"http:\/\/www.equipoplastico.com\/projects\/entre-la-silla-y-la-madre\" target=\"_blank\" rel=\"noopener noreferrer\"><em>Entre la Silla y la Madre<\/em>, Alianza Francesa, Monterrey, M\u00e9xico<\/a><br \/>\n02\/2010: <a href=\"http:\/\/www.eltono.com\/es\/exhibitions\/murals\/\"><em>Murals<\/em>, Fundaci\u00f3n Mir\u00f3, Barcelona, Espa\u00f1a<\/a><br \/>\n02\/2010: ARCO 2010, Stand Regi\u00f3n de Murcia, Madrid, Espa\u00f1a<br \/>\n11\/2009: <a href=\"http:\/\/www.equipoplastico.com\/projects\/la-cuadrada\" target=\"_blank\" rel=\"noopener noreferrer\"><em>La Cuadrada<\/em>, Centro Cultural de Espa\u00f1a, Lima, Per\u00fa<\/a><br \/>\n05\/2009: <a href=\"http:\/\/www.eltono.com\/es\/exhibitions\/coriandoli-observatori-2009\/\">Observatori 2009, Valencia, Espa\u00f1a<\/a><br \/>\n05\/2008: <a href=\"http:\/\/www.eltono.com\/es\/exhibitions\/street-art\/\"><em>Street Art<\/em>, Tate Modern Museum, Londres, U.K.<\/a><br \/>\n03\/2008: <a href=\"http:\/\/www.eltono.com\/es\/exhibitions\/nomadaz\/\"><em>Nomadaz<\/em>, Scion Gallery, Los Angeles, EE.UU.<\/a><br \/>\n12\/2007: <em>Behind the seen<\/em>, Ad Hoc Gallery, Nueva York, EE.UU.<br \/>\n07\/2007: <a href=\"http:\/\/www.eltono.com\/es\/exhibitions\/planet-prozess\/\"><em>Planet Prozess<\/em>, Berl\u00edn, Alemania<\/a><br \/>\n06\/2007: <em>Just Another Group Show<\/em>, Old Shoreditch Station, Londres, U.K.<br \/>\n05\/2007: Tercera muestra de Arte urbano, Alcobendas, Espa\u00f1a<br \/>\n02\/2007: Arco&#8217;07, Madrid, Espa\u00f1a<br \/>\n01\/2007: <a href=\"http:\/\/www.eltono.com\/es\/exhibitions\/prive-och-publico\/\"><em>Priv\u00e9 Och P\u00fablico<\/em>,&nbsp;Galleri 54, G\u00f6teborg, Suecia<\/a><br \/>\n09\/2006: <em>Pintura Mutante<\/em>, Museo Marco, Vigo, Espa\u00f1a<br \/>\n06\/2006: <em>RDV Lavapi\u00e9s<\/em>, Cruce, Madrid, Espa\u00f1a<br \/>\n02\/2006: <em>Kersvers<\/em>, Post CS, Amsterdam, Pa\u00edses Bajos<br \/>\n01\/2006: <a href=\"http:\/\/www.eltono.com\/es\/projects\/graffitis-sonoros\/\">1a Bienal de Arte ONCE, Madrid, Espa\u00f1a<\/a><br \/>\n03\/2005: <em>Urban Edge Show<\/em>, Mil\u00e1n, Italia<br \/>\n02\/2005: <a href=\"http:\/\/www.eltono.com\/es\/exhibitions\/arco-2005\/\">Arco&#8217;05, Madrid, Espa\u00f1a<\/a><br \/>\n06\/2004: <em>Interferencias Urbanas<\/em>, La Casa Encendida, Madrid, Espa\u00f1a<br \/>\n09\/2003: <a href=\"http:\/\/www.eltono.com\/es\/exhibitions\/ill-communication\/\"><em>Ill Communication<\/em>, Museo Urbis, Manchester, U.K.<\/a><br \/>\n06\/2003: Photo Espa\u00f1a 03, Madrid, Espa\u00f1a<br \/>\n09\/2002: <a href=\"http:\/\/www.eltono.com\/es\/exhibitions\/liverpool-biennial\/\">Liverpool Biennial, Liverpool, U.K.<\/a><br \/>\n06\/2002: <em>Coded Language<\/em>, Atlanta, EE.UU.<br \/>\n02\/2002: Dom\u00e9stico &#8217;01, Madrid, Espa\u00f1a<\/h6>\n<h2>Premios :<\/h2>\n<p><strong>2017:<\/strong> Ello&#8217;s 2017 Creative Excellence Award, 1er premio, EE.UU.<strong><br \/>\n2017:<\/strong> premio acad\u00e9mico &#8220;MAIF appel \u00e0 projet 2017&#8221; para el proyecto &#8220;\u00c0 g\u00e9om\u00e9trie variable&#8221;, Besan\u00e7on, Francia<br \/>\n<strong>2017:<\/strong> premio adquisici\u00f3n DKV, Abierto Valencia, Espa\u00f1a<\/p>\n<h2>Conferencias:<\/h2>\n<p><strong>06\/2021: <\/strong>Festival Bien Urbain, Besan\u00e7on, Francia<strong><br \/>\n03\/2019: <\/strong>FRAC Centre Val de Loire, Orl\u00e9ans, Francia<strong><br \/>\n02\/2018: <\/strong>Urvanity Art Fair, Madrid, Espa\u00f1a<strong><br \/>\n09\/2017:<\/strong> conferencia en el instituto franc\u00e9s de Valencia, Espa\u00f1a.<br \/>\n<strong>05\/2016:<\/strong> conferencia en el Museo del Hermitage en San Petersburgo, invitado por el instituto franc\u00e9s de San Petersburgo, Rusia.<br \/>\n<strong>06\/2015:<\/strong> conferencia para la exposici\u00f3n \u00abIncontr\u00f4lables\u00bb con Juan Manuel Bonet en el instituto Cervantes de Par\u00eds, Francia<br \/>\n<strong>01\/2015:<\/strong> conferencia para la exposici\u00f3n \u00abMapping the City\u00bb, Somerset House, Londres, Reino-Unido<br \/>\n<strong>11\/2014:<\/strong> conferencia \u00abArt contemporain \/ Art pari\u00e9tal\u00bb en binomio con Jean Michel Geneste, Polo Internacional de la Prehistoria, Les Eyzies, Francia<br \/>\n<strong>06\/2014:<\/strong> conferencia para la MNACEP en el marco del festival Bien Urbain, FRAC de Franche Compt\u00e9, Besan\u00e7on, Francia<br \/>\n<strong>05\/2012:<\/strong> conferencia para la exposici\u00f3n \u00abCaballo Caballo Tigre Tigre\u00bb en el instituto Cervantes de Pek\u00edn, China<br \/>\n<strong>02\/2010:<\/strong> conferencia para la exposici\u00f3n \u00abMurals\u00bb en la fundaci\u00f3n Mir\u00f3, Barcelona, Espa\u00f1a<\/p>\n<h2><strong>Bibliograf\u00eda:<\/strong><\/h2>\n<h3>Libros monogr\u00e1ficos:<\/h3>\n<ul>\n<li><em>Line and Surface<\/em>, Monographic book, Stickit (Pa\u00edses Bajos)<\/li>\n<li><em>Puerta Lumbreras &#8211; Eltono<\/em>, Documental book about the project, Puerto Lumbreras (Espa\u00f1a)<\/li>\n<li><em>Bar Tom Cruise<\/em>, Monographic book, Ediciones Rojo (Espa\u00f1a)<\/li>\n<\/ul>\n<h3>Libros (selecci\u00f3n):<\/h3>\n<ul>\n<li><em>Supernew Supergraphics<\/em>, Unit Editions, London, 2014<\/li>\n<li><em>Ornament &amp; Order: Graffiti, Street Art and the Parergon<\/em>, Rafael Schacter, Ashgate (Reino Unido)<\/li>\n<li><em>The World Atlas of Street Art and Graffiti<\/em>, Rafael Schacter, Yale University Press (EE.UU.)<\/li>\n<li><em>Urban Maps, Instruments of Narrative and Interpretation in the City<\/em>, Richard Brook and Nick Dunn, Ashgate (Reino Unido)<\/li>\n<li><em>Geometry Makes me Happy<\/em>, Index Book (Espa\u00f1a)<\/li>\n<li><em>We Own the Night: The Art of the Underbelly Project<\/em>, Workhorse and PAC, Rizzoli (EE.UU.)<\/li>\n<li><em>Trespass<\/em>, Taschen (EE.UU.)<\/li>\n<li><em>Durch die Augen in den Sinn<\/em>, Galerie Konkret (Alemania)<\/li>\n<li><em>Urban Interventions, Personal Projects in Public Spaces<\/em>, Gestalten (Alemania)<\/li>\n<li><em>Space Craft 2<\/em>, Robert Klanten and Lukas Feireiss, Gestalten (Alemania)<\/li>\n<li><em>Arte Emergente en Espa\u00f1a &#8211; Emerging Art in Spain<\/em>, Manuela Villa, Vaiven (Espa\u00f1a)<\/li>\n<li><em>Abstract Graffiti<\/em> , Cedar Lewisohn, Merrell Publishers (Reino Unido)<\/li>\n<li><em>Street Renegade<\/em>, Francesca Gavin (EE.UU.)<\/li>\n<li><em>The Art of Rebellion II<\/em> (Alemania)<\/li>\n<li><em>Carnet de rue<\/em>, JR, Free presse (Francia)<\/li>\n<li><em>Graffiti World<\/em>, Thames &amp; Hudson (Alemania)<\/li>\n<li><em>Street Logos<\/em>, Thames &amp; Hudson (Reino Unido)<\/li>\n<li><em>The Art of Rebellion<\/em> (Alemania)<\/li>\n<\/ul>\n<p><\/p>","protected":false},"excerpt":{"rendered":"<p>Para contactarme, puedes mandar un correo a ese email: &#101;&#108;ton&#111;&#64;&#101;lt&#111;&#110;o&#46;c&#111;m Para suscribirte a mi lista de correo, manda un mensaje aqui: &#105;nf&#111;ton&#111;&#64;&#101;&#108;&#116;ono.&#99;&#111;m Acerca de Eltono: El artista franc\u00e9s Eltono (1975) ha trabajado en Madrid durante la \u00faltima d\u00e9cada, en Pek\u00edn durante cuatro a\u00f1os y ahora vive en el sur de Francia. Fl\u00e2neur, paseante obstinado y &hellip; <a href=\"https:\/\/www.eltono.com\/es\/info\/\" class=\"more-link\">Continue reading <span class=\"screen-reader-text\">Informaci\u00f3n<\/span><\/a><\/p>\n","protected":false},"author":1,"featured_media":15579,"parent":0,"menu_order":5,"comment_status":"closed","ping_status":"open","template":"","meta":{"ngg_post_thumbnail":0,"jetpack_post_was_ever_published":false,"footnotes":""},"categories":[],"tags":[],"class_list":["post-11","page","type-page","status-publish","has-post-thumbnail","hentry"],"jetpack_sharing_enabled":false,"jetpack_shortlink":"https:\/\/wp.me\/P7sWFx-b","_links":{"self":[{"href":"https:\/\/www.eltono.com\/es\/wp-json\/wp\/v2\/pages\/11","targetHints":{"allow":["GET"]}}],"collection":[{"href":"https:\/\/www.eltono.com\/es\/wp-json\/wp\/v2\/pages"}],"about":[{"href":"https:\/\/www.eltono.com\/es\/wp-json\/wp\/v2\/types\/page"}],"author":[{"embeddable":true,"href":"https:\/\/www.eltono.com\/es\/wp-json\/wp\/v2\/users\/1"}],"replies":[{"embeddable":true,"href":"https:\/\/www.eltono.com\/es\/wp-json\/wp\/v2\/comments?post=11"}],"version-history":[{"count":178,"href":"https:\/\/www.eltono.com\/es\/wp-json\/wp\/v2\/pages\/11\/revisions"}],"predecessor-version":[{"id":24215,"href":"https:\/\/www.eltono.com\/es\/wp-json\/wp\/v2\/pages\/11\/revisions\/24215"}],"wp:featuredmedia":[{"embeddable":true,"href":"https:\/\/www.eltono.com\/es\/wp-json\/wp\/v2\/media\/15579"}],"wp:attachment":[{"href":"https:\/\/www.eltono.com\/es\/wp-json\/wp\/v2\/media?parent=11"}],"wp:term":[{"taxonomy":"category","embeddable":true,"href":"https:\/\/www.eltono.com\/es\/wp-json\/wp\/v2\/categories?post=11"},{"taxonomy":"post_tag","embeddable":true,"href":"https:\/\/www.eltono.com\/es\/wp-json\/wp\/v2\/tags?post=11"}],"curies":[{"name":"wp","href":"https:\/\/api.w.org\/{rel}","templated":true}]}}