{"id":13724,"date":"2013-08-07T16:32:06","date_gmt":"2013-08-07T14:32:06","guid":{"rendered":"http:\/\/www.eltono.com\/?page_id=13724"},"modified":"2016-03-20T18:02:04","modified_gmt":"2016-03-20T16:02:04","slug":"wooster-collective-10th-anniversary-show","status":"publish","type":"page","link":"https:\/\/www.eltono.com\/es\/exhibitions\/wooster-collective-10th-anniversary-show\/","title":{"rendered":"Wooster Collective 10th Anniversary"},"content":{"rendered":"<p><strong>Jonathan Levine Gallery<br \/>\n<\/strong>525 W 22nd Street, Nueva York, EEUU<br \/>\n7 de agosto &#8211; 24 de agosto 2013<br \/>\nComisariado por Marc y Sara Schiller<\/p>\n<h2><em><strong>One Minute Before<\/strong><\/em><\/h2>\n<p>Desde que empec\u00e9 a pintar formas geom\u00e9tricas con cinta de enmascarar siempre me ha parecido interesante el momento justo antes de quitar la cinta; todo parece desorden pero mirando bien se nota una cierta organizaci\u00f3n dentro del caos de cinta y pintura. Pintar en la calle, por razones obvias, tiene que ser una acci\u00f3n r\u00e1pida y entonces ese momento en el que la cinta y la pintura coexisten es siempre muy breve. La idea de esta nueva serie llamada &#8220;One Minute Before&#8221; (un minuto antes) es de generar una colecci\u00f3n de dibujos basados en la re-creaci\u00f3n de este sucinto momento justo antes de que se quite la cinta y que se revele la pintada &#8211; un momento que, a parte del artista, muy poca gente ha podido observar. Todos los dibujos son basados en pinturas reales que existen o han existido en la calle, la mayor\u00eda de ellas pintadas de forma ilegal.<\/p>\n<p>Los tres primeros dibujos de esta serie fueron realizados en Pek\u00edn en junio de 2013 con l\u00e1piz, acr\u00edlico y acuarelas sobre papel.<\/p>\n<p>Esa nueva serie fue presentada al p\u00fablico por primera vez durante la exposici\u00f3n <em><strong>Wooster Collective 10th Anniversary Show<\/strong><\/em> en <strong>Jonathan Levine Gallery<\/strong> en NuevaYork en agosto de 2013.<\/p>\n<p><style type=\"text\/css\" media=\"all\">\n\/* ----------- Galeria Vertical 700 vh ngg1 ------------*\/\n#gallery-vertical-700-vh{\n\t\/\/max-width: 100%;\n\t\/\/width: 700px;\n\tbackground-color: #ffffff;\n\ttext-align: left;\n}\n#gallery-vertical-700-vh img{\n\t\/\/max-width: 100%;\n\tvertical-align: bottom;\n}\n#gallery-vertical-700-vh-comment{\n\tword-wrap: break-word;\n\t\/\/width: 700px;\n\tmargin: 0 0 17px 0;\n}\n<\/style>\n<div class=\"ngg1-galleryoverview\" id=\"ngg1-gallery-e05b5588990044265caabb430b342c1c\">\n\t\t<div id=\"ngg1-image-4588\">\n\t\t<div id=\"gallery-vertical-700-vh\">\n\t\t\t<img title=\"\u201cOne Minute Before - Calle Escobar, Puerto Lumbreras, Spain - 18\/08\/2006\u201d - Pencil, acrylic and watercolor on Montval Canson paper 300g. - 65 x 50 cm\" alt=\"\u201cOne Minute Before - Calle Escobar, Puerto Lumbreras, Spain - 18\/08\/2006\u201d - Pencil, acrylic and watercolor on Montval Canson paper 300g. - 65 x 50 cm\" src=\"https:\/\/www.eltono.com\/wp-content\/gallery\/one-minute-before\/eltono-oneminutebefore-escobar-pl.jpg\"\/>\n\t\t\t<\/div><div id=\"gallery-vertical-700-vh-comment\">\u201cOne Minute Before - Calle Escobar, Puerto Lumbreras, Spain - 18\/08\/2006\u201d - Pencil, acrylic and watercolor on Montval Canson paper 300g. - 65 x 50 cm\t\t<\/div>\n\t<\/div>\n \t\t<div id=\"ngg1-image-4587\">\n\t\t<div id=\"gallery-vertical-700-vh\">\n\t\t\t<img title=\" \" alt=\" \" src=\"https:\/\/www.eltono.com\/wp-content\/gallery\/one-minute-before\/eltono-oneminutebefore-escobar-pl-s.jpg\"\/>\n\t\t\t<\/div><div id=\"gallery-vertical-700-vh-comment\"> \t\t<\/div>\n\t<\/div>\n \t\t<div id=\"ngg1-image-4580\">\n\t\t<div id=\"gallery-vertical-700-vh\">\n\t\t\t<img title=\"Calle Escobar, Puerto Lumbreras, Espa\u00f1a - 18\/08\/2006\" alt=\"Calle Escobar, Puerto Lumbreras, Espa\u00f1a - 18\/08\/2006\" src=\"https:\/\/www.eltono.com\/wp-content\/gallery\/one-minute-before\/eltono-escobar-puertolumbreras.jpg\"\/>\n\t\t\t<\/div><div id=\"gallery-vertical-700-vh-comment\">Calle Escobar, Puerto Lumbreras, Espa\u00f1a - 18\/08\/2006\t\t<\/div>\n\t<\/div>\n \t\t<div id=\"ngg1-image-4594\">\n\t\t<div id=\"gallery-vertical-700-vh\">\n\t\t\t<img title=\"\u201cOne Minute Before - Chavasse Park, Liverpool, Inglaterra - 09\/09\/2002\u201d - L\u00e1piz, acr\u00edlico y acuarela sobre papel Canson Montval 300g. - 65 x 50 cm\" alt=\"\u201cOne Minute Before - Chavasse Park, Liverpool, Inglaterra - 09\/09\/2002\u201d - L\u00e1piz, acr\u00edlico y acuarela sobre papel Canson Montval 300g. - 65 x 50 cm\" src=\"https:\/\/www.eltono.com\/wp-content\/gallery\/one-minute-before\/eltono-oneminutebefore-liverpool1.jpg\"\/>\n\t\t\t<\/div><div id=\"gallery-vertical-700-vh-comment\">\u201cOne Minute Before - Chavasse Park, Liverpool, Inglaterra - 09\/09\/2002\u201d - L\u00e1piz, acr\u00edlico y acuarela sobre papel Canson Montval 300g. - 65 x 50 cm\t\t<\/div>\n\t<\/div>\n \t\t<div id=\"ngg1-image-4593\">\n\t\t<div id=\"gallery-vertical-700-vh\">\n\t\t\t<img title=\" \" alt=\" \" src=\"https:\/\/www.eltono.com\/wp-content\/gallery\/one-minute-before\/eltono-oneminutebefore-liverpool1-s.jpg\"\/>\n\t\t\t<\/div><div id=\"gallery-vertical-700-vh-comment\"> \t\t<\/div>\n\t<\/div>\n \t\t<div id=\"ngg1-image-4584\">\n\t\t<div id=\"gallery-vertical-700-vh\">\n\t\t\t<img title=\"Chavasse Park, Liverpool, Inglaterra - 09\/09\/2002\" alt=\"Chavasse Park, Liverpool, Inglaterra - 09\/09\/2002\" src=\"https:\/\/www.eltono.com\/wp-content\/gallery\/one-minute-before\/eltono-liverpool-uk.jpg\"\/>\n\t\t\t<\/div><div id=\"gallery-vertical-700-vh-comment\">Chavasse Park, Liverpool, Inglaterra - 09\/09\/2002\t\t<\/div>\n\t<\/div>\n \t\t<div id=\"ngg1-image-4592\">\n\t\t<div id=\"gallery-vertical-700-vh\">\n\t\t\t<img title=\"\u201cOne Minute Before - Las Casicas, Puerto Lumbreras, Espa\u00f1a - 30\/08\/2006\u201d - L\u00e1piz, acr\u00edlico y acuarela sobre papel Canson Montval 300g. - 65 x 50 cm\" alt=\"\u201cOne Minute Before - Las Casicas, Puerto Lumbreras, Espa\u00f1a - 30\/08\/2006\u201d - L\u00e1piz, acr\u00edlico y acuarela sobre papel Canson Montval 300g. - 65 x 50 cm\" src=\"https:\/\/www.eltono.com\/wp-content\/gallery\/one-minute-before\/eltono-oneminutebefore-lascasicas.jpg\"\/>\n\t\t\t<\/div><div id=\"gallery-vertical-700-vh-comment\">\u201cOne Minute Before - Las Casicas, Puerto Lumbreras, Espa\u00f1a - 30\/08\/2006\u201d - L\u00e1piz, acr\u00edlico y acuarela sobre papel Canson Montval 300g. - 65 x 50 cm\t\t<\/div>\n\t<\/div>\n \t\t<div id=\"ngg1-image-4591\">\n\t\t<div id=\"gallery-vertical-700-vh\">\n\t\t\t<img title=\" \" alt=\" \" src=\"https:\/\/www.eltono.com\/wp-content\/gallery\/one-minute-before\/eltono-oneminutebefore-lascasicas-s.jpg\"\/>\n\t\t\t<\/div><div id=\"gallery-vertical-700-vh-comment\"> \t\t<\/div>\n\t<\/div>\n \t\t<div id=\"ngg1-image-4583\">\n\t\t<div id=\"gallery-vertical-700-vh\">\n\t\t\t<img title=\"Las Casicas, Puerto Lumbreras, Espa\u00f1a - 30\/08\/2006\" alt=\"Las Casicas, Puerto Lumbreras, Espa\u00f1a - 30\/08\/2006\" src=\"https:\/\/www.eltono.com\/wp-content\/gallery\/one-minute-before\/eltono-lascasicas-puertolumbreras.jpg\"\/>\n\t\t\t<\/div><div id=\"gallery-vertical-700-vh-comment\">Las Casicas, Puerto Lumbreras, Espa\u00f1a - 30\/08\/2006\t\t<\/div>\n\t<\/div>\n \t\t<div id=\"ngg1-image-4596\">\n\t\t<div id=\"gallery-vertical-700-vh\">\n\t\t\t<img title=\"\u201cOne Minute Before - Lope de Vega 1, Madrid - 18\/03\/2004\u201d - L\u00e1piz, acr\u00edlico y acuarela sobre papel Canson Montval 300g. - 65 x 50 cm\" alt=\"\u201cOne Minute Before - Lope de Vega 1, Madrid - 18\/03\/2004\u201d - L\u00e1piz, acr\u00edlico y acuarela sobre papel Canson Montval 300g. - 65 x 50 cm\" src=\"https:\/\/www.eltono.com\/wp-content\/gallery\/one-minute-before\/eltono-oneminutebefore-lopedevega.jpg\"\/>\n\t\t\t<\/div><div id=\"gallery-vertical-700-vh-comment\">\u201cOne Minute Before - Lope de Vega 1, Madrid - 18\/03\/2004\u201d - L\u00e1piz, acr\u00edlico y acuarela sobre papel Canson Montval 300g. - 65 x 50 cm\t\t<\/div>\n\t<\/div>\n \t\t<div id=\"ngg1-image-4595\">\n\t\t<div id=\"gallery-vertical-700-vh\">\n\t\t\t<img title=\" \" alt=\" \" src=\"https:\/\/www.eltono.com\/wp-content\/gallery\/one-minute-before\/eltono-oneminutebefore-lopedevega-s.jpg\"\/>\n\t\t\t<\/div><div id=\"gallery-vertical-700-vh-comment\"> \t\t<\/div>\n\t<\/div>\n \t\t<div id=\"ngg1-image-4585\">\n\t\t<div id=\"gallery-vertical-700-vh\">\n\t\t\t<img title=\"Lope de Vega 1, Madrid, Espa\u00f1a - 18\/03\/2004\" alt=\"Lope de Vega 1, Madrid, Espa\u00f1a - 18\/03\/2004\" src=\"https:\/\/www.eltono.com\/wp-content\/gallery\/one-minute-before\/eltono-lopedevega-madrid.jpg\"\/>\n\t\t\t<\/div><div id=\"gallery-vertical-700-vh-comment\">Lope de Vega 1, Madrid, Espa\u00f1a - 18\/03\/2004\t\t<\/div>\n\t<\/div>\n \t\t<div id=\"ngg1-image-4590\">\n\t\t<div id=\"gallery-vertical-700-vh\">\n\t\t\t<img title=\"\u201cOne Minute Before - Swatow Street, Hong kong - 26\/05\/2013\u201d - L\u00e1piz, acr\u00edlico y acuarela sobre papel Canson Montval 300g. - 65 x 50 cm\" alt=\"\u201cOne Minute Before - Swatow Street, Hong kong - 26\/05\/2013\u201d - L\u00e1piz, acr\u00edlico y acuarela sobre papel Canson Montval 300g. - 65 x 50 cm\" src=\"https:\/\/www.eltono.com\/wp-content\/gallery\/one-minute-before\/eltono-oneminutebefore-hongkong.jpg\"\/>\n\t\t\t<\/div><div id=\"gallery-vertical-700-vh-comment\">\u201cOne Minute Before - Swatow Street, Hong kong - 26\/05\/2013\u201d - L\u00e1piz, acr\u00edlico y acuarela sobre papel Canson Montval 300g. - 65 x 50 cm\t\t<\/div>\n\t<\/div>\n \t\t<div id=\"ngg1-image-4589\">\n\t\t<div id=\"gallery-vertical-700-vh\">\n\t\t\t<img title=\" \" alt=\" \" src=\"https:\/\/www.eltono.com\/wp-content\/gallery\/one-minute-before\/eltono-oneminutebefore-hongkong-s.jpg\"\/>\n\t\t\t<\/div><div id=\"gallery-vertical-700-vh-comment\"> \t\t<\/div>\n\t<\/div>\n \t\t<div id=\"ngg1-image-4582\">\n\t\t<div id=\"gallery-vertical-700-vh\">\n\t\t\t<img title=\"Swatow Street, Hong kong - 26\/05\/2013\" alt=\"Swatow Street, Hong kong - 26\/05\/2013\" src=\"https:\/\/www.eltono.com\/wp-content\/gallery\/one-minute-before\/eltono-hong-kong.jpg\"\/>\n\t\t\t<\/div><div id=\"gallery-vertical-700-vh-comment\">Swatow Street, Hong kong - 26\/05\/2013\t\t<\/div>\n\t<\/div>\n \t\t<div id=\"ngg1-image-4598\">\n\t\t<div id=\"gallery-vertical-700-vh\">\n\t\t\t<img title=\"\u201cOne Minute Before - Escobedo 207, Mazatlan, Mexico - 26\/11\/2008\u201d - L\u00e1piz, acr\u00edlico y acuarela sobre papel Canson Montval 300g. - 65 x 50 cm\" alt=\"\u201cOne Minute Before - Escobedo 207, Mazatlan, Mexico - 26\/11\/2008\u201d - L\u00e1piz, acr\u00edlico y acuarela sobre papel Canson Montval 300g. - 65 x 50 cm\" src=\"https:\/\/www.eltono.com\/wp-content\/gallery\/one-minute-before\/eltono-oneminutebefore-mazatlan1.jpg\"\/>\n\t\t\t<\/div><div id=\"gallery-vertical-700-vh-comment\">\u201cOne Minute Before - Escobedo 207, Mazatlan, Mexico - 26\/11\/2008\u201d - L\u00e1piz, acr\u00edlico y acuarela sobre papel Canson Montval 300g. - 65 x 50 cm\t\t<\/div>\n\t<\/div>\n \t\t<div id=\"ngg1-image-4597\">\n\t\t<div id=\"gallery-vertical-700-vh\">\n\t\t\t<img title=\" \" alt=\" \" src=\"https:\/\/www.eltono.com\/wp-content\/gallery\/one-minute-before\/eltono-oneminutebefore-mazatlan1-s.jpg\"\/>\n\t\t\t<\/div><div id=\"gallery-vertical-700-vh-comment\"> \t\t<\/div>\n\t<\/div>\n \t\t<div id=\"ngg1-image-4586\">\n\t\t<div id=\"gallery-vertical-700-vh\">\n\t\t\t<img title=\"Escobedo 207, Mazatl\u00e1n, M\u00e9xico - 26\/11\/2008\" alt=\"Escobedo 207, Mazatl\u00e1n, M\u00e9xico - 26\/11\/2008\" src=\"https:\/\/www.eltono.com\/wp-content\/gallery\/one-minute-before\/eltono-mazatlan-mexico2.jpg\"\/>\n\t\t\t<\/div><div id=\"gallery-vertical-700-vh-comment\">Escobedo 207, Mazatl\u00e1n, M\u00e9xico - 26\/11\/2008\t\t<\/div>\n\t<\/div>\n \t\t<div id=\"ngg1-image-4510\">\n\t\t<div id=\"gallery-vertical-700-vh\">\n\t\t\t<img title=\"\u201cOne Minute Before - Calle Dr. Cortezo 9 - Madrid - 07\/2003\u201d - L\u00e1piz, acr\u00edlico y acuarela sobre papel Canson 300g. - 108,5 x 78,5 cm\" alt=\"\u201cOne Minute Before - Calle Dr. Cortezo 9 - Madrid - 07\/2003\u201d - L\u00e1piz, acr\u00edlico y acuarela sobre papel Canson 300g. - 108,5 x 78,5 cm\" src=\"https:\/\/www.eltono.com\/wp-content\/gallery\/one-minute-before\/eltono-oneminutebefore08.jpg\"\/>\n\t\t\t<\/div><div id=\"gallery-vertical-700-vh-comment\">\u201cOne Minute Before - Calle Dr. Cortezo 9 - Madrid - 07\/2003\u201d - L\u00e1piz, acr\u00edlico y acuarela sobre papel Canson 300g. - 108,5 x 78,5 cm\t\t<\/div>\n\t<\/div>\n \t\t<div id=\"ngg1-image-4512\">\n\t\t<div id=\"gallery-vertical-700-vh\">\n\t\t\t<img title=\" \" alt=\" \" src=\"https:\/\/www.eltono.com\/wp-content\/gallery\/one-minute-before\/eltono-oneminutebefore10.jpg\"\/>\n\t\t\t<\/div><div id=\"gallery-vertical-700-vh-comment\"> \t\t<\/div>\n\t<\/div>\n \t\t<div id=\"ngg1-image-4511\">\n\t\t<div id=\"gallery-vertical-700-vh\">\n\t\t\t<img title=\"Calle Dr. Cortezo 9, Madrid, Espa\u00f1a - 07\/2003\" alt=\"Calle Dr. Cortezo 9, Madrid, Espa\u00f1a - 07\/2003\" src=\"https:\/\/www.eltono.com\/wp-content\/gallery\/one-minute-before\/eltono-oneminutebefore09.jpg\"\/>\n\t\t\t<\/div><div id=\"gallery-vertical-700-vh-comment\">Calle Dr. Cortezo 9, Madrid, Espa\u00f1a - 07\/2003\t\t<\/div>\n\t<\/div>\n \t\t<div id=\"ngg1-image-4507\">\n\t\t<div id=\"gallery-vertical-700-vh\">\n\t\t\t<img title=\"\u201cOne Minute Before - Espinazo - Nuevo Le\u00f3n - M\u00e9xico - 19\/03\/2008\u201d - L\u00e1piz, acr\u00edlico y acuarela sobre papel Canson 300g. - 108,5 x 78,5 cm\" alt=\"\u201cOne Minute Before - Espinazo - Nuevo Le\u00f3n - M\u00e9xico - 19\/03\/2008\u201d - L\u00e1piz, acr\u00edlico y acuarela sobre papel Canson 300g. - 108,5 x 78,5 cm\" src=\"https:\/\/www.eltono.com\/wp-content\/gallery\/one-minute-before\/eltono-oneminutebefore05.jpg\"\/>\n\t\t\t<\/div><div id=\"gallery-vertical-700-vh-comment\">\u201cOne Minute Before - Espinazo - Nuevo Le\u00f3n - M\u00e9xico - 19\/03\/2008\u201d - L\u00e1piz, acr\u00edlico y acuarela sobre papel Canson 300g. - 108,5 x 78,5 cm\t\t<\/div>\n\t<\/div>\n \t\t<div id=\"ngg1-image-4509\">\n\t\t<div id=\"gallery-vertical-700-vh\">\n\t\t\t<img title=\" \" alt=\" \" src=\"https:\/\/www.eltono.com\/wp-content\/gallery\/one-minute-before\/eltono-oneminutebefore07.jpg\"\/>\n\t\t\t<\/div><div id=\"gallery-vertical-700-vh-comment\"> \t\t<\/div>\n\t<\/div>\n \t\t<div id=\"ngg1-image-4581\">\n\t\t<div id=\"gallery-vertical-700-vh\">\n\t\t\t<img title=\"Espinazo - Nuevo Le\u00f3n - M\u00e9xico - 19\/03\/2008\" alt=\"Espinazo - Nuevo Le\u00f3n - M\u00e9xico - 19\/03\/2008\" src=\"https:\/\/www.eltono.com\/wp-content\/gallery\/one-minute-before\/eltono-espinazo-mexico.jpg\"\/>\n\t\t\t<\/div><div id=\"gallery-vertical-700-vh-comment\">Espinazo - Nuevo Le\u00f3n - M\u00e9xico - 19\/03\/2008\t\t<\/div>\n\t<\/div>\n \t\t<div id=\"ngg1-image-4513\">\n\t\t<div id=\"gallery-vertical-700-vh\">\n\t\t\t<img title=\"\u201cOne Minute Before - Calle Prado 23 - Madrid - 12\/09\/2006\u201d - L\u00e1piz, acr\u00edlico y acuarela sobre papel Canson 300g. - 108,5 x 78,5 cm\" alt=\"\u201cOne Minute Before - Calle Prado 23 - Madrid - 12\/09\/2006\u201d - L\u00e1piz, acr\u00edlico y acuarela sobre papel Canson 300g. - 108,5 x 78,5 cm\" src=\"https:\/\/www.eltono.com\/wp-content\/gallery\/one-minute-before\/eltono-oneminutebefore11.jpg\"\/>\n\t\t\t<\/div><div id=\"gallery-vertical-700-vh-comment\">\u201cOne Minute Before - Calle Prado 23 - Madrid - 12\/09\/2006\u201d - L\u00e1piz, acr\u00edlico y acuarela sobre papel Canson 300g. - 108,5 x 78,5 cm\t\t<\/div>\n\t<\/div>\n \t\t<div id=\"ngg1-image-4515\">\n\t\t<div id=\"gallery-vertical-700-vh\">\n\t\t\t<img title=\" \" alt=\" \" src=\"https:\/\/www.eltono.com\/wp-content\/gallery\/one-minute-before\/eltono-oneminutebefore13.jpg\"\/>\n\t\t\t<\/div><div id=\"gallery-vertical-700-vh-comment\"> \t\t<\/div>\n\t<\/div>\n \t\t<div id=\"ngg1-image-4599\">\n\t\t<div id=\"gallery-vertical-700-vh\">\n\t\t\t<img title=\"Calle Prado 23 - Madrid, Espa\u00f1a - 12\/09\/2006\" alt=\"Calle Prado 23 - Madrid, Espa\u00f1a - 12\/09\/2006\" src=\"https:\/\/www.eltono.com\/wp-content\/gallery\/one-minute-before\/eltono-prado-23.jpg\"\/>\n\t\t\t<\/div><div id=\"gallery-vertical-700-vh-comment\">Calle Prado 23 - Madrid, Espa\u00f1a - 12\/09\/2006\t\t<\/div>\n\t<\/div>\n \t\t<div id=\"ngg1-image-4503\">\n\t\t<div id=\"gallery-vertical-700-vh\">\n\t\t\t<img title=\"Puerto Lumbreras, Spain - 2006\" alt=\"Puerto Lumbreras, Spain - 2006\" src=\"https:\/\/www.eltono.com\/wp-content\/gallery\/one-minute-before\/eltono-oneminutebefore01.jpg\"\/>\n\t\t\t<\/div><div id=\"gallery-vertical-700-vh-comment\">Puerto Lumbreras, Spain - 2006\t\t<\/div>\n\t<\/div>\n \t\t<div id=\"ngg1-image-4504\">\n\t\t<div id=\"gallery-vertical-700-vh\">\n\t\t\t<img title=\"Caochangdi, Pek\u00edn, China - 2012\" alt=\"Caochangdi, Pek\u00edn, China - 2012\" src=\"https:\/\/www.eltono.com\/wp-content\/gallery\/one-minute-before\/eltono-oneminutebefore02.jpg\"\/>\n\t\t\t<\/div><div id=\"gallery-vertical-700-vh-comment\">Caochangdi, Pek\u00edn, China - 2012\t\t<\/div>\n\t<\/div>\n \t\t<div id=\"ngg1-image-4505\">\n\t\t<div id=\"gallery-vertical-700-vh\">\n\t\t\t<img title=\"Caochangdi, Pek\u00edn, China - 2012\" alt=\"Caochangdi, Pek\u00edn, China - 2012\" src=\"https:\/\/www.eltono.com\/wp-content\/gallery\/one-minute-before\/eltono-oneminutebefore03.jpg\"\/>\n\t\t\t<\/div><div id=\"gallery-vertical-700-vh-comment\">Caochangdi, Pek\u00edn, China - 2012\t\t<\/div>\n\t<\/div>\n \t\t<div id=\"ngg1-image-4600\">\n\t\t<div id=\"gallery-vertical-700-vh\">\n\t\t\t<img title=\" \" alt=\" \" src=\"https:\/\/www.eltono.com\/wp-content\/gallery\/one-minute-before\/eltono-oneminutebefore-process2.jpg\"\/>\n\t\t\t<\/div><div id=\"gallery-vertical-700-vh-comment\"> \t\t<\/div>\n\t<\/div>\n \t\t<div id=\"ngg1-image-4506\">\n\t\t<div id=\"gallery-vertical-700-vh\">\n\t\t\t<img title=\" \" alt=\" \" src=\"https:\/\/www.eltono.com\/wp-content\/gallery\/one-minute-before\/eltono-oneminutebefore04.jpg\"\/>\n\t\t\t<\/div><div id=\"gallery-vertical-700-vh-comment\"> \t\t<\/div>\n\t<\/div>\n \t\t<div id=\"ngg1-image-4516\">\n\t\t<div id=\"gallery-vertical-700-vh\">\n\t\t\t<img title=\"&quot;Wooster Collective 10th Anniversary Show\u201d en Jonathan Levine Gallery\" alt=\"&quot;Wooster Collective 10th Anniversary Show\u201d en Jonathan Levine Gallery\" src=\"https:\/\/www.eltono.com\/wp-content\/gallery\/one-minute-before\/eltono-oneminutebefore14.jpg\"\/>\n\t\t\t<\/div><div id=\"gallery-vertical-700-vh-comment\">&quot;Wooster Collective 10th Anniversary Show\u201d en Jonathan Levine Gallery\t\t<\/div>\n\t<\/div>\n \t<\/div>\n<\/p>\n<p>Para saber la disponibilidad y los precios de esas obras, por favor escribe a: <a href=\"m&#97;ilto&#58;a&#114;&#116;wor&#107;&#115;&#64;&#101;&#108;tono.&#99;&#111;m\">&#97;&#114;tworks&#64;elt&#111;&#110;o&#46;c&#111;m<\/a><\/p>","protected":false},"excerpt":{"rendered":"<p>Jonathan Levine Gallery 525 W 22nd Street, Nueva York, EEUU 7 de agosto &#8211; 24 de agosto 2013 Comisariado por Marc y Sara Schiller One Minute Before Desde que empec\u00e9 a pintar formas geom\u00e9tricas con cinta de enmascarar siempre me ha parecido interesante el momento justo antes de quitar la cinta; todo parece desorden pero &hellip; <a href=\"https:\/\/www.eltono.com\/es\/exhibitions\/wooster-collective-10th-anniversary-show\/\" class=\"more-link\">Continue reading <span class=\"screen-reader-text\">Wooster Collective 10th Anniversary<\/span><\/a><\/p>\n","protected":false},"author":1,"featured_media":13728,"parent":9,"menu_order":0,"comment_status":"closed","ping_status":"closed","template":"","meta":{"ngg_post_thumbnail":0,"jetpack_post_was_ever_published":false,"footnotes":""},"categories":[289,3,270,261,265],"tags":[],"class_list":["post-13724","page","type-page","status-publish","has-post-thumbnail","hentry","category-289","category-exhibitions","category-page_collective_show","category-page_expo","category-page_indoor"],"jetpack_sharing_enabled":true,"jetpack_shortlink":"https:\/\/wp.me\/P7sWFx-3zm","_links":{"self":[{"href":"https:\/\/www.eltono.com\/es\/wp-json\/wp\/v2\/pages\/13724","targetHints":{"allow":["GET"]}}],"collection":[{"href":"https:\/\/www.eltono.com\/es\/wp-json\/wp\/v2\/pages"}],"about":[{"href":"https:\/\/www.eltono.com\/es\/wp-json\/wp\/v2\/types\/page"}],"author":[{"embeddable":true,"href":"https:\/\/www.eltono.com\/es\/wp-json\/wp\/v2\/users\/1"}],"replies":[{"embeddable":true,"href":"https:\/\/www.eltono.com\/es\/wp-json\/wp\/v2\/comments?post=13724"}],"version-history":[{"count":5,"href":"https:\/\/www.eltono.com\/es\/wp-json\/wp\/v2\/pages\/13724\/revisions"}],"predecessor-version":[{"id":13733,"href":"https:\/\/www.eltono.com\/es\/wp-json\/wp\/v2\/pages\/13724\/revisions\/13733"}],"up":[{"embeddable":true,"href":"https:\/\/www.eltono.com\/es\/wp-json\/wp\/v2\/pages\/9"}],"wp:featuredmedia":[{"embeddable":true,"href":"https:\/\/www.eltono.com\/es\/wp-json\/wp\/v2\/media\/13728"}],"wp:attachment":[{"href":"https:\/\/www.eltono.com\/es\/wp-json\/wp\/v2\/media?parent=13724"}],"wp:term":[{"taxonomy":"category","embeddable":true,"href":"https:\/\/www.eltono.com\/es\/wp-json\/wp\/v2\/categories?post=13724"},{"taxonomy":"post_tag","embeddable":true,"href":"https:\/\/www.eltono.com\/es\/wp-json\/wp\/v2\/tags?post=13724"}],"curies":[{"name":"wp","href":"https:\/\/api.w.org\/{rel}","templated":true}]}}