{"id":15375,"date":"2007-04-22T11:56:24","date_gmt":"2007-04-22T09:56:24","guid":{"rendered":"http:\/\/www.eltono.com\/?page_id=15375"},"modified":"2022-01-05T18:11:56","modified_gmt":"2022-01-05T16:11:56","slug":"cosmopoetica","status":"publish","type":"page","link":"https:\/\/www.eltono.com\/es\/murals\/cosmopoetica\/","title":{"rendered":"Cosmopo\u00e9tica"},"content":{"rendered":"<p>4a edici\u00f3n<br \/>\nC\u00f3rdoba, Espa\u00f1a<br \/>\n18 de abril &#8211; 22 de abril 2007<\/p>\n<p>Proyecto en colaboraci\u00f3n con <a href=\"http:\/\/www.nuriamora.com\/\" target=\"_blank\" rel=\"noopener noreferrer\">Nuria Mora<\/a><\/p>\n<p><a href=\"http:\/\/www.cosmopoetica.es\" target=\"_blank\" rel=\"noopener noreferrer\">www.cosmopoetica.es<\/a><\/p>\n<p><a href=\"http:\/\/www.eltono.com\/wp-content\/uploads\/2016\/01\/eltono-nuria-cordoba.2007.jpg\"><img loading=\"lazy\" decoding=\"async\" data-attachment-id=\"15377\" data-permalink=\"https:\/\/www.eltono.com\/es\/murals\/cosmopoetica\/eltono-nuria-cordoba-2007\/\" data-orig-file=\"https:\/\/www.eltono.com\/wp-content\/uploads\/2016\/01\/eltono-nuria-cordoba.2007.jpg\" data-orig-size=\"900,675\" data-comments-opened=\"0\" data-image-meta=\"{&quot;aperture&quot;:&quot;0&quot;,&quot;credit&quot;:&quot;&quot;,&quot;camera&quot;:&quot;&quot;,&quot;caption&quot;:&quot;&quot;,&quot;created_timestamp&quot;:&quot;0&quot;,&quot;copyright&quot;:&quot;&quot;,&quot;focal_length&quot;:&quot;0&quot;,&quot;iso&quot;:&quot;0&quot;,&quot;shutter_speed&quot;:&quot;0&quot;,&quot;title&quot;:&quot;&quot;,&quot;orientation&quot;:&quot;0&quot;}\" data-image-title=\"eltono-nuria-cordoba.2007\" data-image-description=\"\" data-image-caption=\"\" data-medium-file=\"https:\/\/www.eltono.com\/wp-content\/uploads\/2016\/01\/eltono-nuria-cordoba.2007-300x225.jpg\" data-large-file=\"https:\/\/www.eltono.com\/wp-content\/uploads\/2016\/01\/eltono-nuria-cordoba.2007-700x525.jpg\" class=\"alignnone wp-image-15377 size-full\" src=\"http:\/\/www.eltono.com\/wp-content\/uploads\/2016\/01\/eltono-nuria-cordoba.2007.jpg\" alt=\"eltono-nuria-cordoba.2007\" width=\"900\" height=\"675\" srcset=\"https:\/\/www.eltono.com\/wp-content\/uploads\/2016\/01\/eltono-nuria-cordoba.2007.jpg 900w, https:\/\/www.eltono.com\/wp-content\/uploads\/2016\/01\/eltono-nuria-cordoba.2007-350x263.jpg 350w, https:\/\/www.eltono.com\/wp-content\/uploads\/2016\/01\/eltono-nuria-cordoba.2007-214x160.jpg 214w, https:\/\/www.eltono.com\/wp-content\/uploads\/2016\/01\/eltono-nuria-cordoba.2007-300x225.jpg 300w, https:\/\/www.eltono.com\/wp-content\/uploads\/2016\/01\/eltono-nuria-cordoba.2007-700x525.jpg 700w\" sizes=\"auto, (max-width: 900px) 100vw, 900px\" \/><\/a><\/p>\n<p><a href=\"http:\/\/www.eltono.com\/wp-content\/uploads\/2016\/01\/eltono-cordoba.2007.jpg\"><img loading=\"lazy\" decoding=\"async\" data-attachment-id=\"15376\" data-permalink=\"https:\/\/www.eltono.com\/es\/murals\/cosmopoetica\/eltono-cordoba-2007\/\" data-orig-file=\"https:\/\/www.eltono.com\/wp-content\/uploads\/2016\/01\/eltono-cordoba.2007.jpg\" data-orig-size=\"895,671\" data-comments-opened=\"0\" data-image-meta=\"{&quot;aperture&quot;:&quot;0&quot;,&quot;credit&quot;:&quot;&quot;,&quot;camera&quot;:&quot;&quot;,&quot;caption&quot;:&quot;&quot;,&quot;created_timestamp&quot;:&quot;0&quot;,&quot;copyright&quot;:&quot;&quot;,&quot;focal_length&quot;:&quot;0&quot;,&quot;iso&quot;:&quot;0&quot;,&quot;shutter_speed&quot;:&quot;0&quot;,&quot;title&quot;:&quot;&quot;,&quot;orientation&quot;:&quot;0&quot;}\" data-image-title=\"eltono-cordoba.2007\" data-image-description=\"\" data-image-caption=\"\" data-medium-file=\"https:\/\/www.eltono.com\/wp-content\/uploads\/2016\/01\/eltono-cordoba.2007-300x225.jpg\" data-large-file=\"https:\/\/www.eltono.com\/wp-content\/uploads\/2016\/01\/eltono-cordoba.2007-700x525.jpg\" class=\"alignnone wp-image-15376 size-full\" src=\"http:\/\/www.eltono.com\/wp-content\/uploads\/2016\/01\/eltono-cordoba.2007.jpg\" alt=\"eltono-cordoba.2007\" width=\"895\" height=\"671\" srcset=\"https:\/\/www.eltono.com\/wp-content\/uploads\/2016\/01\/eltono-cordoba.2007.jpg 895w, https:\/\/www.eltono.com\/wp-content\/uploads\/2016\/01\/eltono-cordoba.2007-350x262.jpg 350w, https:\/\/www.eltono.com\/wp-content\/uploads\/2016\/01\/eltono-cordoba.2007-214x160.jpg 214w, https:\/\/www.eltono.com\/wp-content\/uploads\/2016\/01\/eltono-cordoba.2007-300x225.jpg 300w, https:\/\/www.eltono.com\/wp-content\/uploads\/2016\/01\/eltono-cordoba.2007-700x525.jpg 700w\" sizes=\"auto, (max-width: 895px) 100vw, 895px\" \/><\/a><\/p>","protected":false},"excerpt":{"rendered":"<p>4a edici\u00f3n C\u00f3rdoba, Espa\u00f1a 18 de abril &#8211; 22 de abril 2007 Proyecto en colaboraci\u00f3n con Nuria Mora www.cosmopoetica.es<\/p>\n","protected":false},"author":1,"featured_media":15378,"parent":13155,"menu_order":0,"comment_status":"closed","ping_status":"closed","template":"","meta":{"ngg_post_thumbnail":0,"jetpack_post_was_ever_published":false,"footnotes":""},"categories":[295,349,112,267,260,266],"tags":[],"class_list":["post-15375","page","type-page","status-publish","has-post-thumbnail","hentry","category-295","category-csb","category-mural","category-page_festival","category-page_mural","category-page_outdoor"],"jetpack_sharing_enabled":true,"jetpack_shortlink":"https:\/\/wp.me\/P7sWFx-3ZZ","_links":{"self":[{"href":"https:\/\/www.eltono.com\/es\/wp-json\/wp\/v2\/pages\/15375","targetHints":{"allow":["GET"]}}],"collection":[{"href":"https:\/\/www.eltono.com\/es\/wp-json\/wp\/v2\/pages"}],"about":[{"href":"https:\/\/www.eltono.com\/es\/wp-json\/wp\/v2\/types\/page"}],"author":[{"embeddable":true,"href":"https:\/\/www.eltono.com\/es\/wp-json\/wp\/v2\/users\/1"}],"replies":[{"embeddable":true,"href":"https:\/\/www.eltono.com\/es\/wp-json\/wp\/v2\/comments?post=15375"}],"version-history":[{"count":5,"href":"https:\/\/www.eltono.com\/es\/wp-json\/wp\/v2\/pages\/15375\/revisions"}],"predecessor-version":[{"id":22212,"href":"https:\/\/www.eltono.com\/es\/wp-json\/wp\/v2\/pages\/15375\/revisions\/22212"}],"up":[{"embeddable":true,"href":"https:\/\/www.eltono.com\/es\/wp-json\/wp\/v2\/pages\/13155"}],"wp:featuredmedia":[{"embeddable":true,"href":"https:\/\/www.eltono.com\/es\/wp-json\/wp\/v2\/media\/15378"}],"wp:attachment":[{"href":"https:\/\/www.eltono.com\/es\/wp-json\/wp\/v2\/media?parent=15375"}],"wp:term":[{"taxonomy":"category","embeddable":true,"href":"https:\/\/www.eltono.com\/es\/wp-json\/wp\/v2\/categories?post=15375"},{"taxonomy":"post_tag","embeddable":true,"href":"https:\/\/www.eltono.com\/es\/wp-json\/wp\/v2\/tags?post=15375"}],"curies":[{"name":"wp","href":"https:\/\/api.w.org\/{rel}","templated":true}]}}