{"id":17608,"date":"2016-06-18T18:22:15","date_gmt":"2016-06-18T16:22:15","guid":{"rendered":"http:\/\/www.eltono.com\/?page_id=17608"},"modified":"2016-12-14T18:38:47","modified_gmt":"2016-12-14T16:38:47","slug":"le-dedale","status":"publish","type":"page","link":"https:\/\/www.eltono.com\/es\/projects\/le-dedale\/","title":{"rendered":"Le D\u00e9dale"},"content":{"rendered":"<p><strong>Le D\u00e9dale, <em>recorrido de arte en el espacio p\u00fablico<\/em><\/strong><br \/>\nBelv\u00e8s, Dordo\u00f1a, Francia, 06\/2016<\/p>\n<p>Cuando me ofrecieron participar en el D\u00e9dale en Belv\u00e8s, me fui directamente a caminar por las calles del pueblo para encontrar ideas de como intervenir en \u00e9l. Acostumbrado a trabajar en ciudades, crear en la calles de un pueblo tan harmonioso y encantador representaba para mi un real desaf\u00edo. R\u00e1pidamente, not\u00e9 la presencia de una gran cantidad de casas desocupadas con las aperturas tapiadas por tablones de madera. Entonces es cuando tuve la idea de intervenir directamente en esas tablas y viejas contraventanas para poner en valor los edificios sin alterarles, sin tocar sus piedras. Pintar sobre esos soportes ef\u00edmeros, testigos marginales de una actividad pasada interrumpida, les devuelve cierta dignidad y les da de nuevo un papel honorable en la ciudad: soporte de obra de arte.<\/p>\n<p><a href=\"http:\/\/lededale.com\/\" target=\"_blank\">www.lededale.com<\/a><\/p>\n<p>\n<div class=\"ngg-galleryoverview\" id=\"ngg-gallery-8c86dc63c247670ba51d16ea8ae735ee-17608\">\n\n<style type=\"text\/css\" media=\"all\">\n.ngg2-gallery-thumbnail img {\n    background-color: #FFF;\n    border: 0px solid #ff00ff;\n    display: block;\n    margin: 0px 5px 2px 0px;\n    position: relative;\n}\n.ngg2-gallery-thumbnail-box {\n\tdisplay: inline-table;\n}\n<\/style>\n\t<!-- Thumbnails -->\n    \t\t\n\t<div id=\"ngg-image-6879\" class=\"ngg2-gallery-thumbnail-box\"  >\n\t\t<div class=\"ngg2-gallery-thumbnail\">\n\t\t\t<a href=\"https:\/\/www.eltono.com\/wp-content\/gallery\/le-dedale\/eltono-le-dedale-2016-belves04.jpg\" title=\" \"\n               class=\"ngg-fancybox\" rel=\"8c86dc63c247670ba51d16ea8ae735ee\" data-image-id=\"6879\" data-src=\"https:\/\/www.eltono.com\/wp-content\/gallery\/le-dedale\/eltono-le-dedale-2016-belves04.jpg\" data-thumbnail=\"https:\/\/www.eltono.com\/wp-content\/gallery\/le-dedale\/thumbs\/thumbs_eltono-le-dedale-2016-belves04.jpg\" data-title=\"eltono-le-dedale-2016-belves04\" data-description=\" \" >\n\t\t\t\t\t\t\t\t<img title=\"eltono-le-dedale-2016-belves04\" alt=\"eltono-le-dedale-2016-belves04\" src=\"https:\/\/www.eltono.com\/wp-content\/gallery\/le-dedale\/thumbs\/thumbs_eltono-le-dedale-2016-belves04.jpg\" width='342' height='256' \/>\n\t\t\t\t\t\t\t<\/a>\n\t\t<\/div>\n\t<\/div>\n\n            \n \t\t\n\t<div id=\"ngg-image-6880\" class=\"ngg2-gallery-thumbnail-box\"  >\n\t\t<div class=\"ngg2-gallery-thumbnail\">\n\t\t\t<a href=\"https:\/\/www.eltono.com\/wp-content\/gallery\/le-dedale\/eltono-le-dedale-2016-belves05.jpg\" title=\" \"\n               class=\"ngg-fancybox\" rel=\"8c86dc63c247670ba51d16ea8ae735ee\" data-image-id=\"6880\" data-src=\"https:\/\/www.eltono.com\/wp-content\/gallery\/le-dedale\/eltono-le-dedale-2016-belves05.jpg\" data-thumbnail=\"https:\/\/www.eltono.com\/wp-content\/gallery\/le-dedale\/thumbs\/thumbs_eltono-le-dedale-2016-belves05.jpg\" data-title=\"eltono-le-dedale-2016-belves05\" data-description=\" \" >\n\t\t\t\t\t\t\t\t<img title=\"eltono-le-dedale-2016-belves05\" alt=\"eltono-le-dedale-2016-belves05\" src=\"https:\/\/www.eltono.com\/wp-content\/gallery\/le-dedale\/thumbs\/thumbs_eltono-le-dedale-2016-belves05.jpg\" width='342' height='256' \/>\n\t\t\t\t\t\t\t<\/a>\n\t\t<\/div>\n\t<\/div>\n\n            \n \t\t\n\t<div id=\"ngg-image-6877\" class=\"ngg2-gallery-thumbnail-box\"  >\n\t\t<div class=\"ngg2-gallery-thumbnail\">\n\t\t\t<a href=\"https:\/\/www.eltono.com\/wp-content\/gallery\/le-dedale\/eltono-le-dedale-2016-belves02.jpg\" title=\" \"\n               class=\"ngg-fancybox\" rel=\"8c86dc63c247670ba51d16ea8ae735ee\" data-image-id=\"6877\" data-src=\"https:\/\/www.eltono.com\/wp-content\/gallery\/le-dedale\/eltono-le-dedale-2016-belves02.jpg\" data-thumbnail=\"https:\/\/www.eltono.com\/wp-content\/gallery\/le-dedale\/thumbs\/thumbs_eltono-le-dedale-2016-belves02.jpg\" data-title=\"eltono-le-dedale-2016-belves02\" data-description=\" \" >\n\t\t\t\t\t\t\t\t<img title=\"eltono-le-dedale-2016-belves02\" alt=\"eltono-le-dedale-2016-belves02\" src=\"https:\/\/www.eltono.com\/wp-content\/gallery\/le-dedale\/thumbs\/thumbs_eltono-le-dedale-2016-belves02.jpg\" width='342' height='256' \/>\n\t\t\t\t\t\t\t<\/a>\n\t\t<\/div>\n\t<\/div>\n\n            \n \t\t\n\t<div id=\"ngg-image-6878\" class=\"ngg2-gallery-thumbnail-box\"  >\n\t\t<div class=\"ngg2-gallery-thumbnail\">\n\t\t\t<a href=\"https:\/\/www.eltono.com\/wp-content\/gallery\/le-dedale\/eltono-le-dedale-2016-belves03.jpg\" title=\" \"\n               class=\"ngg-fancybox\" rel=\"8c86dc63c247670ba51d16ea8ae735ee\" data-image-id=\"6878\" data-src=\"https:\/\/www.eltono.com\/wp-content\/gallery\/le-dedale\/eltono-le-dedale-2016-belves03.jpg\" data-thumbnail=\"https:\/\/www.eltono.com\/wp-content\/gallery\/le-dedale\/thumbs\/thumbs_eltono-le-dedale-2016-belves03.jpg\" data-title=\"eltono-le-dedale-2016-belves03\" data-description=\" \" >\n\t\t\t\t\t\t\t\t<img title=\"eltono-le-dedale-2016-belves03\" alt=\"eltono-le-dedale-2016-belves03\" src=\"https:\/\/www.eltono.com\/wp-content\/gallery\/le-dedale\/thumbs\/thumbs_eltono-le-dedale-2016-belves03.jpg\" width='342' height='256' \/>\n\t\t\t\t\t\t\t<\/a>\n\t\t<\/div>\n\t<\/div>\n\n            \n \t\t\n\t<div id=\"ngg-image-6881\" class=\"ngg2-gallery-thumbnail-box\"  >\n\t\t<div class=\"ngg2-gallery-thumbnail\">\n\t\t\t<a href=\"https:\/\/www.eltono.com\/wp-content\/gallery\/le-dedale\/eltono-le-dedale-2016-belves06.jpg\" title=\" \"\n               class=\"ngg-fancybox\" rel=\"8c86dc63c247670ba51d16ea8ae735ee\" data-image-id=\"6881\" data-src=\"https:\/\/www.eltono.com\/wp-content\/gallery\/le-dedale\/eltono-le-dedale-2016-belves06.jpg\" data-thumbnail=\"https:\/\/www.eltono.com\/wp-content\/gallery\/le-dedale\/thumbs\/thumbs_eltono-le-dedale-2016-belves06.jpg\" data-title=\"eltono-le-dedale-2016-belves06\" data-description=\" \" >\n\t\t\t\t\t\t\t\t<img title=\"eltono-le-dedale-2016-belves06\" alt=\"eltono-le-dedale-2016-belves06\" src=\"https:\/\/www.eltono.com\/wp-content\/gallery\/le-dedale\/thumbs\/thumbs_eltono-le-dedale-2016-belves06.jpg\" width='342' height='256' \/>\n\t\t\t\t\t\t\t<\/a>\n\t\t<\/div>\n\t<\/div>\n\n            \n \t\t\n\t<div id=\"ngg-image-6882\" class=\"ngg2-gallery-thumbnail-box\"  >\n\t\t<div class=\"ngg2-gallery-thumbnail\">\n\t\t\t<a href=\"https:\/\/www.eltono.com\/wp-content\/gallery\/le-dedale\/eltono-le-dedale-2016-belves07.jpg\" title=\" \"\n               class=\"ngg-fancybox\" rel=\"8c86dc63c247670ba51d16ea8ae735ee\" data-image-id=\"6882\" data-src=\"https:\/\/www.eltono.com\/wp-content\/gallery\/le-dedale\/eltono-le-dedale-2016-belves07.jpg\" data-thumbnail=\"https:\/\/www.eltono.com\/wp-content\/gallery\/le-dedale\/thumbs\/thumbs_eltono-le-dedale-2016-belves07.jpg\" data-title=\"eltono-le-dedale-2016-belves07\" data-description=\" \" >\n\t\t\t\t\t\t\t\t<img title=\"eltono-le-dedale-2016-belves07\" alt=\"eltono-le-dedale-2016-belves07\" src=\"https:\/\/www.eltono.com\/wp-content\/gallery\/le-dedale\/thumbs\/thumbs_eltono-le-dedale-2016-belves07.jpg\" width='342' height='256' \/>\n\t\t\t\t\t\t\t<\/a>\n\t\t<\/div>\n\t<\/div>\n\n            \n \t\t\n\t<div id=\"ngg-image-6883\" class=\"ngg2-gallery-thumbnail-box\"  >\n\t\t<div class=\"ngg2-gallery-thumbnail\">\n\t\t\t<a href=\"https:\/\/www.eltono.com\/wp-content\/gallery\/le-dedale\/eltono-le-dedale-2016-belves08.jpg\" title=\" \"\n               class=\"ngg-fancybox\" rel=\"8c86dc63c247670ba51d16ea8ae735ee\" data-image-id=\"6883\" data-src=\"https:\/\/www.eltono.com\/wp-content\/gallery\/le-dedale\/eltono-le-dedale-2016-belves08.jpg\" data-thumbnail=\"https:\/\/www.eltono.com\/wp-content\/gallery\/le-dedale\/thumbs\/thumbs_eltono-le-dedale-2016-belves08.jpg\" data-title=\"eltono-le-dedale-2016-belves08\" data-description=\" \" >\n\t\t\t\t\t\t\t\t<img title=\"eltono-le-dedale-2016-belves08\" alt=\"eltono-le-dedale-2016-belves08\" src=\"https:\/\/www.eltono.com\/wp-content\/gallery\/le-dedale\/thumbs\/thumbs_eltono-le-dedale-2016-belves08.jpg\" width='342' height='256' \/>\n\t\t\t\t\t\t\t<\/a>\n\t\t<\/div>\n\t<\/div>\n\n            \n \t\t\n\t<div id=\"ngg-image-6884\" class=\"ngg2-gallery-thumbnail-box\"  >\n\t\t<div class=\"ngg2-gallery-thumbnail\">\n\t\t\t<a href=\"https:\/\/www.eltono.com\/wp-content\/gallery\/le-dedale\/eltono-le-dedale-2016-belves09.jpg\" title=\" \"\n               class=\"ngg-fancybox\" rel=\"8c86dc63c247670ba51d16ea8ae735ee\" data-image-id=\"6884\" data-src=\"https:\/\/www.eltono.com\/wp-content\/gallery\/le-dedale\/eltono-le-dedale-2016-belves09.jpg\" data-thumbnail=\"https:\/\/www.eltono.com\/wp-content\/gallery\/le-dedale\/thumbs\/thumbs_eltono-le-dedale-2016-belves09.jpg\" data-title=\"eltono-le-dedale-2016-belves09\" data-description=\" \" >\n\t\t\t\t\t\t\t\t<img title=\"eltono-le-dedale-2016-belves09\" alt=\"eltono-le-dedale-2016-belves09\" src=\"https:\/\/www.eltono.com\/wp-content\/gallery\/le-dedale\/thumbs\/thumbs_eltono-le-dedale-2016-belves09.jpg\" width='342' height='256' \/>\n\t\t\t\t\t\t\t<\/a>\n\t\t<\/div>\n\t<\/div>\n\n            \n \t\t\n\t<div id=\"ngg-image-6876\" class=\"ngg2-gallery-thumbnail-box\"  >\n\t\t<div class=\"ngg2-gallery-thumbnail\">\n\t\t\t<a href=\"https:\/\/www.eltono.com\/wp-content\/gallery\/le-dedale\/eltono-le-dedale-2016-belves01.jpg\" title=\" \"\n               class=\"ngg-fancybox\" rel=\"8c86dc63c247670ba51d16ea8ae735ee\" data-image-id=\"6876\" data-src=\"https:\/\/www.eltono.com\/wp-content\/gallery\/le-dedale\/eltono-le-dedale-2016-belves01.jpg\" data-thumbnail=\"https:\/\/www.eltono.com\/wp-content\/gallery\/le-dedale\/thumbs\/thumbs_eltono-le-dedale-2016-belves01.jpg\" data-title=\"eltono-le-dedale-2016-belves01\" data-description=\" \" >\n\t\t\t\t\t\t\t\t<img title=\"eltono-le-dedale-2016-belves01\" alt=\"eltono-le-dedale-2016-belves01\" src=\"https:\/\/www.eltono.com\/wp-content\/gallery\/le-dedale\/thumbs\/thumbs_eltono-le-dedale-2016-belves01.jpg\" width='342' height='256' \/>\n\t\t\t\t\t\t\t<\/a>\n\t\t<\/div>\n\t<\/div>\n\n            \n \t\t\n\t<div id=\"ngg-image-6885\" class=\"ngg2-gallery-thumbnail-box\"  >\n\t\t<div class=\"ngg2-gallery-thumbnail\">\n\t\t\t<a href=\"https:\/\/www.eltono.com\/wp-content\/gallery\/le-dedale\/eltono-le-dedale-2016-belves10.jpg\" title=\" \"\n               class=\"ngg-fancybox\" rel=\"8c86dc63c247670ba51d16ea8ae735ee\" data-image-id=\"6885\" data-src=\"https:\/\/www.eltono.com\/wp-content\/gallery\/le-dedale\/eltono-le-dedale-2016-belves10.jpg\" data-thumbnail=\"https:\/\/www.eltono.com\/wp-content\/gallery\/le-dedale\/thumbs\/thumbs_eltono-le-dedale-2016-belves10.jpg\" data-title=\"eltono-le-dedale-2016-belves10\" data-description=\" \" >\n\t\t\t\t\t\t\t\t<img title=\"eltono-le-dedale-2016-belves10\" alt=\"eltono-le-dedale-2016-belves10\" src=\"https:\/\/www.eltono.com\/wp-content\/gallery\/le-dedale\/thumbs\/thumbs_eltono-le-dedale-2016-belves10.jpg\" width='342' height='256' \/>\n\t\t\t\t\t\t\t<\/a>\n\t\t<\/div>\n\t<\/div>\n\n            \n \t\t\n\t<div id=\"ngg-image-6886\" class=\"ngg2-gallery-thumbnail-box\"  >\n\t\t<div class=\"ngg2-gallery-thumbnail\">\n\t\t\t<a href=\"https:\/\/www.eltono.com\/wp-content\/gallery\/le-dedale\/eltono-le-dedale-2016-belves11.jpg\" title=\" \"\n               class=\"ngg-fancybox\" rel=\"8c86dc63c247670ba51d16ea8ae735ee\" data-image-id=\"6886\" data-src=\"https:\/\/www.eltono.com\/wp-content\/gallery\/le-dedale\/eltono-le-dedale-2016-belves11.jpg\" data-thumbnail=\"https:\/\/www.eltono.com\/wp-content\/gallery\/le-dedale\/thumbs\/thumbs_eltono-le-dedale-2016-belves11.jpg\" data-title=\"eltono-le-dedale-2016-belves11\" data-description=\" \" >\n\t\t\t\t\t\t\t\t<img title=\"eltono-le-dedale-2016-belves11\" alt=\"eltono-le-dedale-2016-belves11\" src=\"https:\/\/www.eltono.com\/wp-content\/gallery\/le-dedale\/thumbs\/thumbs_eltono-le-dedale-2016-belves11.jpg\" width='342' height='256' \/>\n\t\t\t\t\t\t\t<\/a>\n\t\t<\/div>\n\t<\/div>\n\n            \n \t\t\n\t<div id=\"ngg-image-6887\" class=\"ngg2-gallery-thumbnail-box\"  >\n\t\t<div class=\"ngg2-gallery-thumbnail\">\n\t\t\t<a href=\"https:\/\/www.eltono.com\/wp-content\/gallery\/le-dedale\/eltono-le-dedale-2016-belves12.jpg\" title=\" \"\n               class=\"ngg-fancybox\" rel=\"8c86dc63c247670ba51d16ea8ae735ee\" data-image-id=\"6887\" data-src=\"https:\/\/www.eltono.com\/wp-content\/gallery\/le-dedale\/eltono-le-dedale-2016-belves12.jpg\" data-thumbnail=\"https:\/\/www.eltono.com\/wp-content\/gallery\/le-dedale\/thumbs\/thumbs_eltono-le-dedale-2016-belves12.jpg\" data-title=\"eltono-le-dedale-2016-belves12\" data-description=\" \" >\n\t\t\t\t\t\t\t\t<img title=\"eltono-le-dedale-2016-belves12\" alt=\"eltono-le-dedale-2016-belves12\" src=\"https:\/\/www.eltono.com\/wp-content\/gallery\/le-dedale\/thumbs\/thumbs_eltono-le-dedale-2016-belves12.jpg\" width='342' height='256' \/>\n\t\t\t\t\t\t\t<\/a>\n\t\t<\/div>\n\t<\/div>\n\n            \n \t\t\n\t<div id=\"ngg-image-6888\" class=\"ngg2-gallery-thumbnail-box\"  >\n\t\t<div class=\"ngg2-gallery-thumbnail\">\n\t\t\t<a href=\"https:\/\/www.eltono.com\/wp-content\/gallery\/le-dedale\/eltono-le-dedale-2016-belves13.jpg\" title=\" \"\n               class=\"ngg-fancybox\" rel=\"8c86dc63c247670ba51d16ea8ae735ee\" data-image-id=\"6888\" data-src=\"https:\/\/www.eltono.com\/wp-content\/gallery\/le-dedale\/eltono-le-dedale-2016-belves13.jpg\" data-thumbnail=\"https:\/\/www.eltono.com\/wp-content\/gallery\/le-dedale\/thumbs\/thumbs_eltono-le-dedale-2016-belves13.jpg\" data-title=\"eltono-le-dedale-2016-belves13\" data-description=\" \" >\n\t\t\t\t\t\t\t\t<img title=\"eltono-le-dedale-2016-belves13\" alt=\"eltono-le-dedale-2016-belves13\" src=\"https:\/\/www.eltono.com\/wp-content\/gallery\/le-dedale\/thumbs\/thumbs_eltono-le-dedale-2016-belves13.jpg\" width='342' height='256' \/>\n\t\t\t\t\t\t\t<\/a>\n\t\t<\/div>\n\t<\/div>\n\n            \n \t\t\n\t<div id=\"ngg-image-6889\" class=\"ngg2-gallery-thumbnail-box\"  >\n\t\t<div class=\"ngg2-gallery-thumbnail\">\n\t\t\t<a href=\"https:\/\/www.eltono.com\/wp-content\/gallery\/le-dedale\/eltono-le-dedale-2016-belves14.jpg\" title=\" \"\n               class=\"ngg-fancybox\" rel=\"8c86dc63c247670ba51d16ea8ae735ee\" data-image-id=\"6889\" data-src=\"https:\/\/www.eltono.com\/wp-content\/gallery\/le-dedale\/eltono-le-dedale-2016-belves14.jpg\" data-thumbnail=\"https:\/\/www.eltono.com\/wp-content\/gallery\/le-dedale\/thumbs\/thumbs_eltono-le-dedale-2016-belves14.jpg\" data-title=\"eltono-le-dedale-2016-belves14\" data-description=\" \" >\n\t\t\t\t\t\t\t\t<img title=\"eltono-le-dedale-2016-belves14\" alt=\"eltono-le-dedale-2016-belves14\" src=\"https:\/\/www.eltono.com\/wp-content\/gallery\/le-dedale\/thumbs\/thumbs_eltono-le-dedale-2016-belves14.jpg\" width='342' height='256' \/>\n\t\t\t\t\t\t\t<\/a>\n\t\t<\/div>\n\t<\/div>\n\n            \n \t\t\n\t<div id=\"ngg-image-6890\" class=\"ngg2-gallery-thumbnail-box\"  >\n\t\t<div class=\"ngg2-gallery-thumbnail\">\n\t\t\t<a href=\"https:\/\/www.eltono.com\/wp-content\/gallery\/le-dedale\/eltono-le-dedale-2016-belves15.jpg\" title=\" \"\n               class=\"ngg-fancybox\" rel=\"8c86dc63c247670ba51d16ea8ae735ee\" data-image-id=\"6890\" data-src=\"https:\/\/www.eltono.com\/wp-content\/gallery\/le-dedale\/eltono-le-dedale-2016-belves15.jpg\" data-thumbnail=\"https:\/\/www.eltono.com\/wp-content\/gallery\/le-dedale\/thumbs\/thumbs_eltono-le-dedale-2016-belves15.jpg\" data-title=\"eltono-le-dedale-2016-belves15\" data-description=\" \" >\n\t\t\t\t\t\t\t\t<img title=\"eltono-le-dedale-2016-belves15\" alt=\"eltono-le-dedale-2016-belves15\" src=\"https:\/\/www.eltono.com\/wp-content\/gallery\/le-dedale\/thumbs\/thumbs_eltono-le-dedale-2016-belves15.jpg\" width='342' height='256' \/>\n\t\t\t\t\t\t\t<\/a>\n\t\t<\/div>\n\t<\/div>\n\n            \n \t\t\n\t<div id=\"ngg-image-6891\" class=\"ngg2-gallery-thumbnail-box\"  >\n\t\t<div class=\"ngg2-gallery-thumbnail\">\n\t\t\t<a href=\"https:\/\/www.eltono.com\/wp-content\/gallery\/le-dedale\/eltono-le-dedale-2016-belves16.jpg\" title=\" \"\n               class=\"ngg-fancybox\" rel=\"8c86dc63c247670ba51d16ea8ae735ee\" data-image-id=\"6891\" data-src=\"https:\/\/www.eltono.com\/wp-content\/gallery\/le-dedale\/eltono-le-dedale-2016-belves16.jpg\" data-thumbnail=\"https:\/\/www.eltono.com\/wp-content\/gallery\/le-dedale\/thumbs\/thumbs_eltono-le-dedale-2016-belves16.jpg\" data-title=\"eltono-le-dedale-2016-belves16\" data-description=\" \" >\n\t\t\t\t\t\t\t\t<img title=\"eltono-le-dedale-2016-belves16\" alt=\"eltono-le-dedale-2016-belves16\" src=\"https:\/\/www.eltono.com\/wp-content\/gallery\/le-dedale\/thumbs\/thumbs_eltono-le-dedale-2016-belves16.jpg\" width='342' height='256' \/>\n\t\t\t\t\t\t\t<\/a>\n\t\t<\/div>\n\t<\/div>\n\n            \n \t\t\n\t<div id=\"ngg-image-6892\" class=\"ngg2-gallery-thumbnail-box\"  >\n\t\t<div class=\"ngg2-gallery-thumbnail\">\n\t\t\t<a href=\"https:\/\/www.eltono.com\/wp-content\/gallery\/le-dedale\/eltono-le-dedale-2016-belves17.jpg\" title=\" \"\n               class=\"ngg-fancybox\" rel=\"8c86dc63c247670ba51d16ea8ae735ee\" data-image-id=\"6892\" data-src=\"https:\/\/www.eltono.com\/wp-content\/gallery\/le-dedale\/eltono-le-dedale-2016-belves17.jpg\" data-thumbnail=\"https:\/\/www.eltono.com\/wp-content\/gallery\/le-dedale\/thumbs\/thumbs_eltono-le-dedale-2016-belves17.jpg\" data-title=\"eltono-le-dedale-2016-belves17\" data-description=\" \" >\n\t\t\t\t\t\t\t\t<img title=\"eltono-le-dedale-2016-belves17\" alt=\"eltono-le-dedale-2016-belves17\" src=\"https:\/\/www.eltono.com\/wp-content\/gallery\/le-dedale\/thumbs\/thumbs_eltono-le-dedale-2016-belves17.jpg\" width='342' height='256' \/>\n\t\t\t\t\t\t\t<\/a>\n\t\t<\/div>\n\t<\/div>\n\n            \n \t\t\n\t<div id=\"ngg-image-6893\" class=\"ngg2-gallery-thumbnail-box\"  >\n\t\t<div class=\"ngg2-gallery-thumbnail\">\n\t\t\t<a href=\"https:\/\/www.eltono.com\/wp-content\/gallery\/le-dedale\/eltono-le-dedale-2016-belves18.jpg\" title=\" \"\n               class=\"ngg-fancybox\" rel=\"8c86dc63c247670ba51d16ea8ae735ee\" data-image-id=\"6893\" data-src=\"https:\/\/www.eltono.com\/wp-content\/gallery\/le-dedale\/eltono-le-dedale-2016-belves18.jpg\" data-thumbnail=\"https:\/\/www.eltono.com\/wp-content\/gallery\/le-dedale\/thumbs\/thumbs_eltono-le-dedale-2016-belves18.jpg\" data-title=\"eltono-le-dedale-2016-belves18\" data-description=\" \" >\n\t\t\t\t\t\t\t\t<img title=\"eltono-le-dedale-2016-belves18\" alt=\"eltono-le-dedale-2016-belves18\" src=\"https:\/\/www.eltono.com\/wp-content\/gallery\/le-dedale\/thumbs\/thumbs_eltono-le-dedale-2016-belves18.jpg\" width='342' height='256' \/>\n\t\t\t\t\t\t\t<\/a>\n\t\t<\/div>\n\t<\/div>\n\n            \n \t\t\n\t<div id=\"ngg-image-6894\" class=\"ngg2-gallery-thumbnail-box\"  >\n\t\t<div class=\"ngg2-gallery-thumbnail\">\n\t\t\t<a href=\"https:\/\/www.eltono.com\/wp-content\/gallery\/le-dedale\/eltono-le-dedale-2016-belves19.jpg\" title=\" \"\n               class=\"ngg-fancybox\" rel=\"8c86dc63c247670ba51d16ea8ae735ee\" data-image-id=\"6894\" data-src=\"https:\/\/www.eltono.com\/wp-content\/gallery\/le-dedale\/eltono-le-dedale-2016-belves19.jpg\" data-thumbnail=\"https:\/\/www.eltono.com\/wp-content\/gallery\/le-dedale\/thumbs\/thumbs_eltono-le-dedale-2016-belves19.jpg\" data-title=\"eltono-le-dedale-2016-belves19\" data-description=\" \" >\n\t\t\t\t\t\t\t\t<img title=\"eltono-le-dedale-2016-belves19\" alt=\"eltono-le-dedale-2016-belves19\" src=\"https:\/\/www.eltono.com\/wp-content\/gallery\/le-dedale\/thumbs\/thumbs_eltono-le-dedale-2016-belves19.jpg\" width='342' height='256' \/>\n\t\t\t\t\t\t\t<\/a>\n\t\t<\/div>\n\t<\/div>\n\n            \n \t\t\n\t<div id=\"ngg-image-6895\" class=\"ngg2-gallery-thumbnail-box\"  >\n\t\t<div class=\"ngg2-gallery-thumbnail\">\n\t\t\t<a href=\"https:\/\/www.eltono.com\/wp-content\/gallery\/le-dedale\/eltono-le-dedale-2016-belves20.jpg\" title=\" \"\n               class=\"ngg-fancybox\" rel=\"8c86dc63c247670ba51d16ea8ae735ee\" data-image-id=\"6895\" data-src=\"https:\/\/www.eltono.com\/wp-content\/gallery\/le-dedale\/eltono-le-dedale-2016-belves20.jpg\" data-thumbnail=\"https:\/\/www.eltono.com\/wp-content\/gallery\/le-dedale\/thumbs\/thumbs_eltono-le-dedale-2016-belves20.jpg\" data-title=\"eltono-le-dedale-2016-belves20\" data-description=\" \" >\n\t\t\t\t\t\t\t\t<img title=\"eltono-le-dedale-2016-belves20\" alt=\"eltono-le-dedale-2016-belves20\" src=\"https:\/\/www.eltono.com\/wp-content\/gallery\/le-dedale\/thumbs\/thumbs_eltono-le-dedale-2016-belves20.jpg\" width='342' height='256' \/>\n\t\t\t\t\t\t\t<\/a>\n\t\t<\/div>\n\t<\/div>\n\n            \n \t\t\n\t<div id=\"ngg-image-6896\" class=\"ngg2-gallery-thumbnail-box\"  >\n\t\t<div class=\"ngg2-gallery-thumbnail\">\n\t\t\t<a href=\"https:\/\/www.eltono.com\/wp-content\/gallery\/le-dedale\/eltono-le-dedale-2016-belves21.jpg\" title=\" \"\n               class=\"ngg-fancybox\" rel=\"8c86dc63c247670ba51d16ea8ae735ee\" data-image-id=\"6896\" data-src=\"https:\/\/www.eltono.com\/wp-content\/gallery\/le-dedale\/eltono-le-dedale-2016-belves21.jpg\" data-thumbnail=\"https:\/\/www.eltono.com\/wp-content\/gallery\/le-dedale\/thumbs\/thumbs_eltono-le-dedale-2016-belves21.jpg\" data-title=\"eltono-le-dedale-2016-belves21\" data-description=\" \" >\n\t\t\t\t\t\t\t\t<img title=\"eltono-le-dedale-2016-belves21\" alt=\"eltono-le-dedale-2016-belves21\" src=\"https:\/\/www.eltono.com\/wp-content\/gallery\/le-dedale\/thumbs\/thumbs_eltono-le-dedale-2016-belves21.jpg\" width='342' height='256' \/>\n\t\t\t\t\t\t\t<\/a>\n\t\t<\/div>\n\t<\/div>\n\n            \n \t\t\n\t<div id=\"ngg-image-6897\" class=\"ngg2-gallery-thumbnail-box\"  >\n\t\t<div class=\"ngg2-gallery-thumbnail\">\n\t\t\t<a href=\"https:\/\/www.eltono.com\/wp-content\/gallery\/le-dedale\/eltono-le-dedale-2016-belves22.jpg\" title=\" \"\n               class=\"ngg-fancybox\" rel=\"8c86dc63c247670ba51d16ea8ae735ee\" data-image-id=\"6897\" data-src=\"https:\/\/www.eltono.com\/wp-content\/gallery\/le-dedale\/eltono-le-dedale-2016-belves22.jpg\" data-thumbnail=\"https:\/\/www.eltono.com\/wp-content\/gallery\/le-dedale\/thumbs\/thumbs_eltono-le-dedale-2016-belves22.jpg\" data-title=\"eltono-le-dedale-2016-belves22\" data-description=\" \" >\n\t\t\t\t\t\t\t\t<img title=\"eltono-le-dedale-2016-belves22\" alt=\"eltono-le-dedale-2016-belves22\" src=\"https:\/\/www.eltono.com\/wp-content\/gallery\/le-dedale\/thumbs\/thumbs_eltono-le-dedale-2016-belves22.jpg\" width='342' height='256' \/>\n\t\t\t\t\t\t\t<\/a>\n\t\t<\/div>\n\t<\/div>\n\n            \n \t \t\n\t<!-- Pagination -->\n \t \t\n<\/div>\n\n<\/p>","protected":false},"excerpt":{"rendered":"<p>Le D\u00e9dale, recorrido de arte en el espacio p\u00fablico Belv\u00e8s, Dordo\u00f1a, Francia, 06\/2016 Cuando me ofrecieron participar en el D\u00e9dale en Belv\u00e8s, me fui directamente a caminar por las calles del pueblo para encontrar ideas de como intervenir en \u00e9l. Acostumbrado a trabajar en ciudades, crear en la calles de un pueblo tan harmonioso y &hellip; <a href=\"https:\/\/www.eltono.com\/es\/projects\/le-dedale\/\" class=\"more-link\">Continue reading <span class=\"screen-reader-text\">Le D\u00e9dale<\/span><\/a><\/p>\n","protected":false},"author":1,"featured_media":17662,"parent":5,"menu_order":0,"comment_status":"closed","ping_status":"closed","template":"","meta":{"ngg_post_thumbnail":0,"jetpack_post_was_ever_published":false,"footnotes":""},"categories":[285,267,266,272,7,9],"tags":[],"class_list":["post-17608","page","type-page","status-publish","has-post-thumbnail","hentry","category-285","category-page_festival","category-page_outdoor","category-page_project","category-projects","category-street-paintings"],"jetpack_sharing_enabled":true,"jetpack_shortlink":"https:\/\/wp.me\/P7sWFx-4A0","_links":{"self":[{"href":"https:\/\/www.eltono.com\/es\/wp-json\/wp\/v2\/pages\/17608","targetHints":{"allow":["GET"]}}],"collection":[{"href":"https:\/\/www.eltono.com\/es\/wp-json\/wp\/v2\/pages"}],"about":[{"href":"https:\/\/www.eltono.com\/es\/wp-json\/wp\/v2\/types\/page"}],"author":[{"embeddable":true,"href":"https:\/\/www.eltono.com\/es\/wp-json\/wp\/v2\/users\/1"}],"replies":[{"embeddable":true,"href":"https:\/\/www.eltono.com\/es\/wp-json\/wp\/v2\/comments?post=17608"}],"version-history":[{"count":14,"href":"https:\/\/www.eltono.com\/es\/wp-json\/wp\/v2\/pages\/17608\/revisions"}],"predecessor-version":[{"id":17678,"href":"https:\/\/www.eltono.com\/es\/wp-json\/wp\/v2\/pages\/17608\/revisions\/17678"}],"up":[{"embeddable":true,"href":"https:\/\/www.eltono.com\/es\/wp-json\/wp\/v2\/pages\/5"}],"wp:featuredmedia":[{"embeddable":true,"href":"https:\/\/www.eltono.com\/es\/wp-json\/wp\/v2\/media\/17662"}],"wp:attachment":[{"href":"https:\/\/www.eltono.com\/es\/wp-json\/wp\/v2\/media?parent=17608"}],"wp:term":[{"taxonomy":"category","embeddable":true,"href":"https:\/\/www.eltono.com\/es\/wp-json\/wp\/v2\/categories?post=17608"},{"taxonomy":"post_tag","embeddable":true,"href":"https:\/\/www.eltono.com\/es\/wp-json\/wp\/v2\/tags?post=17608"}],"curies":[{"name":"wp","href":"https:\/\/api.w.org\/{rel}","templated":true}]}}