{"id":18422,"date":"2017-05-04T22:04:03","date_gmt":"2017-05-04T20:04:03","guid":{"rendered":"http:\/\/www.eltono.com\/?page_id=18422"},"modified":"2020-11-15T20:19:36","modified_gmt":"2020-11-15T18:19:36","slug":"crossroad3","status":"publish","type":"page","link":"https:\/\/www.eltono.com\/es\/exhibitions\/solo\/crossroad3\/","title":{"rendered":"Crossroad #3"},"content":{"rendered":"<p><strong>Doppelgaenger Gallery<\/strong><br \/>\nVia Verrone 8, Bari, Italia<br \/>\nDoble exposici\u00f3n individual con los artistas italianos <a href=\"https:\/\/stenlex.com\/\" target=\"_blank\" rel=\"noopener noreferrer\">Sten&amp;lex<\/a><br \/>\n4 de mayo \u2013 20 de septiembre 2017<\/p>\n<p><a href=\"http:\/\/www.doppelgaenger.it\/\" target=\"_blank\" rel=\"noopener noreferrer\">www.doppelgaenger.it<\/a><\/p>\n<p>Present\u00e9 tres diferentes trabajos:<\/p>\n<p><em><strong>Percorsi Aleatori<\/strong><\/em>, tres representaciones en papel de tres itinerarios aleatorios de 10 minutos cada uno ejecutados en las calles de Bari Veccia con la ayuda de un dado guardado en el bolsillo.<\/p>\n<p><em><strong>Esculture Casuali<\/strong><\/em>, una experimentaci\u00f3n escult\u00f3rica donde la longitud y el \u00e1ngulo de cada segmento que compone la escultura son determinados al azar.<\/p>\n<p><em><strong>Morceaux Choisis<\/strong><\/em>, ocho piezas de madera recortadas de forma aleatoria siguiendo las reglas de la pintura mural generativa <em><a href=\"http:\/\/www.eltono.com\/murals\/champollion-library\/\" target=\"_blank\" rel=\"noopener noreferrer\">Modo n.\u00ba7<\/a>.<\/em><\/p>\n<p>ngg_shortcode_2_placeholder<\/p>","protected":false},"excerpt":{"rendered":"<p>Doppelgaenger Gallery Via Verrone 8, Bari, Italia Doble exposici\u00f3n individual con los artistas italianos Sten&amp;lex 4 de mayo \u2013 20 de septiembre 2017 www.doppelgaenger.it Present\u00e9 tres diferentes trabajos: Percorsi Aleatori, tres representaciones en papel de tres itinerarios aleatorios de 10 minutos cada uno ejecutados en las calles de Bari Veccia con la ayuda de un &hellip; <a href=\"https:\/\/www.eltono.com\/es\/exhibitions\/solo\/crossroad3\/\" class=\"more-link\">Continue reading <span class=\"screen-reader-text\">Crossroad #3<\/span><\/a><\/p>\n","protected":false},"author":1,"featured_media":18470,"parent":13432,"menu_order":0,"comment_status":"closed","ping_status":"closed","template":"","meta":{"ngg_post_thumbnail":0,"jetpack_post_was_ever_published":false,"footnotes":""},"categories":[303,3,261,264,263],"tags":[],"class_list":["post-18422","page","type-page","status-publish","has-post-thumbnail","hentry","category-303","category-exhibitions","category-page_expo","category-page_solo_show","category-solo-show"],"jetpack_sharing_enabled":true,"jetpack_shortlink":"https:\/\/wp.me\/P7sWFx-4N8","_links":{"self":[{"href":"https:\/\/www.eltono.com\/es\/wp-json\/wp\/v2\/pages\/18422","targetHints":{"allow":["GET"]}}],"collection":[{"href":"https:\/\/www.eltono.com\/es\/wp-json\/wp\/v2\/pages"}],"about":[{"href":"https:\/\/www.eltono.com\/es\/wp-json\/wp\/v2\/types\/page"}],"author":[{"embeddable":true,"href":"https:\/\/www.eltono.com\/es\/wp-json\/wp\/v2\/users\/1"}],"replies":[{"embeddable":true,"href":"https:\/\/www.eltono.com\/es\/wp-json\/wp\/v2\/comments?post=18422"}],"version-history":[{"count":14,"href":"https:\/\/www.eltono.com\/es\/wp-json\/wp\/v2\/pages\/18422\/revisions"}],"predecessor-version":[{"id":18477,"href":"https:\/\/www.eltono.com\/es\/wp-json\/wp\/v2\/pages\/18422\/revisions\/18477"}],"up":[{"embeddable":true,"href":"https:\/\/www.eltono.com\/es\/wp-json\/wp\/v2\/pages\/13432"}],"wp:featuredmedia":[{"embeddable":true,"href":"https:\/\/www.eltono.com\/es\/wp-json\/wp\/v2\/media\/18470"}],"wp:attachment":[{"href":"https:\/\/www.eltono.com\/es\/wp-json\/wp\/v2\/media?parent=18422"}],"wp:term":[{"taxonomy":"category","embeddable":true,"href":"https:\/\/www.eltono.com\/es\/wp-json\/wp\/v2\/categories?post=18422"},{"taxonomy":"post_tag","embeddable":true,"href":"https:\/\/www.eltono.com\/es\/wp-json\/wp\/v2\/tags?post=18422"}],"curies":[{"name":"wp","href":"https:\/\/api.w.org\/{rel}","templated":true}]}}