{"id":18575,"date":"2017-09-01T16:09:14","date_gmt":"2017-09-01T14:09:14","guid":{"rendered":"http:\/\/www.eltono.com\/?page_id=18575"},"modified":"2020-12-31T11:55:38","modified_gmt":"2020-12-31T09:55:38","slug":"la-ville-et-le-mouvement","status":"publish","type":"page","link":"https:\/\/www.eltono.com\/es\/exhibitions\/la-ville-et-le-mouvement\/","title":{"rendered":"La ville et le mouvement"},"content":{"rendered":"<p><strong>Le Pilori espacio de artes visuales<\/strong><br \/>\n<span class=\"_Xbe\">Place du Pilori, <\/span>Niort, Francia<br \/>\n27 de septiembre \u2013 10 de noviembre 2017<br \/>\nExposici\u00f3n organizada dentro del marco del festival <strong>Le 4e mur<\/strong> por Winterlong galerie.<br \/>\nArtistas invitados: <a href=\"http:\/\/www.jeroenjongeleen.nl\/\" target=\"_blank\" rel=\"noopener noreferrer\">Jeroen Jongeleen<\/a> y Eltono<\/p>\n<p><a href=\"http:\/\/www.winterlong-gallerie.com\/\" target=\"_blank\" rel=\"noopener noreferrer\">www.winterlong-galerie.com<\/a><\/p>\n<h2><em>D\u00e9tours<\/em><em><br \/>\n<\/em><\/h2>\n<p>Seis itinerarios aleatorios de 20 minutos empezando en la puerta del espacio expositivo. En cada intersecci\u00f3n la direcci\u00f3n que seguir est\u00e1 determinada echando un dado. El resultado se materializa con seis esculturas de madera pintada.<\/p>\n<p><iframe loading=\"lazy\" src=\"https:\/\/www.youtube.com\/embed\/QVo9WurrWoM?rel=0\" allowfullscreen=\"allowfullscreen\" width=\"700\" height=\"393\" frameborder=\"0\"><span style=\"display: inline-block; width: 0px; overflow: hidden; line-height: 0;\" data-mce-type=\"bookmark\" class=\"mce_SELRES_start\">\ufeff<\/span><\/iframe><\/p>\nngg_shortcode_6_placeholder\n<h2><em>RUFO<\/em><em><br \/>\n<\/em><\/h2>\n<p>Se pasea una pintura por la ciudad con la cara pintada arrastrandose en el suelo. El recorrido, haciendo un bucle por la ciudad, es determinado de antemano. La tabla es expuesta tal cual con un mapa mostrando los detalles del trayecto.<\/p>\n<p><iframe loading=\"lazy\" src=\"https:\/\/www.youtube.com\/embed\/2u9kjTBETfk?rel=0\" allowfullscreen=\"allowfullscreen\" width=\"700\" height=\"393\" frameborder=\"0\"><\/iframe><\/p>\n<p><iframe loading=\"lazy\" src=\"https:\/\/www.youtube.com\/embed\/YS0ex2aQ_sc?rel=0\" allowfullscreen=\"allowfullscreen\" width=\"700\" height=\"393\" frameborder=\"0\"><\/iframe><\/p>\nngg_shortcode_7_placeholder\n<h2><em>G.A.S<\/em><em><br \/>\n<\/em><\/h2>\n<p>Sistema de impresi\u00f3n en el suelo aprovechando los movimientos de la calle. Cada grabado es expuesto al tr\u00e1fico durante al m\u00ednimo una hora.<\/p>\n<p><iframe loading=\"lazy\" src=\"https:\/\/www.youtube.com\/embed\/xbZ57IC5fbw?rel=0\" allowfullscreen=\"allowfullscreen\" width=\"700\" height=\"393\" frameborder=\"0\"><\/iframe><\/p>\nngg_shortcode_8_placeholder\n<p>&nbsp;<\/p>\n<p>Fotos : Eric Surmont et Eltono<br \/>\nV\u00eddeos : Victor Thir\u00e9<\/p>\n<p>&nbsp;<\/p>","protected":false},"excerpt":{"rendered":"<p>Le Pilori espacio de artes visuales Place du Pilori, Niort, Francia 27 de septiembre \u2013 10 de noviembre 2017 Exposici\u00f3n organizada dentro del marco del festival Le 4e mur por Winterlong galerie. Artistas invitados: Jeroen Jongeleen y Eltono www.winterlong-galerie.com D\u00e9tours Seis itinerarios aleatorios de 20 minutos empezando en la puerta del espacio expositivo. En cada &hellip; <a href=\"https:\/\/www.eltono.com\/es\/exhibitions\/la-ville-et-le-mouvement\/\" class=\"more-link\">Continue reading <span class=\"screen-reader-text\">La ville et le mouvement<\/span><\/a><\/p>\n","protected":false},"author":1,"featured_media":18583,"parent":9,"menu_order":0,"comment_status":"closed","ping_status":"closed","template":"","meta":{"ngg_post_thumbnail":0,"jetpack_post_was_ever_published":false,"footnotes":""},"categories":[303,3,270,261],"tags":[],"class_list":["post-18575","page","type-page","status-publish","has-post-thumbnail","hentry","category-303","category-exhibitions","category-page_collective_show","category-page_expo"],"jetpack_sharing_enabled":true,"jetpack_shortlink":"https:\/\/wp.me\/P7sWFx-4PB","_links":{"self":[{"href":"https:\/\/www.eltono.com\/es\/wp-json\/wp\/v2\/pages\/18575","targetHints":{"allow":["GET"]}}],"collection":[{"href":"https:\/\/www.eltono.com\/es\/wp-json\/wp\/v2\/pages"}],"about":[{"href":"https:\/\/www.eltono.com\/es\/wp-json\/wp\/v2\/types\/page"}],"author":[{"embeddable":true,"href":"https:\/\/www.eltono.com\/es\/wp-json\/wp\/v2\/users\/1"}],"replies":[{"embeddable":true,"href":"https:\/\/www.eltono.com\/es\/wp-json\/wp\/v2\/comments?post=18575"}],"version-history":[{"count":35,"href":"https:\/\/www.eltono.com\/es\/wp-json\/wp\/v2\/pages\/18575\/revisions"}],"predecessor-version":[{"id":21534,"href":"https:\/\/www.eltono.com\/es\/wp-json\/wp\/v2\/pages\/18575\/revisions\/21534"}],"up":[{"embeddable":true,"href":"https:\/\/www.eltono.com\/es\/wp-json\/wp\/v2\/pages\/9"}],"wp:featuredmedia":[{"embeddable":true,"href":"https:\/\/www.eltono.com\/es\/wp-json\/wp\/v2\/media\/18583"}],"wp:attachment":[{"href":"https:\/\/www.eltono.com\/es\/wp-json\/wp\/v2\/media?parent=18575"}],"wp:term":[{"taxonomy":"category","embeddable":true,"href":"https:\/\/www.eltono.com\/es\/wp-json\/wp\/v2\/categories?post=18575"},{"taxonomy":"post_tag","embeddable":true,"href":"https:\/\/www.eltono.com\/es\/wp-json\/wp\/v2\/tags?post=18575"}],"curies":[{"name":"wp","href":"https:\/\/api.w.org\/{rel}","templated":true}]}}