{"id":19334,"date":"2019-03-06T18:13:10","date_gmt":"2019-03-06T16:13:10","guid":{"rendered":"http:\/\/www.eltono.com\/?page_id=19334"},"modified":"2024-11-08T09:21:41","modified_gmt":"2024-11-08T08:21:41","slug":"funambuls","status":"publish","type":"page","link":"https:\/\/www.eltono.com\/es\/exhibitions\/solo\/funambuls\/","title":{"rendered":"Funambuls"},"content":{"rendered":"<p><strong>Casal Solleric<\/strong><br \/>\nPasseig del Born 27, Palma de Mallorca, Espa\u00f1a<br \/>\nAbril 2018<\/p>\n<p>Comisariado por <a href=\"https:\/\/www.jordip.com\/\" target=\"_blank\" rel=\"noopener noreferrer\">Jordi Pallar\u00e8s<\/a><\/p>\n<p><a href=\"https:\/\/www.eltono.com\/wp-content\/uploads\/2019\/03\/Eltono-funambuls-Expo01.jpg\"><img loading=\"lazy\" decoding=\"async\" data-attachment-id=\"19565\" data-permalink=\"https:\/\/www.eltono.com\/es\/exhibitions\/solo\/funambuls\/eltono-funambuls-expo01\/\" data-orig-file=\"https:\/\/www.eltono.com\/wp-content\/uploads\/2019\/03\/Eltono-funambuls-Expo01.jpg\" data-orig-size=\"2000,1335\" data-comments-opened=\"0\" data-image-meta=\"{&quot;aperture&quot;:&quot;4&quot;,&quot;credit&quot;:&quot;&quot;,&quot;camera&quot;:&quot;ILCE-7R&quot;,&quot;caption&quot;:&quot;&quot;,&quot;created_timestamp&quot;:&quot;1524246605&quot;,&quot;copyright&quot;:&quot;&quot;,&quot;focal_length&quot;:&quot;24&quot;,&quot;iso&quot;:&quot;100&quot;,&quot;shutter_speed&quot;:&quot;0.125&quot;,&quot;title&quot;:&quot;&quot;,&quot;orientation&quot;:&quot;1&quot;}\" data-image-title=\"Eltono-funambuls-Expo01\" data-image-description=\"\" data-image-caption=\"\" data-medium-file=\"https:\/\/www.eltono.com\/wp-content\/uploads\/2019\/03\/Eltono-funambuls-Expo01-300x200.jpg\" data-large-file=\"https:\/\/www.eltono.com\/wp-content\/uploads\/2019\/03\/Eltono-funambuls-Expo01-700x467.jpg\" class=\"alignleft size-full wp-image-19565\" src=\"https:\/\/www.eltono.com\/wp-content\/uploads\/2019\/03\/Eltono-funambuls-Expo01.jpg\" alt=\"\" width=\"2000\" height=\"1335\" srcset=\"https:\/\/www.eltono.com\/wp-content\/uploads\/2019\/03\/Eltono-funambuls-Expo01.jpg 2000w, https:\/\/www.eltono.com\/wp-content\/uploads\/2019\/03\/Eltono-funambuls-Expo01-350x234.jpg 350w, https:\/\/www.eltono.com\/wp-content\/uploads\/2019\/03\/Eltono-funambuls-Expo01-300x200.jpg 300w, https:\/\/www.eltono.com\/wp-content\/uploads\/2019\/03\/Eltono-funambuls-Expo01-700x467.jpg 700w\" sizes=\"auto, (max-width: 2000px) 100vw, 2000px\" \/><\/a><\/p>\n<p><iframe loading=\"lazy\" src=\"https:\/\/www.youtube.com\/embed\/kjuNzGMqms0\" width=\"700\" height=\"394\" frameborder=\"0\" allowfullscreen=\"allowfullscreen\"><\/iframe><\/p>\n<h3><strong><em>Molduras<\/em><\/strong>:<\/h3>\n<p>Palma est\u00e1 llena de elementos arquitect\u00f3nicos y decorativos interesantes y peculiares. El artista selecciona unos cuantos para reproducir el espacio que generan, recortando tridimensionalmente estos fragmentos geom\u00e9tricos en negativo. Se trata de formas que podr\u00edamos repasar y reconocer perfectamente con el dedo. Molduras de madera que \u00e9l nos obliga a localizar y a encajar mientras detectamos otras. Una mirada diferente sobre la est\u00e9tica de la propia ciudad.<\/p>\nngg_shortcode_6_placeholder\n<h3><em><strong>Roces<\/strong><\/em>:<\/h3>\n<p>Una de las calles m\u00e1s estrechas de la ciudad ha sido intervenida por el artista. Azul, rojo y verde. Los participantes tienen que encontrarla, rozar con una mochila negra sus espaldas, e impregnarse de esos colores. Un polvo que ellos mismos liberar\u00e1n de inmediato en las paredes del espacio expositivo con otro roce corporal. Un ejercicio de carga y descarga en el que el contacto del cuerpo con la pared nos conecta con la actividad de la ciudad y determina unos rastros que hablan de nuestra presencia en ella. Una sutil \u201cpolinizaci\u00f3n\u201d colectiva que, m\u00e1s all\u00e1 de su posible accidentalidad, quiere eliminar fronteras entre el dentro y el fuera mientras nos resit\u00faa respecto a los dem\u00e1s y a lo que tenemos a nuestras espaldas.<\/p>\nngg_shortcode_7_placeholder\n<h3><em><strong>Deambulaciones aleatorias:<\/strong><\/em><\/h3>\n<p>Mediante la tirada de un dado se puede recorrer la ciudad de manera aleatoria. El azar nos lleva por calles que no siempre reconocemos mientras jugamos y vamos trazando sobre un mapa el recorrido resultante. Absurdas e insistentes, abiertas o cerradas, se trata de l\u00edneas quebradas que muestran nuestra actividad cuando ejercemos de funambulistas. Trazados geom\u00e9tricos irregulares que, ampliando su escala, son reubicados y reinterpretados por el artista en el espacio expositivo.<\/p>\nngg_shortcode_8_placeholder\n<h3><em><strong>Petroglifos<\/strong><\/em>:<\/h3>\n<p>Mediante pistas, se trata de localizar im\u00e1genes o signos que otros han dejado gravados en la piedra de les paredes. Una piedra calcarenita propia de las Islas Baleares que registra todo tipo de intervenciones y las erosiones del paso del tiempo. Unas paredes en las que sugerentes rastros an\u00f3nimos son detectados y reproducidos sobre papel. Una actividad que permite descubrir incisiones a modo de huellas, acumuladas por aquellos y aquellas que han coincidido en el mismo lugar m\u00e1s all\u00e1 del tiempo.<\/p>\nngg_shortcode_9_placeholder\n<h3><em><strong>Tiral\u00edneas<\/strong><\/em>:<\/h3>\n<p>Esta actividad consiste en la elaboraci\u00f3n de un mural colectivo, generativo y tambi\u00e9n aleatorio de inciertas l\u00edneas rectas. Utilizando el tiral\u00edneas como herramienta cl\u00e1sica usada en la construcci\u00f3n, cada participante traza una l\u00ednea resultado de la uni\u00f3n de las coordenadas de dos puntos. El azar de los dados elige la longitud y la inclinaci\u00f3n de cada una de las l\u00edneas mediante un latigazo azul de este pigmento hist\u00f3rico impregnado en el hilo. El mismo azulete con el que se blanquea la ropa. Distancias personalizadas que se trazan en tensi\u00f3n, susceptibles de ser devueltas a la calle.<\/p>\nngg_shortcode_10_placeholder\n<h3>Vistas de la exposici\u00f3n:<\/h3>\nngg_shortcode_11_placeholder\n<p>Fotos: Jordi Pallar\u00e8s, Yago Marqu\u00e9s y Eltono<br \/>\nDise\u00f1o gr\u00e1fico: Javier Siquier<\/p>","protected":false},"excerpt":{"rendered":"<p>Casal Solleric Passeig del Born 27, Palma de Mallorca, Espa\u00f1a Abril 2018 Comisariado por Jordi Pallar\u00e8s Molduras: Palma est\u00e1 llena de elementos arquitect\u00f3nicos y decorativos interesantes y peculiares. El artista selecciona unos cuantos para reproducir el espacio que generan, recortando tridimensionalmente estos fragmentos geom\u00e9tricos en negativo. Se trata de formas que podr\u00edamos repasar y reconocer &hellip; <a href=\"https:\/\/www.eltono.com\/es\/exhibitions\/solo\/funambuls\/\" class=\"more-link\">Continue reading <span class=\"screen-reader-text\">Funambuls<\/span><\/a><\/p>\n","protected":false},"author":1,"featured_media":19413,"parent":13432,"menu_order":0,"comment_status":"closed","ping_status":"closed","template":"","meta":{"ngg_post_thumbnail":0,"jetpack_post_was_ever_published":false,"footnotes":""},"categories":[308,3,5,261,266,264],"tags":[],"class_list":["post-19334","page","type-page","status-publish","has-post-thumbnail","hentry","category-308","category-exhibitions","category-interventions","category-page_expo","category-page_outdoor","category-page_solo_show"],"jetpack_sharing_enabled":true,"jetpack_shortlink":"https:\/\/wp.me\/P7sWFx-51Q","_links":{"self":[{"href":"https:\/\/www.eltono.com\/es\/wp-json\/wp\/v2\/pages\/19334","targetHints":{"allow":["GET"]}}],"collection":[{"href":"https:\/\/www.eltono.com\/es\/wp-json\/wp\/v2\/pages"}],"about":[{"href":"https:\/\/www.eltono.com\/es\/wp-json\/wp\/v2\/types\/page"}],"author":[{"embeddable":true,"href":"https:\/\/www.eltono.com\/es\/wp-json\/wp\/v2\/users\/1"}],"replies":[{"embeddable":true,"href":"https:\/\/www.eltono.com\/es\/wp-json\/wp\/v2\/comments?post=19334"}],"version-history":[{"count":28,"href":"https:\/\/www.eltono.com\/es\/wp-json\/wp\/v2\/pages\/19334\/revisions"}],"predecessor-version":[{"id":24122,"href":"https:\/\/www.eltono.com\/es\/wp-json\/wp\/v2\/pages\/19334\/revisions\/24122"}],"up":[{"embeddable":true,"href":"https:\/\/www.eltono.com\/es\/wp-json\/wp\/v2\/pages\/13432"}],"wp:featuredmedia":[{"embeddable":true,"href":"https:\/\/www.eltono.com\/es\/wp-json\/wp\/v2\/media\/19413"}],"wp:attachment":[{"href":"https:\/\/www.eltono.com\/es\/wp-json\/wp\/v2\/media?parent=19334"}],"wp:term":[{"taxonomy":"category","embeddable":true,"href":"https:\/\/www.eltono.com\/es\/wp-json\/wp\/v2\/categories?post=19334"},{"taxonomy":"post_tag","embeddable":true,"href":"https:\/\/www.eltono.com\/es\/wp-json\/wp\/v2\/tags?post=19334"}],"curies":[{"name":"wp","href":"https:\/\/api.w.org\/{rel}","templated":true}]}}