{"id":19575,"date":"2019-03-13T18:32:27","date_gmt":"2019-03-13T16:32:27","guid":{"rendered":"http:\/\/www.eltono.com\/?page_id=19575"},"modified":"2020-11-15T12:02:51","modified_gmt":"2020-11-15T10:02:51","slug":"corners-off-society","status":"publish","type":"page","link":"https:\/\/www.eltono.com\/es\/exhibitions\/corners-off-society\/","title":{"rendered":"Corners of(f) Society"},"content":{"rendered":"<p><strong>Colab Gallery<\/strong><br \/>\n<span class=\"_Xbe\">Weil am Rhein, Alemania<\/span><br \/>\nNoviembre 2018 \u2013 abril 2019<\/p>\n<p>Proyecto en colaboraci\u00f3n con <a href=\"https:\/\/www.instagram.com\/luceabc\/\" target=\"_blank\" rel=\"noopener noreferrer\">Luce<\/a><\/p>\n<p>Comisariado por Daniel K<span class=\"st\">\u00fc<\/span>nzler<\/p>\n<p><a href=\"https:\/\/colab-gallery.com\/\" target=\"_blank\" rel=\"noopener noreferrer\">www.colab-gallery.com<\/a><\/p>\n<p>Despu\u00e9s de nuestra primera <a href=\"http:\/\/www.eltono.com\/exhibitions\/solo\/lugares-comunes\/\">colaboraci\u00f3n en 2015<\/a> que estaba enfocada en la idea del periscopio y de la posibilidad de ver a trav\u00e9s de las paredes, volvimos a retomar el asunto con artilugios m\u00e1s port\u00e1tiles y nuevos dise\u00f1os para experimentar con ellos en diferentes situaciones por la ciudad. Los objetos fueron mostrados acompa\u00f1ados con fotos de las acciones que completamos con ellos.<\/p>\n<h2><em>Periscopios<\/em><em><br \/>\n<\/em><\/h2>\nngg_shortcode_2_placeholder\n<p>&nbsp;<\/p>\n<p>Texto del comisario (en ingl\u00e9s):<\/p>\n<p>On 24th November 2018, the Colab Gallery will openned its doors for the group exhibition \u201cCorners Of(f) Society\u201d, featuring seven international artists that work with, around and in urban areas.<\/p>\n<p>We would like to ask visitors the question how and why places function, and which impact the geographical environment has on perception and behavior. If you have, e.g., several possibilities to reach a supermarket, you would choose a certain route according to your mood.<\/p>\n<p>During your daily life, you efficiently choose the shortest way, that unfortunately leads along a noisy, four-lane road. Then again, you deliberately look for a route, that leads you away from the actual place of destination taking you to interesting places, an abandoned house, an open terrain or a park at the city\u2019s\u00b4 outskirts. However, losing your orientation and just strolling along, can also be seen as something positive, something that triggers your thirst for adventure and allows unexpected things to happen. Every one of us has his daily rituals, that are not only determined by functionality.<\/p>\n<p>You can tell stories about some places, others you will seek because you feel comfortable there or because you are striving for a certain mood, or because the atmosphere and aura there bring back memories. Wandering around means getting lost, being active, collecting things you find in the street, getting onto a metro, the next bus and climbing out somewhere else, having deleted the common reason for getting from A to B. It means actively soaking up the terrain, the people, the animals or the trash in the streets. Without perspectives and intention, there is more to discover.<\/p>\n<p>The participating artists show with alert eyes aesthetic glances of cities, peripheries, and surprising encounters. We are looking forward to present the works of Relfy (Can), Cyop &amp; Kaf (It), Swampy (Usa), Bruno Rodrigues &amp; F\u00e1bio Vieira (Bra), Road Dogs (Fr), Raskalov &amp; Makhorov (Rus), LUCE &amp; Eltono (Es).<\/p>\n<p>Muchas gracias a Danny, K100, Marc y a todo el equipo de Colab.<\/p>","protected":false},"excerpt":{"rendered":"<p>Colab Gallery Weil am Rhein, Alemania Noviembre 2018 \u2013 abril 2019 Proyecto en colaboraci\u00f3n con Luce Comisariado por Daniel K\u00fcnzler www.colab-gallery.com Despu\u00e9s de nuestra primera colaboraci\u00f3n en 2015 que estaba enfocada en la idea del periscopio y de la posibilidad de ver a trav\u00e9s de las paredes, volvimos a retomar el asunto con artilugios m\u00e1s &hellip; <a href=\"https:\/\/www.eltono.com\/es\/exhibitions\/corners-off-society\/\" class=\"more-link\">Continue reading <span class=\"screen-reader-text\">Corners of(f) Society<\/span><\/a><\/p>\n","protected":false},"author":1,"featured_media":19656,"parent":9,"menu_order":0,"comment_status":"closed","ping_status":"closed","template":"","meta":{"ngg_post_thumbnail":0,"jetpack_post_was_ever_published":false,"footnotes":""},"categories":[308,3,270,261,272],"tags":[],"class_list":["post-19575","page","type-page","status-publish","has-post-thumbnail","hentry","category-308","category-exhibitions","category-page_collective_show","category-page_expo","category-page_project"],"jetpack_sharing_enabled":true,"jetpack_shortlink":"https:\/\/wp.me\/P7sWFx-55J","_links":{"self":[{"href":"https:\/\/www.eltono.com\/es\/wp-json\/wp\/v2\/pages\/19575","targetHints":{"allow":["GET"]}}],"collection":[{"href":"https:\/\/www.eltono.com\/es\/wp-json\/wp\/v2\/pages"}],"about":[{"href":"https:\/\/www.eltono.com\/es\/wp-json\/wp\/v2\/types\/page"}],"author":[{"embeddable":true,"href":"https:\/\/www.eltono.com\/es\/wp-json\/wp\/v2\/users\/1"}],"replies":[{"embeddable":true,"href":"https:\/\/www.eltono.com\/es\/wp-json\/wp\/v2\/comments?post=19575"}],"version-history":[{"count":18,"href":"https:\/\/www.eltono.com\/es\/wp-json\/wp\/v2\/pages\/19575\/revisions"}],"predecessor-version":[{"id":21306,"href":"https:\/\/www.eltono.com\/es\/wp-json\/wp\/v2\/pages\/19575\/revisions\/21306"}],"up":[{"embeddable":true,"href":"https:\/\/www.eltono.com\/es\/wp-json\/wp\/v2\/pages\/9"}],"wp:featuredmedia":[{"embeddable":true,"href":"https:\/\/www.eltono.com\/es\/wp-json\/wp\/v2\/media\/19656"}],"wp:attachment":[{"href":"https:\/\/www.eltono.com\/es\/wp-json\/wp\/v2\/media?parent=19575"}],"wp:term":[{"taxonomy":"category","embeddable":true,"href":"https:\/\/www.eltono.com\/es\/wp-json\/wp\/v2\/categories?post=19575"},{"taxonomy":"post_tag","embeddable":true,"href":"https:\/\/www.eltono.com\/es\/wp-json\/wp\/v2\/tags?post=19575"}],"curies":[{"name":"wp","href":"https:\/\/api.w.org\/{rel}","templated":true}]}}