{"id":20042,"date":"2019-09-02T15:41:21","date_gmt":"2019-09-02T13:41:21","guid":{"rendered":"http:\/\/www.eltono.com\/?page_id=20042"},"modified":"2020-11-15T11:51:27","modified_gmt":"2020-11-15T09:51:27","slug":"meseta","status":"publish","type":"page","link":"https:\/\/www.eltono.com\/es\/murals\/meseta\/","title":{"rendered":"Meseta"},"content":{"rendered":"<p><strong>Pintura mural monumental<br \/>\n<\/strong>Colectivo art\u00edstico <a href=\"http:\/\/www.equipoplastico.com\" target=\"_blank\" rel=\"noopener noreferrer\"><strong>Equipo Pl\u00e1stico<\/strong><\/a><br \/>\nManzanares, Ciudad Real, Espa\u00f1a<br \/>\nJulio 2019<\/p>\n<p>Obra realizada dentro del marco del proyecto <a href=\"https:\/\/iamtitanes.com\/\" target=\"_blank\" rel=\"noopener noreferrer\">Titanes<\/a> organizado por Ink and Movement, Laborval\u00eda y la Diputaci\u00f3n de Ciudad Real.<\/p>\n<p>ngg_shortcode_2_placeholder<\/p>","protected":false},"excerpt":{"rendered":"<p>Pintura mural monumental Colectivo art\u00edstico Equipo Pl\u00e1stico Manzanares, Ciudad Real, Espa\u00f1a Julio 2019 Obra realizada dentro del marco del proyecto Titanes organizado por Ink and Movement, Laborval\u00eda y la Diputaci\u00f3n de Ciudad Real.<\/p>\n","protected":false},"author":1,"featured_media":20082,"parent":13155,"menu_order":0,"comment_status":"closed","ping_status":"closed","template":"","meta":{"ngg_post_thumbnail":0,"jetpack_post_was_ever_published":false,"footnotes":""},"categories":[309,271,112,260,266],"tags":[],"class_list":["post-20042","page","type-page","status-publish","has-post-thumbnail","hentry","category-309","category-equipoplastico","category-mural","category-page_mural","category-page_outdoor"],"jetpack_sharing_enabled":true,"jetpack_shortlink":"https:\/\/wp.me\/P7sWFx-5dg","_links":{"self":[{"href":"https:\/\/www.eltono.com\/es\/wp-json\/wp\/v2\/pages\/20042","targetHints":{"allow":["GET"]}}],"collection":[{"href":"https:\/\/www.eltono.com\/es\/wp-json\/wp\/v2\/pages"}],"about":[{"href":"https:\/\/www.eltono.com\/es\/wp-json\/wp\/v2\/types\/page"}],"author":[{"embeddable":true,"href":"https:\/\/www.eltono.com\/es\/wp-json\/wp\/v2\/users\/1"}],"replies":[{"embeddable":true,"href":"https:\/\/www.eltono.com\/es\/wp-json\/wp\/v2\/comments?post=20042"}],"version-history":[{"count":3,"href":"https:\/\/www.eltono.com\/es\/wp-json\/wp\/v2\/pages\/20042\/revisions"}],"predecessor-version":[{"id":20050,"href":"https:\/\/www.eltono.com\/es\/wp-json\/wp\/v2\/pages\/20042\/revisions\/20050"}],"up":[{"embeddable":true,"href":"https:\/\/www.eltono.com\/es\/wp-json\/wp\/v2\/pages\/13155"}],"wp:featuredmedia":[{"embeddable":true,"href":"https:\/\/www.eltono.com\/es\/wp-json\/wp\/v2\/media\/20082"}],"wp:attachment":[{"href":"https:\/\/www.eltono.com\/es\/wp-json\/wp\/v2\/media?parent=20042"}],"wp:term":[{"taxonomy":"category","embeddable":true,"href":"https:\/\/www.eltono.com\/es\/wp-json\/wp\/v2\/categories?post=20042"},{"taxonomy":"post_tag","embeddable":true,"href":"https:\/\/www.eltono.com\/es\/wp-json\/wp\/v2\/tags?post=20042"}],"curies":[{"name":"wp","href":"https:\/\/api.w.org\/{rel}","templated":true}]}}