{"id":20660,"date":"2020-05-06T21:51:50","date_gmt":"2020-05-06T19:51:50","guid":{"rendered":"http:\/\/www.eltono.com\/?page_id=20660"},"modified":"2023-02-09T15:07:21","modified_gmt":"2023-02-09T14:07:21","slug":"1km","status":"publish","type":"page","link":"https:\/\/www.eltono.com\/es\/projects\/1km\/","title":{"rendered":"1 KM."},"content":{"rendered":"<p>El confinamiento para hacer frente a la crisis del COVID-19 en Francia ten\u00eda una regla que permit\u00eda <strong>\u201cdesplazamientos breves, en el limite de una hora al d\u00eda y en un radio m\u00e1ximo de un kil\u00f3metro alrededor del domicilio\u201d<\/strong> (<a href=\"https:\/\/www.eltono.com\/wp-content\/uploads\/2020\/05\/Attestation-de-deplacement-avant-11-05-2020-scaled.jpg\" target=\"_blank\" rel=\"noopener noreferrer\">https:\/\/media.interieur.gouv.fr\/deplacement-covid-19\/<\/a>).<\/p>\n<p>Siguiendo esa regla, he trazado en un mapa un circulo de un kil\u00f3metro de radio alrededor de mi casa y he decidido caminar todas las rutas posibles que permiten llegar a ese limite impuesto. En el lugar donde se cruzaba mi camino con esa frontera, dibujaba en el suelo la linea del circulo. Una vez trazado ese limite legal del alcance de mis movimientos, me daba la vuelta para volver a casa antes de que pase el limite legal de una hora.<\/p>\n<p>El resultado son fragmentos de un c\u00edrculo delimitando mi frontera personal. La distancia estando definida por la posici\u00f3n de cada domicilio, a cada persona le toca una frontera diferente. Mi meta era de transitar todos los caminos p\u00fablicos posibles para llegar a esa frontera intangible y desde all\u00ed contemplar ese m\u00e1s all\u00e1 temporalmente inaccesible.<\/p>\n<p>Termin\u00e9 el proyecto <em><strong>1 KM.<\/strong><\/em> el d\u00eda 10 de mayo de 2020, un d\u00eda antes del final del confinamiento en Francia. He alcanzado 21 puntos fronterizos y recorrido m\u00e1s de sesenta kil\u00f3metros en total.<\/p>\n<p>Una amplia documentaci\u00f3n est\u00e1 disponible a continuaci\u00f3n. Puedes hacer clic en las im\u00e1genes para verlas m\u00e1s grande.<\/p>\n<p><a href=\"https:\/\/www.eltono.com\/wp-content\/uploads\/2020\/05\/Eltono-1KM-01.jpg\"><img loading=\"lazy\" decoding=\"async\" data-attachment-id=\"20662\" data-permalink=\"https:\/\/www.eltono.com\/es\/projects\/1km\/eltono-1km-01\/\" data-orig-file=\"https:\/\/www.eltono.com\/wp-content\/uploads\/2020\/05\/Eltono-1KM-01.jpg\" data-orig-size=\"2000,1125\" data-comments-opened=\"0\" data-image-meta=\"{&quot;aperture&quot;:&quot;0&quot;,&quot;credit&quot;:&quot;&quot;,&quot;camera&quot;:&quot;&quot;,&quot;caption&quot;:&quot;&quot;,&quot;created_timestamp&quot;:&quot;0&quot;,&quot;copyright&quot;:&quot;&quot;,&quot;focal_length&quot;:&quot;0&quot;,&quot;iso&quot;:&quot;0&quot;,&quot;shutter_speed&quot;:&quot;0&quot;,&quot;title&quot;:&quot;&quot;,&quot;orientation&quot;:&quot;0&quot;}\" data-image-title=\"Eltono-1KM-01\" data-image-description=\"\" data-image-caption=\"\" data-medium-file=\"https:\/\/www.eltono.com\/wp-content\/uploads\/2020\/05\/Eltono-1KM-01-300x169.jpg\" data-large-file=\"https:\/\/www.eltono.com\/wp-content\/uploads\/2020\/05\/Eltono-1KM-01-700x394.jpg\" class=\"alignleft size-full wp-image-20662\" src=\"https:\/\/www.eltono.com\/wp-content\/uploads\/2020\/05\/Eltono-1KM-01.jpg\" alt=\"\" width=\"2000\" height=\"1125\" srcset=\"https:\/\/www.eltono.com\/wp-content\/uploads\/2020\/05\/Eltono-1KM-01.jpg 2000w, https:\/\/www.eltono.com\/wp-content\/uploads\/2020\/05\/Eltono-1KM-01-300x169.jpg 300w, https:\/\/www.eltono.com\/wp-content\/uploads\/2020\/05\/Eltono-1KM-01-700x394.jpg 700w, https:\/\/www.eltono.com\/wp-content\/uploads\/2020\/05\/Eltono-1KM-01-1536x864.jpg 1536w, https:\/\/www.eltono.com\/wp-content\/uploads\/2020\/05\/Eltono-1KM-01-350x197.jpg 350w\" sizes=\"auto, (max-width: 2000px) 100vw, 2000px\" \/><\/a><br \/>\n<a href=\"https:\/\/www.eltono.com\/wp-content\/uploads\/2020\/05\/Eltono-1KM-Parcours-1.jpg\"><img loading=\"lazy\" decoding=\"async\" data-attachment-id=\"20912\" data-permalink=\"https:\/\/www.eltono.com\/es\/projects\/1km\/eltono-1km-parcours-2\/\" data-orig-file=\"https:\/\/www.eltono.com\/wp-content\/uploads\/2020\/05\/Eltono-1KM-Parcours-1.jpg\" data-orig-size=\"2000,2000\" data-comments-opened=\"0\" data-image-meta=\"{&quot;aperture&quot;:&quot;0&quot;,&quot;credit&quot;:&quot;&quot;,&quot;camera&quot;:&quot;&quot;,&quot;caption&quot;:&quot;&quot;,&quot;created_timestamp&quot;:&quot;0&quot;,&quot;copyright&quot;:&quot;&quot;,&quot;focal_length&quot;:&quot;0&quot;,&quot;iso&quot;:&quot;0&quot;,&quot;shutter_speed&quot;:&quot;0&quot;,&quot;title&quot;:&quot;&quot;,&quot;orientation&quot;:&quot;0&quot;}\" data-image-title=\"Eltono-1KM-Parcours\" data-image-description=\"\" data-image-caption=\"\" data-medium-file=\"https:\/\/www.eltono.com\/wp-content\/uploads\/2020\/05\/Eltono-1KM-Parcours-1-300x300.jpg\" data-large-file=\"https:\/\/www.eltono.com\/wp-content\/uploads\/2020\/05\/Eltono-1KM-Parcours-1-700x700.jpg\" class=\"alignleft wp-image-20912 size-full\" src=\"https:\/\/www.eltono.com\/wp-content\/uploads\/2020\/05\/Eltono-1KM-Parcours-1.jpg\" alt=\"\" width=\"2000\" height=\"2000\" srcset=\"https:\/\/www.eltono.com\/wp-content\/uploads\/2020\/05\/Eltono-1KM-Parcours-1.jpg 2000w, https:\/\/www.eltono.com\/wp-content\/uploads\/2020\/05\/Eltono-1KM-Parcours-1-300x300.jpg 300w, https:\/\/www.eltono.com\/wp-content\/uploads\/2020\/05\/Eltono-1KM-Parcours-1-700x700.jpg 700w, https:\/\/www.eltono.com\/wp-content\/uploads\/2020\/05\/Eltono-1KM-Parcours-1-1536x1536.jpg 1536w, https:\/\/www.eltono.com\/wp-content\/uploads\/2020\/05\/Eltono-1KM-Parcours-1-350x350.jpg 350w, https:\/\/www.eltono.com\/wp-content\/uploads\/2020\/05\/Eltono-1KM-Parcours-1-100x100.jpg 100w\" sizes=\"auto, (max-width: 2000px) 100vw, 2000px\" \/><\/a><br \/>\n<a href=\"https:\/\/www.eltono.com\/wp-content\/uploads\/2020\/05\/Eltono-1KM-02-1.jpg\"><img loading=\"lazy\" decoding=\"async\" data-attachment-id=\"20936\" data-permalink=\"https:\/\/www.eltono.com\/es\/projects\/1km\/eltono-1km-02-2\/\" data-orig-file=\"https:\/\/www.eltono.com\/wp-content\/uploads\/2020\/05\/Eltono-1KM-02-1.jpg\" data-orig-size=\"1200,894\" data-comments-opened=\"0\" data-image-meta=\"{&quot;aperture&quot;:&quot;0&quot;,&quot;credit&quot;:&quot;&quot;,&quot;camera&quot;:&quot;&quot;,&quot;caption&quot;:&quot;&quot;,&quot;created_timestamp&quot;:&quot;0&quot;,&quot;copyright&quot;:&quot;&quot;,&quot;focal_length&quot;:&quot;0&quot;,&quot;iso&quot;:&quot;0&quot;,&quot;shutter_speed&quot;:&quot;0&quot;,&quot;title&quot;:&quot;&quot;,&quot;orientation&quot;:&quot;1&quot;}\" data-image-title=\"Eltono-1KM-02\" data-image-description=\"\" data-image-caption=\"\" data-medium-file=\"https:\/\/www.eltono.com\/wp-content\/uploads\/2020\/05\/Eltono-1KM-02-1-300x224.jpg\" data-large-file=\"https:\/\/www.eltono.com\/wp-content\/uploads\/2020\/05\/Eltono-1KM-02-1-700x522.jpg\" class=\"alignleft size-full wp-image-20936\" src=\"https:\/\/www.eltono.com\/wp-content\/uploads\/2020\/05\/Eltono-1KM-02-1.jpg\" alt=\"\" width=\"1200\" height=\"894\" srcset=\"https:\/\/www.eltono.com\/wp-content\/uploads\/2020\/05\/Eltono-1KM-02-1.jpg 1200w, https:\/\/www.eltono.com\/wp-content\/uploads\/2020\/05\/Eltono-1KM-02-1-300x224.jpg 300w, https:\/\/www.eltono.com\/wp-content\/uploads\/2020\/05\/Eltono-1KM-02-1-700x522.jpg 700w, https:\/\/www.eltono.com\/wp-content\/uploads\/2020\/05\/Eltono-1KM-02-1-350x261.jpg 350w\" sizes=\"auto, (max-width: 1200px) 100vw, 1200px\" \/><\/a><\/p>\nngg_shortcode_44_placeholder\n<h1>P1<\/h1>\n<p>Distancia desde el domicilio en linea recta: 1 km<br \/>\nDistancia desde el domicilio caminando: 1,4 km<br \/>\n36 minutos ida y vuelta<\/p>\nngg_shortcode_45_placeholder\n<h1>P2<\/h1>\n<p>Distancia desde el domicilio en linea recta: 1 km<br \/>\nDistancia desde el domicilio caminando: 1,3 km<br \/>\n32 minutos ida y vuelta<\/p>\nngg_shortcode_46_placeholder\n<h1>P3<\/h1>\n<p>Distancia desde el domicilio en linea recta: 1 km<br \/>\nDistancia desde el domicilio caminando: 1,7 km<br \/>\n44 minutos ida y vuelta<\/p>\nngg_shortcode_47_placeholder\n<h1>P4<\/h1>\n<p>Distancia desde el domicilio en linea recta: 1 km<br \/>\nDistancia desde el domicilio caminando: 1,3 km<br \/>\n32 minutos ida y vuelta<\/p>\nngg_shortcode_48_placeholder\n<h1>P5<\/h1>\n<p>Distancia desde el domicilio en linea recta: 1 km<br \/>\nDistancia desde el domicilio caminando: 1,5 km<br \/>\n44 minutos ida y vuelta<\/p>\nngg_shortcode_49_placeholder\n<h1>P6<\/h1>\n<p>Distancia desde el domicilio en linea recta: 1 km<br \/>\nDistancia desde el domicilio caminando: 1,2 km<br \/>\n38 minutos ida y vuelta<\/p>\nngg_shortcode_50_placeholder\n<h1>P7<\/h1>\n<p>Distancia desde el domicilio en linea recta: 1 km<br \/>\nDistancia desde el domicilio caminando: 1,4 km<br \/>\n44 minutos ida y vuelta<\/p>\nngg_shortcode_51_placeholder\n<h1>P8<\/h1>\n<p>Distancia desde el domicilio en linea recta: 1 km<br \/>\nDistancia desde el domicilio caminando: 1,5 km<br \/>\n46 minutos ida y vuelta<\/p>\nngg_shortcode_52_placeholder\n<h1>P9<\/h1>\n<p>Distancia desde el domicilio en linea recta: 1 km<br \/>\nDistancia desde el domicilio caminando: 1,6 km<br \/>\n46 minutos ida y vuelta<\/p>\nngg_shortcode_53_placeholder\n<h1>P10<\/h1>\n<p>Distancia desde el domicilio en linea recta: 1 km<br \/>\nDistancia desde el domicilio caminando: 1,7 km<br \/>\n44 minutos ida y vuelta<\/p>\nngg_shortcode_54_placeholder\n<h1>P11<\/h1>\n<p>Distancia desde el domicilio en linea recta: 1 km<br \/>\nDistancia desde el domicilio caminando: 1,7 km<br \/>\n42 minutos ida y vuelta<\/p>\nngg_shortcode_55_placeholder\n<h1>P12<\/h1>\n<p>Distancia desde el domicilio en linea recta: 1 km<br \/>\nDistancia desde el domicilio caminando: 1,6 km<br \/>\n42 minutos ida y vuelta<\/p>\nngg_shortcode_56_placeholder\n<h1>P13<\/h1>\n<p>Distancia desde el domicilio en linea recta: 1 km<br \/>\nDistancia desde el domicilio caminando: 2,1 km<br \/>\n50 minutos ida y vuelta<\/p>\nngg_shortcode_57_placeholder\n<h1>P14<\/h1>\n<p>Distancia desde el domicilio en linea recta: 1 km<br \/>\nDistancia desde el domicilio caminando: 1,6 km<br \/>\n42 minutos ida y vuelta<\/p>\nngg_shortcode_58_placeholder\n<h1>P15<\/h1>\n<p>Distancia desde el domicilio en linea recta: 1 km<br \/>\nDistancia desde el domicilio caminando: 1,4 km<br \/>\n36 minutos ida y vuelta<\/p>\nngg_shortcode_59_placeholder\n<h1>P16<\/h1>\n<p>Distancia desde el domicilio en linea recta: 1 km<br \/>\nDistancia desde el domicilio caminando: 1,3 km<br \/>\n35 minutos ida y vuelta<\/p>\nngg_shortcode_60_placeholder\n<h1>P17<\/h1>\n<p>Distancia desde el domicilio en linea recta: 1 km<br \/>\nDistancia desde el domicilio caminando: 1,4 km<br \/>\n34 minutos ida y vuelta<\/p>\nngg_shortcode_61_placeholder\n<h1>P18<\/h1>\n<p>Distancia desde el domicilio en linea recta: 1 km<br \/>\nDistancia desde el domicilio caminando: 1,8 km<br \/>\n45 minutos ida y vuelta<\/p>\nngg_shortcode_62_placeholder\n<h1>P19<\/h1>\n<p>Distancia desde el domicilio en linea recta: 1 km<br \/>\nDistancia desde el domicilio caminando: 1,7 km<br \/>\n38 minutos ida y vuelta<\/p>\nngg_shortcode_63_placeholder\n<h1>P20<\/h1>\n<p>Distancia desde el domicilio en linea recta: 1 km<br \/>\nDistancia desde el domicilio caminando: 2,1 km<br \/>\n52 minutos ida y vuelta<\/p>\nngg_shortcode_64_placeholder\n<h1>P21<\/h1>\n<p>Distancia desde el domicilio en linea recta: 1 km<br \/>\nDistancia desde el domicilio caminando: 1,4 km<br \/>\n36 minutos ida y vuelta<\/p>\n<p>ngg_shortcode_65_placeholder<\/p>","protected":false},"excerpt":{"rendered":"<p>El confinamiento para hacer frente a la crisis del COVID-19 en Francia ten\u00eda una regla que permit\u00eda \u201cdesplazamientos breves, en el limite de una hora al d\u00eda y en un radio m\u00e1ximo de un kil\u00f3metro alrededor del domicilio\u201d (https:\/\/media.interieur.gouv.fr\/deplacement-covid-19\/). Siguiendo esa regla, he trazado en un mapa un circulo de un kil\u00f3metro de radio alrededor &hellip; <a href=\"https:\/\/www.eltono.com\/es\/projects\/1km\/\" class=\"more-link\">Continue reading <span class=\"screen-reader-text\">1 KM.<\/span><\/a><\/p>\n","protected":false},"author":1,"featured_media":20749,"parent":5,"menu_order":0,"comment_status":"closed","ping_status":"closed","template":"","meta":{"ngg_post_thumbnail":0,"jetpack_post_was_ever_published":false,"footnotes":""},"categories":[336,266,272,7,341,306],"tags":[],"class_list":["post-20660","page","type-page","status-publish","has-post-thumbnail","hentry","category-336","category-page_outdoor","category-page_project","category-projects","category-top3","category-_actu"],"jetpack_sharing_enabled":true,"jetpack_shortlink":"https:\/\/wp.me\/P7sWFx-5ne","_links":{"self":[{"href":"https:\/\/www.eltono.com\/es\/wp-json\/wp\/v2\/pages\/20660","targetHints":{"allow":["GET"]}}],"collection":[{"href":"https:\/\/www.eltono.com\/es\/wp-json\/wp\/v2\/pages"}],"about":[{"href":"https:\/\/www.eltono.com\/es\/wp-json\/wp\/v2\/types\/page"}],"author":[{"embeddable":true,"href":"https:\/\/www.eltono.com\/es\/wp-json\/wp\/v2\/users\/1"}],"replies":[{"embeddable":true,"href":"https:\/\/www.eltono.com\/es\/wp-json\/wp\/v2\/comments?post=20660"}],"version-history":[{"count":83,"href":"https:\/\/www.eltono.com\/es\/wp-json\/wp\/v2\/pages\/20660\/revisions"}],"predecessor-version":[{"id":20991,"href":"https:\/\/www.eltono.com\/es\/wp-json\/wp\/v2\/pages\/20660\/revisions\/20991"}],"up":[{"embeddable":true,"href":"https:\/\/www.eltono.com\/es\/wp-json\/wp\/v2\/pages\/5"}],"wp:featuredmedia":[{"embeddable":true,"href":"https:\/\/www.eltono.com\/es\/wp-json\/wp\/v2\/media\/20749"}],"wp:attachment":[{"href":"https:\/\/www.eltono.com\/es\/wp-json\/wp\/v2\/media?parent=20660"}],"wp:term":[{"taxonomy":"category","embeddable":true,"href":"https:\/\/www.eltono.com\/es\/wp-json\/wp\/v2\/categories?post=20660"},{"taxonomy":"post_tag","embeddable":true,"href":"https:\/\/www.eltono.com\/es\/wp-json\/wp\/v2\/tags?post=20660"}],"curies":[{"name":"wp","href":"https:\/\/api.w.org\/{rel}","templated":true}]}}