{"id":21149,"date":"2020-08-23T18:39:02","date_gmt":"2020-08-23T16:39:02","guid":{"rendered":"https:\/\/www.eltono.com\/?page_id=21149"},"modified":"2021-02-07T15:19:05","modified_gmt":"2021-02-07T13:19:05","slug":"modo39","status":"publish","type":"page","link":"https:\/\/www.eltono.com\/es\/murals\/modo39\/","title":{"rendered":"Modo n.\u00ba39"},"content":{"rendered":"<p><strong>&#8220;10 kolommen&#8221; pintura mural generativa y participativa<\/strong><br \/>\nHeerlen, Pa\u00edses-Bajos<br \/>\nAgosto 2020<br \/>\n130 participantes<\/p>\n<p>Proyecto producido por la <strong>Fundaci\u00f3n Stichting Street Art<\/strong> y comisariado por <strong>Approved By Pablo<\/strong>.<\/p>\n<p>El edificio tiene 130 apartamentos. Despu\u00e9s de tomar las medidas de la pared y analizar la estructura del inmueble, encontr\u00e9 una forma f\u00e1cil y l\u00f3gica de dividir la fachada en 130 casillas. Antes de empezar a pintar, fuimos de puerta en puerta para invitar a los residentes a ejecutar un protocolo generativo para crear lo que ten\u00eda que ser pintado en cada casilla. Casi todas las 130 formas pintadas en la pared fueron generadas por residentes del propio edificio.<\/p>\n<p>Producci\u00f3n : Lars Ickenroth<br \/>\nAsistente : Dazetwo<br \/>\nFot\u00f3grafa : Sanne Gijsbers<\/p>\n<p>ngg_shortcode_2_placeholder<\/p>","protected":false},"excerpt":{"rendered":"<p>&#8220;10 kolommen&#8221; pintura mural generativa y participativa Heerlen, Pa\u00edses-Bajos Agosto 2020 130 participantes Proyecto producido por la Fundaci\u00f3n Stichting Street Art y comisariado por Approved By Pablo. El edificio tiene 130 apartamentos. Despu\u00e9s de tomar las medidas de la pared y analizar la estructura del inmueble, encontr\u00e9 una forma f\u00e1cil y l\u00f3gica de dividir la &hellip; <a href=\"https:\/\/www.eltono.com\/es\/murals\/modo39\/\" class=\"more-link\">Continue reading <span class=\"screen-reader-text\">Modo n.\u00ba39<\/span><\/a><\/p>\n","protected":false},"author":1,"featured_media":21162,"parent":13155,"menu_order":0,"comment_status":"closed","ping_status":"closed","template":"","meta":{"ngg_post_thumbnail":0,"jetpack_post_was_ever_published":false,"footnotes":""},"categories":[336,277,345,112,262,260,266,306],"tags":[],"class_list":["post-21149","page","type-page","status-publish","has-post-thumbnail","hentry","category-336","category-generative","category-modo","category-mural","category-page_automatic","category-page_mural","category-page_outdoor","category-_actu"],"jetpack_sharing_enabled":true,"jetpack_shortlink":"https:\/\/wp.me\/P7sWFx-5v7","_links":{"self":[{"href":"https:\/\/www.eltono.com\/es\/wp-json\/wp\/v2\/pages\/21149","targetHints":{"allow":["GET"]}}],"collection":[{"href":"https:\/\/www.eltono.com\/es\/wp-json\/wp\/v2\/pages"}],"about":[{"href":"https:\/\/www.eltono.com\/es\/wp-json\/wp\/v2\/types\/page"}],"author":[{"embeddable":true,"href":"https:\/\/www.eltono.com\/es\/wp-json\/wp\/v2\/users\/1"}],"replies":[{"embeddable":true,"href":"https:\/\/www.eltono.com\/es\/wp-json\/wp\/v2\/comments?post=21149"}],"version-history":[{"count":25,"href":"https:\/\/www.eltono.com\/es\/wp-json\/wp\/v2\/pages\/21149\/revisions"}],"predecessor-version":[{"id":21327,"href":"https:\/\/www.eltono.com\/es\/wp-json\/wp\/v2\/pages\/21149\/revisions\/21327"}],"up":[{"embeddable":true,"href":"https:\/\/www.eltono.com\/es\/wp-json\/wp\/v2\/pages\/13155"}],"wp:featuredmedia":[{"embeddable":true,"href":"https:\/\/www.eltono.com\/es\/wp-json\/wp\/v2\/media\/21162"}],"wp:attachment":[{"href":"https:\/\/www.eltono.com\/es\/wp-json\/wp\/v2\/media?parent=21149"}],"wp:term":[{"taxonomy":"category","embeddable":true,"href":"https:\/\/www.eltono.com\/es\/wp-json\/wp\/v2\/categories?post=21149"},{"taxonomy":"post_tag","embeddable":true,"href":"https:\/\/www.eltono.com\/es\/wp-json\/wp\/v2\/tags?post=21149"}],"curies":[{"name":"wp","href":"https:\/\/api.w.org\/{rel}","templated":true}]}}