{"id":21208,"date":"2018-03-06T22:55:09","date_gmt":"2018-03-06T20:55:09","guid":{"rendered":"https:\/\/www.eltono.com\/?page_id=21208"},"modified":"2021-01-03T01:43:12","modified_gmt":"2021-01-02T23:43:12","slug":"molduras","status":"publish","type":"page","link":"https:\/\/www.eltono.com\/es\/projects\/molduras\/","title":{"rendered":"Molduras"},"content":{"rendered":"<p><strong>Casal Solleric<\/strong><br \/>\nExposici\u00f3n individual <a href=\"https:\/\/www.eltono.com\/exhibitions\/solo\/funambuls\/\"><em><strong>Funambuls<\/strong><\/em><\/a><br \/>\nPalma de Mallorca, Espa\u00f1a<br \/>\nAbril 2018<\/p>\n<p>Palma est\u00e1 llena de elementos arquitect\u00f3nicos y decorativos interesantes y peculiares. El artista selecciona unos cuantos para reproducir el espacio que generan, recortando tridimensionalmente estos fragmentos geom\u00e9tricos en negativo. Se trata de formas que podr\u00edamos repasar y reconocer perfectamente con el dedo. Molduras de madera que \u00e9l nos obliga a localizar y a encajar mientras detectamos otras. Una mirada diferente sobre la est\u00e9tica de la propia ciudad.<\/p>\nngg_shortcode_2_placeholder\n<h3>&nbsp;<\/h3>\n<p><\/p>","protected":false},"excerpt":{"rendered":"<p>Casal Solleric Exposici\u00f3n individual Funambuls Palma de Mallorca, Espa\u00f1a Abril 2018 Palma est\u00e1 llena de elementos arquitect\u00f3nicos y decorativos interesantes y peculiares. El artista selecciona unos cuantos para reproducir el espacio que generan, recortando tridimensionalmente estos fragmentos geom\u00e9tricos en negativo. Se trata de formas que podr\u00edamos repasar y reconocer perfectamente con el dedo. Molduras de &hellip; <a href=\"https:\/\/www.eltono.com\/es\/projects\/molduras\/\" class=\"more-link\">Continue reading <span class=\"screen-reader-text\">Molduras<\/span><\/a><\/p>\n","protected":false},"author":1,"featured_media":19413,"parent":5,"menu_order":0,"comment_status":"closed","ping_status":"closed","template":"","meta":{"ngg_post_thumbnail":0,"jetpack_post_was_ever_published":false,"footnotes":""},"categories":[303,269,272,306],"tags":[],"class_list":["post-21208","page","type-page","status-publish","has-post-thumbnail","hentry","category-303","category-page_participatif","category-page_project","category-_actu"],"jetpack_sharing_enabled":true,"jetpack_shortlink":"https:\/\/wp.me\/P7sWFx-5w4","_links":{"self":[{"href":"https:\/\/www.eltono.com\/es\/wp-json\/wp\/v2\/pages\/21208","targetHints":{"allow":["GET"]}}],"collection":[{"href":"https:\/\/www.eltono.com\/es\/wp-json\/wp\/v2\/pages"}],"about":[{"href":"https:\/\/www.eltono.com\/es\/wp-json\/wp\/v2\/types\/page"}],"author":[{"embeddable":true,"href":"https:\/\/www.eltono.com\/es\/wp-json\/wp\/v2\/users\/1"}],"replies":[{"embeddable":true,"href":"https:\/\/www.eltono.com\/es\/wp-json\/wp\/v2\/comments?post=21208"}],"version-history":[{"count":17,"href":"https:\/\/www.eltono.com\/es\/wp-json\/wp\/v2\/pages\/21208\/revisions"}],"predecessor-version":[{"id":21535,"href":"https:\/\/www.eltono.com\/es\/wp-json\/wp\/v2\/pages\/21208\/revisions\/21535"}],"up":[{"embeddable":true,"href":"https:\/\/www.eltono.com\/es\/wp-json\/wp\/v2\/pages\/5"}],"wp:featuredmedia":[{"embeddable":true,"href":"https:\/\/www.eltono.com\/es\/wp-json\/wp\/v2\/media\/19413"}],"wp:attachment":[{"href":"https:\/\/www.eltono.com\/es\/wp-json\/wp\/v2\/media?parent=21208"}],"wp:term":[{"taxonomy":"category","embeddable":true,"href":"https:\/\/www.eltono.com\/es\/wp-json\/wp\/v2\/categories?post=21208"},{"taxonomy":"post_tag","embeddable":true,"href":"https:\/\/www.eltono.com\/es\/wp-json\/wp\/v2\/tags?post=21208"}],"curies":[{"name":"wp","href":"https:\/\/api.w.org\/{rel}","templated":true}]}}