{"id":21275,"date":"2017-09-19T10:51:24","date_gmt":"2017-09-19T08:51:24","guid":{"rendered":"https:\/\/www.eltono.com\/?page_id=21275"},"modified":"2020-11-15T20:15:24","modified_gmt":"2020-11-15T18:15:24","slug":"piedras-pintadas","status":"publish","type":"page","link":"https:\/\/www.eltono.com\/es\/projects\/piedras-pintadas\/","title":{"rendered":"Piedras pintadas"},"content":{"rendered":"<p><strong>SET Espai d\u2019Art<\/strong><br \/>\nExposici\u00f3n individual <a href=\"https:\/\/www.eltono.com\/exhibitions\/solo\/anomalias\/\"><strong><em>Anomal\u00edas<\/em><\/strong><\/a><br \/>\nValencia, Espa\u00f1a<br \/>\n15 de septiembre \u2013 11 de noviembre 2017<\/p>\n<p>He buscado piedras en las calles alrededor de la galer\u00eda. Encontr\u00e9 14. Para cada piedra he apuntado su lugar de encuentro exacto. Cada piedra ha sido llevada al taller y la he pintado con tres capas de tres colores diferentes. Luego, he tra\u00eddo cada piedra a su lugar de encuentro y la he pateado hasta entrar por la puerta de la galer\u00eda.<\/p>\n<p>ngg_shortcode_2_placeholder<iframe loading=\"lazy\" src=\"https:\/\/www.youtube.com\/embed\/YkjapcHWic0?rel=0\" allowfullscreen=\"allowfullscreen\" width=\"693\" height=\"390\" frameborder=\"0\"><\/iframe><\/p>","protected":false},"excerpt":{"rendered":"<p>SET Espai d\u2019Art Exposici\u00f3n individual Anomal\u00edas Valencia, Espa\u00f1a 15 de septiembre \u2013 11 de noviembre 2017 He buscado piedras en las calles alrededor de la galer\u00eda. Encontr\u00e9 14. Para cada piedra he apuntado su lugar de encuentro exacto. Cada piedra ha sido llevada al taller y la he pintado con tres capas de tres colores &hellip; <a href=\"https:\/\/www.eltono.com\/es\/projects\/piedras-pintadas\/\" class=\"more-link\">Continue reading <span class=\"screen-reader-text\">Piedras pintadas<\/span><\/a><\/p>\n","protected":false},"author":1,"featured_media":21276,"parent":5,"menu_order":0,"comment_status":"closed","ping_status":"closed","template":"","meta":{"ngg_post_thumbnail":0,"jetpack_post_was_ever_published":false,"footnotes":""},"categories":[303,272,306],"tags":[],"class_list":["post-21275","page","type-page","status-publish","has-post-thumbnail","hentry","category-303","category-page_project","category-_actu"],"jetpack_sharing_enabled":true,"jetpack_shortlink":"https:\/\/wp.me\/P7sWFx-5x9","_links":{"self":[{"href":"https:\/\/www.eltono.com\/es\/wp-json\/wp\/v2\/pages\/21275","targetHints":{"allow":["GET"]}}],"collection":[{"href":"https:\/\/www.eltono.com\/es\/wp-json\/wp\/v2\/pages"}],"about":[{"href":"https:\/\/www.eltono.com\/es\/wp-json\/wp\/v2\/types\/page"}],"author":[{"embeddable":true,"href":"https:\/\/www.eltono.com\/es\/wp-json\/wp\/v2\/users\/1"}],"replies":[{"embeddable":true,"href":"https:\/\/www.eltono.com\/es\/wp-json\/wp\/v2\/comments?post=21275"}],"version-history":[{"count":4,"href":"https:\/\/www.eltono.com\/es\/wp-json\/wp\/v2\/pages\/21275\/revisions"}],"predecessor-version":[{"id":21296,"href":"https:\/\/www.eltono.com\/es\/wp-json\/wp\/v2\/pages\/21275\/revisions\/21296"}],"up":[{"embeddable":true,"href":"https:\/\/www.eltono.com\/es\/wp-json\/wp\/v2\/pages\/5"}],"wp:featuredmedia":[{"embeddable":true,"href":"https:\/\/www.eltono.com\/es\/wp-json\/wp\/v2\/media\/21276"}],"wp:attachment":[{"href":"https:\/\/www.eltono.com\/es\/wp-json\/wp\/v2\/media?parent=21275"}],"wp:term":[{"taxonomy":"category","embeddable":true,"href":"https:\/\/www.eltono.com\/es\/wp-json\/wp\/v2\/categories?post=21275"},{"taxonomy":"post_tag","embeddable":true,"href":"https:\/\/www.eltono.com\/es\/wp-json\/wp\/v2\/tags?post=21275"}],"curies":[{"name":"wp","href":"https:\/\/api.w.org\/{rel}","templated":true}]}}