{"id":21286,"date":"2018-04-02T11:14:03","date_gmt":"2018-04-02T09:14:03","guid":{"rendered":"https:\/\/www.eltono.com\/?page_id=21286"},"modified":"2020-11-15T20:11:56","modified_gmt":"2020-11-15T18:11:56","slug":"tourbillons","status":"publish","type":"page","link":"https:\/\/www.eltono.com\/es\/projects\/tourbillons\/","title":{"rendered":"Tourbillons"},"content":{"rendered":"<p><a href=\"https:\/\/www.eltono.com\/projects\/palma-festival\/\"><strong>Residencia Festival Palma<\/strong><\/a><br \/>\nLe Pavillon, Caen, Francia<br \/>\nMarzo 2018<\/p>\n<p>Un d\u00eda, cruzando el r\u00edo Orne (una presa construida en 1908 que sirve para regular la marea en la ciudad) me di cuenta de que en frente de cada puerta, r\u00edo abajo, el agua estaba formando muy fuertes remolinos. La vez siguiente que volv\u00ed a cruzar la presa, observ\u00e9 que los objetos que flotaban el d\u00eda anterior segu\u00edan girando en el mismo lugar. Entend\u00ed que los remolinos eran tan potentes que casi ning\u00fan objeto que se quedaba atrapado pod\u00eda escapar. Entonces, decid\u00ed tirar obras dentro del remolino m\u00e1s fuerte para ver que pod\u00eda pasar. Despu\u00e9s de 5 d\u00edas decid\u00ed recuperarlos y, sorteando varias dificultades, consegu\u00ed pescarlas todas y traerlas de vuelta a la sala de exposici\u00f3n.<\/p>\n<p><iframe loading=\"lazy\" src=\"https:\/\/www.youtube.com\/embed\/NUu4t11MVJ4?rel=0\" allowfullscreen=\"allowfullscreen\" width=\"700\" height=\"394\" frameborder=\"0\"><\/iframe><\/p>\n<p>ngg_shortcode_2_placeholder<\/p>","protected":false},"excerpt":{"rendered":"<p>Residencia Festival Palma Le Pavillon, Caen, Francia Marzo 2018 Un d\u00eda, cruzando el r\u00edo Orne (una presa construida en 1908 que sirve para regular la marea en la ciudad) me di cuenta de que en frente de cada puerta, r\u00edo abajo, el agua estaba formando muy fuertes remolinos. La vez siguiente que volv\u00ed a cruzar &hellip; <a href=\"https:\/\/www.eltono.com\/es\/projects\/tourbillons\/\" class=\"more-link\">Continue reading <span class=\"screen-reader-text\">Tourbillons<\/span><\/a><\/p>\n","protected":false},"author":1,"featured_media":21288,"parent":5,"menu_order":0,"comment_status":"closed","ping_status":"closed","template":"","meta":{"ngg_post_thumbnail":0,"jetpack_post_was_ever_published":false,"footnotes":""},"categories":[308,5,272,7],"tags":[],"class_list":["post-21286","page","type-page","status-publish","has-post-thumbnail","hentry","category-308","category-interventions","category-page_project","category-projects"],"jetpack_sharing_enabled":true,"jetpack_shortlink":"https:\/\/wp.me\/P7sWFx-5xk","_links":{"self":[{"href":"https:\/\/www.eltono.com\/es\/wp-json\/wp\/v2\/pages\/21286","targetHints":{"allow":["GET"]}}],"collection":[{"href":"https:\/\/www.eltono.com\/es\/wp-json\/wp\/v2\/pages"}],"about":[{"href":"https:\/\/www.eltono.com\/es\/wp-json\/wp\/v2\/types\/page"}],"author":[{"embeddable":true,"href":"https:\/\/www.eltono.com\/es\/wp-json\/wp\/v2\/users\/1"}],"replies":[{"embeddable":true,"href":"https:\/\/www.eltono.com\/es\/wp-json\/wp\/v2\/comments?post=21286"}],"version-history":[{"count":7,"href":"https:\/\/www.eltono.com\/es\/wp-json\/wp\/v2\/pages\/21286\/revisions"}],"predecessor-version":[{"id":21323,"href":"https:\/\/www.eltono.com\/es\/wp-json\/wp\/v2\/pages\/21286\/revisions\/21323"}],"up":[{"embeddable":true,"href":"https:\/\/www.eltono.com\/es\/wp-json\/wp\/v2\/pages\/5"}],"wp:featuredmedia":[{"embeddable":true,"href":"https:\/\/www.eltono.com\/es\/wp-json\/wp\/v2\/media\/21288"}],"wp:attachment":[{"href":"https:\/\/www.eltono.com\/es\/wp-json\/wp\/v2\/media?parent=21286"}],"wp:term":[{"taxonomy":"category","embeddable":true,"href":"https:\/\/www.eltono.com\/es\/wp-json\/wp\/v2\/categories?post=21286"},{"taxonomy":"post_tag","embeddable":true,"href":"https:\/\/www.eltono.com\/es\/wp-json\/wp\/v2\/tags?post=21286"}],"curies":[{"name":"wp","href":"https:\/\/api.w.org\/{rel}","templated":true}]}}