{"id":21291,"date":"2018-04-26T11:39:38","date_gmt":"2018-04-26T09:39:38","guid":{"rendered":"https:\/\/www.eltono.com\/?page_id=21291"},"modified":"2020-11-15T20:12:03","modified_gmt":"2020-11-15T18:12:03","slug":"parcours-aleatoires","status":"publish","type":"page","link":"https:\/\/www.eltono.com\/es\/projects\/parcours-aleatoires\/","title":{"rendered":"Recorridos aleatorios"},"content":{"rendered":"<p><a href=\"https:\/\/www.eltono.com\/projects\/palma-festival\/\"><strong>Residencia Festival Palma<\/strong><\/a><br \/>\nLe Pavillon, Caen, Francia<br \/>\nMarzo 2018<\/p>\n<p>El &#8220;Pavillon&#8221;, lugar de mi residencia art\u00edstica (y tambi\u00e9n de exposici\u00f3n de los resultados) est\u00e1 situado en la punta de la pen\u00ednsula de Caen. Es un territorio particularmente interesante, est\u00e1 rodeado de agua (por el Bassin St. Pierre, el canal de Caen \u00e0 la mer, el r\u00edo Orne y el canal Victor Hugo) y adem\u00e1s, est\u00e1 en plena reestructuraci\u00f3n urban\u00edstica y se van alternando construcciones modernas, viejas fabricas, edificios abandonados, \u00e1reas verdes dise\u00f1adas y solares descampados. Un espacio abierto, bien definido y oportuno para la deambulaci\u00f3n aleatoria.<\/p>\n<p>Para el ejercicio, escog\u00ed 23 puntos en lugares claves del territorio (\u00e1ngulos de edificios, cruces y esquinas). El sistema que seguir era lo siguiente: caminar de un punto al otro siempre eligiendo al azar el punto siguiente. El recorrido empezaba en el punto n.\u00ba1, pasaba por 10 puntos y terminaba de nuevo en el punto n.\u00ba1. El resultado de cada recorrido se materializ\u00f3 en madera recortada con l\u00e1ser gracias a la ayuda del Fablab local en el D\u00f4me. Finalmente, han sido pintadas y expuestas en la sala del Pavillon. He trazado personalmente 11 rutas mientras 6 fueron trazadas por los participantes de un taller con el Fablab. Cada escultura representa un trayecto de 30 a 40 minutos y una distancia de 2 a 3 km.<\/p>\n<p>ngg_shortcode_2_placeholder<\/p>","protected":false},"excerpt":{"rendered":"<p>Residencia Festival Palma Le Pavillon, Caen, Francia Marzo 2018 El &#8220;Pavillon&#8221;, lugar de mi residencia art\u00edstica (y tambi\u00e9n de exposici\u00f3n de los resultados) est\u00e1 situado en la punta de la pen\u00ednsula de Caen. Es un territorio particularmente interesante, est\u00e1 rodeado de agua (por el Bassin St. Pierre, el canal de Caen \u00e0 la mer, el &hellip; <a href=\"https:\/\/www.eltono.com\/es\/projects\/parcours-aleatoires\/\" class=\"more-link\">Continue reading <span class=\"screen-reader-text\">Recorridos aleatorios<\/span><\/a><\/p>\n","protected":false},"author":1,"featured_media":21299,"parent":5,"menu_order":0,"comment_status":"closed","ping_status":"closed","template":"","meta":{"ngg_post_thumbnail":0,"jetpack_post_was_ever_published":false,"footnotes":""},"categories":[308,5,267,266,272,7],"tags":[],"class_list":["post-21291","page","type-page","status-publish","has-post-thumbnail","hentry","category-308","category-interventions","category-page_festival","category-page_outdoor","category-page_project","category-projects"],"jetpack_sharing_enabled":true,"jetpack_shortlink":"https:\/\/wp.me\/P7sWFx-5xp","_links":{"self":[{"href":"https:\/\/www.eltono.com\/es\/wp-json\/wp\/v2\/pages\/21291","targetHints":{"allow":["GET"]}}],"collection":[{"href":"https:\/\/www.eltono.com\/es\/wp-json\/wp\/v2\/pages"}],"about":[{"href":"https:\/\/www.eltono.com\/es\/wp-json\/wp\/v2\/types\/page"}],"author":[{"embeddable":true,"href":"https:\/\/www.eltono.com\/es\/wp-json\/wp\/v2\/users\/1"}],"replies":[{"embeddable":true,"href":"https:\/\/www.eltono.com\/es\/wp-json\/wp\/v2\/comments?post=21291"}],"version-history":[{"count":2,"href":"https:\/\/www.eltono.com\/es\/wp-json\/wp\/v2\/pages\/21291\/revisions"}],"predecessor-version":[{"id":21322,"href":"https:\/\/www.eltono.com\/es\/wp-json\/wp\/v2\/pages\/21291\/revisions\/21322"}],"up":[{"embeddable":true,"href":"https:\/\/www.eltono.com\/es\/wp-json\/wp\/v2\/pages\/5"}],"wp:featuredmedia":[{"embeddable":true,"href":"https:\/\/www.eltono.com\/es\/wp-json\/wp\/v2\/media\/21299"}],"wp:attachment":[{"href":"https:\/\/www.eltono.com\/es\/wp-json\/wp\/v2\/media?parent=21291"}],"wp:term":[{"taxonomy":"category","embeddable":true,"href":"https:\/\/www.eltono.com\/es\/wp-json\/wp\/v2\/categories?post=21291"},{"taxonomy":"post_tag","embeddable":true,"href":"https:\/\/www.eltono.com\/es\/wp-json\/wp\/v2\/tags?post=21291"}],"curies":[{"name":"wp","href":"https:\/\/api.w.org\/{rel}","templated":true}]}}