{"id":21402,"date":"2020-12-01T01:38:12","date_gmt":"2020-11-30T23:38:12","guid":{"rendered":"https:\/\/www.eltono.com\/?page_id=21402"},"modified":"2020-12-29T11:44:33","modified_gmt":"2020-12-29T09:44:33","slug":"tmp","status":"publish","type":"page","link":"https:\/\/www.eltono.com\/es\/boutique\/tmp\/","title":{"rendered":"Serie &#8220;TMP&#8221;"},"content":{"rendered":"<p><a href=\"https:\/\/www.eltono.com\/wp-content\/uploads\/2020\/12\/Eltono-TMP-w-DE.jpg\"><img loading=\"lazy\" decoding=\"async\" data-attachment-id=\"21404\" data-permalink=\"https:\/\/www.eltono.com\/es\/boutique\/tmp\/eltono-tmp-w-de\/\" data-orig-file=\"https:\/\/www.eltono.com\/wp-content\/uploads\/2020\/12\/Eltono-TMP-w-DE.jpg\" data-orig-size=\"981,1434\" data-comments-opened=\"0\" data-image-meta=\"{&quot;aperture&quot;:&quot;2.8&quot;,&quot;credit&quot;:&quot;&quot;,&quot;camera&quot;:&quot;ILCE-7R&quot;,&quot;caption&quot;:&quot;&quot;,&quot;created_timestamp&quot;:&quot;1606590863&quot;,&quot;copyright&quot;:&quot;&quot;,&quot;focal_length&quot;:&quot;55&quot;,&quot;iso&quot;:&quot;500&quot;,&quot;shutter_speed&quot;:&quot;0.025&quot;,&quot;title&quot;:&quot;&quot;,&quot;orientation&quot;:&quot;1&quot;}\" data-image-title=\"Eltono-TMP-w-DE\" data-image-description=\"\" data-image-caption=\"\" data-medium-file=\"https:\/\/www.eltono.com\/wp-content\/uploads\/2020\/12\/Eltono-TMP-w-DE-205x300.jpg\" data-large-file=\"https:\/\/www.eltono.com\/wp-content\/uploads\/2020\/12\/Eltono-TMP-w-DE-700x1024.jpg\" class=\"alignleft size-full wp-image-21404\" src=\"https:\/\/www.eltono.com\/wp-content\/uploads\/2020\/12\/Eltono-TMP-w-DE.jpg\" alt=\"\" width=\"981\" height=\"1434\" srcset=\"https:\/\/www.eltono.com\/wp-content\/uploads\/2020\/12\/Eltono-TMP-w-DE.jpg 981w, https:\/\/www.eltono.com\/wp-content\/uploads\/2020\/12\/Eltono-TMP-w-DE-205x300.jpg 205w, https:\/\/www.eltono.com\/wp-content\/uploads\/2020\/12\/Eltono-TMP-w-DE-700x1024.jpg 700w, https:\/\/www.eltono.com\/wp-content\/uploads\/2020\/12\/Eltono-TMP-w-DE-200x291.jpg 200w, https:\/\/www.eltono.com\/wp-content\/uploads\/2020\/12\/Eltono-TMP-w-DE-350x512.jpg 350w\" sizes=\"auto, (max-width: 981px) 100vw, 981px\" \/><\/a><\/p>\n<p><em><strong>Monotipos Aleatorios<\/strong><\/em><\/p>\n<p>Tinta de archivo sobre papel Canson Aquarelle 300 g. libre de \u00e1cido.<br \/>\n2 colores, 18 x 27 cm. (7 x 10,6 pulgadas).<br \/>\nEdici\u00f3n limitada de 22 monotipos.<\/p>\n<p>Las composiciones <em><strong>TMP<\/strong> <\/em>se construyen con dos capas de colores diferentes estampadas una encima de la otra. Para cada capa, las figuras y sus rotaciones son aleatorias. El protocolo define una cuadricula de 3 x 3 con 5 figuras y 4 rotaciones. El protocolo es rigurosamente aplicado y no se conoce el resultado final antes de terminar la estampaci\u00f3n. Cada composici\u00f3n es \u00fanica.<\/p>\n<p>En venta aqu\u00ed: <a href=\"https:\/\/www.eltono.com\/boutique\/\">www.eltono.com\/boutique<\/a><\/p>","protected":false},"excerpt":{"rendered":"<p>Monotipos Aleatorios Tinta de archivo sobre papel Canson Aquarelle 300 g. libre de \u00e1cido. 2 colores, 18 x 27 cm. (7 x 10,6 pulgadas). Edici\u00f3n limitada de 22 monotipos. Las composiciones TMP se construyen con dos capas de colores diferentes estampadas una encima de la otra. Para cada capa, las figuras y sus rotaciones son &hellip; <a href=\"https:\/\/www.eltono.com\/es\/boutique\/tmp\/\" class=\"more-link\">Continue reading <span class=\"screen-reader-text\">Serie &#8220;TMP&#8221;<\/span><\/a><\/p>\n","protected":false},"author":1,"featured_media":21408,"parent":13,"menu_order":0,"comment_status":"closed","ping_status":"closed","template":"","meta":{"ngg_post_thumbnail":0,"jetpack_post_was_ever_published":false,"footnotes":""},"categories":[336,277,8],"tags":[],"class_list":["post-21402","page","type-page","status-publish","has-post-thumbnail","hentry","category-336","category-generative","category-shop"],"jetpack_sharing_enabled":true,"jetpack_shortlink":"https:\/\/wp.me\/P7sWFx-5zc","_links":{"self":[{"href":"https:\/\/www.eltono.com\/es\/wp-json\/wp\/v2\/pages\/21402","targetHints":{"allow":["GET"]}}],"collection":[{"href":"https:\/\/www.eltono.com\/es\/wp-json\/wp\/v2\/pages"}],"about":[{"href":"https:\/\/www.eltono.com\/es\/wp-json\/wp\/v2\/types\/page"}],"author":[{"embeddable":true,"href":"https:\/\/www.eltono.com\/es\/wp-json\/wp\/v2\/users\/1"}],"replies":[{"embeddable":true,"href":"https:\/\/www.eltono.com\/es\/wp-json\/wp\/v2\/comments?post=21402"}],"version-history":[{"count":9,"href":"https:\/\/www.eltono.com\/es\/wp-json\/wp\/v2\/pages\/21402\/revisions"}],"predecessor-version":[{"id":21475,"href":"https:\/\/www.eltono.com\/es\/wp-json\/wp\/v2\/pages\/21402\/revisions\/21475"}],"up":[{"embeddable":true,"href":"https:\/\/www.eltono.com\/es\/wp-json\/wp\/v2\/pages\/13"}],"wp:featuredmedia":[{"embeddable":true,"href":"https:\/\/www.eltono.com\/es\/wp-json\/wp\/v2\/media\/21408"}],"wp:attachment":[{"href":"https:\/\/www.eltono.com\/es\/wp-json\/wp\/v2\/media?parent=21402"}],"wp:term":[{"taxonomy":"category","embeddable":true,"href":"https:\/\/www.eltono.com\/es\/wp-json\/wp\/v2\/categories?post=21402"},{"taxonomy":"post_tag","embeddable":true,"href":"https:\/\/www.eltono.com\/es\/wp-json\/wp\/v2\/tags?post=21402"}],"curies":[{"name":"wp","href":"https:\/\/api.w.org\/{rel}","templated":true}]}}