{"id":21506,"date":"2020-12-29T00:24:00","date_gmt":"2020-12-28T22:24:00","guid":{"rendered":"https:\/\/www.eltono.com\/?page_id=21506"},"modified":"2021-04-27T09:19:44","modified_gmt":"2021-04-27T07:19:44","slug":"detours-chaumont","status":"publish","type":"page","link":"https:\/\/www.eltono.com\/es\/projects\/detours-chaumont\/","title":{"rendered":"D\u00e9tours Chaumont"},"content":{"rendered":"<p>Chaumont, Francia<br \/>\nSeptiembre 2020<\/p>\n<p>Invitado para las <a href=\"https:\/\/saisonsculturelleschaumont.fr\/\" target=\"_blank\" rel=\"noopener noreferrer\">Saisons Culturelles<\/a> por la Direcci\u00f3n de las Pol\u00edticas Culturales de la ciudad de Chaumont, he pasado 10 d\u00edas pintando en las calles del centro para crear un recorrido gr\u00e1fico. He pintado un total de 55 obras m\u00e1s o menos escondidas. Un libreto ha sido editado por la ciudad para invitar a los residentes y los visitantes a buscar las pinturas. Los libretos se pueden encontrar en los siguientes lugares: H\u00f4tel de Ville (ayuntamiento), oficina de turismo, mediateca Les Silos, los museos et Le Signe Centre National du Graphisme. Un concurso recompensa las personas que consigan localizar la totalidad de las pinturas.<\/p>\n<p><a href=\"https:\/\/saisonsculturelleschaumont.fr\/evenement\/detours-eltono\/\" target=\"_blank\" rel=\"noopener noreferrer\">saisonsculturelleschaumont.fr\/evenement\/detours-eltono<\/a><\/p>\n<p>ngg_shortcode_2_placeholder<\/p>","protected":false},"excerpt":{"rendered":"<p>Chaumont, Francia Septiembre 2020 Invitado para las Saisons Culturelles por la Direcci\u00f3n de las Pol\u00edticas Culturales de la ciudad de Chaumont, he pasado 10 d\u00edas pintando en las calles del centro para crear un recorrido gr\u00e1fico. He pintado un total de 55 obras m\u00e1s o menos escondidas. Un libreto ha sido editado por la ciudad &hellip; <a href=\"https:\/\/www.eltono.com\/es\/projects\/detours-chaumont\/\" class=\"more-link\">Continue reading <span class=\"screen-reader-text\">D\u00e9tours Chaumont<\/span><\/a><\/p>\n","protected":false},"author":1,"featured_media":21512,"parent":5,"menu_order":0,"comment_status":"closed","ping_status":"closed","template":"","meta":{"ngg_post_thumbnail":0,"jetpack_post_was_ever_published":false,"footnotes":""},"categories":[336,5,266,272,7],"tags":[],"class_list":["post-21506","page","type-page","status-publish","has-post-thumbnail","hentry","category-336","category-interventions","category-page_outdoor","category-page_project","category-projects"],"jetpack_sharing_enabled":true,"jetpack_shortlink":"https:\/\/wp.me\/P7sWFx-5AS","_links":{"self":[{"href":"https:\/\/www.eltono.com\/es\/wp-json\/wp\/v2\/pages\/21506","targetHints":{"allow":["GET"]}}],"collection":[{"href":"https:\/\/www.eltono.com\/es\/wp-json\/wp\/v2\/pages"}],"about":[{"href":"https:\/\/www.eltono.com\/es\/wp-json\/wp\/v2\/types\/page"}],"author":[{"embeddable":true,"href":"https:\/\/www.eltono.com\/es\/wp-json\/wp\/v2\/users\/1"}],"replies":[{"embeddable":true,"href":"https:\/\/www.eltono.com\/es\/wp-json\/wp\/v2\/comments?post=21506"}],"version-history":[{"count":12,"href":"https:\/\/www.eltono.com\/es\/wp-json\/wp\/v2\/pages\/21506\/revisions"}],"predecessor-version":[{"id":21533,"href":"https:\/\/www.eltono.com\/es\/wp-json\/wp\/v2\/pages\/21506\/revisions\/21533"}],"up":[{"embeddable":true,"href":"https:\/\/www.eltono.com\/es\/wp-json\/wp\/v2\/pages\/5"}],"wp:featuredmedia":[{"embeddable":true,"href":"https:\/\/www.eltono.com\/es\/wp-json\/wp\/v2\/media\/21512"}],"wp:attachment":[{"href":"https:\/\/www.eltono.com\/es\/wp-json\/wp\/v2\/media?parent=21506"}],"wp:term":[{"taxonomy":"category","embeddable":true,"href":"https:\/\/www.eltono.com\/es\/wp-json\/wp\/v2\/categories?post=21506"},{"taxonomy":"post_tag","embeddable":true,"href":"https:\/\/www.eltono.com\/es\/wp-json\/wp\/v2\/tags?post=21506"}],"curies":[{"name":"wp","href":"https:\/\/api.w.org\/{rel}","templated":true}]}}