{"id":2177,"date":"2009-01-15T03:50:28","date_gmt":"2009-01-15T01:50:28","guid":{"rendered":"http:\/\/www.eltono.com\/?page_id=2177"},"modified":"2016-03-20T17:34:39","modified_gmt":"2016-03-20T15:34:39","slug":"pubblico","status":"publish","type":"page","link":"https:\/\/www.eltono.com\/es\/exhibitions\/solo\/pubblico\/","title":{"rendered":"Pubblico"},"content":{"rendered":"<p><strong>Rojo Art Space<\/strong><br \/>\nVia Tortona, Mil\u00e1n, Italia<br \/>\n15 de enero &#8211; 28 de febrero 2009<\/p>\n<p>En el proyecto <strong><em>Pubblico<\/em><\/strong>, el espectador es el protagonista de la obra. El resultado final depende del p\u00fablico. El experimento juega con la interactividad que existe en la calle y pretende estudiar c\u00f3mo factores exteriores, fuera del control del artista, pueden afectar las obras instaladas en la calle. De esa manera, el artista reflexiona sobre el aspecto sagrado del arte dejando sus creaciones evolucionar solas y generar un resultado inseguro.<\/p>\n<h2>Video:<\/h2>\n<p><iframe loading=\"lazy\" width=\"700\" height=\"394\" src=\"https:\/\/www.youtube.com\/embed\/q-UfirYJdzE?rel=0&amp;showinfo=0;vq=hd720\" frameborder=\"0\" allowfullscreen><\/iframe><\/p>\n<h2>Fotos:<\/h2>\n<p><style type=\"text\/css\" media=\"all\">\n\/* ----------- Galeria Vertical 700 vh ngg1 ------------*\/\n#gallery-vertical-700-vh{\n\t\/\/max-width: 100%;\n\t\/\/width: 700px;\n\tbackground-color: #ffffff;\n\ttext-align: left;\n}\n#gallery-vertical-700-vh img{\n\t\/\/max-width: 100%;\n\tvertical-align: bottom;\n}\n#gallery-vertical-700-vh-comment{\n\tword-wrap: break-word;\n\t\/\/width: 700px;\n\tmargin: 0 0 17px 0;\n}\n<\/style>\n<div class=\"ngg1-galleryoverview\" id=\"ngg1-gallery-37e8d3d0f99bdeb3693360970473b904\">\n\t\t<div id=\"ngg1-image-913\">\n\t\t<div id=\"gallery-vertical-700-vh\">\n\t\t\t<img title=\" \" alt=\" \" src=\"https:\/\/www.eltono.com\/wp-content\/gallery\/pubblico\/eltono-pubblico01.jpg\"\/>\n\t\t\t<\/div><div id=\"gallery-vertical-700-vh-comment\"> \t\t<\/div>\n\t<\/div>\n \t\t<div id=\"ngg1-image-914\">\n\t\t<div id=\"gallery-vertical-700-vh\">\n\t\t\t<img title=\" \" alt=\" \" src=\"https:\/\/www.eltono.com\/wp-content\/gallery\/pubblico\/eltono-pubblico02.jpg\"\/>\n\t\t\t<\/div><div id=\"gallery-vertical-700-vh-comment\"> \t\t<\/div>\n\t<\/div>\n \t\t<div id=\"ngg1-image-916\">\n\t\t<div id=\"gallery-vertical-700-vh\">\n\t\t\t<img title=\" \" alt=\" \" src=\"https:\/\/www.eltono.com\/wp-content\/gallery\/pubblico\/eltono-pubblico04.jpg\"\/>\n\t\t\t<\/div><div id=\"gallery-vertical-700-vh-comment\"> \t\t<\/div>\n\t<\/div>\n \t\t<div id=\"ngg1-image-917\">\n\t\t<div id=\"gallery-vertical-700-vh\">\n\t\t\t<img title=\"Preparaci\u00f3n\" alt=\"Preparaci\u00f3n\" src=\"https:\/\/www.eltono.com\/wp-content\/gallery\/pubblico\/eltono-pubblico05.jpg\"\/>\n\t\t\t<\/div><div id=\"gallery-vertical-700-vh-comment\">Preparaci\u00f3n\t\t<\/div>\n\t<\/div>\n \t\t<div id=\"ngg1-image-918\">\n\t\t<div id=\"gallery-vertical-700-vh\">\n\t\t\t<img title=\" \" alt=\" \" src=\"https:\/\/www.eltono.com\/wp-content\/gallery\/pubblico\/eltono-pubblico06.jpg\"\/>\n\t\t\t<\/div><div id=\"gallery-vertical-700-vh-comment\"> \t\t<\/div>\n\t<\/div>\n \t\t<div id=\"ngg1-image-921\">\n\t\t<div id=\"gallery-vertical-700-vh\">\n\t\t\t<img title=\" \" alt=\" \" src=\"https:\/\/www.eltono.com\/wp-content\/gallery\/pubblico\/eltono-pubblico09.jpg\"\/>\n\t\t\t<\/div><div id=\"gallery-vertical-700-vh-comment\"> \t\t<\/div>\n\t<\/div>\n \t\t<div id=\"ngg1-image-922\">\n\t\t<div id=\"gallery-vertical-700-vh\">\n\t\t\t<img title=\" \" alt=\" \" src=\"https:\/\/www.eltono.com\/wp-content\/gallery\/pubblico\/eltono-pubblico10.jpg\"\/>\n\t\t\t<\/div><div id=\"gallery-vertical-700-vh-comment\"> \t\t<\/div>\n\t<\/div>\n \t\t<div id=\"ngg1-image-923\">\n\t\t<div id=\"gallery-vertical-700-vh\">\n\t\t\t<img title=\" \" alt=\" \" src=\"https:\/\/www.eltono.com\/wp-content\/gallery\/pubblico\/eltono-pubblico11.jpg\"\/>\n\t\t\t<\/div><div id=\"gallery-vertical-700-vh-comment\"> \t\t<\/div>\n\t<\/div>\n \t\t<div id=\"ngg1-image-925\">\n\t\t<div id=\"gallery-vertical-700-vh\">\n\t\t\t<img title=\" \" alt=\" \" src=\"https:\/\/www.eltono.com\/wp-content\/gallery\/pubblico\/eltono-pubblico13.jpg\"\/>\n\t\t\t<\/div><div id=\"gallery-vertical-700-vh-comment\"> \t\t<\/div>\n\t<\/div>\n \t\t<div id=\"ngg1-image-926\">\n\t\t<div id=\"gallery-vertical-700-vh\">\n\t\t\t<img title=\" \" alt=\" \" src=\"https:\/\/www.eltono.com\/wp-content\/gallery\/pubblico\/eltono-pubblico14.jpg\"\/>\n\t\t\t<\/div><div id=\"gallery-vertical-700-vh-comment\"> \t\t<\/div>\n\t<\/div>\n \t\t<div id=\"ngg1-image-927\">\n\t\t<div id=\"gallery-vertical-700-vh\">\n\t\t\t<img title=\"Prepar\u00e9 48 carteles, cada uno \u00fanico, y los pegue de tres en tres en 16 puntos en el barrio alrededor de la galer\u00eda.\" alt=\"Prepar\u00e9 48 carteles, cada uno \u00fanico, y los pegue de tres en tres en 16 puntos en el barrio alrededor de la galer\u00eda.\" src=\"https:\/\/www.eltono.com\/wp-content\/gallery\/pubblico\/eltono-pubblico15.jpg\"\/>\n\t\t\t<\/div><div id=\"gallery-vertical-700-vh-comment\">Prepar\u00e9 48 carteles, cada uno \u00fanico, y los pegue de tres en tres en 16 puntos en el barrio alrededor de la galer\u00eda.\t\t<\/div>\n\t<\/div>\n \t\t<div id=\"ngg1-image-928\">\n\t\t<div id=\"gallery-vertical-700-vh\">\n\t\t\t<img title=\" \" alt=\" \" src=\"https:\/\/www.eltono.com\/wp-content\/gallery\/pubblico\/eltono-pubblico16.jpg\"\/>\n\t\t\t<\/div><div id=\"gallery-vertical-700-vh-comment\"> \t\t<\/div>\n\t<\/div>\n \t\t<div id=\"ngg1-image-929\">\n\t\t<div id=\"gallery-vertical-700-vh\">\n\t\t\t<img title=\"Dej\u00e9 la esquinas a posta sin encolar y esper\u00e9 pacientemente\u2026\" alt=\"Dej\u00e9 la esquinas a posta sin encolar y esper\u00e9 pacientemente\u2026\" src=\"https:\/\/www.eltono.com\/wp-content\/gallery\/pubblico\/eltono-pubblico17.jpg\"\/>\n\t\t\t<\/div><div id=\"gallery-vertical-700-vh-comment\">Dej\u00e9 la esquinas a posta sin encolar y esper\u00e9 pacientemente\u2026\t\t<\/div>\n\t<\/div>\n \t\t<div id=\"ngg1-image-931\">\n\t\t<div id=\"gallery-vertical-700-vh\">\n\t\t\t<img title=\" \" alt=\" \" src=\"https:\/\/www.eltono.com\/wp-content\/gallery\/pubblico\/eltono-pubblico19.jpg\"\/>\n\t\t\t<\/div><div id=\"gallery-vertical-700-vh-comment\"> \t\t<\/div>\n\t<\/div>\n \t\t<div id=\"ngg1-image-930\">\n\t\t<div id=\"gallery-vertical-700-vh\">\n\t\t\t<img title=\" \" alt=\" \" src=\"https:\/\/www.eltono.com\/wp-content\/gallery\/pubblico\/eltono-pubblico18.jpg\"\/>\n\t\t\t<\/div><div id=\"gallery-vertical-700-vh-comment\"> \t\t<\/div>\n\t<\/div>\n \t\t<div id=\"ngg1-image-932\">\n\t\t<div id=\"gallery-vertical-700-vh\">\n\t\t\t<img title=\" \" alt=\" \" src=\"https:\/\/www.eltono.com\/wp-content\/gallery\/pubblico\/eltono-pubblico20.jpg\"\/>\n\t\t\t<\/div><div id=\"gallery-vertical-700-vh-comment\"> \t\t<\/div>\n\t<\/div>\n \t\t<div id=\"ngg1-image-934\">\n\t\t<div id=\"gallery-vertical-700-vh\">\n\t\t\t<img title=\" \" alt=\" \" src=\"https:\/\/www.eltono.com\/wp-content\/gallery\/pubblico\/eltono-pubblico22.jpg\"\/>\n\t\t\t<\/div><div id=\"gallery-vertical-700-vh-comment\"> \t\t<\/div>\n\t<\/div>\n \t\t<div id=\"ngg1-image-938\">\n\t\t<div id=\"gallery-vertical-700-vh\">\n\t\t\t<img title=\" \" alt=\" \" src=\"https:\/\/www.eltono.com\/wp-content\/gallery\/pubblico\/eltono-pubblico26.jpg\"\/>\n\t\t\t<\/div><div id=\"gallery-vertical-700-vh-comment\"> \t\t<\/div>\n\t<\/div>\n \t\t<div id=\"ngg1-image-942\">\n\t\t<div id=\"gallery-vertical-700-vh\">\n\t\t\t<img title=\" \" alt=\" \" src=\"https:\/\/www.eltono.com\/wp-content\/gallery\/pubblico\/eltono-pubblico30.jpg\"\/>\n\t\t\t<\/div><div id=\"gallery-vertical-700-vh-comment\"> \t\t<\/div>\n\t<\/div>\n \t\t<div id=\"ngg1-image-943\">\n\t\t<div id=\"gallery-vertical-700-vh\">\n\t\t\t<img title=\"Algunos fueron desgarrados en menos de 24 horas y otros tardaron m\u00e1s de cinco d\u00edas.\" alt=\"Algunos fueron desgarrados en menos de 24 horas y otros tardaron m\u00e1s de cinco d\u00edas.\" src=\"https:\/\/www.eltono.com\/wp-content\/gallery\/pubblico\/eltono-pubblico31.jpg\"\/>\n\t\t\t<\/div><div id=\"gallery-vertical-700-vh-comment\">Algunos fueron desgarrados en menos de 24 horas y otros tardaron m\u00e1s de cinco d\u00edas.\t\t<\/div>\n\t<\/div>\n \t\t<div id=\"ngg1-image-945\">\n\t\t<div id=\"gallery-vertical-700-vh\">\n\t\t\t<img title=\" \" alt=\" \" src=\"https:\/\/www.eltono.com\/wp-content\/gallery\/pubblico\/eltono-pubblico33.jpg\"\/>\n\t\t\t<\/div><div id=\"gallery-vertical-700-vh-comment\"> \t\t<\/div>\n\t<\/div>\n \t\t<div id=\"ngg1-image-946\">\n\t\t<div id=\"gallery-vertical-700-vh\">\n\t\t\t<img title=\" \" alt=\" \" src=\"https:\/\/www.eltono.com\/wp-content\/gallery\/pubblico\/eltono-pubblico34.jpg\"\/>\n\t\t\t<\/div><div id=\"gallery-vertical-700-vh-comment\"> \t\t<\/div>\n\t<\/div>\n \t\t<div id=\"ngg1-image-948\">\n\t\t<div id=\"gallery-vertical-700-vh\">\n\t\t\t<img title=\" \" alt=\" \" src=\"https:\/\/www.eltono.com\/wp-content\/gallery\/pubblico\/eltono-pubblico36.jpg\"\/>\n\t\t\t<\/div><div id=\"gallery-vertical-700-vh-comment\"> \t\t<\/div>\n\t<\/div>\n \t\t<div id=\"ngg1-image-955\">\n\t\t<div id=\"gallery-vertical-700-vh\">\n\t\t\t<img title=\" \" alt=\" \" src=\"https:\/\/www.eltono.com\/wp-content\/gallery\/pubblico\/eltono-pubblico43.jpg\"\/>\n\t\t\t<\/div><div id=\"gallery-vertical-700-vh-comment\"> \t\t<\/div>\n\t<\/div>\n \t\t<div id=\"ngg1-image-956\">\n\t\t<div id=\"gallery-vertical-700-vh\">\n\t\t\t<img title=\" \" alt=\" \" src=\"https:\/\/www.eltono.com\/wp-content\/gallery\/pubblico\/eltono-pubblico44.jpg\"\/>\n\t\t\t<\/div><div id=\"gallery-vertical-700-vh-comment\"> \t\t<\/div>\n\t<\/div>\n \t\t<div id=\"ngg1-image-964\">\n\t\t<div id=\"gallery-vertical-700-vh\">\n\t\t\t<img title=\" \" alt=\" \" src=\"https:\/\/www.eltono.com\/wp-content\/gallery\/pubblico\/eltono-pubblico52.jpg\"\/>\n\t\t\t<\/div><div id=\"gallery-vertical-700-vh-comment\"> \t\t<\/div>\n\t<\/div>\n \t\t<div id=\"ngg1-image-966\">\n\t\t<div id=\"gallery-vertical-700-vh\">\n\t\t\t<img title=\" \" alt=\" \" src=\"https:\/\/www.eltono.com\/wp-content\/gallery\/pubblico\/eltono-pubblico54.jpg\"\/>\n\t\t\t<\/div><div id=\"gallery-vertical-700-vh-comment\"> \t\t<\/div>\n\t<\/div>\n \t\t<div id=\"ngg1-image-968\">\n\t\t<div id=\"gallery-vertical-700-vh\">\n\t\t\t<img title=\" \" alt=\" \" src=\"https:\/\/www.eltono.com\/wp-content\/gallery\/pubblico\/eltono-pubblico56.jpg\"\/>\n\t\t\t<\/div><div id=\"gallery-vertical-700-vh-comment\"> \t\t<\/div>\n\t<\/div>\n \t\t<div id=\"ngg1-image-969\">\n\t\t<div id=\"gallery-vertical-700-vh\">\n\t\t\t<img title=\" \" alt=\" \" src=\"https:\/\/www.eltono.com\/wp-content\/gallery\/pubblico\/eltono-pubblico57.jpg\"\/>\n\t\t\t<\/div><div id=\"gallery-vertical-700-vh-comment\"> \t\t<\/div>\n\t<\/div>\n \t\t<div id=\"ngg1-image-949\">\n\t\t<div id=\"gallery-vertical-700-vh\">\n\t\t\t<img title=\" \" alt=\" \" src=\"https:\/\/www.eltono.com\/wp-content\/gallery\/pubblico\/eltono-pubblico37.jpg\"\/>\n\t\t\t<\/div><div id=\"gallery-vertical-700-vh-comment\"> \t\t<\/div>\n\t<\/div>\n \t\t<div id=\"ngg1-image-963\">\n\t\t<div id=\"gallery-vertical-700-vh\">\n\t\t\t<img title=\" \" alt=\" \" src=\"https:\/\/www.eltono.com\/wp-content\/gallery\/pubblico\/eltono-pubblico51.jpg\"\/>\n\t\t\t<\/div><div id=\"gallery-vertical-700-vh-comment\"> \t\t<\/div>\n\t<\/div>\n \t\t<div id=\"ngg1-image-965\">\n\t\t<div id=\"gallery-vertical-700-vh\">\n\t\t\t<img title=\"Cada 2 horas, hac\u00eda un tour de control de los 16 puntos (\u201cil giro\u201d) y cuando ve\u00eda que un resultado era interesante, los despegaba y lo llevaba de vuelta a la galer\u00eda.\" alt=\"Cada 2 horas, hac\u00eda un tour de control de los 16 puntos (\u201cil giro\u201d) y cuando ve\u00eda que un resultado era interesante, los despegaba y lo llevaba de vuelta a la galer\u00eda.\" src=\"https:\/\/www.eltono.com\/wp-content\/gallery\/pubblico\/eltono-pubblico53.jpg\"\/>\n\t\t\t<\/div><div id=\"gallery-vertical-700-vh-comment\">Cada 2 horas, hac\u00eda un tour de control de los 16 puntos (\u201cil giro\u201d) y cuando ve\u00eda que un resultado era interesante, los despegaba y lo llevaba de vuelta a la galer\u00eda.\t\t<\/div>\n\t<\/div>\n \t\t<div id=\"ngg1-image-957\">\n\t\t<div id=\"gallery-vertical-700-vh\">\n\t\t\t<img title=\" \" alt=\" \" src=\"https:\/\/www.eltono.com\/wp-content\/gallery\/pubblico\/eltono-pubblico45.jpg\"\/>\n\t\t\t<\/div><div id=\"gallery-vertical-700-vh-comment\"> \t\t<\/div>\n\t<\/div>\n \t\t<div id=\"ngg1-image-973\">\n\t\t<div id=\"gallery-vertical-700-vh\">\n\t\t\t<img title=\" \" alt=\" \" src=\"https:\/\/www.eltono.com\/wp-content\/gallery\/pubblico\/eltono-pubblico61.jpg\"\/>\n\t\t\t<\/div><div id=\"gallery-vertical-700-vh-comment\"> \t\t<\/div>\n\t<\/div>\n \t\t<div id=\"ngg1-image-975\">\n\t\t<div id=\"gallery-vertical-700-vh\">\n\t\t\t<img title=\" \" alt=\" \" src=\"https:\/\/www.eltono.com\/wp-content\/gallery\/pubblico\/eltono-pubblico63.jpg\"\/>\n\t\t\t<\/div><div id=\"gallery-vertical-700-vh-comment\"> \t\t<\/div>\n\t<\/div>\n \t\t<div id=\"ngg1-image-976\">\n\t\t<div id=\"gallery-vertical-700-vh\">\n\t\t\t<img title=\" \" alt=\" \" src=\"https:\/\/www.eltono.com\/wp-content\/gallery\/pubblico\/eltono-pubblico64.jpg\"\/>\n\t\t\t<\/div><div id=\"gallery-vertical-700-vh-comment\"> \t\t<\/div>\n\t<\/div>\n \t\t<div id=\"ngg1-image-977\">\n\t\t<div id=\"gallery-vertical-700-vh\">\n\t\t\t<img title=\"Rescat\u00e9 8 de los 16 grupos de carteles y los expuse en la galer\u00eda. De los otros 8, 2 fueron robados, 2 destrozados y decid\u00ed dejar 4 en la calle.\" alt=\"Rescat\u00e9 8 de los 16 grupos de carteles y los expuse en la galer\u00eda. De los otros 8, 2 fueron robados, 2 destrozados y decid\u00ed dejar 4 en la calle.\" src=\"https:\/\/www.eltono.com\/wp-content\/gallery\/pubblico\/eltono-pubblico65.jpg\"\/>\n\t\t\t<\/div><div id=\"gallery-vertical-700-vh-comment\">Rescat\u00e9 8 de los 16 grupos de carteles y los expuse en la galer\u00eda. De los otros 8, 2 fueron robados, 2 destrozados y decid\u00ed dejar 4 en la calle.\t\t<\/div>\n\t<\/div>\n \t\t<div id=\"ngg1-image-978\">\n\t\t<div id=\"gallery-vertical-700-vh\">\n\t\t\t<img title=\" \" alt=\" \" src=\"https:\/\/www.eltono.com\/wp-content\/gallery\/pubblico\/eltono-pubblico66.jpg\"\/>\n\t\t\t<\/div><div id=\"gallery-vertical-700-vh-comment\"> \t\t<\/div>\n\t<\/div>\n \t\t<div id=\"ngg1-image-1000\">\n\t\t<div id=\"gallery-vertical-700-vh\">\n\t\t\t<img title=\" \" alt=\" \" src=\"https:\/\/www.eltono.com\/wp-content\/gallery\/pubblico\/eltono-pubblico88.jpg\"\/>\n\t\t\t<\/div><div id=\"gallery-vertical-700-vh-comment\"> \t\t<\/div>\n\t<\/div>\n \t\t<div id=\"ngg1-image-982\">\n\t\t<div id=\"gallery-vertical-700-vh\">\n\t\t\t<img title=\"El resultado\" alt=\"El resultado\" src=\"https:\/\/www.eltono.com\/wp-content\/gallery\/pubblico\/eltono-pubblico70.jpg\"\/>\n\t\t\t<\/div><div id=\"gallery-vertical-700-vh-comment\">El resultado\t\t<\/div>\n\t<\/div>\n \t\t<div id=\"ngg1-image-983\">\n\t\t<div id=\"gallery-vertical-700-vh\">\n\t\t\t<img title=\" \" alt=\" \" src=\"https:\/\/www.eltono.com\/wp-content\/gallery\/pubblico\/eltono-pubblico71.jpg\"\/>\n\t\t\t<\/div><div id=\"gallery-vertical-700-vh-comment\"> \t\t<\/div>\n\t<\/div>\n \t\t<div id=\"ngg1-image-984\">\n\t\t<div id=\"gallery-vertical-700-vh\">\n\t\t\t<img title=\" \" alt=\" \" src=\"https:\/\/www.eltono.com\/wp-content\/gallery\/pubblico\/eltono-pubblico72.jpg\"\/>\n\t\t\t<\/div><div id=\"gallery-vertical-700-vh-comment\"> \t\t<\/div>\n\t<\/div>\n \t\t<div id=\"ngg1-image-985\">\n\t\t<div id=\"gallery-vertical-700-vh\">\n\t\t\t<img title=\" \" alt=\" \" src=\"https:\/\/www.eltono.com\/wp-content\/gallery\/pubblico\/eltono-pubblico73.jpg\"\/>\n\t\t\t<\/div><div id=\"gallery-vertical-700-vh-comment\"> \t\t<\/div>\n\t<\/div>\n \t\t<div id=\"ngg1-image-986\">\n\t\t<div id=\"gallery-vertical-700-vh\">\n\t\t\t<img title=\" \" alt=\" \" src=\"https:\/\/www.eltono.com\/wp-content\/gallery\/pubblico\/eltono-pubblico74.jpg\"\/>\n\t\t\t<\/div><div id=\"gallery-vertical-700-vh-comment\"> \t\t<\/div>\n\t<\/div>\n \t\t<div id=\"ngg1-image-987\">\n\t\t<div id=\"gallery-vertical-700-vh\">\n\t\t\t<img title=\" \" alt=\" \" src=\"https:\/\/www.eltono.com\/wp-content\/gallery\/pubblico\/eltono-pubblico75.jpg\"\/>\n\t\t\t<\/div><div id=\"gallery-vertical-700-vh-comment\"> \t\t<\/div>\n\t<\/div>\n \t\t<div id=\"ngg1-image-988\">\n\t\t<div id=\"gallery-vertical-700-vh\">\n\t\t\t<img title=\" \" alt=\" \" src=\"https:\/\/www.eltono.com\/wp-content\/gallery\/pubblico\/eltono-pubblico76.jpg\"\/>\n\t\t\t<\/div><div id=\"gallery-vertical-700-vh-comment\"> \t\t<\/div>\n\t<\/div>\n \t\t<div id=\"ngg1-image-989\">\n\t\t<div id=\"gallery-vertical-700-vh\">\n\t\t\t<img title=\" \" alt=\" \" src=\"https:\/\/www.eltono.com\/wp-content\/gallery\/pubblico\/eltono-pubblico77.jpg\"\/>\n\t\t\t<\/div><div id=\"gallery-vertical-700-vh-comment\"> \t\t<\/div>\n\t<\/div>\n \t\t<div id=\"ngg1-image-990\">\n\t\t<div id=\"gallery-vertical-700-vh\">\n\t\t\t<img title=\"Detalles\" alt=\"Detalles\" src=\"https:\/\/www.eltono.com\/wp-content\/gallery\/pubblico\/eltono-pubblico78.jpg\"\/>\n\t\t\t<\/div><div id=\"gallery-vertical-700-vh-comment\">Detalles\t\t<\/div>\n\t<\/div>\n \t\t<div id=\"ngg1-image-991\">\n\t\t<div id=\"gallery-vertical-700-vh\">\n\t\t\t<img title=\" \" alt=\" \" src=\"https:\/\/www.eltono.com\/wp-content\/gallery\/pubblico\/eltono-pubblico79.jpg\"\/>\n\t\t\t<\/div><div id=\"gallery-vertical-700-vh-comment\"> \t\t<\/div>\n\t<\/div>\n \t\t<div id=\"ngg1-image-992\">\n\t\t<div id=\"gallery-vertical-700-vh\">\n\t\t\t<img title=\"Pegado: Fecha y hora \u2013 Rescatado: Fecha y Hora \u2013 Lugar\" alt=\"Pegado: Fecha y hora \u2013 Rescatado: Fecha y Hora \u2013 Lugar\" src=\"https:\/\/www.eltono.com\/wp-content\/gallery\/pubblico\/eltono-pubblico80.jpg\"\/>\n\t\t\t<\/div><div id=\"gallery-vertical-700-vh-comment\">Pegado: Fecha y hora \u2013 Rescatado: Fecha y Hora \u2013 Lugar\t\t<\/div>\n\t<\/div>\n \t\t<div id=\"ngg1-image-993\">\n\t\t<div id=\"gallery-vertical-700-vh\">\n\t\t\t<img title=\" \" alt=\" \" src=\"https:\/\/www.eltono.com\/wp-content\/gallery\/pubblico\/eltono-pubblico81.jpg\"\/>\n\t\t\t<\/div><div id=\"gallery-vertical-700-vh-comment\"> \t\t<\/div>\n\t<\/div>\n \t\t<div id=\"ngg1-image-994\">\n\t\t<div id=\"gallery-vertical-700-vh\">\n\t\t\t<img title=\" \" alt=\" \" src=\"https:\/\/www.eltono.com\/wp-content\/gallery\/pubblico\/eltono-pubblico82.jpg\"\/>\n\t\t\t<\/div><div id=\"gallery-vertical-700-vh-comment\"> \t\t<\/div>\n\t<\/div>\n \t\t<div id=\"ngg1-image-995\">\n\t\t<div id=\"gallery-vertical-700-vh\">\n\t\t\t<img title=\" \" alt=\" \" src=\"https:\/\/www.eltono.com\/wp-content\/gallery\/pubblico\/eltono-pubblico83.jpg\"\/>\n\t\t\t<\/div><div id=\"gallery-vertical-700-vh-comment\"> \t\t<\/div>\n\t<\/div>\n \t\t<div id=\"ngg1-image-996\">\n\t\t<div id=\"gallery-vertical-700-vh\">\n\t\t\t<img title=\" \" alt=\" \" src=\"https:\/\/www.eltono.com\/wp-content\/gallery\/pubblico\/eltono-pubblico84.jpg\"\/>\n\t\t\t<\/div><div id=\"gallery-vertical-700-vh-comment\"> \t\t<\/div>\n\t<\/div>\n \t\t<div id=\"ngg1-image-997\">\n\t\t<div id=\"gallery-vertical-700-vh\">\n\t\t\t<img title=\" \" alt=\" \" src=\"https:\/\/www.eltono.com\/wp-content\/gallery\/pubblico\/eltono-pubblico85.jpg\"\/>\n\t\t\t<\/div><div id=\"gallery-vertical-700-vh-comment\"> \t\t<\/div>\n\t<\/div>\n \t\t<div id=\"ngg1-image-998\">\n\t\t<div id=\"gallery-vertical-700-vh\">\n\t\t\t<img title=\" \" alt=\" \" src=\"https:\/\/www.eltono.com\/wp-content\/gallery\/pubblico\/eltono-pubblico86.jpg\"\/>\n\t\t\t<\/div><div id=\"gallery-vertical-700-vh-comment\"> \t\t<\/div>\n\t<\/div>\n \t\t<div id=\"ngg1-image-999\">\n\t\t<div id=\"gallery-vertical-700-vh\">\n\t\t\t<img title=\" \" alt=\" \" src=\"https:\/\/www.eltono.com\/wp-content\/gallery\/pubblico\/eltono-pubblico87.jpg\"\/>\n\t\t\t<\/div><div id=\"gallery-vertical-700-vh-comment\"> \t\t<\/div>\n\t<\/div>\n \t\t<div id=\"ngg1-image-1002\">\n\t\t<div id=\"gallery-vertical-700-vh\">\n\t\t\t<img title=\"\u00a1Inauguraci\u00f3n multitudinaria!\" alt=\"\u00a1Inauguraci\u00f3n multitudinaria!\" src=\"https:\/\/www.eltono.com\/wp-content\/gallery\/pubblico\/eltono-pubblico90.jpg\"\/>\n\t\t\t<\/div><div id=\"gallery-vertical-700-vh-comment\">\u00a1Inauguraci\u00f3n multitudinaria!\t\t<\/div>\n\t<\/div>\n \t\t<div id=\"ngg1-image-3553\">\n\t\t<div id=\"gallery-vertical-700-vh\">\n\t\t\t<img title=\" \" alt=\" \" src=\"https:\/\/www.eltono.com\/wp-content\/gallery\/pubblico\/eltono-pubblico581.jpg\"\/>\n\t\t\t<\/div><div id=\"gallery-vertical-700-vh-comment\"> \t\t<\/div>\n\t<\/div>\n \t<\/div>\n<\/p>\n<p>Gracias a Lorenzo, Lucia y Luc\u00eda<\/p>","protected":false},"excerpt":{"rendered":"<p>Rojo Art Space Via Tortona, Mil\u00e1n, Italia 15 de enero &#8211; 28 de febrero 2009 En el proyecto Pubblico, el espectador es el protagonista de la obra. El resultado final depende del p\u00fablico. El experimento juega con la interactividad que existe en la calle y pretende estudiar c\u00f3mo factores exteriores, fuera del control del artista, &hellip; <a href=\"https:\/\/www.eltono.com\/es\/exhibitions\/solo\/pubblico\/\" class=\"more-link\">Continue reading <span class=\"screen-reader-text\">Pubblico<\/span><\/a><\/p>\n","protected":false},"author":1,"featured_media":13527,"parent":13432,"menu_order":0,"comment_status":"closed","ping_status":"closed","template":"","meta":{"ngg_post_thumbnail":0,"jetpack_post_was_ever_published":false,"footnotes":""},"categories":[293,3,5,261,265,266,269,272,264,263],"tags":[],"class_list":["post-2177","page","type-page","status-publish","has-post-thumbnail","hentry","category-293","category-exhibitions","category-interventions","category-page_expo","category-page_indoor","category-page_outdoor","category-page_participatif","category-page_project","category-page_solo_show","category-solo-show"],"jetpack_sharing_enabled":true,"jetpack_shortlink":"https:\/\/wp.me\/P7sWFx-z7","_links":{"self":[{"href":"https:\/\/www.eltono.com\/es\/wp-json\/wp\/v2\/pages\/2177","targetHints":{"allow":["GET"]}}],"collection":[{"href":"https:\/\/www.eltono.com\/es\/wp-json\/wp\/v2\/pages"}],"about":[{"href":"https:\/\/www.eltono.com\/es\/wp-json\/wp\/v2\/types\/page"}],"author":[{"embeddable":true,"href":"https:\/\/www.eltono.com\/es\/wp-json\/wp\/v2\/users\/1"}],"replies":[{"embeddable":true,"href":"https:\/\/www.eltono.com\/es\/wp-json\/wp\/v2\/comments?post=2177"}],"version-history":[{"count":22,"href":"https:\/\/www.eltono.com\/es\/wp-json\/wp\/v2\/pages\/2177\/revisions"}],"predecessor-version":[{"id":14222,"href":"https:\/\/www.eltono.com\/es\/wp-json\/wp\/v2\/pages\/2177\/revisions\/14222"}],"up":[{"embeddable":true,"href":"https:\/\/www.eltono.com\/es\/wp-json\/wp\/v2\/pages\/13432"}],"wp:featuredmedia":[{"embeddable":true,"href":"https:\/\/www.eltono.com\/es\/wp-json\/wp\/v2\/media\/13527"}],"wp:attachment":[{"href":"https:\/\/www.eltono.com\/es\/wp-json\/wp\/v2\/media?parent=2177"}],"wp:term":[{"taxonomy":"category","embeddable":true,"href":"https:\/\/www.eltono.com\/es\/wp-json\/wp\/v2\/categories?post=2177"},{"taxonomy":"post_tag","embeddable":true,"href":"https:\/\/www.eltono.com\/es\/wp-json\/wp\/v2\/tags?post=2177"}],"curies":[{"name":"wp","href":"https:\/\/api.w.org\/{rel}","templated":true}]}}