{"id":22085,"date":"2021-10-20T18:29:18","date_gmt":"2021-10-20T16:29:18","guid":{"rendered":"https:\/\/www.eltono.com\/?page_id=22085"},"modified":"2024-06-21T13:04:38","modified_gmt":"2024-06-21T11:04:38","slug":"desperfectos","status":"publish","type":"page","link":"https:\/\/www.eltono.com\/es\/exhibitions\/solo\/desperfectos\/","title":{"rendered":"Desperfectos"},"content":{"rendered":"<p><strong>SET Espai d&#8217;Art (en Galer\u00eda Nueva)<br \/>\n<\/strong>Madrid, Espa\u00f1a<br \/>\nOctubre 2021<\/p>\n<p><a href=\"https:\/\/www.eltono.com\/wp-content\/uploads\/2022\/12\/Eltono-Desperfectos-Plotter.jpg\"><img loading=\"lazy\" decoding=\"async\" data-attachment-id=\"23086\" data-permalink=\"https:\/\/www.eltono.com\/es\/exhibitions\/solo\/desperfectos\/eltono-desperfectos-plotter\/\" data-orig-file=\"https:\/\/www.eltono.com\/wp-content\/uploads\/2022\/12\/Eltono-Desperfectos-Plotter.jpg\" data-orig-size=\"2000,684\" data-comments-opened=\"0\" data-image-meta=\"{&quot;aperture&quot;:&quot;0&quot;,&quot;credit&quot;:&quot;&quot;,&quot;camera&quot;:&quot;&quot;,&quot;caption&quot;:&quot;&quot;,&quot;created_timestamp&quot;:&quot;0&quot;,&quot;copyright&quot;:&quot;&quot;,&quot;focal_length&quot;:&quot;0&quot;,&quot;iso&quot;:&quot;0&quot;,&quot;shutter_speed&quot;:&quot;0&quot;,&quot;title&quot;:&quot;&quot;,&quot;orientation&quot;:&quot;0&quot;}\" data-image-title=\"Eltono-Desperfectos-Plotter\" data-image-description=\"\" data-image-caption=\"\" data-medium-file=\"https:\/\/www.eltono.com\/wp-content\/uploads\/2022\/12\/Eltono-Desperfectos-Plotter-300x103.jpg\" data-large-file=\"https:\/\/www.eltono.com\/wp-content\/uploads\/2022\/12\/Eltono-Desperfectos-Plotter-700x239.jpg\" class=\"alignleft size-full wp-image-23086\" src=\"https:\/\/www.eltono.com\/wp-content\/uploads\/2022\/12\/Eltono-Desperfectos-Plotter.jpg\" alt=\"\" width=\"2000\" height=\"684\" srcset=\"https:\/\/www.eltono.com\/wp-content\/uploads\/2022\/12\/Eltono-Desperfectos-Plotter.jpg 2000w, https:\/\/www.eltono.com\/wp-content\/uploads\/2022\/12\/Eltono-Desperfectos-Plotter-300x103.jpg 300w, https:\/\/www.eltono.com\/wp-content\/uploads\/2022\/12\/Eltono-Desperfectos-Plotter-700x239.jpg 700w, https:\/\/www.eltono.com\/wp-content\/uploads\/2022\/12\/Eltono-Desperfectos-Plotter-1536x525.jpg 1536w, https:\/\/www.eltono.com\/wp-content\/uploads\/2022\/12\/Eltono-Desperfectos-Plotter-350x120.jpg 350w\" sizes=\"auto, (max-width: 2000px) 100vw, 2000px\" \/><\/a><a href=\"https:\/\/www.eltono.com\/wp-content\/uploads\/2021\/10\/Eltono-Desperfectos-1200px.jpg\"><img loading=\"lazy\" decoding=\"async\" data-attachment-id=\"22086\" data-permalink=\"https:\/\/www.eltono.com\/es\/exhibitions\/solo\/desperfectos\/eltono-desperfectos-1200px\/\" data-orig-file=\"https:\/\/www.eltono.com\/wp-content\/uploads\/2021\/10\/Eltono-Desperfectos-1200px.jpg\" data-orig-size=\"1200,800\" data-comments-opened=\"0\" data-image-meta=\"{&quot;aperture&quot;:&quot;0&quot;,&quot;credit&quot;:&quot;&quot;,&quot;camera&quot;:&quot;&quot;,&quot;caption&quot;:&quot;&quot;,&quot;created_timestamp&quot;:&quot;0&quot;,&quot;copyright&quot;:&quot;&quot;,&quot;focal_length&quot;:&quot;0&quot;,&quot;iso&quot;:&quot;0&quot;,&quot;shutter_speed&quot;:&quot;0&quot;,&quot;title&quot;:&quot;&quot;,&quot;orientation&quot;:&quot;1&quot;}\" data-image-title=\"Eltono-Desperfectos-1200px\" data-image-description=\"\" data-image-caption=\"\" data-medium-file=\"https:\/\/www.eltono.com\/wp-content\/uploads\/2021\/10\/Eltono-Desperfectos-1200px-300x200.jpg\" data-large-file=\"https:\/\/www.eltono.com\/wp-content\/uploads\/2021\/10\/Eltono-Desperfectos-1200px-700x467.jpg\" class=\"alignleft size-full wp-image-22086\" src=\"https:\/\/www.eltono.com\/wp-content\/uploads\/2021\/10\/Eltono-Desperfectos-1200px.jpg\" alt=\"\" width=\"1200\" height=\"800\" srcset=\"https:\/\/www.eltono.com\/wp-content\/uploads\/2021\/10\/Eltono-Desperfectos-1200px.jpg 1200w, https:\/\/www.eltono.com\/wp-content\/uploads\/2021\/10\/Eltono-Desperfectos-1200px-300x200.jpg 300w, https:\/\/www.eltono.com\/wp-content\/uploads\/2021\/10\/Eltono-Desperfectos-1200px-700x467.jpg 700w, https:\/\/www.eltono.com\/wp-content\/uploads\/2021\/10\/Eltono-Desperfectos-1200px-350x233.jpg 350w\" sizes=\"auto, (max-width: 1200px) 100vw, 1200px\" \/><\/a><\/p>\n<p>Para la exposici\u00f3n individual <em><strong>Desperfectos<\/strong><\/em>, present\u00e9 tres proyectos: <strong><em>Plotter de paseo,<\/em><\/strong> <strong><em>Transportistas<\/em><\/strong> y <strong><em>Chaparrones<\/em><\/strong>.<\/p>\n<hr>\n<h3><em>Plotter de paseo<\/em><\/h3>\n<p>Siguiendo mi investigaci\u00f3n alrededor de la idea de hacer dibujos caminando, fabriqu\u00e9 un plotter de paseo que utiliza la gravedad y los movimientos de mi cuerpo&nbsp; para accionar diferentes mecanismos y crear dibujos basados en mis recorridos.<\/p>\n<p><iframe loading=\"lazy\" title=\"YouTube video player\" src=\"https:\/\/www.youtube.com\/embed\/K05MK0YoSDc\" width=\"700\" height=\"393\" frameborder=\"0\" allowfullscreen=\"allowfullscreen\"><\/iframe><\/p>\nngg_shortcode_6_placeholder\n<hr>\n<h3><em>Transportistas<\/em><\/h3>\n<p>Fabriqu\u00e9 cinco cajas para mandar cinco obras desde mi taller en Francia hasta la galer\u00eda en Madrid. Se supone que una caja debe proteger la obra pero en este caso pint\u00e9 en la parte exterior de la caja. En vez de proteger, la caja ayuda al deterioro de la obra. Imagin\u00e9 ese proyecto como una colaboraci\u00f3n entre los transportistas y yo. Constru\u00ed, pint\u00e9 y manipul\u00e9 las cajas con el m\u00e1ximo cuidado hasta el momento que fueron entregadas al los transportistas, en ese momento, perd\u00ed el control del estado de las obras. Solo descubr\u00ed el resultado final a mi llegada en la galer\u00eda en Madrid.<\/p>\n<p>&#8211; T1 y T2 fueron enviadas con La Poste (Colissimo),<br \/>\n&#8211; T3 fue enviada con TNT,<br \/>\n&#8211; T4 fue enviada con UPS,<br \/>\n&#8211; T5 fue enviada con DHL.<\/p>\n<p><iframe loading=\"lazy\" title=\"YouTube video player\" src=\"https:\/\/www.youtube.com\/embed\/NaqBaLh5GNU\" width=\"700\" height=\"393\" frameborder=\"0\" allowfullscreen=\"allowfullscreen\"><\/iframe><\/p>\nngg_shortcode_7_placeholder\n<hr>\n<h3><em>Chaparrones<\/em><\/h3>\n<p>Obras creadas par la exposici\u00f3n individual <em>S\u00e9rendipit\u00e9<\/em> en el centro de arte Hangar 107 en Rouen en julio 2021.<\/p>\n<p>Siguiendo con mis investigaciones alrededor de la alteraci\u00f3n de obras de arte por parte de factores externos incontrolables, decid\u00ed aprovechar el clima de Normand\u00eda para dar la vuelta al centro de arte cada vez que llov\u00eda protegi\u00e9ndome debajo de una obra de arte. La secuencia de lineas paralelas de color trazadas con rotuladores es alterada por las gotas de agua que desti\u00f1en la tinta. El tiempo de exposici\u00f3n siendo el mismo para cada salida, la particularidad de cada lluvia se aprecia en el resultado. Gotas gordas espaciadas, llovizna o intenso chaparr\u00f3n dejan todos una huella diferente en la tinta.<\/p>\n<p><iframe loading=\"lazy\" title=\"YouTube video player\" src=\"https:\/\/www.youtube.com\/embed\/7hXE60AgTBM\" width=\"700\" height=\"393\" frameborder=\"0\" allowfullscreen=\"allowfullscreen\"><\/iframe><\/p>\nngg_shortcode_8_placeholder\n<p><a href=\"https:\/\/www.setespaidart.com\/\" target=\"_blank\" rel=\"noopener noreferrer\">Set Espai d&#8217;Art<\/a><br \/>\n<a href=\"https:\/\/galerianueva.com\/\" target=\"_blank\" rel=\"noopener noreferrer\">Galer\u00eda Nueva<\/a><\/p>\n<p>M\u00e1s informaci\u00f3n: <a href=\"https:\/\/galerianueva.com\/galerias\/setespaidart\/\" target=\"_blank\" rel=\"noopener noreferrer\">https:\/\/galerianueva.com\/galerias\/setespaidart\/<\/a><\/p>","protected":false},"excerpt":{"rendered":"<p>SET Espai d&#8217;Art (en Galer\u00eda Nueva) Madrid, Espa\u00f1a Octubre 2021 Para la exposici\u00f3n individual Desperfectos, present\u00e9 tres proyectos: Plotter de paseo, Transportistas y Chaparrones. Plotter de paseo Siguiendo mi investigaci\u00f3n alrededor de la idea de hacer dibujos caminando, fabriqu\u00e9 un plotter de paseo que utiliza la gravedad y los movimientos de mi cuerpo&nbsp; para accionar &hellip; <a href=\"https:\/\/www.eltono.com\/es\/exhibitions\/solo\/desperfectos\/\" class=\"more-link\">Continue reading <span class=\"screen-reader-text\">Desperfectos<\/span><\/a><\/p>\n","protected":false},"author":1,"featured_media":23047,"parent":13432,"menu_order":0,"comment_status":"closed","ping_status":"closed","template":"","meta":{"ngg_post_thumbnail":0,"jetpack_post_was_ever_published":false,"footnotes":""},"categories":[346,334,3,5,261,264,263,306],"tags":[],"class_list":["post-22085","page","type-page","status-publish","has-post-thumbnail","hentry","category-346","category-destacados","category-exhibitions","category-interventions","category-page_expo","category-page_solo_show","category-solo-show","category-_actu"],"jetpack_sharing_enabled":true,"jetpack_shortlink":"https:\/\/wp.me\/P7sWFx-5Kd","_links":{"self":[{"href":"https:\/\/www.eltono.com\/es\/wp-json\/wp\/v2\/pages\/22085","targetHints":{"allow":["GET"]}}],"collection":[{"href":"https:\/\/www.eltono.com\/es\/wp-json\/wp\/v2\/pages"}],"about":[{"href":"https:\/\/www.eltono.com\/es\/wp-json\/wp\/v2\/types\/page"}],"author":[{"embeddable":true,"href":"https:\/\/www.eltono.com\/es\/wp-json\/wp\/v2\/users\/1"}],"replies":[{"embeddable":true,"href":"https:\/\/www.eltono.com\/es\/wp-json\/wp\/v2\/comments?post=22085"}],"version-history":[{"count":49,"href":"https:\/\/www.eltono.com\/es\/wp-json\/wp\/v2\/pages\/22085\/revisions"}],"predecessor-version":[{"id":23936,"href":"https:\/\/www.eltono.com\/es\/wp-json\/wp\/v2\/pages\/22085\/revisions\/23936"}],"up":[{"embeddable":true,"href":"https:\/\/www.eltono.com\/es\/wp-json\/wp\/v2\/pages\/13432"}],"wp:featuredmedia":[{"embeddable":true,"href":"https:\/\/www.eltono.com\/es\/wp-json\/wp\/v2\/media\/23047"}],"wp:attachment":[{"href":"https:\/\/www.eltono.com\/es\/wp-json\/wp\/v2\/media?parent=22085"}],"wp:term":[{"taxonomy":"category","embeddable":true,"href":"https:\/\/www.eltono.com\/es\/wp-json\/wp\/v2\/categories?post=22085"},{"taxonomy":"post_tag","embeddable":true,"href":"https:\/\/www.eltono.com\/es\/wp-json\/wp\/v2\/tags?post=22085"}],"curies":[{"name":"wp","href":"https:\/\/api.w.org\/{rel}","templated":true}]}}