{"id":22327,"date":"2021-07-21T21:50:34","date_gmt":"2021-07-21T19:50:34","guid":{"rendered":"https:\/\/www.eltono.com\/?page_id=22327"},"modified":"2023-02-10T13:54:44","modified_gmt":"2023-02-10T12:54:44","slug":"serendipite","status":"publish","type":"page","link":"https:\/\/www.eltono.com\/es\/exhibitions\/solo\/serendipite\/","title":{"rendered":"S\u00e9rendipit\u00e9"},"content":{"rendered":"<p><strong>Centre d&#8217;art Hangar 107<br \/>\n<\/strong>Rouen, Francia<br \/>\nJulio 2021<\/p>\n<p><img decoding=\"async\" class=\"ngg-singlepic ngg-none\" src=\"https:\/\/www.eltono.com\/wp-content\/gallery\/serendipite\/Eltono-Serendipity-20.jpg\" alt=\"Eltono-Serendipity-20\"><\/p>\n<p>Para la exposici\u00f3n individual <em><strong>S\u00e9rendipit\u00e9<\/strong><\/em> (serendipia), present\u00e9 ocho diferentes series de obras: dos pinturas murales generativas, cuatro experimentaciones en la calle, una instalaci\u00f3n mural interactiva y un proyecto de esculturas generativas.<\/p>\n<h3>Averses (chaparrones)<\/h3>\n<p>Siguiendo con mis investigaciones alrededor de la alteraci\u00f3n de obras de arte por parte de factores externos incontrolables, decid\u00ed aprovechar el clima de Normand\u00eda para dar la vuelta al centro de arte cada vez que llov\u00eda protegi\u00e9ndome debajo de una obra de arte. La secuencia de lineas paralelas de color trazadas con rotuladores es alterada por las gotas de agua que desti\u00f1en la tinta. El tiempo de exposici\u00f3n siendo el mismo para cada salida, la particularidad de cada lluvia se aprecia en el resultado. Gotas gordas espaciadas, llovizna o intenso chaparr\u00f3n dejan todos una huella diferente en la tinta.<\/p>\n<p><iframe loading=\"lazy\" title=\"YouTube video player\" src=\"https:\/\/www.youtube.com\/embed\/7hXE60AgTBM\" allowfullscreen=\"allowfullscreen\" width=\"700\" height=\"393\" frameborder=\"0\"><\/iframe><\/p>\nngg_shortcode_18_placeholder\n<h3>SM7<\/h3>\n<p>Las esculturas SM7 son una reiteraci\u00f3n del protocolo Modo n.\u00b07 en volumen. Ocho formas diferentes son generadas y colocadas hasta que la escultura sea estable. Una vez encontrado el equilibrio, la piezas moldeadas son ensambladas y se fija la escultura.<\/p>\nngg_shortcode_19_placeholder\n<h3>55 panneaux (55 paneles)<\/h3>\n<p>Siguiendo un protocolo generativo, 55 composiciones fueron pintadas en paneles de madera de 50 x 50 cm. El sistema para colgar permite desplazar f\u00e1cilmente los paneles de tal forma que, durante toda la duraci\u00f3n de la exposici\u00f3n, el p\u00fablico es invitado a permutar los paneles y hacer evolucionar las composiciones.<\/p>\nngg_shortcode_20_placeholder\n<h3>Modo n.\u00b046<\/h3>\n<p>Aprovechando el avance tecnol\u00f3gico de los NFT en el arte generativo digital, colgu\u00e9 un c\u00f3digo en linea para que 16 coleccionistas generaran 16 composiciones abstractas digitales. Cada una de esas composiciones fue pintada en la pared respetando el orden de generaci\u00f3n. El resultado final solo fue descubierto al terminar la pintura ya que no se hizo ninguna simulaci\u00f3n previa de la composici\u00f3n completa.<\/p>\n<p><a href=\"https:\/\/www.eltono.com\/lab\/projects\/modo46\/\" target=\"_blank\" rel=\"noopener noreferrer\">https:\/\/www.eltono.com\/lab\/projects\/modo46\/<\/a><\/p>\nngg_shortcode_21_placeholder\n<h3>RUFO<\/h3>\n<p>Una composici\u00f3n abstracta es pintada en una tabla de madera y una cuerda es atada a la tabla. Voy paseando la tabla, cara pintada hacia el suelo, sobre un recorrido en bucle predefinido. Solo se descubre el resultado al final del recorrido. En Rouen, decid\u00ed pasear ocho tablas a lo largo de recorridos pasando por los muelles y los puentes alrededor del r\u00edo Sena.<\/p>\n<p><iframe loading=\"lazy\" title=\"YouTube video player\" src=\"https:\/\/www.youtube.com\/embed\/sv92JBtKEJ0\" allowfullscreen=\"allowfullscreen\" width=\"700\" height=\"393\" frameborder=\"0\"><\/iframe><\/p>\nngg_shortcode_22_placeholder\n<h3>Modo n.\u00b045 (reiteraci\u00f3n Modo n.\u00b07)<\/h3>\n<p>Despu\u00e9s de descubrir una cuadricula perfecta de 7 x 7 casillas en la pared central, pintamos la pintura mural generativa Modo n.\u00b045 siguiendo el protocolo Modo n.\u00b07.<\/p>\nngg_shortcode_23_placeholder\n<h3>Pierres peintes (piedras pintadas)<\/h3>\n<p>A mi llegada, me fui a buscar piedras alrededor del centro de arte. Pint\u00e9 cada una de ellas con tres capas sucesivas de colores distintos. A continuaci\u00f3n, llev\u00e9 las piedras en la orilla derecha de Rouen et les d\u00ed patadas para hacerlas rodar siguiendo recorridos predefinidos. Algunas fueron sueltas en las cuestas del Mont-Saint-Aignan y una, la m\u00e1s grande, rod\u00f3 en la orilla izquierda alrededor del centro de arte.<\/p>\n<p><iframe loading=\"lazy\" title=\"YouTube video player\" src=\"https:\/\/www.youtube.com\/embed\/i3QeqO7KemE\" allowfullscreen=\"allowfullscreen\" width=\"700\" height=\"393\" frameborder=\"0\"><\/iframe><\/p>\nngg_shortcode_24_placeholder\n<h3>D\u00e9tours (desv\u00edo)<\/h3>\n<p>Recorridos aleatorios (x5) ejecutados en Niort en 2017 para la exposici\u00f3n <a href=\"http:\/\/www.winterlong-gallerie.com\/expositions\/la-ville-et-le-mouvement-le-4eme-mur-2017\/\" target=\"_blank\" rel=\"noopener noreferrer\">La Ville et le Mouvement<\/a> organizada por Winterlong Gallery.<\/p>\n<p>Por un tiempo definido de antemano, me voy paseando por la ciudad con un dado en el bolsillo. En cada intersecci\u00f3n utilizo el dado para saber en que direcci\u00f3n debo seguir caminando. Los datos GPS de la deambulaci\u00f3n son registrados y una escultura es creada a partir del resultado. La escultura es presentada como una obra abstracta, resultado de mis movimientos por la ciudad.<\/p>\n<p><iframe loading=\"lazy\" title=\"YouTube video player\" src=\"https:\/\/www.youtube.com\/embed\/QVo9WurrWoM\" allowfullscreen=\"allowfullscreen\" width=\"700\" height=\"393\" frameborder=\"0\"><\/iframe><\/p>\nngg_shortcode_25_placeholder\n<h3>Vistas de la exposici\u00f3n:<\/h3>\nngg_shortcode_26_placeholder\n<p>Gracias a todo el equipo del Hangar 107, Jean Guillaume, Nicolas, Marc, Kim, Th\u00e9o, Caro, Marilou y Gabin.<\/p>\n<p>Fotos: Juan Cruz, Jean Guillaume Panis y Eltono.<\/p>","protected":false},"excerpt":{"rendered":"<p>Centre d&#8217;art Hangar 107 Rouen, Francia Julio 2021 Para la exposici\u00f3n individual S\u00e9rendipit\u00e9 (serendipia), present\u00e9 ocho diferentes series de obras: dos pinturas murales generativas, cuatro experimentaciones en la calle, una instalaci\u00f3n mural interactiva y un proyecto de esculturas generativas. Averses (chaparrones) Siguiendo con mis investigaciones alrededor de la alteraci\u00f3n de obras de arte por parte &hellip; <a href=\"https:\/\/www.eltono.com\/es\/exhibitions\/solo\/serendipite\/\" class=\"more-link\">Continue reading <span class=\"screen-reader-text\">S\u00e9rendipit\u00e9<\/span><\/a><\/p>\n","protected":false},"author":1,"featured_media":23011,"parent":13432,"menu_order":0,"comment_status":"closed","ping_status":"closed","template":"","meta":{"ngg_post_thumbnail":0,"jetpack_post_was_ever_published":false,"footnotes":""},"categories":[346,334,3,5,261,264,263,306],"tags":[],"class_list":["post-22327","page","type-page","status-publish","has-post-thumbnail","hentry","category-346","category-destacados","category-exhibitions","category-interventions","category-page_expo","category-page_solo_show","category-solo-show","category-_actu"],"jetpack_sharing_enabled":true,"jetpack_shortlink":"https:\/\/wp.me\/P7sWFx-5O7","_links":{"self":[{"href":"https:\/\/www.eltono.com\/es\/wp-json\/wp\/v2\/pages\/22327","targetHints":{"allow":["GET"]}}],"collection":[{"href":"https:\/\/www.eltono.com\/es\/wp-json\/wp\/v2\/pages"}],"about":[{"href":"https:\/\/www.eltono.com\/es\/wp-json\/wp\/v2\/types\/page"}],"author":[{"embeddable":true,"href":"https:\/\/www.eltono.com\/es\/wp-json\/wp\/v2\/users\/1"}],"replies":[{"embeddable":true,"href":"https:\/\/www.eltono.com\/es\/wp-json\/wp\/v2\/comments?post=22327"}],"version-history":[{"count":79,"href":"https:\/\/www.eltono.com\/es\/wp-json\/wp\/v2\/pages\/22327\/revisions"}],"predecessor-version":[{"id":23145,"href":"https:\/\/www.eltono.com\/es\/wp-json\/wp\/v2\/pages\/22327\/revisions\/23145"}],"up":[{"embeddable":true,"href":"https:\/\/www.eltono.com\/es\/wp-json\/wp\/v2\/pages\/13432"}],"wp:featuredmedia":[{"embeddable":true,"href":"https:\/\/www.eltono.com\/es\/wp-json\/wp\/v2\/media\/23011"}],"wp:attachment":[{"href":"https:\/\/www.eltono.com\/es\/wp-json\/wp\/v2\/media?parent=22327"}],"wp:term":[{"taxonomy":"category","embeddable":true,"href":"https:\/\/www.eltono.com\/es\/wp-json\/wp\/v2\/categories?post=22327"},{"taxonomy":"post_tag","embeddable":true,"href":"https:\/\/www.eltono.com\/es\/wp-json\/wp\/v2\/tags?post=22327"}],"curies":[{"name":"wp","href":"https:\/\/api.w.org\/{rel}","templated":true}]}}