{"id":22359,"date":"2022-08-09T21:01:38","date_gmt":"2022-08-09T19:01:38","guid":{"rendered":"https:\/\/www.eltono.com\/?page_id=22359"},"modified":"2024-05-21T10:58:20","modified_gmt":"2024-05-21T08:58:20","slug":"modo49","status":"publish","type":"page","link":"https:\/\/www.eltono.com\/es\/murals\/modo49\/","title":{"rendered":"Modo n.\u00ba49"},"content":{"rendered":"<p><strong>&#8220;A talk with the city&#8221;<br \/>\nPintura mural generativa y participativa<\/strong><br \/>\nConversano, Bari, Italia<br \/>\nMayo 2022<\/p>\n<p>&#8220;A talk with the city&#8221; es un proyecto de arte p\u00fablico financiado por STHAR LAB de la Regi\u00f3n Puglia y confiado por el Municipio de Conversano a la asociaci\u00f3n cultural Pigment Workroom en colaboraci\u00f3n con el complejo de museos &#8220;Museco&#8221; de la ciudad de Conversano, CIME, ZICZIC y CONTEMPO.<\/p>\n<p>Las formas utilizadas para el protocolo han sido inspiradas por detalles arquitect\u00f3nicos de la ciudad de Conversano. La ciudad antigua est\u00e1 llena de arcos, columnas, escaleras de piedras y m\u00e1s arcos. Antes de pintar, se organiz\u00f3 un taller de serigraf\u00eda generativa a pie de calle para crear las composiciones que se utilizaron para pintar el mural. M\u00e1s de 30 alumnos del instituto en frente del muro participaron en el proceso. Durante las dos siguientes semanas, David y yo pintamos la parte alta del muro mientras que el equipo de Pigment Workroom se encarg\u00f3 de la parte baja con la ayuda de los participantes. Este muro siempre ha sido un lugar importante para el grafiti local as\u00ed que decidimos dejar la parte de abajo abierta para futuras intervenciones espontaneas.<\/p>\n<p><a href=\"https:\/\/talkwiththecity.it\/\" target=\"_blank\" rel=\"noopener noreferrer\">https:\/\/talkwiththecity.it<\/a><\/p>\n<p><a href=\"https:\/\/www.eltono.com\/wp-content\/gallery\/modo49\/Eltono-Modo49-Conversano-012.jpg\"><img loading=\"lazy\" decoding=\"async\" class=\"ngg-singlepic ngg-none alignnone\" src=\"https:\/\/www.eltono.com\/wp-content\/gallery\/modo49\/Eltono-Modo49-Conversano-012.jpg\" alt=\"Eltono-Modo49-Conversano-012\" width=\"2000\" height=\"1335\"><\/a><\/p>\n<p>ngg_shortcode_4_placeholderInspiraci\u00f3n y proceso:<\/p>\nngg_shortcode_5_placeholder\n<p>Muchas gracias a todas las personas que hicieron posible el proyecto: Pigment Workroom, Zic Zic, Museco, mi fant\u00e1stico assistante David y <span class=\"VIiyi\" lang=\"it\"><span class=\"JLqJ4b ChMk0b\" data-language-for-alternatives=\"it\" data-language-to-translate-into=\"es\" data-phrase-index=\"0\" data-number-of-phrases=\"1\"><span class=\"Q4iAWc\">tutti gli studenti del Classico<\/span><\/span><\/span>!<\/p>","protected":false},"excerpt":{"rendered":"<p>&#8220;A talk with the city&#8221; Pintura mural generativa y participativa Conversano, Bari, Italia Mayo 2022 &#8220;A talk with the city&#8221; es un proyecto de arte p\u00fablico financiado por STHAR LAB de la Regi\u00f3n Puglia y confiado por el Municipio de Conversano a la asociaci\u00f3n cultural Pigment Workroom en colaboraci\u00f3n con el complejo de museos &#8220;Museco&#8221; &hellip; <a href=\"https:\/\/www.eltono.com\/es\/murals\/modo49\/\" class=\"more-link\">Continue reading <span class=\"screen-reader-text\">Modo n.\u00ba49<\/span><\/a><\/p>\n","protected":false},"author":1,"featured_media":22439,"parent":13155,"menu_order":0,"comment_status":"closed","ping_status":"closed","template":"","meta":{"ngg_post_thumbnail":0,"jetpack_post_was_ever_published":false,"footnotes":""},"categories":[350,277,345,112,262,260,266],"tags":[],"class_list":["post-22359","page","type-page","status-publish","has-post-thumbnail","hentry","category-350","category-generative","category-modo","category-mural","category-page_automatic","category-page_mural","category-page_outdoor"],"jetpack_sharing_enabled":true,"jetpack_shortlink":"https:\/\/wp.me\/P7sWFx-5OD","_links":{"self":[{"href":"https:\/\/www.eltono.com\/es\/wp-json\/wp\/v2\/pages\/22359","targetHints":{"allow":["GET"]}}],"collection":[{"href":"https:\/\/www.eltono.com\/es\/wp-json\/wp\/v2\/pages"}],"about":[{"href":"https:\/\/www.eltono.com\/es\/wp-json\/wp\/v2\/types\/page"}],"author":[{"embeddable":true,"href":"https:\/\/www.eltono.com\/es\/wp-json\/wp\/v2\/users\/1"}],"replies":[{"embeddable":true,"href":"https:\/\/www.eltono.com\/es\/wp-json\/wp\/v2\/comments?post=22359"}],"version-history":[{"count":27,"href":"https:\/\/www.eltono.com\/es\/wp-json\/wp\/v2\/pages\/22359\/revisions"}],"predecessor-version":[{"id":22476,"href":"https:\/\/www.eltono.com\/es\/wp-json\/wp\/v2\/pages\/22359\/revisions\/22476"}],"up":[{"embeddable":true,"href":"https:\/\/www.eltono.com\/es\/wp-json\/wp\/v2\/pages\/13155"}],"wp:featuredmedia":[{"embeddable":true,"href":"https:\/\/www.eltono.com\/es\/wp-json\/wp\/v2\/media\/22439"}],"wp:attachment":[{"href":"https:\/\/www.eltono.com\/es\/wp-json\/wp\/v2\/media?parent=22359"}],"wp:term":[{"taxonomy":"category","embeddable":true,"href":"https:\/\/www.eltono.com\/es\/wp-json\/wp\/v2\/categories?post=22359"},{"taxonomy":"post_tag","embeddable":true,"href":"https:\/\/www.eltono.com\/es\/wp-json\/wp\/v2\/tags?post=22359"}],"curies":[{"name":"wp","href":"https:\/\/api.w.org\/{rel}","templated":true}]}}