{"id":22558,"date":"2022-09-10T14:07:38","date_gmt":"2022-09-10T12:07:38","guid":{"rendered":"https:\/\/www.eltono.com\/?page_id=22558"},"modified":"2023-05-11T18:18:14","modified_gmt":"2023-05-11T16:18:14","slug":"espaces-manipulables","status":"publish","type":"page","link":"https:\/\/www.eltono.com\/es\/exhibitions\/collective-shows\/espaces-manipulables\/","title":{"rendered":"Espaces Manipulables"},"content":{"rendered":"<p><strong>Centro de Arte Mille Formes<br \/>\n<\/strong><span class=\"LrzXr\">23 Rue Fontgieve<\/span>, Clermont-Ferrand, Francia<br \/>\nAbril 2022<\/p>\n<p><strong>Mille Formes<\/strong> es un centro de iniciaci\u00f3n al arte para un p\u00fablico de <strong>0 a 6 a\u00f1os<\/strong> creado por la ciudad de Clermont-Ferrand en colaboraci\u00f3n con el <strong>Centre Pompidou<\/strong>.<\/p>\n<p>&#8220;Espaces Manipulables&#8221; (espacios manipulables) es una serie de tres dispositivos interactivos e inmersivos que tienen como meta de permitir a los visitantes de tomar parte en la evoluci\u00f3n de las obras que les rodean. Una inmersi\u00f3n que va en contra de la sacralizaci\u00f3n de las obras de arte y que, al contrario, invita a tocar, mover y experimentar con los diferentes objetos que forman las obras. As\u00ed permite al visitor ser parte de la obra, observar los resultados y descubrir las interacciones que existen entre las formas, los colores y el espacio.<\/p>\n<p><a href=\"https:\/\/www.eltono.com\/wp-content\/uploads\/2023\/05\/Eltono-1000Formes-15w.jpg\"><img loading=\"lazy\" decoding=\"async\" data-attachment-id=\"23158\" data-permalink=\"https:\/\/www.eltono.com\/es\/exhibitions\/collective-shows\/espaces-manipulables\/eltono-1000formes-15w\/\" data-orig-file=\"https:\/\/www.eltono.com\/wp-content\/uploads\/2023\/05\/Eltono-1000Formes-15w.jpg\" data-orig-size=\"2000,1335\" data-comments-opened=\"0\" data-image-meta=\"{&quot;aperture&quot;:&quot;4&quot;,&quot;credit&quot;:&quot;&quot;,&quot;camera&quot;:&quot;ILCE-7R&quot;,&quot;caption&quot;:&quot;&quot;,&quot;created_timestamp&quot;:&quot;1649492706&quot;,&quot;copyright&quot;:&quot;&quot;,&quot;focal_length&quot;:&quot;24&quot;,&quot;iso&quot;:&quot;500&quot;,&quot;shutter_speed&quot;:&quot;0.004&quot;,&quot;title&quot;:&quot;&quot;,&quot;orientation&quot;:&quot;1&quot;}\" data-image-title=\"Eltono-1000Formes-15w\" data-image-description=\"\" data-image-caption=\"\" data-medium-file=\"https:\/\/www.eltono.com\/wp-content\/uploads\/2023\/05\/Eltono-1000Formes-15w-300x200.jpg\" data-large-file=\"https:\/\/www.eltono.com\/wp-content\/uploads\/2023\/05\/Eltono-1000Formes-15w-700x467.jpg\" class=\"alignleft size-full wp-image-23158\" src=\"https:\/\/www.eltono.com\/wp-content\/uploads\/2023\/05\/Eltono-1000Formes-15w.jpg\" alt=\"\" width=\"2000\" height=\"1335\" srcset=\"https:\/\/www.eltono.com\/wp-content\/uploads\/2023\/05\/Eltono-1000Formes-15w.jpg 2000w, https:\/\/www.eltono.com\/wp-content\/uploads\/2023\/05\/Eltono-1000Formes-15w-300x200.jpg 300w, https:\/\/www.eltono.com\/wp-content\/uploads\/2023\/05\/Eltono-1000Formes-15w-700x467.jpg 700w, https:\/\/www.eltono.com\/wp-content\/uploads\/2023\/05\/Eltono-1000Formes-15w-1536x1025.jpg 1536w, https:\/\/www.eltono.com\/wp-content\/uploads\/2023\/05\/Eltono-1000Formes-15w-350x234.jpg 350w\" sizes=\"auto, (max-width: 2000px) 100vw, 2000px\" \/><\/a><\/p>\n<p>ngg_shortcode_2_placeholder<\/p>","protected":false},"excerpt":{"rendered":"<p>Centro de Arte Mille Formes 23 Rue Fontgieve, Clermont-Ferrand, Francia Abril 2022 Mille Formes es un centro de iniciaci\u00f3n al arte para un p\u00fablico de 0 a 6 a\u00f1os creado por la ciudad de Clermont-Ferrand en colaboraci\u00f3n con el Centre Pompidou. &#8220;Espaces Manipulables&#8221; (espacios manipulables) es una serie de tres dispositivos interactivos e inmersivos que &hellip; <a href=\"https:\/\/www.eltono.com\/es\/exhibitions\/collective-shows\/espaces-manipulables\/\" class=\"more-link\">Continue reading <span class=\"screen-reader-text\">Espaces Manipulables<\/span><\/a><\/p>\n","protected":false},"author":1,"featured_media":23160,"parent":13675,"menu_order":0,"comment_status":"closed","ping_status":"closed","template":"","meta":{"ngg_post_thumbnail":0,"jetpack_post_was_ever_published":false,"footnotes":""},"categories":[350,3,270,261,269,306],"tags":[],"class_list":["post-22558","page","type-page","status-publish","has-post-thumbnail","hentry","category-350","category-exhibitions","category-page_collective_show","category-page_expo","category-page_participatif","category-_actu"],"jetpack_sharing_enabled":true,"jetpack_shortlink":"https:\/\/wp.me\/P7sWFx-5RQ","_links":{"self":[{"href":"https:\/\/www.eltono.com\/es\/wp-json\/wp\/v2\/pages\/22558","targetHints":{"allow":["GET"]}}],"collection":[{"href":"https:\/\/www.eltono.com\/es\/wp-json\/wp\/v2\/pages"}],"about":[{"href":"https:\/\/www.eltono.com\/es\/wp-json\/wp\/v2\/types\/page"}],"author":[{"embeddable":true,"href":"https:\/\/www.eltono.com\/es\/wp-json\/wp\/v2\/users\/1"}],"replies":[{"embeddable":true,"href":"https:\/\/www.eltono.com\/es\/wp-json\/wp\/v2\/comments?post=22558"}],"version-history":[{"count":18,"href":"https:\/\/www.eltono.com\/es\/wp-json\/wp\/v2\/pages\/22558\/revisions"}],"predecessor-version":[{"id":23159,"href":"https:\/\/www.eltono.com\/es\/wp-json\/wp\/v2\/pages\/22558\/revisions\/23159"}],"up":[{"embeddable":true,"href":"https:\/\/www.eltono.com\/es\/wp-json\/wp\/v2\/pages\/13675"}],"wp:featuredmedia":[{"embeddable":true,"href":"https:\/\/www.eltono.com\/es\/wp-json\/wp\/v2\/media\/23160"}],"wp:attachment":[{"href":"https:\/\/www.eltono.com\/es\/wp-json\/wp\/v2\/media?parent=22558"}],"wp:term":[{"taxonomy":"category","embeddable":true,"href":"https:\/\/www.eltono.com\/es\/wp-json\/wp\/v2\/categories?post=22558"},{"taxonomy":"post_tag","embeddable":true,"href":"https:\/\/www.eltono.com\/es\/wp-json\/wp\/v2\/tags?post=22558"}],"curies":[{"name":"wp","href":"https:\/\/api.w.org\/{rel}","templated":true}]}}