{"id":22591,"date":"2022-09-13T16:57:52","date_gmt":"2022-09-13T14:57:52","guid":{"rendered":"https:\/\/www.eltono.com\/?page_id=22591"},"modified":"2023-06-14T15:59:46","modified_gmt":"2023-06-14T13:59:46","slug":"modo52","status":"publish","type":"page","link":"https:\/\/www.eltono.com\/es\/murals\/modo52\/","title":{"rendered":"Modo n.\u00ba52"},"content":{"rendered":"<p><strong>Pintura mural generativa<\/strong><br \/>\nPar\u00eds La D\u00e9fense, Francia<br \/>\nSeptiembre 2022<\/p>\n<p>Proyecto comisionado por Art Entreprise para Paris La D\u00e9fense y QPark.<\/p>\n<p>ngg_shortcode_4_placeholderIntervenci\u00f3n dentro del conducto del ascensor:<\/p>\n<p><iframe loading=\"lazy\" title=\"YouTube video player\" src=\"https:\/\/www.youtube.com\/embed\/hEiHqyt-xHU\" allowfullscreen=\"allowfullscreen\" width=\"700\" height=\"394\" frameborder=\"0\"><span style=\"display: inline-block; width: 0px; overflow: hidden; line-height: 0;\" data-mce-type=\"bookmark\" class=\"mce_SELRES_start\">\ufeff<\/span><\/iframe><\/p>\n<p>ngg_shortcode_5_placeholderGracias a Ars\u00e8ne, Ulysse, Elie y a Mohamed y todo su equipo.<\/p>","protected":false},"excerpt":{"rendered":"<p>Pintura mural generativa Par\u00eds La D\u00e9fense, Francia Septiembre 2022 Proyecto comisionado por Art Entreprise para Paris La D\u00e9fense y QPark. Intervenci\u00f3n dentro del conducto del ascensor: \ufeff Gracias a Ars\u00e8ne, Ulysse, Elie y a Mohamed y todo su equipo.<\/p>\n","protected":false},"author":1,"featured_media":22594,"parent":13155,"menu_order":0,"comment_status":"closed","ping_status":"closed","template":"","meta":{"ngg_post_thumbnail":0,"jetpack_post_was_ever_published":false,"footnotes":""},"categories":[350,277,345,112,262,260,266,306],"tags":[],"class_list":["post-22591","page","type-page","status-publish","has-post-thumbnail","hentry","category-350","category-generative","category-modo","category-mural","category-page_automatic","category-page_mural","category-page_outdoor","category-_actu"],"jetpack_sharing_enabled":true,"jetpack_shortlink":"https:\/\/wp.me\/P7sWFx-5Sn","_links":{"self":[{"href":"https:\/\/www.eltono.com\/es\/wp-json\/wp\/v2\/pages\/22591","targetHints":{"allow":["GET"]}}],"collection":[{"href":"https:\/\/www.eltono.com\/es\/wp-json\/wp\/v2\/pages"}],"about":[{"href":"https:\/\/www.eltono.com\/es\/wp-json\/wp\/v2\/types\/page"}],"author":[{"embeddable":true,"href":"https:\/\/www.eltono.com\/es\/wp-json\/wp\/v2\/users\/1"}],"replies":[{"embeddable":true,"href":"https:\/\/www.eltono.com\/es\/wp-json\/wp\/v2\/comments?post=22591"}],"version-history":[{"count":22,"href":"https:\/\/www.eltono.com\/es\/wp-json\/wp\/v2\/pages\/22591\/revisions"}],"predecessor-version":[{"id":22651,"href":"https:\/\/www.eltono.com\/es\/wp-json\/wp\/v2\/pages\/22591\/revisions\/22651"}],"up":[{"embeddable":true,"href":"https:\/\/www.eltono.com\/es\/wp-json\/wp\/v2\/pages\/13155"}],"wp:featuredmedia":[{"embeddable":true,"href":"https:\/\/www.eltono.com\/es\/wp-json\/wp\/v2\/media\/22594"}],"wp:attachment":[{"href":"https:\/\/www.eltono.com\/es\/wp-json\/wp\/v2\/media?parent=22591"}],"wp:term":[{"taxonomy":"category","embeddable":true,"href":"https:\/\/www.eltono.com\/es\/wp-json\/wp\/v2\/categories?post=22591"},{"taxonomy":"post_tag","embeddable":true,"href":"https:\/\/www.eltono.com\/es\/wp-json\/wp\/v2\/tags?post=22591"}],"curies":[{"name":"wp","href":"https:\/\/api.w.org\/{rel}","templated":true}]}}