{"id":23143,"date":"2023-02-10T13:55:13","date_gmt":"2023-02-10T12:55:13","guid":{"rendered":"https:\/\/www.eltono.com\/?page_id=23143"},"modified":"2023-02-10T14:01:07","modified_gmt":"2023-02-10T13:01:07","slug":"averse","status":"publish","type":"page","link":"https:\/\/www.eltono.com\/es\/projects\/averse\/","title":{"rendered":"Averses"},"content":{"rendered":"<p><strong>Centro de arte Hangar 107<br \/>\n<\/strong>Rouen, Francia<br \/>\nJulio 2021<\/p>\n<p>Obras creadas para la exposici\u00f3n individual <em><strong>S\u00e9rendipit\u00e9<\/strong><\/em>: <a href=\"https:\/\/www.eltono.com\/exhibitions\/solo\/serendipite\/\">www.eltono.com\/exhibitions\/solo\/serendipite<\/a><\/p>\n<h3>Averses (chaparrones)<\/h3>\n<p>Siguiendo con mis investigaciones alrededor de la alteraci\u00f3n de obras de arte por parte de factores externos incontrolables, decid\u00ed aprovechar el clima de Normand\u00eda para dar la vuelta al centro de arte cada vez que llov\u00eda protegi\u00e9ndome debajo de una obra de arte. La secuencia de lineas paralelas de color trazadas con rotuladores es alterada por las gotas de agua que desti\u00f1en la tinta. El tiempo de exposici\u00f3n siendo el mismo para cada salida, la particularidad de cada lluvia se aprecia en el resultado. Gotas gordas espaciadas, llovizna o intenso chaparr\u00f3n dejan todos una huella diferente en la tinta.<\/p>\n<p><iframe loading=\"lazy\" title=\"YouTube video player\" src=\"https:\/\/www.youtube.com\/embed\/7hXE60AgTBM\" allowfullscreen=\"allowfullscreen\" width=\"700\" height=\"393\" frameborder=\"0\"><\/iframe><\/p>\nngg_shortcode_2_placeholder\n<p>Gracias a todo el equipo del Hangar 107, Jean Guillaume, Nicolas, Marc, Kim, Th\u00e9o, Caro, Marilou y Gabin.<\/p>\n<p>Fotos: Juan Cruz, Jean Guillaume Panis y Eltono.<\/p>","protected":false},"excerpt":{"rendered":"<p>Centro de arte Hangar 107 Rouen, Francia Julio 2021 Obras creadas para la exposici\u00f3n individual S\u00e9rendipit\u00e9: www.eltono.com\/exhibitions\/solo\/serendipite Averses (chaparrones) Siguiendo con mis investigaciones alrededor de la alteraci\u00f3n de obras de arte por parte de factores externos incontrolables, decid\u00ed aprovechar el clima de Normand\u00eda para dar la vuelta al centro de arte cada vez que llov\u00eda &hellip; <a href=\"https:\/\/www.eltono.com\/es\/projects\/averse\/\" class=\"more-link\">Continue reading <span class=\"screen-reader-text\">Averses<\/span><\/a><\/p>\n","protected":false},"author":1,"featured_media":23140,"parent":5,"menu_order":0,"comment_status":"closed","ping_status":"closed","template":"","meta":{"ngg_post_thumbnail":0,"jetpack_post_was_ever_published":false,"footnotes":""},"categories":[346,5,273,272,7],"tags":[],"class_list":["post-23143","page","type-page","status-publish","has-post-thumbnail","hentry","category-346","category-interventions","category-page_artworks","category-page_project","category-projects"],"jetpack_sharing_enabled":true,"jetpack_shortlink":"https:\/\/wp.me\/P7sWFx-61h","_links":{"self":[{"href":"https:\/\/www.eltono.com\/es\/wp-json\/wp\/v2\/pages\/23143","targetHints":{"allow":["GET"]}}],"collection":[{"href":"https:\/\/www.eltono.com\/es\/wp-json\/wp\/v2\/pages"}],"about":[{"href":"https:\/\/www.eltono.com\/es\/wp-json\/wp\/v2\/types\/page"}],"author":[{"embeddable":true,"href":"https:\/\/www.eltono.com\/es\/wp-json\/wp\/v2\/users\/1"}],"replies":[{"embeddable":true,"href":"https:\/\/www.eltono.com\/es\/wp-json\/wp\/v2\/comments?post=23143"}],"version-history":[{"count":6,"href":"https:\/\/www.eltono.com\/es\/wp-json\/wp\/v2\/pages\/23143\/revisions"}],"predecessor-version":[{"id":23151,"href":"https:\/\/www.eltono.com\/es\/wp-json\/wp\/v2\/pages\/23143\/revisions\/23151"}],"up":[{"embeddable":true,"href":"https:\/\/www.eltono.com\/es\/wp-json\/wp\/v2\/pages\/5"}],"wp:featuredmedia":[{"embeddable":true,"href":"https:\/\/www.eltono.com\/es\/wp-json\/wp\/v2\/media\/23140"}],"wp:attachment":[{"href":"https:\/\/www.eltono.com\/es\/wp-json\/wp\/v2\/media?parent=23143"}],"wp:term":[{"taxonomy":"category","embeddable":true,"href":"https:\/\/www.eltono.com\/es\/wp-json\/wp\/v2\/categories?post=23143"},{"taxonomy":"post_tag","embeddable":true,"href":"https:\/\/www.eltono.com\/es\/wp-json\/wp\/v2\/tags?post=23143"}],"curies":[{"name":"wp","href":"https:\/\/api.w.org\/{rel}","templated":true}]}}