{"id":23247,"date":"2023-08-29T16:56:34","date_gmt":"2023-08-29T14:56:34","guid":{"rendered":"https:\/\/www.eltono.com\/?page_id=23247"},"modified":"2023-08-29T22:48:06","modified_gmt":"2023-08-29T20:48:06","slug":"oriflammes","status":"publish","type":"page","link":"https:\/\/www.eltono.com\/es\/projects\/oriflammes\/","title":{"rendered":"Oriflammes"},"content":{"rendered":"<p>Bourdeilles, Francia<br \/>\nJunio de 2022<\/p>\n<p>Proyecto realizado en colaboraci\u00f3n con el municipio de Bourdeilles y la Agencia Cultural Departamental.<\/p>\n<p>Por invitaci\u00f3n de la Agencia Cultural Departamental de Dordogne-P\u00e9rigord y del municipio de Bourdeilles, he concebido una serie de composiciones gr\u00e1ficas para la Grand Rue, la calle principal del pueblo. Este trabajo involucr\u00f3 talleres participativos con m\u00e1s de setenta residentes. La instalaci\u00f3n marca el lanzamiento oficial de una consulta colectiva iniciada por el municipio sobre la futura reurbanizaci\u00f3n urbana y paisaj\u00edstica de la ciudad.<\/p>\n<p>Colabor\u00e9 con alumnos de primaria, vecinos voluntarios, as\u00ed como con residentes del centro de atenci\u00f3n m\u00e9dica La Prada y la residencia de ancianos Les Deux S\u00e9quoias. Utilizando elementos arquitect\u00f3nicos, cre\u00e9 veinticuatro formas y defin\u00ed una paleta de colores. Present\u00e9 a los participantes un protocolo gr\u00e1fico y l\u00fadico basado en el azar lanzando dados. Cada n\u00famero correspond\u00eda a una forma, una orientaci\u00f3n y un color. El protocolo gener\u00f3 m\u00e1s de doscientas composiciones, lo que me permiti\u00f3 armar las banderas.<\/p>\nngg_shortcode_2_placeholder\n<p><strong>Participantes de 6 a 101 a\u00f1os:<br \/>\n<\/strong>Erinne, Emma, Lisa, Elvin, Antoine, Loup, Luther, Arthur, Joseph, Alice, Margot, Abel, C\u00e9line, Guy, Patrick, Elie, Nolan, Solange, Chantal, Alexis, Killyan, John, Jessica, Clara, Nathalie, Pierre, Paulette, Simone, Hameury, Jean-Claude, Marie, Alain, Christine, Nicolas, Maria, Marie-Colette, Joan, Lorenzo, Thomas, Camille, Soyann, Flore, Sasha, Ma\u00eblys, Ethan, Ad\u00e8le, Yoann, Jaja, Hugo, Jules V, L\u00e9o, Lulu, Oc\u00e9ane, Elisa, L\u00e9on, Jules F, M\u00e9lissa, Eywa, Ladig, Kyllian, junto con sus profesores y animadores.<\/p>\n<p><strong>Producci\u00f3n:<br \/>\n<\/strong>Ayuntamiento de Bourdeilles y Agencia Cultural Departamental Dordogne-P\u00e9rigord &#8211; 2022<\/p>\n<p>Fotos: Eltono<\/p>","protected":false},"excerpt":{"rendered":"<p>Bourdeilles, Francia Junio de 2022 Proyecto realizado en colaboraci\u00f3n con el municipio de Bourdeilles y la Agencia Cultural Departamental. Por invitaci\u00f3n de la Agencia Cultural Departamental de Dordogne-P\u00e9rigord y del municipio de Bourdeilles, he concebido una serie de composiciones gr\u00e1ficas para la Grand Rue, la calle principal del pueblo. Este trabajo involucr\u00f3 talleres participativos con &hellip; <a href=\"https:\/\/www.eltono.com\/es\/projects\/oriflammes\/\" class=\"more-link\">Continue reading <span class=\"screen-reader-text\">Oriflammes<\/span><\/a><\/p>\n","protected":false},"author":1,"featured_media":23286,"parent":5,"menu_order":0,"comment_status":"closed","ping_status":"closed","template":"","meta":{"ngg_post_thumbnail":0,"jetpack_post_was_ever_published":false,"footnotes":""},"categories":[350,334,277,5,262,266,269,272,7],"tags":[],"class_list":["post-23247","page","type-page","status-publish","has-post-thumbnail","hentry","category-350","category-destacados","category-generative","category-interventions","category-page_automatic","category-page_outdoor","category-page_participatif","category-page_project","category-projects"],"jetpack_sharing_enabled":true,"jetpack_shortlink":"https:\/\/wp.me\/P7sWFx-62X","_links":{"self":[{"href":"https:\/\/www.eltono.com\/es\/wp-json\/wp\/v2\/pages\/23247","targetHints":{"allow":["GET"]}}],"collection":[{"href":"https:\/\/www.eltono.com\/es\/wp-json\/wp\/v2\/pages"}],"about":[{"href":"https:\/\/www.eltono.com\/es\/wp-json\/wp\/v2\/types\/page"}],"author":[{"embeddable":true,"href":"https:\/\/www.eltono.com\/es\/wp-json\/wp\/v2\/users\/1"}],"replies":[{"embeddable":true,"href":"https:\/\/www.eltono.com\/es\/wp-json\/wp\/v2\/comments?post=23247"}],"version-history":[{"count":17,"href":"https:\/\/www.eltono.com\/es\/wp-json\/wp\/v2\/pages\/23247\/revisions"}],"predecessor-version":[{"id":23342,"href":"https:\/\/www.eltono.com\/es\/wp-json\/wp\/v2\/pages\/23247\/revisions\/23342"}],"up":[{"embeddable":true,"href":"https:\/\/www.eltono.com\/es\/wp-json\/wp\/v2\/pages\/5"}],"wp:featuredmedia":[{"embeddable":true,"href":"https:\/\/www.eltono.com\/es\/wp-json\/wp\/v2\/media\/23286"}],"wp:attachment":[{"href":"https:\/\/www.eltono.com\/es\/wp-json\/wp\/v2\/media?parent=23247"}],"wp:term":[{"taxonomy":"category","embeddable":true,"href":"https:\/\/www.eltono.com\/es\/wp-json\/wp\/v2\/categories?post=23247"},{"taxonomy":"post_tag","embeddable":true,"href":"https:\/\/www.eltono.com\/es\/wp-json\/wp\/v2\/tags?post=23247"}],"curies":[{"name":"wp","href":"https:\/\/api.w.org\/{rel}","templated":true}]}}