{"id":23436,"date":"2023-11-02T14:01:55","date_gmt":"2023-11-02T13:01:55","guid":{"rendered":"https:\/\/www.eltono.com\/?page_id=23436"},"modified":"2023-11-02T14:01:55","modified_gmt":"2023-11-02T13:01:55","slug":"modo55","status":"publish","type":"page","link":"https:\/\/www.eltono.com\/es\/murals\/modo55\/","title":{"rendered":"Modo n.\u00b055"},"content":{"rendered":"<p>Palais des Beaux-Arts de Lille, Francia<br \/>\nOctubre 2023<\/p>\n<p>Como parte de sus acciones de inclusi\u00f3n y diversificaci\u00f3n de su audiencia, el <a href=\"https:\/\/pba.lille.fr\/\" target=\"_blank\" rel=\"noopener noreferrer\"><strong>Palais des Beaux-Arts de Lille<\/strong><\/a> inaugur\u00f3 en el oto\u00f1o de 2023 un espacio gratuito dedicado a ni\u00f1os de 0 a 6 a\u00f1os en el coraz\u00f3n de su atrio, en colaboraci\u00f3n con el centro de iniciaci\u00f3n art\u00edstica <strong>Mille Formes de Clermont-Ferrand<\/strong>. La idea es proporcionar a los ni\u00f1os peque\u00f1os su primera experiencia art\u00edstica multisensorial centrada en las formas y los colores a trav\u00e9s de obras contempor\u00e1neas.<\/p>\n<p>Junto a <a href=\"https:\/\/www.claudecomo.com\/\" target=\"_blank\" rel=\"noopener noreferrer\"><strong>Claude Como<\/strong><\/a>, fui invitado a presentar mi proyecto <a href=\"https:\/\/www.eltono.com\/exhibitions\/collective-shows\/espaces-manipulables\/\" target=\"_blank\" rel=\"noopener noreferrer\"><em><strong>Espaces Manipulables<\/strong><\/em> desarrollado en 2022 en colaboraci\u00f3n con el centro de iniciaci\u00f3n art\u00edstica <strong>Mille Formes<\/strong><\/a>. Adem\u00e1s, me invitaron a pintar el muro exterior del espacio de exhibici\u00f3n en el atrio del museo. En siete d\u00edas, ejecut\u00e9 la pintura generativa <strong><em>Modo n.\u00b055<\/em><\/strong>.<\/p>\n<p><strong><em>Modo n.\u00b055<\/em><\/strong>, pintura mural generativa:<\/p>\n<p>ngg_shortcode_2_placeholder<em><strong>1, 2, 3 couleurs <\/strong><\/em>es un proyecto concebido y respaldado por el departamento de Mediaci\u00f3n y Participaci\u00f3n del P\u00fablico del <strong>Palais des Beaux-Arts de Lille \/ Ville de Lille<\/strong>. Cont\u00f3 con el patrocinio de <strong>Rigolo Comme La Vie<\/strong> en colaboraci\u00f3n con <strong>We Act for Kids Fond&#8217;actions<\/strong>, as\u00ed como con el patrocinio de <strong>Unikalo<\/strong>.<\/p>\n<p>Fotos: Eltono<\/p>","protected":false},"excerpt":{"rendered":"<p>Palais des Beaux-Arts de Lille, Francia Octubre 2023 Como parte de sus acciones de inclusi\u00f3n y diversificaci\u00f3n de su audiencia, el Palais des Beaux-Arts de Lille inaugur\u00f3 en el oto\u00f1o de 2023 un espacio gratuito dedicado a ni\u00f1os de 0 a 6 a\u00f1os en el coraz\u00f3n de su atrio, en colaboraci\u00f3n con el centro de &hellip; <a href=\"https:\/\/www.eltono.com\/es\/murals\/modo55\/\" class=\"more-link\">Continue reading <span class=\"screen-reader-text\">Modo n.\u00b055<\/span><\/a><\/p>\n","protected":false},"author":1,"featured_media":23434,"parent":13155,"menu_order":0,"comment_status":"closed","ping_status":"closed","template":"","meta":{"ngg_post_thumbnail":0,"jetpack_post_was_ever_published":false,"footnotes":""},"categories":[354,277,345,262,265,260],"tags":[],"class_list":["post-23436","page","type-page","status-publish","has-post-thumbnail","hentry","category-354","category-generative","category-modo","category-page_automatic","category-page_indoor","category-page_mural"],"jetpack_sharing_enabled":true,"jetpack_shortlink":"https:\/\/wp.me\/P7sWFx-660","_links":{"self":[{"href":"https:\/\/www.eltono.com\/es\/wp-json\/wp\/v2\/pages\/23436","targetHints":{"allow":["GET"]}}],"collection":[{"href":"https:\/\/www.eltono.com\/es\/wp-json\/wp\/v2\/pages"}],"about":[{"href":"https:\/\/www.eltono.com\/es\/wp-json\/wp\/v2\/types\/page"}],"author":[{"embeddable":true,"href":"https:\/\/www.eltono.com\/es\/wp-json\/wp\/v2\/users\/1"}],"replies":[{"embeddable":true,"href":"https:\/\/www.eltono.com\/es\/wp-json\/wp\/v2\/comments?post=23436"}],"version-history":[{"count":2,"href":"https:\/\/www.eltono.com\/es\/wp-json\/wp\/v2\/pages\/23436\/revisions"}],"predecessor-version":[{"id":23438,"href":"https:\/\/www.eltono.com\/es\/wp-json\/wp\/v2\/pages\/23436\/revisions\/23438"}],"up":[{"embeddable":true,"href":"https:\/\/www.eltono.com\/es\/wp-json\/wp\/v2\/pages\/13155"}],"wp:featuredmedia":[{"embeddable":true,"href":"https:\/\/www.eltono.com\/es\/wp-json\/wp\/v2\/media\/23434"}],"wp:attachment":[{"href":"https:\/\/www.eltono.com\/es\/wp-json\/wp\/v2\/media?parent=23436"}],"wp:term":[{"taxonomy":"category","embeddable":true,"href":"https:\/\/www.eltono.com\/es\/wp-json\/wp\/v2\/categories?post=23436"},{"taxonomy":"post_tag","embeddable":true,"href":"https:\/\/www.eltono.com\/es\/wp-json\/wp\/v2\/tags?post=23436"}],"curies":[{"name":"wp","href":"https:\/\/api.w.org\/{rel}","templated":true}]}}