{"id":23474,"date":"2023-11-23T15:40:33","date_gmt":"2023-11-23T14:40:33","guid":{"rendered":"https:\/\/www.eltono.com\/?page_id=23474"},"modified":"2024-10-02T12:10:53","modified_gmt":"2024-10-02T10:10:53","slug":"varsi-residency","status":"publish","type":"page","link":"https:\/\/www.eltono.com\/es\/projects\/varsi-residency\/","title":{"rendered":"Residencia en Varsi"},"content":{"rendered":"<p>Varsi Art Lab, Roma, Italia<br \/>\nJunio 2023<\/p>\n<p>Durante las dos semanas que dur\u00f3 la residencia, con el apoyo de 56Fili, tuve la oportunidad de experimentar con t\u00e9cnicas de serigraf\u00eda, rompiendo sus patrones convencionales y utiliz\u00e1ndola como una extensi\u00f3n de mi investigaci\u00f3n art\u00edstica y est\u00e9tica.<\/p>\n<p>La metodolog\u00eda aplicada a mis proyectos de arte generativo (Modo, Eltonolab, etc.) se implement\u00f3 en las producciones de la residencia. En un delicado equilibrio entre reglas y azar, surgi\u00f3 una nueva colecci\u00f3n de obras serigrafiadas, rompiendo con las normas t\u00edpicas de las series a favor de la singularidad.<\/p>\n<p>He creado tres nuevas colecciones:<\/p>\n<ul>\n<li><em><strong>Strappato<\/strong><\/em>, un trabajo de superposici\u00f3n de papeles serigrafiados y rasgados, una serie de 8 piezas \u00fanicas de 126 x 77 cm, numeradas, montadas sobre madera y 2 pruebas de artista en papel.<\/li>\n<li><em><strong>Otto<\/strong><\/em>, una serie de 8 piezas \u00fanicas de 100 x 70 cm, numeradas, y 8 pruebas de artista.<\/li>\n<li><em><strong>Magari<\/strong><\/em>, una serie de 25 piezas \u00fanicas de 70 x 50 cm y 11 pruebas de artista.<\/li>\n<\/ul>\n<h4>Las obras est\u00e1n disponibles aqu\u00ed: <a href=\"https:\/\/galleriavarsi.it\/artists\/eltono\/\" target=\"_blank\" rel=\"noopener noreferrer\">galleriavarsi.it\/artists\/eltono<\/a><\/h4>\n<h3><em>Strappato<\/em> :<\/h3>\nngg_shortcode_6_placeholder\n<h3><em>Otto<\/em> :<\/h3>\nngg_shortcode_7_placeholder\n<h3><em>Magari<\/em> :<\/h3>\n<p>ngg_shortcode_8_placeholderFotos: Ornella Mercier (<a href=\"https:\/\/www.instagram.com\/ornella.mercier\/\" target=\"_blank\" rel=\"noopener noreferrer\">@ornella.mercier<\/a>)<\/p>\n<p><iframe loading=\"lazy\" width=\"560\" height=\"315\" src=\"https:\/\/www.youtube.com\/embed\/5pwZlWJ_t3w?si=c-cfROh_9THY_GTD\" title=\"YouTube video player\" frameborder=\"0\" allow=\"accelerometer; autoplay; clipboard-write; encrypted-media; gyroscope; picture-in-picture; web-share\" allowfullscreen><\/iframe><\/p>","protected":false},"excerpt":{"rendered":"<p>Varsi Art Lab, Roma, Italia Junio 2023 Durante las dos semanas que dur\u00f3 la residencia, con el apoyo de 56Fili, tuve la oportunidad de experimentar con t\u00e9cnicas de serigraf\u00eda, rompiendo sus patrones convencionales y utiliz\u00e1ndola como una extensi\u00f3n de mi investigaci\u00f3n art\u00edstica y est\u00e9tica. La metodolog\u00eda aplicada a mis proyectos de arte generativo (Modo, Eltonolab, &hellip; <a href=\"https:\/\/www.eltono.com\/es\/projects\/varsi-residency\/\" class=\"more-link\">Continue reading <span class=\"screen-reader-text\">Residencia en Varsi<\/span><\/a><\/p>\n","protected":false},"author":1,"featured_media":24037,"parent":5,"menu_order":0,"comment_status":"closed","ping_status":"closed","template":"","meta":{"ngg_post_thumbnail":0,"jetpack_post_was_ever_published":false,"footnotes":""},"categories":[354,334,277,265,272,7,357,306],"tags":[],"class_list":["post-23474","page","type-page","status-publish","has-post-thumbnail","hentry","category-354","category-destacados","category-generative","category-page_indoor","category-page_project","category-projects","category-residency","category-_actu"],"jetpack_sharing_enabled":true,"jetpack_shortlink":"https:\/\/wp.me\/P7sWFx-66C","_links":{"self":[{"href":"https:\/\/www.eltono.com\/es\/wp-json\/wp\/v2\/pages\/23474","targetHints":{"allow":["GET"]}}],"collection":[{"href":"https:\/\/www.eltono.com\/es\/wp-json\/wp\/v2\/pages"}],"about":[{"href":"https:\/\/www.eltono.com\/es\/wp-json\/wp\/v2\/types\/page"}],"author":[{"embeddable":true,"href":"https:\/\/www.eltono.com\/es\/wp-json\/wp\/v2\/users\/1"}],"replies":[{"embeddable":true,"href":"https:\/\/www.eltono.com\/es\/wp-json\/wp\/v2\/comments?post=23474"}],"version-history":[{"count":24,"href":"https:\/\/www.eltono.com\/es\/wp-json\/wp\/v2\/pages\/23474\/revisions"}],"predecessor-version":[{"id":24035,"href":"https:\/\/www.eltono.com\/es\/wp-json\/wp\/v2\/pages\/23474\/revisions\/24035"}],"up":[{"embeddable":true,"href":"https:\/\/www.eltono.com\/es\/wp-json\/wp\/v2\/pages\/5"}],"wp:featuredmedia":[{"embeddable":true,"href":"https:\/\/www.eltono.com\/es\/wp-json\/wp\/v2\/media\/24037"}],"wp:attachment":[{"href":"https:\/\/www.eltono.com\/es\/wp-json\/wp\/v2\/media?parent=23474"}],"wp:term":[{"taxonomy":"category","embeddable":true,"href":"https:\/\/www.eltono.com\/es\/wp-json\/wp\/v2\/categories?post=23474"},{"taxonomy":"post_tag","embeddable":true,"href":"https:\/\/www.eltono.com\/es\/wp-json\/wp\/v2\/tags?post=23474"}],"curies":[{"name":"wp","href":"https:\/\/api.w.org\/{rel}","templated":true}]}}