{"id":23556,"date":"2023-11-24T09:49:10","date_gmt":"2023-11-24T08:49:10","guid":{"rendered":"https:\/\/www.eltono.com\/?page_id=23556"},"modified":"2025-02-04T10:55:29","modified_gmt":"2025-02-04T09:55:29","slug":"eqvilibrivm","status":"publish","type":"page","link":"https:\/\/www.eltono.com\/es\/eqvilibrivm\/","title":{"rendered":"EQVILIBRIVM"},"content":{"rendered":"<p><em><strong>DMA, Dessins M\u00e9caniques Al\u00e9atoires<br \/>\n<\/strong><\/em>(Dibujos Mec\u00e1nicos Aleatorios)<\/p>\n<p><mark>En venta en la boutique aqu\u00ed:<br \/>\n\u2192 <a href=\"https:\/\/www.eltono.com\/boutique\/product-category\/dma\/eq\/\" target=\"_blank\" rel=\"noopener noreferrer\">www.eltono.com\/boutique\/product-category\/dma\/eq<\/a><\/mark><\/p>\n<p>Tinta de archivo sobre impresi\u00f3n gicl\u00e9e. Papel Canson Montval 300g libre de \u00e1cido.<\/p>\n<p>Los dibujos <strong>DMA_eq<\/strong> se generan de manera aleatoria siguiendo el protocolo <strong>RG_eq<\/strong>. Para crear los dibujos, utilizo dos m\u00e1quinas: una trazadora de gran formato y una CNC. El protocolo funciona de la siguiente manera:<\/p>\n<p>\u2013 Un script P5JS genera un degradado aleatorio utilizando 2, 3 o 4 colores.<br \/>\n\u2013 Un segundo script P5JS crea una cuadr\u00edcula din\u00e1mica\/irregular y llena cada celda con una forma geom\u00e9trica. Para cada forma, la posici\u00f3n, la rotaci\u00f3n y la trama se eligen al azar. Utilizo 6 tipos de tramas diferentes: 0\u00b0, 90\u00b0, 45\u00b0, -45\u00b0, cruzado 0\/90\u00b0 y cruzado 45\/-45\u00b0.<br \/>\n\u2013 En Inkscape, el degradado se recorta en el fondo de cada una de las formas.<br \/>\n\u2013 El degradado recortado se imprime con la trazadora.<br \/>\n\u2013 Dependiendo del tama\u00f1o del dibujo, la trama se env\u00eda a la Axidraw o a la CNC y se traza con un rotulador encima del degradado.<\/p>\n<p>Existen diferentes tama\u00f1os: <mark><a href=\"https:\/\/www.eltono.com\/boutique\/product-category\/dma\/s\/\">16&#215;24<\/a><\/mark> cm, <mark><a href=\"https:\/\/www.eltono.com\/boutique\/product-category\/dma\/l\/\">33&#215;50<\/a><\/mark> cm y <mark><a href=\"https:\/\/www.eltono.com\/boutique\/product-category\/dma\/xl-dma\/\">40&#215;65<\/a><\/mark> cm (6.3&#215;9.4 pulgadas, 13&#215;19.6 pulgadas y 15.7&#215;25.6 pulgadas).<\/p>\n<h3>La colecci\u00f3n <em>EQVILIBRIVM<\/em> estar\u00e1 disponible el 30 de noviembre a las 20:00 (hora de Par\u00eds) aqu\u00ed: <mark><a href=\"https:\/\/www.eltono.com\/boutique\/product-category\/dma\/eq\/\" target=\"_blank\" rel=\"noopener noreferrer\">www.eltono.com\/boutique\/<\/a><\/mark><\/h3>\n<p>Fotos del proceso:<\/p>\n<p>ngg_shortcode_2_placeholderVideo por Romain Baudry:<\/p>\n<p><iframe loading=\"lazy\" title=\"YouTube video player\" src=\"https:\/\/www.youtube.com\/embed\/g-1hBnhg1Qo?si=u2-8ff-3_cbGhE2K\" width=\"560\" height=\"315\" frameborder=\"0\" allowfullscreen=\"allowfullscreen\"><\/iframe><\/p>\n<p>Muchas gracias a <strong>Romain Baudry<\/strong> por el v\u00eddeo y a la familia <strong>Carton<\/strong> por el plotter!<\/p>","protected":false},"excerpt":{"rendered":"<p>DMA, Dessins M\u00e9caniques Al\u00e9atoires (Dibujos Mec\u00e1nicos Aleatorios) En venta en la boutique aqu\u00ed: \u2192 www.eltono.com\/boutique\/product-category\/dma\/eq Tinta de archivo sobre impresi\u00f3n gicl\u00e9e. Papel Canson Montval 300g libre de \u00e1cido. Los dibujos DMA_eq se generan de manera aleatoria siguiendo el protocolo RG_eq. Para crear los dibujos, utilizo dos m\u00e1quinas: una trazadora de gran formato y una CNC. &hellip; <a href=\"https:\/\/www.eltono.com\/es\/eqvilibrivm\/\" class=\"more-link\">Continue reading <span class=\"screen-reader-text\">EQVILIBRIVM<\/span><\/a><\/p>\n","protected":false},"author":1,"featured_media":23573,"parent":0,"menu_order":0,"comment_status":"closed","ping_status":"closed","template":"","meta":{"ngg_post_thumbnail":0,"jetpack_post_was_ever_published":false,"footnotes":""},"categories":[354,277,272,8],"tags":[],"class_list":["post-23556","page","type-page","status-publish","has-post-thumbnail","hentry","category-354","category-generative","category-page_project","category-shop"],"jetpack_sharing_enabled":true,"jetpack_shortlink":"https:\/\/wp.me\/P7sWFx-67W","_links":{"self":[{"href":"https:\/\/www.eltono.com\/es\/wp-json\/wp\/v2\/pages\/23556","targetHints":{"allow":["GET"]}}],"collection":[{"href":"https:\/\/www.eltono.com\/es\/wp-json\/wp\/v2\/pages"}],"about":[{"href":"https:\/\/www.eltono.com\/es\/wp-json\/wp\/v2\/types\/page"}],"author":[{"embeddable":true,"href":"https:\/\/www.eltono.com\/es\/wp-json\/wp\/v2\/users\/1"}],"replies":[{"embeddable":true,"href":"https:\/\/www.eltono.com\/es\/wp-json\/wp\/v2\/comments?post=23556"}],"version-history":[{"count":20,"href":"https:\/\/www.eltono.com\/es\/wp-json\/wp\/v2\/pages\/23556\/revisions"}],"predecessor-version":[{"id":23751,"href":"https:\/\/www.eltono.com\/es\/wp-json\/wp\/v2\/pages\/23556\/revisions\/23751"}],"wp:featuredmedia":[{"embeddable":true,"href":"https:\/\/www.eltono.com\/es\/wp-json\/wp\/v2\/media\/23573"}],"wp:attachment":[{"href":"https:\/\/www.eltono.com\/es\/wp-json\/wp\/v2\/media?parent=23556"}],"wp:term":[{"taxonomy":"category","embeddable":true,"href":"https:\/\/www.eltono.com\/es\/wp-json\/wp\/v2\/categories?post=23556"},{"taxonomy":"post_tag","embeddable":true,"href":"https:\/\/www.eltono.com\/es\/wp-json\/wp\/v2\/tags?post=23556"}],"curies":[{"name":"wp","href":"https:\/\/api.w.org\/{rel}","templated":true}]}}