{"id":23938,"date":"2024-08-04T15:49:00","date_gmt":"2024-08-04T13:49:00","guid":{"rendered":"https:\/\/www.eltono.com\/?page_id=23938"},"modified":"2025-10-20T09:56:10","modified_gmt":"2025-10-20T07:56:10","slug":"modo59","status":"publish","type":"page","link":"https:\/\/www.eltono.com\/es\/murals\/modo59\/","title":{"rendered":"Modo n.\u00ba59"},"content":{"rendered":"<p><strong>Pintura Generativa<br \/>\n<\/strong>Skatepark de Meudon, Francia<br \/>\nJulio 2024<\/p>\n<p>Proyecto encargado por el <a href=\"https:\/\/hangar-y.com\/\" target=\"_blank\" rel=\"noopener noreferrer\">Hangar Y<\/a> como parte de la programaci\u00f3n &#8220;TOUS EN PISTES!&#8221; con motivo de la Olimpiada Cultural. Proyecto apoyado por la ciudad de Meudon, <a href=\"https:\/\/lametropolitaine.metropolegrandparis.fr\/fr\/tous-en-pistes\" target=\"_blank\" rel=\"noopener noreferrer\">La M\u00e9tropolitaine<\/a>, en colaboraci\u00f3n con el <a href=\"https:\/\/tram-idf.fr\/\" target=\"_blank\" rel=\"noopener noreferrer\">R\u00e9seau TRAM<\/a> y con el apoyo de los Amigos del Hangar Y. Veinte j\u00f3venes participaron en el proyecto gracias a la complicidad de los centros de recreo de Meudon-la-For\u00eat.<\/p>\n<p>Gracias a la asociaci\u00f3n <a href=\"https:\/\/paris-skate-culture.org\/\" target=\"_blank\" rel=\"noopener noreferrer\">Paris Skate Culture<\/a> por la demostraci\u00f3n el d\u00eda de la inauguraci\u00f3n y a los empleados municipales por la log\u00edstica durante la obra.<\/p>\n<p>ngg_shortcode_2_placeholderGracias a Pierre-Loup, Martin, Virginie, Jean-Michel Crovesi, Grazia, y a todo el equipo del Hangar Y y al equipo municipal de Meudon.<\/p>","protected":false},"excerpt":{"rendered":"<p>Pintura Generativa Skatepark de Meudon, Francia Julio 2024 Proyecto encargado por el Hangar Y como parte de la programaci\u00f3n &#8220;TOUS EN PISTES!&#8221; con motivo de la Olimpiada Cultural. Proyecto apoyado por la ciudad de Meudon, La M\u00e9tropolitaine, en colaboraci\u00f3n con el R\u00e9seau TRAM y con el apoyo de los Amigos del Hangar Y. Veinte j\u00f3venes &hellip; <a href=\"https:\/\/www.eltono.com\/es\/murals\/modo59\/\" class=\"more-link\">Continue reading <span class=\"screen-reader-text\">Modo n.\u00ba59<\/span><\/a><\/p>\n","protected":false},"author":1,"featured_media":24032,"parent":13155,"menu_order":0,"comment_status":"closed","ping_status":"closed","template":"","meta":{"ngg_post_thumbnail":0,"jetpack_post_was_ever_published":false,"footnotes":""},"categories":[362,334,277,345,112,262,260,266,269,272,306],"tags":[],"class_list":["post-23938","page","type-page","status-publish","has-post-thumbnail","hentry","category-362","category-destacados","category-generative","category-modo","category-mural","category-page_automatic","category-page_mural","category-page_outdoor","category-page_participatif","category-page_project","category-_actu"],"jetpack_sharing_enabled":true,"jetpack_shortlink":"https:\/\/wp.me\/P7sWFx-6e6","_links":{"self":[{"href":"https:\/\/www.eltono.com\/es\/wp-json\/wp\/v2\/pages\/23938","targetHints":{"allow":["GET"]}}],"collection":[{"href":"https:\/\/www.eltono.com\/es\/wp-json\/wp\/v2\/pages"}],"about":[{"href":"https:\/\/www.eltono.com\/es\/wp-json\/wp\/v2\/types\/page"}],"author":[{"embeddable":true,"href":"https:\/\/www.eltono.com\/es\/wp-json\/wp\/v2\/users\/1"}],"replies":[{"embeddable":true,"href":"https:\/\/www.eltono.com\/es\/wp-json\/wp\/v2\/comments?post=23938"}],"version-history":[{"count":14,"href":"https:\/\/www.eltono.com\/es\/wp-json\/wp\/v2\/pages\/23938\/revisions"}],"predecessor-version":[{"id":24218,"href":"https:\/\/www.eltono.com\/es\/wp-json\/wp\/v2\/pages\/23938\/revisions\/24218"}],"up":[{"embeddable":true,"href":"https:\/\/www.eltono.com\/es\/wp-json\/wp\/v2\/pages\/13155"}],"wp:featuredmedia":[{"embeddable":true,"href":"https:\/\/www.eltono.com\/es\/wp-json\/wp\/v2\/media\/24032"}],"wp:attachment":[{"href":"https:\/\/www.eltono.com\/es\/wp-json\/wp\/v2\/media?parent=23938"}],"wp:term":[{"taxonomy":"category","embeddable":true,"href":"https:\/\/www.eltono.com\/es\/wp-json\/wp\/v2\/categories?post=23938"},{"taxonomy":"post_tag","embeddable":true,"href":"https:\/\/www.eltono.com\/es\/wp-json\/wp\/v2\/tags?post=23938"}],"curies":[{"name":"wp","href":"https:\/\/api.w.org\/{rel}","templated":true}]}}