{"id":24038,"date":"2024-10-02T14:02:50","date_gmt":"2024-10-02T12:02:50","guid":{"rendered":"https:\/\/www.eltono.com\/?page_id=24038"},"modified":"2025-09-11T09:38:20","modified_gmt":"2025-09-11T07:38:20","slug":"courir-avec-des-cailloux","status":"publish","type":"page","link":"https:\/\/www.eltono.com\/es\/projects\/courir-avec-des-cailloux\/","title":{"rendered":"Correr con piedras"},"content":{"rendered":"<p><strong>Residencia<\/strong><br \/>\nMoulinage de Chirols, Francia<br \/>\nJulio 2024<\/p>\n<p>Experimentaci\u00f3n de grabado con piedras y movimiento durante la residencia art\u00edstica <em><strong>Encrages<\/strong><\/em>.<\/p>\n<p data-start=\"1247\" data-end=\"1531\"><em data-start=\"1247\" data-end=\"1267\">Courir avec des cailloux<\/em> (Correr con piedras) es una experimentaci\u00f3n inscrita en una serie de investigaciones sobre la creaci\u00f3n a trav\u00e9s del movimiento \u2014 un concepto en el que el cuerpo del artista y sus turbulencias se convierten en un motor tanto determinante como incontrolado del proceso creativo.<\/p>\n<p data-start=\"1533\" data-end=\"1887\">Una matriz receptora se coloca en el fondo de una caja de madera transformada en mochila. En su interior se introducen piedras de diferentes tama\u00f1os y pesos. La caja se cierra, se coloca en la espalda del artista y este sale a correr durante un tiempo determinado. Las sacudidas de la carrera agitan las piedras, que golpean la superficie de la matriz.<\/p>\n<p data-start=\"1889\" data-end=\"2245\">De regreso al taller, la caja se abre y la matriz se extrae de entre las piedras. Los datos de cada carrera (lugar, fecha, duraci\u00f3n y distancia recorrida) se anotan en el reverso. A continuaci\u00f3n, la matriz se entrega al grabador, quien la entinta y la imprime en seis ejemplares sobre papel. Finalmente, cada grabado es numerado y firmado por el artista.<\/p>\n<p><iframe loading=\"lazy\" title=\"YouTube video player\" src=\"https:\/\/www.youtube.com\/embed\/vCMUhWi6KMU?si=EsyQcc4w8Q6nbME3\" width=\"698\" height=\"392\" frameborder=\"0\" allowfullscreen=\"allowfullscreen\"><\/iframe><\/p>\nngg_shortcode_2_placeholder\n<p>Imagenes video por Nelio.<br \/>\nGracias a Nelio, La\u00efla, Ben y todo el mundo en el Moulinage de Chirols.<\/p>","protected":false},"excerpt":{"rendered":"<p>Residencia Moulinage de Chirols, Francia Julio 2024 Experimentaci\u00f3n de grabado con piedras y movimiento durante la residencia art\u00edstica Encrages. Courir avec des cailloux (Correr con piedras) es una experimentaci\u00f3n inscrita en una serie de investigaciones sobre la creaci\u00f3n a trav\u00e9s del movimiento \u2014 un concepto en el que el cuerpo del artista y sus turbulencias &hellip; <a href=\"https:\/\/www.eltono.com\/es\/projects\/courir-avec-des-cailloux\/\" class=\"more-link\">Continue reading <span class=\"screen-reader-text\">Correr con piedras<\/span><\/a><\/p>\n","protected":false},"author":1,"featured_media":24039,"parent":5,"menu_order":0,"comment_status":"closed","ping_status":"closed","template":"","meta":{"ngg_post_thumbnail":0,"jetpack_post_was_ever_published":false,"footnotes":""},"categories":[362,273,266,272,7,357,306],"tags":[],"class_list":["post-24038","page","type-page","status-publish","has-post-thumbnail","hentry","category-362","category-page_artworks","category-page_outdoor","category-page_project","category-projects","category-residency","category-_actu"],"jetpack_sharing_enabled":true,"jetpack_shortlink":"https:\/\/wp.me\/P7sWFx-6fI","_links":{"self":[{"href":"https:\/\/www.eltono.com\/es\/wp-json\/wp\/v2\/pages\/24038","targetHints":{"allow":["GET"]}}],"collection":[{"href":"https:\/\/www.eltono.com\/es\/wp-json\/wp\/v2\/pages"}],"about":[{"href":"https:\/\/www.eltono.com\/es\/wp-json\/wp\/v2\/types\/page"}],"author":[{"embeddable":true,"href":"https:\/\/www.eltono.com\/es\/wp-json\/wp\/v2\/users\/1"}],"replies":[{"embeddable":true,"href":"https:\/\/www.eltono.com\/es\/wp-json\/wp\/v2\/comments?post=24038"}],"version-history":[{"count":8,"href":"https:\/\/www.eltono.com\/es\/wp-json\/wp\/v2\/pages\/24038\/revisions"}],"predecessor-version":[{"id":24310,"href":"https:\/\/www.eltono.com\/es\/wp-json\/wp\/v2\/pages\/24038\/revisions\/24310"}],"up":[{"embeddable":true,"href":"https:\/\/www.eltono.com\/es\/wp-json\/wp\/v2\/pages\/5"}],"wp:featuredmedia":[{"embeddable":true,"href":"https:\/\/www.eltono.com\/es\/wp-json\/wp\/v2\/media\/24039"}],"wp:attachment":[{"href":"https:\/\/www.eltono.com\/es\/wp-json\/wp\/v2\/media?parent=24038"}],"wp:term":[{"taxonomy":"category","embeddable":true,"href":"https:\/\/www.eltono.com\/es\/wp-json\/wp\/v2\/categories?post=24038"},{"taxonomy":"post_tag","embeddable":true,"href":"https:\/\/www.eltono.com\/es\/wp-json\/wp\/v2\/tags?post=24038"}],"curies":[{"name":"wp","href":"https:\/\/api.w.org\/{rel}","templated":true}]}}