{"id":24124,"date":"2025-01-23T10:29:03","date_gmt":"2025-01-23T09:29:03","guid":{"rendered":"https:\/\/www.eltono.com\/?page_id=24124"},"modified":"2025-06-12T10:41:16","modified_gmt":"2025-06-12T08:41:16","slug":"modo60","status":"publish","type":"page","link":"https:\/\/www.eltono.com\/es\/murals\/modo60\/","title":{"rendered":"Modo n.\u00b060"},"content":{"rendered":"<p><strong>Discoth\u00e8que municipale<\/strong><br \/>\nDiakene Ouloff, Casamance<br \/>\nSenegal, diciembre de 2024<\/p>\n<p>A finales de 2024, fui invitado por el Casamance Centre Culturel y Ekol Senegal para dise\u00f1ar un programa de pintura mural en el pueblo de Diakene Ouloff. El enfoque del taller era la integraci\u00f3n de la pintura mural en su entorno, tanto arquitect\u00f3nico como social.<\/p>\n<p>Diez participantes, en su mayor\u00eda de Espa\u00f1a, se apuntaron al programa de una semana. Pasamos los primeros cuatro d\u00edas del taller explorando la zona para encontrar inspiraci\u00f3n y dise\u00f1ar un mural que estuviera en sinton\u00eda con su entorno. Despu\u00e9s de varios d\u00edas de observaci\u00f3n y toma de notas, decidimos enfocarnos en los objetos cotidianos. Sus formas son simples y funcionales, y todo el mundo los tiene en sus casas, lo cual encajaba perfectamente con nuestro concepto. Utilizando estas formas, trabajamos en una paleta de colores que se armonizara con el entorno. Para finalizar el dise\u00f1o, creamos un proceso generativo sencillo que determinaba de forma aleatoria qu\u00e9 forma y color deb\u00edan pintarse en cada celda del muro. Una vez que comenzamos a pintar, los vecinos del pueblo que pasaban por ah\u00ed se deten\u00edan espont\u00e1neamente para pintar formas con nosotros.<\/p>\n<p>Un agradecimiento enorme a Mariana, Xabi, Lamine, Bamoussa, Endaye, Boy, Bea, Amadou, Elena y su familia, Pana, Salva y Lucas.<\/p>\n<p>A los incre\u00edbles participantes (en orden alfab\u00e9tico): Ana, Cris, Cris, Lea, Marcel, Marina, Mario, Sierra, Tess y Vera.<\/p>\n<p>Y, por supuesto, a todos los habitantes del pueblo de Diak\u00e8ne por su amabilidad, calidez y gratitud hacia el mural.<\/p>\n<p><a href=\"https:\/\/casamance.cc\" target=\"_new\" rel=\"noopener noreferrer\">https:\/\/casamance.cc<\/a> (@c.casamance)<br \/>\n<a href=\"https:\/\/www.ekolsenegal.org\" target=\"_new\" rel=\"noopener noreferrer\">https:\/\/www.ekolsenegal.org<\/a> (@ekolsenegal)<\/p>\n<p>ngg_shortcode_2_placeholder<\/p>","protected":false},"excerpt":{"rendered":"<p>Discoth\u00e8que municipale Diakene Ouloff, Casamance Senegal, diciembre de 2024 A finales de 2024, fui invitado por el Casamance Centre Culturel y Ekol Senegal para dise\u00f1ar un programa de pintura mural en el pueblo de Diakene Ouloff. El enfoque del taller era la integraci\u00f3n de la pintura mural en su entorno, tanto arquitect\u00f3nico como social. Diez &hellip; <a href=\"https:\/\/www.eltono.com\/es\/murals\/modo60\/\" class=\"more-link\">Continue reading <span class=\"screen-reader-text\">Modo n.\u00b060<\/span><\/a><\/p>\n","protected":false},"author":1,"featured_media":24129,"parent":13155,"menu_order":0,"comment_status":"closed","ping_status":"closed","template":"","meta":{"ngg_post_thumbnail":0,"jetpack_post_was_ever_published":false,"footnotes":""},"categories":[363,277,4,345,112,262,260,266,269,272,7,357,306],"tags":[],"class_list":["post-24124","page","type-page","status-publish","has-post-thumbnail","hentry","category-363","category-generative","category-inspiration","category-modo","category-mural","category-page_automatic","category-page_mural","category-page_outdoor","category-page_participatif","category-page_project","category-projects","category-residency","category-_actu"],"jetpack_sharing_enabled":true,"jetpack_shortlink":"https:\/\/wp.me\/P7sWFx-6h6","_links":{"self":[{"href":"https:\/\/www.eltono.com\/es\/wp-json\/wp\/v2\/pages\/24124","targetHints":{"allow":["GET"]}}],"collection":[{"href":"https:\/\/www.eltono.com\/es\/wp-json\/wp\/v2\/pages"}],"about":[{"href":"https:\/\/www.eltono.com\/es\/wp-json\/wp\/v2\/types\/page"}],"author":[{"embeddable":true,"href":"https:\/\/www.eltono.com\/es\/wp-json\/wp\/v2\/users\/1"}],"replies":[{"embeddable":true,"href":"https:\/\/www.eltono.com\/es\/wp-json\/wp\/v2\/comments?post=24124"}],"version-history":[{"count":6,"href":"https:\/\/www.eltono.com\/es\/wp-json\/wp\/v2\/pages\/24124\/revisions"}],"predecessor-version":[{"id":24142,"href":"https:\/\/www.eltono.com\/es\/wp-json\/wp\/v2\/pages\/24124\/revisions\/24142"}],"up":[{"embeddable":true,"href":"https:\/\/www.eltono.com\/es\/wp-json\/wp\/v2\/pages\/13155"}],"wp:featuredmedia":[{"embeddable":true,"href":"https:\/\/www.eltono.com\/es\/wp-json\/wp\/v2\/media\/24129"}],"wp:attachment":[{"href":"https:\/\/www.eltono.com\/es\/wp-json\/wp\/v2\/media?parent=24124"}],"wp:term":[{"taxonomy":"category","embeddable":true,"href":"https:\/\/www.eltono.com\/es\/wp-json\/wp\/v2\/categories?post=24124"},{"taxonomy":"post_tag","embeddable":true,"href":"https:\/\/www.eltono.com\/es\/wp-json\/wp\/v2\/tags?post=24124"}],"curies":[{"name":"wp","href":"https:\/\/api.w.org\/{rel}","templated":true}]}}