{"id":24286,"date":"2025-06-12T10:39:43","date_gmt":"2025-06-12T08:39:43","guid":{"rendered":"https:\/\/www.eltono.com\/?page_id=24286"},"modified":"2025-10-20T00:29:11","modified_gmt":"2025-10-19T22:29:11","slug":"modo67","status":"publish","type":"page","link":"https:\/\/www.eltono.com\/es\/murals\/modo67\/","title":{"rendered":"Modo n.\u00ba67"},"content":{"rendered":"<p><strong>Pintura mural generativa<br \/>\n<\/strong>Barrio Les Aigues Douces, Port-de-Bouc, Francia<br \/>\nJunio 2025<\/p>\n<p>Proyecto realizado dentro del marco del festival Les Nouveaux Ateliers (<a href=\"https:\/\/festival-lna.fr\/\" target=\"_blank\" rel=\"noopener noreferrer\">festival-lna.fr\/<\/a>).<\/p>\n<p>Este mural se realiz\u00f3 siguiendo el protocolo Modo n.\u00b067. Despu\u00e9s de definir los m\u00e1rgenes exteriores, el muro se dividi\u00f3 en cuatro l\u00edneas separadas por una franja de 39 cm. Cada l\u00ednea se dividi\u00f3 luego en 8 x 4 casillas y deb\u00eda incluir un m\u00f3dulo de 2 x 2 casillas y dos m\u00f3dulos de 3 x 2 casillas. La ubicaci\u00f3n del m\u00f3dulo de 2 x 2 casillas se determin\u00f3 al azar. Para cada m\u00f3dulo, se sortearon y colocaron en su casilla correspondiente 4 o 6 formas geom\u00e9tricas. Las formas no pod\u00edan cambiar de casilla, pero pod\u00edan girar (a 0\u00b0, 90\u00b0, 180\u00b0 y 270\u00b0) para respetar la regla de los &#8220;lados planos&#8221;. Se cortaron previamente formas de madera para facilitar la manipulaci\u00f3n y visualizaci\u00f3n. Una vez lista la composici\u00f3n, el resultado se anotaba en una ficha y el m\u00f3dulo se pintaba en el muro. Todos los sorteos se realizaron echando dados.<\/p>\nngg_shortcode_2_placeholder\n<p>Fotos de J\u00e9r\u00e9my Lounis (<a href=\"https:\/\/www.instagram.com\/jeremylounis\/\" target=\"_blank\" rel=\"noopener noreferrer\">@jeremylounis<\/a>) y Eltono.<\/p>","protected":false},"excerpt":{"rendered":"<p>Pintura mural generativa Barrio Les Aigues Douces, Port-de-Bouc, Francia Junio 2025 Proyecto realizado dentro del marco del festival Les Nouveaux Ateliers (festival-lna.fr\/). Este mural se realiz\u00f3 siguiendo el protocolo Modo n.\u00b067. Despu\u00e9s de definir los m\u00e1rgenes exteriores, el muro se dividi\u00f3 en cuatro l\u00edneas separadas por una franja de 39 cm. Cada l\u00ednea se dividi\u00f3 &hellip; <a href=\"https:\/\/www.eltono.com\/es\/murals\/modo67\/\" class=\"more-link\">Continue reading <span class=\"screen-reader-text\">Modo n.\u00ba67<\/span><\/a><\/p>\n","protected":false},"author":1,"featured_media":24302,"parent":13155,"menu_order":0,"comment_status":"closed","ping_status":"closed","template":"","meta":{"ngg_post_thumbnail":0,"jetpack_post_was_ever_published":false,"footnotes":""},"categories":[363,334,277,345,112,262,260,266],"tags":[],"class_list":["post-24286","page","type-page","status-publish","has-post-thumbnail","hentry","category-363","category-destacados","category-generative","category-modo","category-mural","category-page_automatic","category-page_mural","category-page_outdoor"],"jetpack_sharing_enabled":true,"jetpack_shortlink":"https:\/\/wp.me\/P7sWFx-6jI","_links":{"self":[{"href":"https:\/\/www.eltono.com\/es\/wp-json\/wp\/v2\/pages\/24286","targetHints":{"allow":["GET"]}}],"collection":[{"href":"https:\/\/www.eltono.com\/es\/wp-json\/wp\/v2\/pages"}],"about":[{"href":"https:\/\/www.eltono.com\/es\/wp-json\/wp\/v2\/types\/page"}],"author":[{"embeddable":true,"href":"https:\/\/www.eltono.com\/es\/wp-json\/wp\/v2\/users\/1"}],"replies":[{"embeddable":true,"href":"https:\/\/www.eltono.com\/es\/wp-json\/wp\/v2\/comments?post=24286"}],"version-history":[{"count":8,"href":"https:\/\/www.eltono.com\/es\/wp-json\/wp\/v2\/pages\/24286\/revisions"}],"predecessor-version":[{"id":24382,"href":"https:\/\/www.eltono.com\/es\/wp-json\/wp\/v2\/pages\/24286\/revisions\/24382"}],"up":[{"embeddable":true,"href":"https:\/\/www.eltono.com\/es\/wp-json\/wp\/v2\/pages\/13155"}],"wp:featuredmedia":[{"embeddable":true,"href":"https:\/\/www.eltono.com\/es\/wp-json\/wp\/v2\/media\/24302"}],"wp:attachment":[{"href":"https:\/\/www.eltono.com\/es\/wp-json\/wp\/v2\/media?parent=24286"}],"wp:term":[{"taxonomy":"category","embeddable":true,"href":"https:\/\/www.eltono.com\/es\/wp-json\/wp\/v2\/categories?post=24286"},{"taxonomy":"post_tag","embeddable":true,"href":"https:\/\/www.eltono.com\/es\/wp-json\/wp\/v2\/tags?post=24286"}],"curies":[{"name":"wp","href":"https:\/\/api.w.org\/{rel}","templated":true}]}}