{"id":24358,"date":"2025-09-08T11:15:00","date_gmt":"2025-09-08T09:15:00","guid":{"rendered":"https:\/\/www.eltono.com\/?page_id=24358"},"modified":"2025-10-15T09:09:06","modified_gmt":"2025-10-15T07:09:06","slug":"tour-ariane","status":"publish","type":"page","link":"https:\/\/www.eltono.com\/es\/murals\/tour-ariane\/","title":{"rendered":"Torre Ariane CSB n.\u00ba32"},"content":{"rendered":"<p><strong>Composici\u00f3n sobre edificio <em>CSB#32<\/em><\/strong><br \/>\nAcceso taxis, Torre Ariane, La D\u00e9fense, Francia<br \/>\nJulio 2025<\/p>\n<p>Proyecto comisionado por <a href=\"https:\/\/p-a-l-m.com\/\" target=\"_blank\" rel=\"noopener noreferrer\">PALM<\/a>.<\/p>\n<p>Haz clic en las im\u00e1genes para ampliarlas y explorarlas.<\/p>\n<p>ngg_shortcode_2_placeholder<\/p>","protected":false},"excerpt":{"rendered":"<p>Composici\u00f3n sobre edificio CSB#32 Acceso taxis, Torre Ariane, La D\u00e9fense, Francia Julio 2025 Proyecto comisionado por PALM. Haz clic en las im\u00e1genes para ampliarlas y explorarlas.<\/p>\n","protected":false},"author":1,"featured_media":24373,"parent":13155,"menu_order":0,"comment_status":"closed","ping_status":"closed","template":"","meta":{"ngg_post_thumbnail":0,"jetpack_post_was_ever_published":false,"footnotes":""},"categories":[363,349,112,265,260],"tags":[],"class_list":["post-24358","page","type-page","status-publish","has-post-thumbnail","hentry","category-363","category-csb","category-mural","category-page_indoor","category-page_mural"],"jetpack_sharing_enabled":true,"jetpack_shortlink":"https:\/\/wp.me\/P7sWFx-6kS","_links":{"self":[{"href":"https:\/\/www.eltono.com\/es\/wp-json\/wp\/v2\/pages\/24358","targetHints":{"allow":["GET"]}}],"collection":[{"href":"https:\/\/www.eltono.com\/es\/wp-json\/wp\/v2\/pages"}],"about":[{"href":"https:\/\/www.eltono.com\/es\/wp-json\/wp\/v2\/types\/page"}],"author":[{"embeddable":true,"href":"https:\/\/www.eltono.com\/es\/wp-json\/wp\/v2\/users\/1"}],"replies":[{"embeddable":true,"href":"https:\/\/www.eltono.com\/es\/wp-json\/wp\/v2\/comments?post=24358"}],"version-history":[{"count":6,"href":"https:\/\/www.eltono.com\/es\/wp-json\/wp\/v2\/pages\/24358\/revisions"}],"predecessor-version":[{"id":24377,"href":"https:\/\/www.eltono.com\/es\/wp-json\/wp\/v2\/pages\/24358\/revisions\/24377"}],"up":[{"embeddable":true,"href":"https:\/\/www.eltono.com\/es\/wp-json\/wp\/v2\/pages\/13155"}],"wp:featuredmedia":[{"embeddable":true,"href":"https:\/\/www.eltono.com\/es\/wp-json\/wp\/v2\/media\/24373"}],"wp:attachment":[{"href":"https:\/\/www.eltono.com\/es\/wp-json\/wp\/v2\/media?parent=24358"}],"wp:term":[{"taxonomy":"category","embeddable":true,"href":"https:\/\/www.eltono.com\/es\/wp-json\/wp\/v2\/categories?post=24358"},{"taxonomy":"post_tag","embeddable":true,"href":"https:\/\/www.eltono.com\/es\/wp-json\/wp\/v2\/tags?post=24358"}],"curies":[{"name":"wp","href":"https:\/\/api.w.org\/{rel}","templated":true}]}}