{"id":24384,"date":"2025-06-11T15:36:25","date_gmt":"2025-06-11T13:36:25","guid":{"rendered":"https:\/\/www.eltono.com\/?page_id=24384"},"modified":"2025-11-06T09:42:31","modified_gmt":"2025-11-06T08:42:31","slug":"modo66","status":"publish","type":"page","link":"https:\/\/www.eltono.com\/es\/murals\/modo66\/","title":{"rendered":"Modo n.\u00ba66"},"content":{"rendered":"<p><strong>Pintura mural generativa y participativa<\/strong><br \/>\nColegio des Trois Vall\u00e9es, Vergt, Francia<br \/>\nMayo 2025<\/p>\n<p>B\u00fasqueda de formas geom\u00e9tricas en los edificios y dise\u00f1o de un protocolo gr\u00e1fico generativo.<\/p>\n<p>Proyecto comisariado por la Agence Culturelle Dordogne-P\u00e9rigord.<br \/>\n105 participantes.<\/p>\n<p>ngg_shortcode_2_placeholder&nbsp;<\/p>","protected":false},"excerpt":{"rendered":"<p>Pintura mural generativa y participativa Colegio des Trois Vall\u00e9es, Vergt, Francia Mayo 2025 B\u00fasqueda de formas geom\u00e9tricas en los edificios y dise\u00f1o de un protocolo gr\u00e1fico generativo. Proyecto comisariado por la Agence Culturelle Dordogne-P\u00e9rigord. 105 participantes. &nbsp;<\/p>\n","protected":false},"author":1,"featured_media":24401,"parent":13155,"menu_order":0,"comment_status":"closed","ping_status":"closed","template":"","meta":{"ngg_post_thumbnail":0,"jetpack_post_was_ever_published":false,"footnotes":""},"categories":[363,277,345,112,262,260,266],"tags":[],"class_list":["post-24384","page","type-page","status-publish","has-post-thumbnail","hentry","category-363","category-generative","category-modo","category-mural","category-page_automatic","category-page_mural","category-page_outdoor"],"jetpack_sharing_enabled":true,"jetpack_shortlink":"https:\/\/wp.me\/P7sWFx-6li","_links":{"self":[{"href":"https:\/\/www.eltono.com\/es\/wp-json\/wp\/v2\/pages\/24384","targetHints":{"allow":["GET"]}}],"collection":[{"href":"https:\/\/www.eltono.com\/es\/wp-json\/wp\/v2\/pages"}],"about":[{"href":"https:\/\/www.eltono.com\/es\/wp-json\/wp\/v2\/types\/page"}],"author":[{"embeddable":true,"href":"https:\/\/www.eltono.com\/es\/wp-json\/wp\/v2\/users\/1"}],"replies":[{"embeddable":true,"href":"https:\/\/www.eltono.com\/es\/wp-json\/wp\/v2\/comments?post=24384"}],"version-history":[{"count":5,"href":"https:\/\/www.eltono.com\/es\/wp-json\/wp\/v2\/pages\/24384\/revisions"}],"predecessor-version":[{"id":24402,"href":"https:\/\/www.eltono.com\/es\/wp-json\/wp\/v2\/pages\/24384\/revisions\/24402"}],"up":[{"embeddable":true,"href":"https:\/\/www.eltono.com\/es\/wp-json\/wp\/v2\/pages\/13155"}],"wp:featuredmedia":[{"embeddable":true,"href":"https:\/\/www.eltono.com\/es\/wp-json\/wp\/v2\/media\/24401"}],"wp:attachment":[{"href":"https:\/\/www.eltono.com\/es\/wp-json\/wp\/v2\/media?parent=24384"}],"wp:term":[{"taxonomy":"category","embeddable":true,"href":"https:\/\/www.eltono.com\/es\/wp-json\/wp\/v2\/categories?post=24384"},{"taxonomy":"post_tag","embeddable":true,"href":"https:\/\/www.eltono.com\/es\/wp-json\/wp\/v2\/tags?post=24384"}],"curies":[{"name":"wp","href":"https:\/\/api.w.org\/{rel}","templated":true}]}}