{"id":3370,"date":"2010-04-01T00:38:11","date_gmt":"2010-03-31T22:38:11","guid":{"rendered":"http:\/\/www.eltono.com\/?page_id=3370"},"modified":"2021-02-05T12:26:43","modified_gmt":"2021-02-05T10:26:43","slug":"script-1-0","status":"publish","type":"page","link":"https:\/\/www.eltono.com\/es\/murals\/script-1-0\/","title":{"rendered":"Script 1.0"},"content":{"rendered":"<p><strong>Intervenciones Urbanas Iberoamericanas<\/strong><br \/>\nCCEBA, Centro Cultural de Espa\u00f1a en Buenos Aires<br \/>\nSede Balcarce 1150, San Telmo, Buenos Aires, Argentina<br \/>\nAbril 2010<\/p>\n<p><strong>&#8220;Intervenciones Urbanas Iberoamericanas<\/strong> se define como muestra de acci\u00f3n usualmente exterior, en un interior, tomando provecho de los muros a\u00fan en construcci\u00f3n, del <strong>edificio de la nueva sede CCEBA San Telmo.&#8221; <\/strong><a href=\"http:\/\/www.cceba.org.ar\/\" target=\"_blank\" rel=\"noopener noreferrer\">www.cceba.org.ar<\/a><\/p>\n<p>El proyecto <em><strong>SCRIPT<\/strong> <\/em>consiste en pintar murales ejecutando reglas predefinidas por el artista. As\u00ed el desarrollo de la obra se hace de forma descontrolada y el resultado final es inesperado. De esa forma, el propio artista puede ser sorprendido y se encuentra en la posici\u00f3n de espectador de su propia obra.<\/p>\n<p>Fue invitado por la embajada espa\u00f1ola para participar en la muestra donde me dieron una sala vac\u00eda para desarrollar mi intervenci\u00f3n. A partir de all\u00ed, pens\u00e9 en hacer mi primer experimento <em>SCRIPT<\/em> o de &#8220;pintura descontrolada&#8221;. La idea era de pintar l\u00edneas que daban la vuelta a la habitaci\u00f3n de forma autom\u00e1tica. Antes de empezar a pintar, establec\u00ed unas normas que iban a dirigir el desarrollo de la pintura:<\/p>\n<p>1- Cada l\u00ednea empieza en la primera pared a la izquierda y acaba cuando vuelve al ese mismo sitio.<br \/>\n2- La altura donde empieza cada l\u00ednea depende de la hora a la que se empieza a pintarla (<a href=\"http:\/\/www.eltono.com\/wp-content\/gallery\/script-1-0-buenos-aires\/grafico1.jpg\" target=\"_blank\" rel=\"noopener noreferrer\">gr\u00e1fico 1<\/a>).<br \/>\n3- La inclinaci\u00f3n con la que empieza cada l\u00ednea es definida seg\u00fan los minutos que indica el reloj a la hora de empezar a trazarla (<a href=\"http:\/\/www.eltono.com\/wp-content\/gallery\/script-1-0-buenos-aires\/grafico2.jpg\" target=\"_blank\" rel=\"noopener noreferrer\">gr\u00e1fico 2<\/a>).<br \/>\n4- Cada l\u00ednea rebota contra el suelo y el techo con un angulo a 90 grados.<br \/>\n5- Al encontrarse con un cambio de plano, la l\u00ednea sigue con la misma inclinaci\u00f3n pero cambia de color.<br \/>\n6- La \u00faltima cifra de la hora define el color que hay que usar (<a href=\"http:\/\/www.eltono.com\/wp-content\/gallery\/script-1-0-buenos-aires\/grafico3.jpg\" target=\"_blank\" rel=\"noopener noreferrer\">gr\u00e1fico 3<\/a>).<\/p>\n<p>Una vez el script escrito y los gr\u00e1ficos y tablas correspondientes dibujados, solo falt\u00f3 ejecutarlo.<\/p>\n<p>El experimento dur\u00f3 cinco d\u00edas y se logr\u00f3 pintar cinco l\u00edneas.<\/p>\n<h2><strong>Video:<br \/>\n<\/strong><br \/>\n<iframe loading=\"lazy\" src=\"https:\/\/player.vimeo.com\/video\/12241652?title=0&amp;byline=0&amp;portrait=0\" width=\"700\" height=\"525\" frameborder=\"0\" allowfullscreen=\"allowfullscreen\"><\/iframe><\/h2>\n<h2><strong>Fotos: <\/strong><\/h2>\n<p><style type=\"text\/css\" media=\"all\">\n\/* ----------- Galeria Vertical 700 vh ngg1 ------------*\/\n#gallery-vertical-700-vh{\n\t\/\/max-width: 100%;\n\t\/\/width: 700px;\n\tbackground-color: #ffffff;\n\ttext-align: left;\n}\n#gallery-vertical-700-vh img{\n\t\/\/max-width: 100%;\n\tvertical-align: bottom;\n}\n#gallery-vertical-700-vh-comment{\n\tword-wrap: break-word;\n\t\/\/width: 700px;\n\tmargin: 0 0 17px 0;\n}\n<\/style>\n<div class=\"ngg1-galleryoverview\" id=\"ngg1-gallery-236d13e79175d31aae3570204f524c1e\">\n\t\t<div id=\"ngg1-image-1618\">\n\t\t<div id=\"gallery-vertical-700-vh\">\n\t\t\t<img title=\"Checking dead patterns in the making of the rules for the .\" alt=\"Checking dead patterns in the making of the rules for the .\" src=\"https:\/\/www.eltono.com\/wp-content\/gallery\/script-1-0-buenos-aires\/eltono-script-bbaa1.jpg\"\/>\n\t\t\t<\/div><div id=\"gallery-vertical-700-vh-comment\">Checking dead patterns in the making of the rules for the .\t\t<\/div>\n\t<\/div>\n \t\t<div id=\"ngg1-image-1629\">\n\t\t<div id=\"gallery-vertical-700-vh\">\n\t\t\t<img title=\"La habitaci\u00f3n vac\u00eda\" alt=\"La habitaci\u00f3n vac\u00eda\" src=\"https:\/\/www.eltono.com\/wp-content\/gallery\/script-1-0-buenos-aires\/eltono-script-bbaa2.jpg\"\/>\n\t\t\t<\/div><div id=\"gallery-vertical-700-vh-comment\">La habitaci\u00f3n vac\u00eda\t\t<\/div>\n\t<\/div>\n \t\t<div id=\"ngg1-image-1640\">\n\t\t<div id=\"gallery-vertical-700-vh\">\n\t\t\t<img title=\" \" alt=\" \" src=\"https:\/\/www.eltono.com\/wp-content\/gallery\/script-1-0-buenos-aires\/eltono-script-bbaa3.jpg\"\/>\n\t\t\t<\/div><div id=\"gallery-vertical-700-vh-comment\"> \t\t<\/div>\n\t<\/div>\n \t\t<div id=\"ngg1-image-1648\">\n\t\t<div id=\"gallery-vertical-700-vh\">\n\t\t\t<img title=\" \" alt=\" \" src=\"https:\/\/www.eltono.com\/wp-content\/gallery\/script-1-0-buenos-aires\/eltono-script-bbaa4.jpg\"\/>\n\t\t\t<\/div><div id=\"gallery-vertical-700-vh-comment\"> \t\t<\/div>\n\t<\/div>\n \t\t<div id=\"ngg1-image-1649\">\n\t\t<div id=\"gallery-vertical-700-vh\">\n\t\t\t<img title=\"12 colores\" alt=\"12 colores\" src=\"https:\/\/www.eltono.com\/wp-content\/gallery\/script-1-0-buenos-aires\/eltono-script-bbaa5.jpg\"\/>\n\t\t\t<\/div><div id=\"gallery-vertical-700-vh-comment\">12 colores\t\t<\/div>\n\t<\/div>\n \t\t<div id=\"ngg1-image-1650\">\n\t\t<div id=\"gallery-vertical-700-vh\">\n\t\t\t<img title=\" \" alt=\" \" src=\"https:\/\/www.eltono.com\/wp-content\/gallery\/script-1-0-buenos-aires\/eltono-script-bbaa6.jpg\"\/>\n\t\t\t<\/div><div id=\"gallery-vertical-700-vh-comment\"> \t\t<\/div>\n\t<\/div>\n \t\t<div id=\"ngg1-image-1651\">\n\t\t<div id=\"gallery-vertical-700-vh\">\n\t\t\t<img title=\" \" alt=\" \" src=\"https:\/\/www.eltono.com\/wp-content\/gallery\/script-1-0-buenos-aires\/eltono-script-bbaa7.jpg\"\/>\n\t\t\t<\/div><div id=\"gallery-vertical-700-vh-comment\"> \t\t<\/div>\n\t<\/div>\n \t\t<div id=\"ngg1-image-1652\">\n\t\t<div id=\"gallery-vertical-700-vh\">\n\t\t\t<img title=\"Mate y tarta de ricota!\" alt=\"Mate y tarta de ricota!\" src=\"https:\/\/www.eltono.com\/wp-content\/gallery\/script-1-0-buenos-aires\/eltono-script-bbaa8.jpg\"\/>\n\t\t\t<\/div><div id=\"gallery-vertical-700-vh-comment\">Mate y tarta de ricota!\t\t<\/div>\n\t<\/div>\n \t\t<div id=\"ngg1-image-1653\">\n\t\t<div id=\"gallery-vertical-700-vh\">\n\t\t\t<img title=\" \" alt=\" \" src=\"https:\/\/www.eltono.com\/wp-content\/gallery\/script-1-0-buenos-aires\/eltono-script-bbaa9.jpg\"\/>\n\t\t\t<\/div><div id=\"gallery-vertical-700-vh-comment\"> \t\t<\/div>\n\t<\/div>\n \t\t<div id=\"ngg1-image-1619\">\n\t\t<div id=\"gallery-vertical-700-vh\">\n\t\t\t<img title=\" \" alt=\" \" src=\"https:\/\/www.eltono.com\/wp-content\/gallery\/script-1-0-buenos-aires\/eltono-script-bbaa10.jpg\"\/>\n\t\t\t<\/div><div id=\"gallery-vertical-700-vh-comment\"> \t\t<\/div>\n\t<\/div>\n \t\t<div id=\"ngg1-image-1620\">\n\t\t<div id=\"gallery-vertical-700-vh\">\n\t\t\t<img title=\" \" alt=\" \" src=\"https:\/\/www.eltono.com\/wp-content\/gallery\/script-1-0-buenos-aires\/eltono-script-bbaa11.jpg\"\/>\n\t\t\t<\/div><div id=\"gallery-vertical-700-vh-comment\"> \t\t<\/div>\n\t<\/div>\n \t\t<div id=\"ngg1-image-1834\">\n\t\t<div id=\"gallery-vertical-700-vh\">\n\t\t\t<img title=\" \" alt=\" \" src=\"https:\/\/www.eltono.com\/wp-content\/gallery\/script-1-0-buenos-aires\/eltono-script-bbaa37.jpg\"\/>\n\t\t\t<\/div><div id=\"gallery-vertical-700-vh-comment\"> \t\t<\/div>\n\t<\/div>\n \t\t<div id=\"ngg1-image-1621\">\n\t\t<div id=\"gallery-vertical-700-vh\">\n\t\t\t<img title=\"\u00a1Terminado!\" alt=\"\u00a1Terminado!\" src=\"https:\/\/www.eltono.com\/wp-content\/gallery\/script-1-0-buenos-aires\/eltono-script-bbaa12.jpg\"\/>\n\t\t\t<\/div><div id=\"gallery-vertical-700-vh-comment\">\u00a1Terminado!\t\t<\/div>\n\t<\/div>\n \t\t<div id=\"ngg1-image-1622\">\n\t\t<div id=\"gallery-vertical-700-vh\">\n\t\t\t<img title=\" \" alt=\" \" src=\"https:\/\/www.eltono.com\/wp-content\/gallery\/script-1-0-buenos-aires\/eltono-script-bbaa13.jpg\"\/>\n\t\t\t<\/div><div id=\"gallery-vertical-700-vh-comment\"> \t\t<\/div>\n\t<\/div>\n \t\t<div id=\"ngg1-image-1623\">\n\t\t<div id=\"gallery-vertical-700-vh\">\n\t\t\t<img title=\" \" alt=\" \" src=\"https:\/\/www.eltono.com\/wp-content\/gallery\/script-1-0-buenos-aires\/eltono-script-bbaa14.jpg\"\/>\n\t\t\t<\/div><div id=\"gallery-vertical-700-vh-comment\"> \t\t<\/div>\n\t<\/div>\n \t\t<div id=\"ngg1-image-1624\">\n\t\t<div id=\"gallery-vertical-700-vh\">\n\t\t\t<img title=\" \" alt=\" \" src=\"https:\/\/www.eltono.com\/wp-content\/gallery\/script-1-0-buenos-aires\/eltono-script-bbaa15.jpg\"\/>\n\t\t\t<\/div><div id=\"gallery-vertical-700-vh-comment\"> \t\t<\/div>\n\t<\/div>\n \t\t<div id=\"ngg1-image-1625\">\n\t\t<div id=\"gallery-vertical-700-vh\">\n\t\t\t<img title=\" \" alt=\" \" src=\"https:\/\/www.eltono.com\/wp-content\/gallery\/script-1-0-buenos-aires\/eltono-script-bbaa16.jpg\"\/>\n\t\t\t<\/div><div id=\"gallery-vertical-700-vh-comment\"> \t\t<\/div>\n\t<\/div>\n \t\t<div id=\"ngg1-image-1626\">\n\t\t<div id=\"gallery-vertical-700-vh\">\n\t\t\t<img title=\" \" alt=\" \" src=\"https:\/\/www.eltono.com\/wp-content\/gallery\/script-1-0-buenos-aires\/eltono-script-bbaa17.jpg\"\/>\n\t\t\t<\/div><div id=\"gallery-vertical-700-vh-comment\"> \t\t<\/div>\n\t<\/div>\n \t\t<div id=\"ngg1-image-1627\">\n\t\t<div id=\"gallery-vertical-700-vh\">\n\t\t\t<img title=\" \" alt=\" \" src=\"https:\/\/www.eltono.com\/wp-content\/gallery\/script-1-0-buenos-aires\/eltono-script-bbaa18.jpg\"\/>\n\t\t\t<\/div><div id=\"gallery-vertical-700-vh-comment\"> \t\t<\/div>\n\t<\/div>\n \t\t<div id=\"ngg1-image-1628\">\n\t\t<div id=\"gallery-vertical-700-vh\">\n\t\t\t<img title=\" \" alt=\" \" src=\"https:\/\/www.eltono.com\/wp-content\/gallery\/script-1-0-buenos-aires\/eltono-script-bbaa19.jpg\"\/>\n\t\t\t<\/div><div id=\"gallery-vertical-700-vh-comment\"> \t\t<\/div>\n\t<\/div>\n \t\t<div id=\"ngg1-image-1630\">\n\t\t<div id=\"gallery-vertical-700-vh\">\n\t\t\t<img title=\" \" alt=\" \" src=\"https:\/\/www.eltono.com\/wp-content\/gallery\/script-1-0-buenos-aires\/eltono-script-bbaa20.jpg\"\/>\n\t\t\t<\/div><div id=\"gallery-vertical-700-vh-comment\"> \t\t<\/div>\n\t<\/div>\n \t\t<div id=\"ngg1-image-1631\">\n\t\t<div id=\"gallery-vertical-700-vh\">\n\t\t\t<img title=\" \" alt=\" \" src=\"https:\/\/www.eltono.com\/wp-content\/gallery\/script-1-0-buenos-aires\/eltono-script-bbaa21.jpg\"\/>\n\t\t\t<\/div><div id=\"gallery-vertical-700-vh-comment\"> \t\t<\/div>\n\t<\/div>\n \t\t<div id=\"ngg1-image-1632\">\n\t\t<div id=\"gallery-vertical-700-vh\">\n\t\t\t<img title=\" \" alt=\" \" src=\"https:\/\/www.eltono.com\/wp-content\/gallery\/script-1-0-buenos-aires\/eltono-script-bbaa22.jpg\"\/>\n\t\t\t<\/div><div id=\"gallery-vertical-700-vh-comment\"> \t\t<\/div>\n\t<\/div>\n \t\t<div id=\"ngg1-image-1633\">\n\t\t<div id=\"gallery-vertical-700-vh\">\n\t\t\t<img title=\" \" alt=\" \" src=\"https:\/\/www.eltono.com\/wp-content\/gallery\/script-1-0-buenos-aires\/eltono-script-bbaa23.jpg\"\/>\n\t\t\t<\/div><div id=\"gallery-vertical-700-vh-comment\"> \t\t<\/div>\n\t<\/div>\n \t\t<div id=\"ngg1-image-1634\">\n\t\t<div id=\"gallery-vertical-700-vh\">\n\t\t\t<img title=\" \" alt=\" \" src=\"https:\/\/www.eltono.com\/wp-content\/gallery\/script-1-0-buenos-aires\/eltono-script-bbaa24.jpg\"\/>\n\t\t\t<\/div><div id=\"gallery-vertical-700-vh-comment\"> \t\t<\/div>\n\t<\/div>\n \t\t<div id=\"ngg1-image-1635\">\n\t\t<div id=\"gallery-vertical-700-vh\">\n\t\t\t<img title=\" \" alt=\" \" src=\"https:\/\/www.eltono.com\/wp-content\/gallery\/script-1-0-buenos-aires\/eltono-script-bbaa25.jpg\"\/>\n\t\t\t<\/div><div id=\"gallery-vertical-700-vh-comment\"> \t\t<\/div>\n\t<\/div>\n \t\t<div id=\"ngg1-image-1636\">\n\t\t<div id=\"gallery-vertical-700-vh\">\n\t\t\t<img title=\" \" alt=\" \" src=\"https:\/\/www.eltono.com\/wp-content\/gallery\/script-1-0-buenos-aires\/eltono-script-bbaa26.jpg\"\/>\n\t\t\t<\/div><div id=\"gallery-vertical-700-vh-comment\"> \t\t<\/div>\n\t<\/div>\n \t\t<div id=\"ngg1-image-1637\">\n\t\t<div id=\"gallery-vertical-700-vh\">\n\t\t\t<img title=\" \" alt=\" \" src=\"https:\/\/www.eltono.com\/wp-content\/gallery\/script-1-0-buenos-aires\/eltono-script-bbaa27.jpg\"\/>\n\t\t\t<\/div><div id=\"gallery-vertical-700-vh-comment\"> \t\t<\/div>\n\t<\/div>\n \t\t<div id=\"ngg1-image-1638\">\n\t\t<div id=\"gallery-vertical-700-vh\">\n\t\t\t<img title=\" \" alt=\" \" src=\"https:\/\/www.eltono.com\/wp-content\/gallery\/script-1-0-buenos-aires\/eltono-script-bbaa28.jpg\"\/>\n\t\t\t<\/div><div id=\"gallery-vertical-700-vh-comment\"> \t\t<\/div>\n\t<\/div>\n \t\t<div id=\"ngg1-image-1639\">\n\t\t<div id=\"gallery-vertical-700-vh\">\n\t\t\t<img title=\" \" alt=\" \" src=\"https:\/\/www.eltono.com\/wp-content\/gallery\/script-1-0-buenos-aires\/eltono-script-bbaa29.jpg\"\/>\n\t\t\t<\/div><div id=\"gallery-vertical-700-vh-comment\"> \t\t<\/div>\n\t<\/div>\n \t\t<div id=\"ngg1-image-1641\">\n\t\t<div id=\"gallery-vertical-700-vh\">\n\t\t\t<img title=\"Fotocopi\u00e9 los gr\u00e1ficos que us\u00e9 para ejecutar el  y les puse en la pared en la entrada de la habitaci\u00f3n.\" alt=\"Fotocopi\u00e9 los gr\u00e1ficos que us\u00e9 para ejecutar el  y les puse en la pared en la entrada de la habitaci\u00f3n.\" src=\"https:\/\/www.eltono.com\/wp-content\/gallery\/script-1-0-buenos-aires\/eltono-script-bbaa30.jpg\"\/>\n\t\t\t<\/div><div id=\"gallery-vertical-700-vh-comment\">Fotocopi\u00e9 los gr\u00e1ficos que us\u00e9 para ejecutar el  y les puse en la pared en la entrada de la habitaci\u00f3n.\t\t<\/div>\n\t<\/div>\n \t\t<div id=\"ngg1-image-1642\">\n\t\t<div id=\"gallery-vertical-700-vh\">\n\t\t\t<img title=\" \" alt=\" \" src=\"https:\/\/www.eltono.com\/wp-content\/gallery\/script-1-0-buenos-aires\/eltono-script-bbaa31.jpg\"\/>\n\t\t\t<\/div><div id=\"gallery-vertical-700-vh-comment\"> \t\t<\/div>\n\t<\/div>\n \t\t<div id=\"ngg1-image-1643\">\n\t\t<div id=\"gallery-vertical-700-vh\">\n\t\t\t<img title=\"Gr\u00e1fico 2\" alt=\"Gr\u00e1fico 2\" src=\"https:\/\/www.eltono.com\/wp-content\/gallery\/script-1-0-buenos-aires\/eltono-script-bbaa32.jpg\"\/>\n\t\t\t<\/div><div id=\"gallery-vertical-700-vh-comment\">Gr\u00e1fico 2\t\t<\/div>\n\t<\/div>\n \t\t<div id=\"ngg1-image-1644\">\n\t\t<div id=\"gallery-vertical-700-vh\">\n\t\t\t<img title=\"Gr\u00e1ficos 3 y 1\" alt=\"Gr\u00e1ficos 3 y 1\" src=\"https:\/\/www.eltono.com\/wp-content\/gallery\/script-1-0-buenos-aires\/eltono-script-bbaa33.jpg\"\/>\n\t\t\t<\/div><div id=\"gallery-vertical-700-vh-comment\">Gr\u00e1ficos 3 y 1\t\t<\/div>\n\t<\/div>\n \t\t<div id=\"ngg1-image-1645\">\n\t\t<div id=\"gallery-vertical-700-vh\">\n\t\t\t<img title=\"La inauguraci\u00f3n\" alt=\"La inauguraci\u00f3n\" src=\"https:\/\/www.eltono.com\/wp-content\/gallery\/script-1-0-buenos-aires\/eltono-script-bbaa34.jpg\"\/>\n\t\t\t<\/div><div id=\"gallery-vertical-700-vh-comment\">La inauguraci\u00f3n\t\t<\/div>\n\t<\/div>\n \t\t<div id=\"ngg1-image-1646\">\n\t\t<div id=\"gallery-vertical-700-vh\">\n\t\t\t<img title=\" \" alt=\" \" src=\"https:\/\/www.eltono.com\/wp-content\/gallery\/script-1-0-buenos-aires\/eltono-script-bbaa35.jpg\"\/>\n\t\t\t<\/div><div id=\"gallery-vertical-700-vh-comment\"> \t\t<\/div>\n\t<\/div>\n \t\t<div id=\"ngg1-image-1647\">\n\t\t<div id=\"gallery-vertical-700-vh\">\n\t\t\t<img title=\" \" alt=\" \" src=\"https:\/\/www.eltono.com\/wp-content\/gallery\/script-1-0-buenos-aires\/eltono-script-bbaa36.jpg\"\/>\n\t\t\t<\/div><div id=\"gallery-vertical-700-vh-comment\"> \t\t<\/div>\n\t<\/div>\n \t<\/div>\n<\/p>\n<p>Muchas gracias a Magda, Barbara y Mart\u00edn por la preciada ayuda y a todo el equipo del CCEBA.<\/p>","protected":false},"excerpt":{"rendered":"<p>Intervenciones Urbanas Iberoamericanas CCEBA, Centro Cultural de Espa\u00f1a en Buenos Aires Sede Balcarce 1150, San Telmo, Buenos Aires, Argentina Abril 2010 &#8220;Intervenciones Urbanas Iberoamericanas se define como muestra de acci\u00f3n usualmente exterior, en un interior, tomando provecho de los muros a\u00fan en construcci\u00f3n, del edificio de la nueva sede CCEBA San Telmo.&#8221; www.cceba.org.ar El proyecto &hellip; <a href=\"https:\/\/www.eltono.com\/es\/murals\/script-1-0\/\" class=\"more-link\">Continue reading <span class=\"screen-reader-text\">Script 1.0<\/span><\/a><\/p>\n","protected":false},"author":1,"featured_media":13265,"parent":13155,"menu_order":0,"comment_status":"closed","ping_status":"closed","template":"","meta":{"ngg_post_thumbnail":0,"jetpack_post_was_ever_published":false,"footnotes":""},"categories":[292,3,345,112,262,270,261,265,260],"tags":[],"class_list":["post-3370","page","type-page","status-publish","has-post-thumbnail","hentry","category-292","category-exhibitions","category-modo","category-mural","category-page_automatic","category-page_collective_show","category-page_expo","category-page_indoor","category-page_mural"],"jetpack_sharing_enabled":true,"jetpack_shortlink":"https:\/\/wp.me\/P7sWFx-Sm","_links":{"self":[{"href":"https:\/\/www.eltono.com\/es\/wp-json\/wp\/v2\/pages\/3370","targetHints":{"allow":["GET"]}}],"collection":[{"href":"https:\/\/www.eltono.com\/es\/wp-json\/wp\/v2\/pages"}],"about":[{"href":"https:\/\/www.eltono.com\/es\/wp-json\/wp\/v2\/types\/page"}],"author":[{"embeddable":true,"href":"https:\/\/www.eltono.com\/es\/wp-json\/wp\/v2\/users\/1"}],"replies":[{"embeddable":true,"href":"https:\/\/www.eltono.com\/es\/wp-json\/wp\/v2\/comments?post=3370"}],"version-history":[{"count":16,"href":"https:\/\/www.eltono.com\/es\/wp-json\/wp\/v2\/pages\/3370\/revisions"}],"predecessor-version":[{"id":21626,"href":"https:\/\/www.eltono.com\/es\/wp-json\/wp\/v2\/pages\/3370\/revisions\/21626"}],"up":[{"embeddable":true,"href":"https:\/\/www.eltono.com\/es\/wp-json\/wp\/v2\/pages\/13155"}],"wp:featuredmedia":[{"embeddable":true,"href":"https:\/\/www.eltono.com\/es\/wp-json\/wp\/v2\/media\/13265"}],"wp:attachment":[{"href":"https:\/\/www.eltono.com\/es\/wp-json\/wp\/v2\/media?parent=3370"}],"wp:term":[{"taxonomy":"category","embeddable":true,"href":"https:\/\/www.eltono.com\/es\/wp-json\/wp\/v2\/categories?post=3370"},{"taxonomy":"post_tag","embeddable":true,"href":"https:\/\/www.eltono.com\/es\/wp-json\/wp\/v2\/tags?post=3370"}],"curies":[{"name":"wp","href":"https:\/\/api.w.org\/{rel}","templated":true}]}}