{"id":3451,"date":"2010-05-14T19:47:04","date_gmt":"2010-05-14T17:47:04","guid":{"rendered":"http:\/\/www.eltono.com\/?page_id=3451"},"modified":"2016-03-20T17:54:30","modified_gmt":"2016-03-20T15:54:30","slug":"reticula","status":"publish","type":"page","link":"https:\/\/www.eltono.com\/es\/exhibitions\/solo\/reticula\/","title":{"rendered":"Ret\u00edcula"},"content":{"rendered":"<p><strong>Delimbo<\/strong><br \/>\nCalle P\u00e9rez Gald\u00f3s n\u00ba 1, Sevilla, Espa\u00f1a<br \/>\n14 de mayo &#8211; 15 de julio 2010<\/p>\n<p>Me plante\u00e9 la exposici\u00f3n <em><strong>Ret\u00edcula<\/strong><\/em> como un estudio del encuentro entre formas geom\u00e9tricas calculadas y factores descontrolados como el desgaste debido a acciones espont\u00e1neas de los peatones. Mediante unos experimentos en las calles de Sevilla, observ\u00e9 como esos factores externos iban afectando las obras instaladas y como iban influenciando el resultado final que se iba a presentar en la galer\u00eda.<\/p>\n<p>Para adquirir obras contactad directamente con la galer\u00eda: <a href=\"http:\/\/www.delimbo.com\/\" target=\"_blank\">www.delimbo.com<\/a><\/p>\n<p><strong>Desarroll\u00e9 dos experimentos:<\/strong><\/p>\n<p>1 &#8211; <em>Script 1.1<\/em><br \/>\n2 &#8211; <em>Carteles Desgarrados<\/em><\/p>\n<h5><img loading=\"lazy\" decoding=\"async\" class=\"alignnone size-full wp-image-3511\" title=\"eltono-reticula02\" src=\"http:\/\/www.eltono.com\/wp-content\/uploads\/2010\/06\/eltono-reticula02.jpg\" alt=\"\" width=\"600\" height=\"450\" \/><\/h5>\n<h2><em>Script 1.1, Mural Descontrolado<\/em><\/h2>\n<p>El proyecto <em>SCRIPT<\/em> (<a href=\"http:\/\/www.eltono.com\/es\/exhibitions\/script-1-0\/\" target=\"_blank\">ver <em>Script 1.0<\/em><\/a>) consiste en pintar murales ejecutando reglas predefinidas por el artista. As\u00ed el desarrollo de la obra se hace de forma descontrolada y el resultado final es inesperado. De esa forma, el propio artista puede ser sorprendido y se encuentra en la posici\u00f3n de espectador de su propia obra.<\/p>\n<p>Para ejecutar el Script en Sevilla, dibuj\u00e9 una cuadricula en la pared donde, seg\u00fan los resultados obtenidos, se iban a dibujar las l\u00edneas. Cada l\u00ednea depend\u00eda de cuatro elementos:<\/p>\n<p>1 &#8211; Una coordenada horizontal (una letra)<br \/>\n2 &#8211; Una coordenada vertical (un n\u00famero)<br \/>\n3 &#8211; Un color<br \/>\n4 &#8211; Una direcci\u00f3n (una flecha)<br \/>\nPor ejemplo: E, 7, Amarillo, vertical hacia arriba.<\/p>\n<p>Decid\u00ed dejar la elecci\u00f3n (aunque inconsciente) de esos cuatro elementos a los peatones y para eso grap\u00e9 por la calle unas fichas de papel organizadas en cuatro grupos (uno por cada elemento). Cada grupo formaba como una libretita que incitaba que se le arranquen las hojas y as\u00ed se iban formando solas las combinaciones que defin\u00edan las l\u00edneas del mural. Daba la vuelta para ver el estado de las fichas entre 4 y 6 veces al d\u00eda y solo empezaba a apuntar los c\u00f3digos generados en un sitio cuando como m\u00ednimo una hab\u00eda sido arrancada. Cada vez que una nueva combinaci\u00f3n era generada, la apuntaba en una libreta siguiendo el orden en el que las iba viendo. El d\u00eda antes de la inauguraci\u00f3n, interpretamos las combinaciones y pintamos todas las l\u00edneas por orden.<\/p>\n<p>El experimento dur\u00f3 cinco d\u00edas y se pintaron 19 l\u00edneas.<\/p>\n<h2>Video:<\/h2>\n<p><iframe loading=\"lazy\" src=\"http:\/\/www.youtube.com\/embed\/vaTMUZiEhKY?rel=0\" width=\"600\" height=\"450\" frameborder=\"0\"><\/iframe><\/p>\n<h2>Fotos:<\/h2>\n<p><style type=\"text\/css\" media=\"all\">\n\/* ----------- Galeria Vertical 700 vh ngg1 ------------*\/\n#gallery-vertical-700-vh{\n\t\/\/max-width: 100%;\n\t\/\/width: 700px;\n\tbackground-color: #ffffff;\n\ttext-align: left;\n}\n#gallery-vertical-700-vh img{\n\t\/\/max-width: 100%;\n\tvertical-align: bottom;\n}\n#gallery-vertical-700-vh-comment{\n\tword-wrap: break-word;\n\t\/\/width: 700px;\n\tmargin: 0 0 17px 0;\n}\n<\/style>\n<div class=\"ngg1-galleryoverview\" id=\"ngg1-gallery-b1cb3e6b3103ff3b3359f97f4deda3d8\">\n\t\t<div id=\"ngg1-image-1721\">\n\t\t<div id=\"gallery-vertical-700-vh\">\n\t\t\t<img title=\" \" alt=\" \" src=\"https:\/\/www.eltono.com\/wp-content\/gallery\/reticula\/eltono-reticula-mural-16.jpg\"\/>\n\t\t\t<\/div><div id=\"gallery-vertical-700-vh-comment\"> \t\t<\/div>\n\t<\/div>\n \t\t<div id=\"ngg1-image-1719\">\n\t\t<div id=\"gallery-vertical-700-vh\">\n\t\t\t<img title=\" \" alt=\" \" src=\"https:\/\/www.eltono.com\/wp-content\/gallery\/reticula\/eltono-reticula-mural-14.jpg\"\/>\n\t\t\t<\/div><div id=\"gallery-vertical-700-vh-comment\"> \t\t<\/div>\n\t<\/div>\n \t\t<div id=\"ngg1-image-1726\">\n\t\t<div id=\"gallery-vertical-700-vh\">\n\t\t\t<img title=\" \" alt=\" \" src=\"https:\/\/www.eltono.com\/wp-content\/gallery\/reticula\/eltono-reticula-mural-6.jpg\"\/>\n\t\t\t<\/div><div id=\"gallery-vertical-700-vh-comment\"> \t\t<\/div>\n\t<\/div>\n \t\t<div id=\"ngg1-image-1724\">\n\t\t<div id=\"gallery-vertical-700-vh\">\n\t\t\t<img title=\" \" alt=\" \" src=\"https:\/\/www.eltono.com\/wp-content\/gallery\/reticula\/eltono-reticula-mural-4.jpg\"\/>\n\t\t\t<\/div><div id=\"gallery-vertical-700-vh-comment\"> \t\t<\/div>\n\t<\/div>\n \t\t<div id=\"ngg1-image-1715\">\n\t\t<div id=\"gallery-vertical-700-vh\">\n\t\t\t<img title=\" \" alt=\" \" src=\"https:\/\/www.eltono.com\/wp-content\/gallery\/reticula\/eltono-reticula-mural-10.jpg\"\/>\n\t\t\t<\/div><div id=\"gallery-vertical-700-vh-comment\"> \t\t<\/div>\n\t<\/div>\n \t\t<div id=\"ngg1-image-1716\">\n\t\t<div id=\"gallery-vertical-700-vh\">\n\t\t\t<img title=\" \" alt=\" \" src=\"https:\/\/www.eltono.com\/wp-content\/gallery\/reticula\/eltono-reticula-mural-11.jpg\"\/>\n\t\t\t<\/div><div id=\"gallery-vertical-700-vh-comment\"> \t\t<\/div>\n\t<\/div>\n \t\t<div id=\"ngg1-image-1729\">\n\t\t<div id=\"gallery-vertical-700-vh\">\n\t\t\t<img title=\" \" alt=\" \" src=\"https:\/\/www.eltono.com\/wp-content\/gallery\/reticula\/eltono-reticula-mural-9.jpg\"\/>\n\t\t\t<\/div><div id=\"gallery-vertical-700-vh-comment\"> \t\t<\/div>\n\t<\/div>\n \t\t<div id=\"ngg1-image-1725\">\n\t\t<div id=\"gallery-vertical-700-vh\">\n\t\t\t<img title=\" \" alt=\" \" src=\"https:\/\/www.eltono.com\/wp-content\/gallery\/reticula\/eltono-reticula-mural-5.jpg\"\/>\n\t\t\t<\/div><div id=\"gallery-vertical-700-vh-comment\"> \t\t<\/div>\n\t<\/div>\n \t\t<div id=\"ngg1-image-1727\">\n\t\t<div id=\"gallery-vertical-700-vh\">\n\t\t\t<img title=\" \" alt=\" \" src=\"https:\/\/www.eltono.com\/wp-content\/gallery\/reticula\/eltono-reticula-mural-7.jpg\"\/>\n\t\t\t<\/div><div id=\"gallery-vertical-700-vh-comment\"> \t\t<\/div>\n\t<\/div>\n \t\t<div id=\"ngg1-image-1728\">\n\t\t<div id=\"gallery-vertical-700-vh\">\n\t\t\t<img title=\" \" alt=\" \" src=\"https:\/\/www.eltono.com\/wp-content\/gallery\/reticula\/eltono-reticula-mural-8.jpg\"\/>\n\t\t\t<\/div><div id=\"gallery-vertical-700-vh-comment\"> \t\t<\/div>\n\t<\/div>\n \t\t<div id=\"ngg1-image-1722\">\n\t\t<div id=\"gallery-vertical-700-vh\">\n\t\t\t<img title=\" \" alt=\" \" src=\"https:\/\/www.eltono.com\/wp-content\/gallery\/reticula\/eltono-reticula-mural-2.jpg\"\/>\n\t\t\t<\/div><div id=\"gallery-vertical-700-vh-comment\"> \t\t<\/div>\n\t<\/div>\n \t\t<div id=\"ngg1-image-1723\">\n\t\t<div id=\"gallery-vertical-700-vh\">\n\t\t\t<img title=\" \" alt=\" \" src=\"https:\/\/www.eltono.com\/wp-content\/gallery\/reticula\/eltono-reticula-mural-3.jpg\"\/>\n\t\t\t<\/div><div id=\"gallery-vertical-700-vh-comment\"> \t\t<\/div>\n\t<\/div>\n \t\t<div id=\"ngg1-image-1714\">\n\t\t<div id=\"gallery-vertical-700-vh\">\n\t\t\t<img title=\" \" alt=\" \" src=\"https:\/\/www.eltono.com\/wp-content\/gallery\/reticula\/eltono-reticula-mural-1.jpg\"\/>\n\t\t\t<\/div><div id=\"gallery-vertical-700-vh-comment\"> \t\t<\/div>\n\t<\/div>\n \t\t<div id=\"ngg1-image-1717\">\n\t\t<div id=\"gallery-vertical-700-vh\">\n\t\t\t<img title=\" \" alt=\" \" src=\"https:\/\/www.eltono.com\/wp-content\/gallery\/reticula\/eltono-reticula-mural-12.jpg\"\/>\n\t\t\t<\/div><div id=\"gallery-vertical-700-vh-comment\"> \t\t<\/div>\n\t<\/div>\n \t\t<div id=\"ngg1-image-1718\">\n\t\t<div id=\"gallery-vertical-700-vh\">\n\t\t\t<img title=\" \" alt=\" \" src=\"https:\/\/www.eltono.com\/wp-content\/gallery\/reticula\/eltono-reticula-mural-13.jpg\"\/>\n\t\t\t<\/div><div id=\"gallery-vertical-700-vh-comment\"> \t\t<\/div>\n\t<\/div>\n \t\t<div id=\"ngg1-image-1735\">\n\t\t<div id=\"gallery-vertical-700-vh\">\n\t\t\t<img title=\" \" alt=\" \" src=\"https:\/\/www.eltono.com\/wp-content\/gallery\/reticula\/eltono-reticula-mural-18.jpg\"\/>\n\t\t\t<\/div><div id=\"gallery-vertical-700-vh-comment\"> \t\t<\/div>\n\t<\/div>\n \t<\/div>\n<\/p>\n<p><a href=\"http:\/\/www.eltono.com\/wp-content\/uploads\/2010\/06\/eltono-reticula-mural-17g.jpg\"><img loading=\"lazy\" decoding=\"async\" class=\"alignnone wp-image-3539 size-medium\" title=\"eltono-reticula-mural-17g\" src=\"http:\/\/www.eltono.com\/wp-content\/uploads\/2010\/06\/eltono-reticula-mural-17g-600x450.jpg\" alt=\"\" width=\"600\" height=\"450\" \/><\/a><br \/>\n(Haz clic en la foto para agrandarla.)<\/p>\n<h2><em>Carteles Desgarrados<\/em><\/h2>\n<p>Retom\u00e9 la idea del proyecto <a href=\"http:\/\/www.eltono.com\/projects\/pubblico\/\" target=\"_blank\">Pubblico<\/a> pero esa vez con dise\u00f1os mas depurados, como un gui\u00f1o para ambos Jacques Villegl\u00e9 y Daniel Buren. Al igual que en el proyecto anterior en Mil\u00e1n, una vez los carteles pegados, mi \u00fanico derecho era de observar y poder decidir en que momento recuperar los carteles. De los 15 juegos de carteles que pegu\u00e9, recuper\u00e9 8 y los expuse en la galer\u00eda. Unos tardaron menos de 12 horas en ser modificados y otros m\u00e1s de cinco d\u00edas.<\/p>\n<h2>Video:<\/h2>\n<p><iframe loading=\"lazy\" src=\"https:\/\/player.vimeo.com\/video\/41251407?title=0&amp;byline=0&amp;portrait=0\" width=\"700\" height=\"393\" frameborder=\"0\" allowfullscreen=\"allowfullscreen\"><\/iframe><\/p>\n<h2>Fotos:<\/h2>\n<p>Pulsa en las fotos para agrandarlas.<\/p>\n<p><a href=\"http:\/\/www.eltono.com\/wp-content\/uploads\/2010\/06\/eltono-reticula-cartel9-g.jpg\"><img loading=\"lazy\" decoding=\"async\" class=\"alignnone size-medium wp-image-3467\" title=\"eltono-reticula-cartel9-g\" src=\"http:\/\/www.eltono.com\/wp-content\/uploads\/2010\/06\/eltono-reticula-cartel9-g-600x450.jpg\" alt=\"\" width=\"600\" height=\"450\" \/><\/a><em>Conjunto 1<\/em><br \/>\nCalle Santa Paula 22<br \/>\nPegado: 10\/05\/2010 a las 00h59<br \/>\nRecuperado: 11\/05\/2010 a las 14h40<\/p>\n<p><a href=\"http:\/\/www.eltono.com\/wp-content\/uploads\/2010\/06\/eltono-reticula-cartel8-g.jpg\"><img loading=\"lazy\" decoding=\"async\" class=\"alignnone size-medium wp-image-3466\" title=\"eltono-reticula-cartel8-g\" src=\"http:\/\/www.eltono.com\/wp-content\/uploads\/2010\/06\/eltono-reticula-cartel8-g-600x450.jpg\" alt=\"\" width=\"600\" height=\"450\" \/><\/a><em>Conjunto 2<\/em><br \/>\nCalle San Luis 7<br \/>\nPegado: 10\/05\/2010 a las 01h06<br \/>\nRecuperado: 11\/05\/2010 a las 14h08<\/p>\n<p><a href=\"http:\/\/www.eltono.com\/wp-content\/uploads\/2010\/06\/eltono-reticula-cartel14-g.jpg\"><img loading=\"lazy\" decoding=\"async\" class=\"alignnone size-medium wp-image-3496\" title=\"eltono-reticula-cartel14-g\" src=\"http:\/\/www.eltono.com\/wp-content\/uploads\/2010\/06\/eltono-reticula-cartel14-g-600x225.jpg\" alt=\"\" width=\"600\" height=\"225\" \/><\/a><em>Conjunto 3<\/em><br \/>\nCalle San Luis 18<br \/>\nPegado: 10\/05\/2010 a las 01h13<br \/>\nDesaparici\u00f3n documentada: 10\/05\/2010 a las 11h49<\/p>\n<p><a href=\"http:\/\/www.eltono.com\/wp-content\/uploads\/2010\/06\/eltono-reticula-cartel11-g.jpg\"><img loading=\"lazy\" decoding=\"async\" class=\"alignnone size-medium wp-image-3493\" title=\"eltono-reticula-cartel11-g\" src=\"http:\/\/www.eltono.com\/wp-content\/uploads\/2010\/06\/eltono-reticula-cartel11-g-600x450.jpg\" alt=\"\" width=\"600\" height=\"450\" \/><\/a><em>Conjunto 4<\/em><br \/>\nCalle San Luis 28<br \/>\nPegado: 10\/05\/2010 a las 01h18<br \/>\nVisto por \u00faltima vez: 15\/05\/2010 a las 17h46<\/p>\n<p><a href=\"http:\/\/www.eltono.com\/wp-content\/uploads\/2010\/06\/eltono-reticula-cartel7-g.jpg\"><img loading=\"lazy\" decoding=\"async\" class=\"alignnone size-medium wp-image-3468\" title=\"eltono-reticula-cartel7-g\" src=\"http:\/\/www.eltono.com\/wp-content\/uploads\/2010\/06\/eltono-reticula-cartel7-g-600x450.jpg\" alt=\"\" width=\"600\" height=\"450\" \/><\/a><em>Conjunto 5<\/em><br \/>\nCalle San Luis 40<br \/>\nPegado: 10\/05\/2010 a las 01h32<br \/>\nDesaparici\u00f3n documentada: 13\/05\/2010 a las 14h13<\/p>\n<p><a href=\"http:\/\/www.eltono.com\/wp-content\/uploads\/2010\/06\/eltono-reticula-cartel6-g.jpg\"><img loading=\"lazy\" decoding=\"async\" class=\"alignnone size-medium wp-image-3467\" title=\"eltono-reticula-cartel6-g\" src=\"http:\/\/www.eltono.com\/wp-content\/uploads\/2010\/06\/eltono-reticula-cartel6-g-600x450.jpg\" alt=\"\" width=\"600\" height=\"450\" \/><\/a><em>Conjunto 6<\/em><br \/>\nPlaza Santa Isabel 3<br \/>\nPegado: 10\/05\/2010 a las 01h39<br \/>\nRecuperado: 11\/05\/2010 a las 14h17<\/p>\n<p><a href=\"http:\/\/www.eltono.com\/wp-content\/uploads\/2010\/06\/eltono-reticula-cartel15-g.jpg\"><img loading=\"lazy\" decoding=\"async\" class=\"alignnone size-medium wp-image-3500\" title=\"eltono-reticula-cartel15-g\" src=\"http:\/\/www.eltono.com\/wp-content\/uploads\/2010\/06\/eltono-reticula-cartel15-g-600x225.jpg\" alt=\"\" width=\"600\" height=\"225\" \/><\/a><em>Conjunto 7<\/em><br \/>\nPlaza de la Alameda 94<br \/>\nPegado: 10\/05\/2010 a las 22h12<br \/>\nDesaparici\u00f3n documentada: 11\/05\/2010 a las 18h26<\/p>\n<p><a href=\"http:\/\/www.eltono.com\/wp-content\/uploads\/2010\/06\/eltono-reticula-cartel12-4-g.jpg\"><img loading=\"lazy\" decoding=\"async\" class=\"alignnone size-medium wp-image-3494\" title=\"eltono-reticula-cartel12-4-g\" src=\"http:\/\/www.eltono.com\/wp-content\/uploads\/2010\/06\/eltono-reticula-cartel12-4-g-600x450.jpg\" alt=\"\" width=\"600\" height=\"450\" \/><\/a><em>Conjunto 8<\/em><br \/>\nPlaza de la Alameda<br \/>\nPegado: 10\/05\/2010 a las 22h52<br \/>\nRecuperado: 11\/05\/2010 a las 13h34<\/p>\n<p><a href=\"http:\/\/www.eltono.com\/wp-content\/uploads\/2010\/06\/eltono-reticula-cartel13-g.jpg\"><img loading=\"lazy\" decoding=\"async\" class=\"alignnone size-medium wp-image-3495\" title=\"eltono-reticula-cartel13-g\" src=\"http:\/\/www.eltono.com\/wp-content\/uploads\/2010\/06\/eltono-reticula-cartel13-g-600x225.jpg\" alt=\"\" width=\"600\" height=\"225\" \/><\/a><em>Conjunto 9<\/em><br \/>\nPlaza de la Alameda<br \/>\nPegado: 10\/05\/2010 a las 23h03<br \/>\nDesaparici\u00f3n documentada: 11\/05\/2010 a las 13h41<\/p>\n<p><a href=\"http:\/\/www.eltono.com\/wp-content\/uploads\/2010\/06\/eltono-reticula-cartel5-g.jpg\"><img loading=\"lazy\" decoding=\"async\" class=\"alignnone size-medium wp-image-3463\" title=\"eltono-reticula-cartel5-g\" src=\"http:\/\/www.eltono.com\/wp-content\/uploads\/2010\/06\/eltono-reticula-cartel5-g-600x450.jpg\" alt=\"\" width=\"600\" height=\"450\" \/><\/a><em>Conjunto 10<\/em><br \/>\nCalle Bel\u00e9n 1<br \/>\nPegado: 10\/05\/2010 a las 23h16<br \/>\nVisto por \u00faltima vez: 16\/05\/2010 a las 13h36<\/p>\n<p><a href=\"http:\/\/www.eltono.com\/wp-content\/uploads\/2010\/06\/eltono-reticula-cartel4-g.jpg\"><img loading=\"lazy\" decoding=\"async\" class=\"alignnone size-medium wp-image-3462\" title=\"eltono-reticula-cartel4-g\" src=\"http:\/\/www.eltono.com\/wp-content\/uploads\/2010\/06\/eltono-reticula-cartel4-g-600x450.jpg\" alt=\"\" width=\"600\" height=\"450\" \/><\/a><em>Conjunto 11<\/em><br \/>\nCalle Peris Mencheta 4<br \/>\nPegado: 10\/05\/2010 a las 23h31<br \/>\nRecuperado: 11\/05\/2010 a las 01h51<\/p>\n<p><a href=\"http:\/\/www.eltono.com\/wp-content\/uploads\/2010\/06\/eltono-reticula-cartel3-g.jpg\"><img loading=\"lazy\" decoding=\"async\" class=\"alignnone size-medium wp-image-3461\" title=\"eltono-reticula-cartel3-g\" src=\"http:\/\/www.eltono.com\/wp-content\/uploads\/2010\/06\/eltono-reticula-cartel3-g-600x450.jpg\" alt=\"\" width=\"600\" height=\"450\" \/><\/a><em>Conjunto 12<\/em><br \/>\nCalle Cruz Verde 4<br \/>\nPegado: 11\/05\/2010 a las 00h49<br \/>\nRecuperado: 12\/05\/2010 a las 16h49<\/p>\n<p><a href=\"http:\/\/www.eltono.com\/wp-content\/uploads\/2010\/06\/eltono-reticula-cartel2-g.jpg\"><img loading=\"lazy\" decoding=\"async\" class=\"alignnone size-medium wp-image-3460\" title=\"eltono-reticula-cartel2-g\" src=\"http:\/\/www.eltono.com\/wp-content\/uploads\/2010\/06\/eltono-reticula-cartel2-g-600x450.jpg\" alt=\"\" width=\"600\" height=\"450\" \/><\/a><em>Conjunto 13<\/em><br \/>\nCalle Cruz Verde 10<br \/>\nPegado: 11\/05\/2010 a las 00h55<br \/>\nRecuperado: 12\/05\/2010 a las 16h32<\/p>\n<p><a href=\"http:\/\/www.eltono.com\/wp-content\/uploads\/2010\/06\/eltono-reticula-cartel10-g.jpg\"><img loading=\"lazy\" decoding=\"async\" class=\"alignnone size-medium wp-image-3492\" title=\"eltono-reticula-cartel10-g\" src=\"http:\/\/www.eltono.com\/wp-content\/uploads\/2010\/06\/eltono-reticula-cartel10-g-600x450.jpg\" alt=\"\" width=\"600\" height=\"450\" \/><\/a><em>Conjunto 14<\/em><br \/>\nCalle Corredur\u00eda 46<br \/>\nPegado: 11\/05\/2010 a las 01h03<br \/>\nVisto por \u00faltima vez: 15\/05\/2010 a las 23h56<\/p>\n<p><a href=\"http:\/\/www.eltono.com\/wp-content\/uploads\/2010\/06\/eltono-reticula-cartel1-g.jpg\"><img loading=\"lazy\" decoding=\"async\" class=\"alignnone size-medium wp-image-3457\" title=\"eltono-reticula-cartel1-g\" src=\"http:\/\/www.eltono.com\/wp-content\/uploads\/2010\/06\/eltono-reticula-cartel1-g-600x450.jpg\" alt=\"\" width=\"600\" height=\"450\" \/><\/a><em>Conjunto 15<\/em><br \/>\nCalle Churruca 5<br \/>\nPegado: 11\/05\/2010 a las 01h10<br \/>\nRecuperado: 13\/05\/2010 a las 16h56<\/p>\n<p><img loading=\"lazy\" decoding=\"async\" class=\"alignnone size-full wp-image-3529\" title=\"eltono-reticula-todos2\" src=\"http:\/\/www.eltono.com\/wp-content\/uploads\/2010\/06\/eltono-reticula-todos2.jpg\" alt=\"\" width=\"600\" height=\"450\" \/><\/p>\n<p><img loading=\"lazy\" decoding=\"async\" class=\"alignnone size-full wp-image-3528\" title=\"eltono-reticula-fotos2\" src=\"http:\/\/www.eltono.com\/wp-content\/uploads\/2010\/06\/eltono-reticula-fotos2.jpg\" alt=\"\" width=\"600\" height=\"450\" \/><\/p>\n<p>Gracias a Laura, Seleka, Victoire, Rorro, Axel y a mi tocayo del Ambig\u00fa.<\/p>","protected":false},"excerpt":{"rendered":"<p>Delimbo Calle P\u00e9rez Gald\u00f3s n\u00ba 1, Sevilla, Espa\u00f1a 14 de mayo &#8211; 15 de julio 2010 Me plante\u00e9 la exposici\u00f3n Ret\u00edcula como un estudio del encuentro entre formas geom\u00e9tricas calculadas y factores descontrolados como el desgaste debido a acciones espont\u00e1neas de los peatones. Mediante unos experimentos en las calles de Sevilla, observ\u00e9 como esos factores &hellip; <a href=\"https:\/\/www.eltono.com\/es\/exhibitions\/solo\/reticula\/\" class=\"more-link\">Continue reading <span class=\"screen-reader-text\">Ret\u00edcula<\/span><\/a><\/p>\n","protected":false},"author":1,"featured_media":13517,"parent":13432,"menu_order":0,"comment_status":"closed","ping_status":"closed","template":"","meta":{"ngg_post_thumbnail":0,"jetpack_post_was_ever_published":false,"footnotes":""},"categories":[292,3,112,261,265,264,263],"tags":[],"class_list":["post-3451","page","type-page","status-publish","has-post-thumbnail","hentry","category-292","category-exhibitions","category-mural","category-page_expo","category-page_indoor","category-page_solo_show","category-solo-show"],"jetpack_sharing_enabled":true,"jetpack_shortlink":"https:\/\/wp.me\/P7sWFx-TF","_links":{"self":[{"href":"https:\/\/www.eltono.com\/es\/wp-json\/wp\/v2\/pages\/3451","targetHints":{"allow":["GET"]}}],"collection":[{"href":"https:\/\/www.eltono.com\/es\/wp-json\/wp\/v2\/pages"}],"about":[{"href":"https:\/\/www.eltono.com\/es\/wp-json\/wp\/v2\/types\/page"}],"author":[{"embeddable":true,"href":"https:\/\/www.eltono.com\/es\/wp-json\/wp\/v2\/users\/1"}],"replies":[{"embeddable":true,"href":"https:\/\/www.eltono.com\/es\/wp-json\/wp\/v2\/comments?post=3451"}],"version-history":[{"count":40,"href":"https:\/\/www.eltono.com\/es\/wp-json\/wp\/v2\/pages\/3451\/revisions"}],"predecessor-version":[{"id":15333,"href":"https:\/\/www.eltono.com\/es\/wp-json\/wp\/v2\/pages\/3451\/revisions\/15333"}],"up":[{"embeddable":true,"href":"https:\/\/www.eltono.com\/es\/wp-json\/wp\/v2\/pages\/13432"}],"wp:featuredmedia":[{"embeddable":true,"href":"https:\/\/www.eltono.com\/es\/wp-json\/wp\/v2\/media\/13517"}],"wp:attachment":[{"href":"https:\/\/www.eltono.com\/es\/wp-json\/wp\/v2\/media?parent=3451"}],"wp:term":[{"taxonomy":"category","embeddable":true,"href":"https:\/\/www.eltono.com\/es\/wp-json\/wp\/v2\/categories?post=3451"},{"taxonomy":"post_tag","embeddable":true,"href":"https:\/\/www.eltono.com\/es\/wp-json\/wp\/v2\/tags?post=3451"}],"curies":[{"name":"wp","href":"https:\/\/api.w.org\/{rel}","templated":true}]}}