{"id":4961,"date":"2011-05-05T09:26:28","date_gmt":"2011-05-05T07:26:28","guid":{"rendered":"http:\/\/www.eltono.com\/?page_id=4961"},"modified":"2021-02-05T12:30:39","modified_gmt":"2021-02-05T10:30:39","slug":"automatic-painting-art-re-public-tokyo","status":"publish","type":"page","link":"https:\/\/www.eltono.com\/es\/murals\/automatic-painting-art-re-public-tokyo\/","title":{"rendered":"Pintura Autom\u00e1tica"},"content":{"rendered":"<p><strong>Art Re-Public Festival<\/strong><br \/>\nParque Yoyogi, Harajuku, Tokio, Jap\u00f3n<br \/>\n5 de mayo 2011<\/p>\n<p>Mi \u00faltima visita a Jap\u00f3n coincidi\u00f3 con el festival <a href=\"http:\/\/www.art-re-public.com\" target=\"_blank\" rel=\"noopener noreferrer\">Art Re-Public<\/a> que organiza mi amigo Yusaku. Es un festival que se monta en la calle en Tokio desde hace un par de a\u00f1os para el d\u00eda de los ni\u00f1os (&#8220;Kodomo No Hi&#8221;). Esta vez, el festival tuvo lugar en el parque Yoyogi en Harajuku.<\/p>\n<p>Me propusieron hacer una instalaci\u00f3n durante el evento y decid\u00ed aprovechar la presencia de muchos ni\u00f1os para experimentar con un proyecto de pintura autom\u00e1tica. Prepar\u00e9 cuatro puestos donde, antes de pintar, la gente deb\u00eda escoger aleatoriamente entre 9 figuras, 6 colores, 8 orientaciones y 289 posiciones. El experimento dur\u00f3 cinco horas durante las cuales participaron 85 personas y se pintaron 86 figuras.<\/p>\n<h1>Video:<\/h1>\n<h5><iframe loading=\"lazy\" src=\"http:\/\/player.vimeo.com\/video\/23900814?title=0&amp;byline=0&amp;portrait=0&amp;badge=0&amp;color=ff0179\" width=\"600\" height=\"398\" frameborder=\"0\"><\/iframe><\/h5>\n<h1>Fotos:<\/h1>\n<p><style type=\"text\/css\" media=\"all\">\n\/* ----------- Galeria Vertical 700 vh ngg1 ------------*\/\n#gallery-vertical-700-vh{\n\t\/\/max-width: 100%;\n\t\/\/width: 700px;\n\tbackground-color: #ffffff;\n\ttext-align: left;\n}\n#gallery-vertical-700-vh img{\n\t\/\/max-width: 100%;\n\tvertical-align: bottom;\n}\n#gallery-vertical-700-vh-comment{\n\tword-wrap: break-word;\n\t\/\/width: 700px;\n\tmargin: 0 0 17px 0;\n}\n<\/style>\n<div class=\"ngg1-galleryoverview\" id=\"ngg1-gallery-c3056eb17af52aa11be3c7954eb38a13\">\n\t\t<div id=\"ngg1-image-2282\">\n\t\t<div id=\"gallery-vertical-700-vh\">\n\t\t\t<img title=\" \" alt=\" \" src=\"https:\/\/www.eltono.com\/wp-content\/gallery\/artre-public\/eltono-artrepublic00.jpg\"\/>\n\t\t\t<\/div><div id=\"gallery-vertical-700-vh-comment\"> \t\t<\/div>\n\t<\/div>\n \t\t<div id=\"ngg1-image-2283\">\n\t\t<div id=\"gallery-vertical-700-vh\">\n\t\t\t<img title=\" \" alt=\" \" src=\"https:\/\/www.eltono.com\/wp-content\/gallery\/artre-public\/eltono-artrepublic01.jpg\"\/>\n\t\t\t<\/div><div id=\"gallery-vertical-700-vh-comment\"> \t\t<\/div>\n\t<\/div>\n \t\t<div id=\"ngg1-image-2284\">\n\t\t<div id=\"gallery-vertical-700-vh\">\n\t\t\t<img title=\" \" alt=\" \" src=\"https:\/\/www.eltono.com\/wp-content\/gallery\/artre-public\/eltono-artrepublic02.jpg\"\/>\n\t\t\t<\/div><div id=\"gallery-vertical-700-vh-comment\"> \t\t<\/div>\n\t<\/div>\n \t\t<div id=\"ngg1-image-2285\">\n\t\t<div id=\"gallery-vertical-700-vh\">\n\t\t\t<img title=\" \" alt=\" \" src=\"https:\/\/www.eltono.com\/wp-content\/gallery\/artre-public\/eltono-artrepublic03.jpg\"\/>\n\t\t\t<\/div><div id=\"gallery-vertical-700-vh-comment\"> \t\t<\/div>\n\t<\/div>\n \t\t<div id=\"ngg1-image-2286\">\n\t\t<div id=\"gallery-vertical-700-vh\">\n\t\t\t<img title=\" \" alt=\" \" src=\"https:\/\/www.eltono.com\/wp-content\/gallery\/artre-public\/eltono-artrepublic04.jpg\"\/>\n\t\t\t<\/div><div id=\"gallery-vertical-700-vh-comment\"> \t\t<\/div>\n\t<\/div>\n \t\t<div id=\"ngg1-image-2287\">\n\t\t<div id=\"gallery-vertical-700-vh\">\n\t\t\t<img title=\" \" alt=\" \" src=\"https:\/\/www.eltono.com\/wp-content\/gallery\/artre-public\/eltono-artrepublic05.jpg\"\/>\n\t\t\t<\/div><div id=\"gallery-vertical-700-vh-comment\"> \t\t<\/div>\n\t<\/div>\n \t\t<div id=\"ngg1-image-2288\">\n\t\t<div id=\"gallery-vertical-700-vh\">\n\t\t\t<img title=\" \" alt=\" \" src=\"https:\/\/www.eltono.com\/wp-content\/gallery\/artre-public\/eltono-artrepublic06.jpg\"\/>\n\t\t\t<\/div><div id=\"gallery-vertical-700-vh-comment\"> \t\t<\/div>\n\t<\/div>\n \t\t<div id=\"ngg1-image-2289\">\n\t\t<div id=\"gallery-vertical-700-vh\">\n\t\t\t<img title=\" \" alt=\" \" src=\"https:\/\/www.eltono.com\/wp-content\/gallery\/artre-public\/eltono-artrepublic07.jpg\"\/>\n\t\t\t<\/div><div id=\"gallery-vertical-700-vh-comment\"> \t\t<\/div>\n\t<\/div>\n \t\t<div id=\"ngg1-image-2290\">\n\t\t<div id=\"gallery-vertical-700-vh\">\n\t\t\t<img title=\" \" alt=\" \" src=\"https:\/\/www.eltono.com\/wp-content\/gallery\/artre-public\/eltono-artrepublic08.jpg\"\/>\n\t\t\t<\/div><div id=\"gallery-vertical-700-vh-comment\"> \t\t<\/div>\n\t<\/div>\n \t\t<div id=\"ngg1-image-2291\">\n\t\t<div id=\"gallery-vertical-700-vh\">\n\t\t\t<img title=\" \" alt=\" \" src=\"https:\/\/www.eltono.com\/wp-content\/gallery\/artre-public\/eltono-artrepublic09.jpg\"\/>\n\t\t\t<\/div><div id=\"gallery-vertical-700-vh-comment\"> \t\t<\/div>\n\t<\/div>\n \t\t<div id=\"ngg1-image-2292\">\n\t\t<div id=\"gallery-vertical-700-vh\">\n\t\t\t<img title=\" \" alt=\" \" src=\"https:\/\/www.eltono.com\/wp-content\/gallery\/artre-public\/eltono-artrepublic10.jpg\"\/>\n\t\t\t<\/div><div id=\"gallery-vertical-700-vh-comment\"> \t\t<\/div>\n\t<\/div>\n \t\t<div id=\"ngg1-image-2293\">\n\t\t<div id=\"gallery-vertical-700-vh\">\n\t\t\t<img title=\" \" alt=\" \" src=\"https:\/\/www.eltono.com\/wp-content\/gallery\/artre-public\/eltono-artrepublic11.jpg\"\/>\n\t\t\t<\/div><div id=\"gallery-vertical-700-vh-comment\"> \t\t<\/div>\n\t<\/div>\n \t\t<div id=\"ngg1-image-2294\">\n\t\t<div id=\"gallery-vertical-700-vh\">\n\t\t\t<img title=\" \" alt=\" \" src=\"https:\/\/www.eltono.com\/wp-content\/gallery\/artre-public\/eltono-artrepublic12.jpg\"\/>\n\t\t\t<\/div><div id=\"gallery-vertical-700-vh-comment\"> \t\t<\/div>\n\t<\/div>\n \t\t<div id=\"ngg1-image-2295\">\n\t\t<div id=\"gallery-vertical-700-vh\">\n\t\t\t<img title=\" \" alt=\" \" src=\"https:\/\/www.eltono.com\/wp-content\/gallery\/artre-public\/eltono-artrepublic13.jpg\"\/>\n\t\t\t<\/div><div id=\"gallery-vertical-700-vh-comment\"> \t\t<\/div>\n\t<\/div>\n \t\t<div id=\"ngg1-image-2296\">\n\t\t<div id=\"gallery-vertical-700-vh\">\n\t\t\t<img title=\" \" alt=\" \" src=\"https:\/\/www.eltono.com\/wp-content\/gallery\/artre-public\/eltono-artrepublic14.jpg\"\/>\n\t\t\t<\/div><div id=\"gallery-vertical-700-vh-comment\"> \t\t<\/div>\n\t<\/div>\n \t\t<div id=\"ngg1-image-2297\">\n\t\t<div id=\"gallery-vertical-700-vh\">\n\t\t\t<img title=\" \" alt=\" \" src=\"https:\/\/www.eltono.com\/wp-content\/gallery\/artre-public\/eltono-artrepublic15.jpg\"\/>\n\t\t\t<\/div><div id=\"gallery-vertical-700-vh-comment\"> \t\t<\/div>\n\t<\/div>\n \t\t<div id=\"ngg1-image-2298\">\n\t\t<div id=\"gallery-vertical-700-vh\">\n\t\t\t<img title=\" \" alt=\" \" src=\"https:\/\/www.eltono.com\/wp-content\/gallery\/artre-public\/eltono-artrepublic16.jpg\"\/>\n\t\t\t<\/div><div id=\"gallery-vertical-700-vh-comment\"> \t\t<\/div>\n\t<\/div>\n \t\t<div id=\"ngg1-image-2299\">\n\t\t<div id=\"gallery-vertical-700-vh\">\n\t\t\t<img title=\" \" alt=\" \" src=\"https:\/\/www.eltono.com\/wp-content\/gallery\/artre-public\/eltono-artrepublic17.jpg\"\/>\n\t\t\t<\/div><div id=\"gallery-vertical-700-vh-comment\"> \t\t<\/div>\n\t<\/div>\n \t\t<div id=\"ngg1-image-2300\">\n\t\t<div id=\"gallery-vertical-700-vh\">\n\t\t\t<img title=\" \" alt=\" \" src=\"https:\/\/www.eltono.com\/wp-content\/gallery\/artre-public\/eltono-artrepublic18.jpg\"\/>\n\t\t\t<\/div><div id=\"gallery-vertical-700-vh-comment\"> \t\t<\/div>\n\t<\/div>\n \t\t<div id=\"ngg1-image-2301\">\n\t\t<div id=\"gallery-vertical-700-vh\">\n\t\t\t<img title=\" \" alt=\" \" src=\"https:\/\/www.eltono.com\/wp-content\/gallery\/artre-public\/eltono-artrepublic19.jpg\"\/>\n\t\t\t<\/div><div id=\"gallery-vertical-700-vh-comment\"> \t\t<\/div>\n\t<\/div>\n \t\t<div id=\"ngg1-image-2302\">\n\t\t<div id=\"gallery-vertical-700-vh\">\n\t\t\t<img title=\" \" alt=\" \" src=\"https:\/\/www.eltono.com\/wp-content\/gallery\/artre-public\/eltono-artrepublic20.jpg\"\/>\n\t\t\t<\/div><div id=\"gallery-vertical-700-vh-comment\"> \t\t<\/div>\n\t<\/div>\n \t\t<div id=\"ngg1-image-2303\">\n\t\t<div id=\"gallery-vertical-700-vh\">\n\t\t\t<img title=\" \" alt=\" \" src=\"https:\/\/www.eltono.com\/wp-content\/gallery\/artre-public\/eltono-artrepublic21.jpg\"\/>\n\t\t\t<\/div><div id=\"gallery-vertical-700-vh-comment\"> \t\t<\/div>\n\t<\/div>\n \t\t<div id=\"ngg1-image-2304\">\n\t\t<div id=\"gallery-vertical-700-vh\">\n\t\t\t<img title=\" \" alt=\" \" src=\"https:\/\/www.eltono.com\/wp-content\/gallery\/artre-public\/eltono-artrepublic22.jpg\"\/>\n\t\t\t<\/div><div id=\"gallery-vertical-700-vh-comment\"> \t\t<\/div>\n\t<\/div>\n \t\t<div id=\"ngg1-image-2305\">\n\t\t<div id=\"gallery-vertical-700-vh\">\n\t\t\t<img title=\" \" alt=\" \" src=\"https:\/\/www.eltono.com\/wp-content\/gallery\/artre-public\/eltono-artrepublic23.jpg\"\/>\n\t\t\t<\/div><div id=\"gallery-vertical-700-vh-comment\"> \t\t<\/div>\n\t<\/div>\n \t\t<div id=\"ngg1-image-2306\">\n\t\t<div id=\"gallery-vertical-700-vh\">\n\t\t\t<img title=\" \" alt=\" \" src=\"https:\/\/www.eltono.com\/wp-content\/gallery\/artre-public\/eltono-artrepublic24.jpg\"\/>\n\t\t\t<\/div><div id=\"gallery-vertical-700-vh-comment\"> \t\t<\/div>\n\t<\/div>\n \t\t<div id=\"ngg1-image-2307\">\n\t\t<div id=\"gallery-vertical-700-vh\">\n\t\t\t<img title=\" \" alt=\" \" src=\"https:\/\/www.eltono.com\/wp-content\/gallery\/artre-public\/eltono-artrepublic25.jpg\"\/>\n\t\t\t<\/div><div id=\"gallery-vertical-700-vh-comment\"> \t\t<\/div>\n\t<\/div>\n \t\t<div id=\"ngg1-image-2308\">\n\t\t<div id=\"gallery-vertical-700-vh\">\n\t\t\t<img title=\" \" alt=\" \" src=\"https:\/\/www.eltono.com\/wp-content\/gallery\/artre-public\/eltono-artrepublic26.jpg\"\/>\n\t\t\t<\/div><div id=\"gallery-vertical-700-vh-comment\"> \t\t<\/div>\n\t<\/div>\n \t\t<div id=\"ngg1-image-2309\">\n\t\t<div id=\"gallery-vertical-700-vh\">\n\t\t\t<img title=\" \" alt=\" \" src=\"https:\/\/www.eltono.com\/wp-content\/gallery\/artre-public\/eltono-artrepublic27.jpg\"\/>\n\t\t\t<\/div><div id=\"gallery-vertical-700-vh-comment\"> \t\t<\/div>\n\t<\/div>\n \t\t<div id=\"ngg1-image-2310\">\n\t\t<div id=\"gallery-vertical-700-vh\">\n\t\t\t<img title=\" \" alt=\" \" src=\"https:\/\/www.eltono.com\/wp-content\/gallery\/artre-public\/eltono-artrepublic28.jpg\"\/>\n\t\t\t<\/div><div id=\"gallery-vertical-700-vh-comment\"> \t\t<\/div>\n\t<\/div>\n \t\t<div id=\"ngg1-image-2311\">\n\t\t<div id=\"gallery-vertical-700-vh\">\n\t\t\t<img title=\" \" alt=\" \" src=\"https:\/\/www.eltono.com\/wp-content\/gallery\/artre-public\/eltono-artrepublic29.jpg\"\/>\n\t\t\t<\/div><div id=\"gallery-vertical-700-vh-comment\"> \t\t<\/div>\n\t<\/div>\n \t\t<div id=\"ngg1-image-2312\">\n\t\t<div id=\"gallery-vertical-700-vh\">\n\t\t\t<img title=\" \" alt=\" \" src=\"https:\/\/www.eltono.com\/wp-content\/gallery\/artre-public\/eltono-artrepublic30.jpg\"\/>\n\t\t\t<\/div><div id=\"gallery-vertical-700-vh-comment\"> \t\t<\/div>\n\t<\/div>\n \t\t<div id=\"ngg1-image-2313\">\n\t\t<div id=\"gallery-vertical-700-vh\">\n\t\t\t<img title=\" \" alt=\" \" src=\"https:\/\/www.eltono.com\/wp-content\/gallery\/artre-public\/eltono-artrepublic31.jpg\"\/>\n\t\t\t<\/div><div id=\"gallery-vertical-700-vh-comment\"> \t\t<\/div>\n\t<\/div>\n \t\t<div id=\"ngg1-image-2314\">\n\t\t<div id=\"gallery-vertical-700-vh\">\n\t\t\t<img title=\" \" alt=\" \" src=\"https:\/\/www.eltono.com\/wp-content\/gallery\/artre-public\/eltono-artrepublic32.jpg\"\/>\n\t\t\t<\/div><div id=\"gallery-vertical-700-vh-comment\"> \t\t<\/div>\n\t<\/div>\n \t\t<div id=\"ngg1-image-2315\">\n\t\t<div id=\"gallery-vertical-700-vh\">\n\t\t\t<img title=\" \" alt=\" \" src=\"https:\/\/www.eltono.com\/wp-content\/gallery\/artre-public\/eltono-artrepublic33.jpg\"\/>\n\t\t\t<\/div><div id=\"gallery-vertical-700-vh-comment\"> \t\t<\/div>\n\t<\/div>\n \t\t<div id=\"ngg1-image-2316\">\n\t\t<div id=\"gallery-vertical-700-vh\">\n\t\t\t<img title=\" \" alt=\" \" src=\"https:\/\/www.eltono.com\/wp-content\/gallery\/artre-public\/eltono-artrepublic34.jpg\"\/>\n\t\t\t<\/div><div id=\"gallery-vertical-700-vh-comment\"> \t\t<\/div>\n\t<\/div>\n \t\t<div id=\"ngg1-image-2317\">\n\t\t<div id=\"gallery-vertical-700-vh\">\n\t\t\t<img title=\" \" alt=\" \" src=\"https:\/\/www.eltono.com\/wp-content\/gallery\/artre-public\/eltono-artrepublic35.jpg\"\/>\n\t\t\t<\/div><div id=\"gallery-vertical-700-vh-comment\"> \t\t<\/div>\n\t<\/div>\n \t\t<div id=\"ngg1-image-2318\">\n\t\t<div id=\"gallery-vertical-700-vh\">\n\t\t\t<img title=\" \" alt=\" \" src=\"https:\/\/www.eltono.com\/wp-content\/gallery\/artre-public\/eltono-artrepublic36.jpg\"\/>\n\t\t\t<\/div><div id=\"gallery-vertical-700-vh-comment\"> \t\t<\/div>\n\t<\/div>\n \t\t<div id=\"ngg1-image-2319\">\n\t\t<div id=\"gallery-vertical-700-vh\">\n\t\t\t<img title=\" \" alt=\" \" src=\"https:\/\/www.eltono.com\/wp-content\/gallery\/artre-public\/eltono-artrepublic37.jpg\"\/>\n\t\t\t<\/div><div id=\"gallery-vertical-700-vh-comment\"> \t\t<\/div>\n\t<\/div>\n \t\t<div id=\"ngg1-image-2320\">\n\t\t<div id=\"gallery-vertical-700-vh\">\n\t\t\t<img title=\" \" alt=\" \" src=\"https:\/\/www.eltono.com\/wp-content\/gallery\/artre-public\/eltono-artrepublic38.jpg\"\/>\n\t\t\t<\/div><div id=\"gallery-vertical-700-vh-comment\"> \t\t<\/div>\n\t<\/div>\n \t\t<div id=\"ngg1-image-2321\">\n\t\t<div id=\"gallery-vertical-700-vh\">\n\t\t\t<img title=\" \" alt=\" \" src=\"https:\/\/www.eltono.com\/wp-content\/gallery\/artre-public\/eltono-artrepublic39.jpg\"\/>\n\t\t\t<\/div><div id=\"gallery-vertical-700-vh-comment\"> \t\t<\/div>\n\t<\/div>\n \t\t<div id=\"ngg1-image-2322\">\n\t\t<div id=\"gallery-vertical-700-vh\">\n\t\t\t<img title=\" \" alt=\" \" src=\"https:\/\/www.eltono.com\/wp-content\/gallery\/artre-public\/eltono-artrepublic40.jpg\"\/>\n\t\t\t<\/div><div id=\"gallery-vertical-700-vh-comment\"> \t\t<\/div>\n\t<\/div>\n \t\t<div id=\"ngg1-image-2323\">\n\t\t<div id=\"gallery-vertical-700-vh\">\n\t\t\t<img title=\" \" alt=\" \" src=\"https:\/\/www.eltono.com\/wp-content\/gallery\/artre-public\/eltono-artrepublic41.jpg\"\/>\n\t\t\t<\/div><div id=\"gallery-vertical-700-vh-comment\"> \t\t<\/div>\n\t<\/div>\n \t\t<div id=\"ngg1-image-2324\">\n\t\t<div id=\"gallery-vertical-700-vh\">\n\t\t\t<img title=\" \" alt=\" \" src=\"https:\/\/www.eltono.com\/wp-content\/gallery\/artre-public\/eltono-artrepublic42.jpg\"\/>\n\t\t\t<\/div><div id=\"gallery-vertical-700-vh-comment\"> \t\t<\/div>\n\t<\/div>\n \t\t<div id=\"ngg1-image-2325\">\n\t\t<div id=\"gallery-vertical-700-vh\">\n\t\t\t<img title=\" \" alt=\" \" src=\"https:\/\/www.eltono.com\/wp-content\/gallery\/artre-public\/eltono-artrepublic43.jpg\"\/>\n\t\t\t<\/div><div id=\"gallery-vertical-700-vh-comment\"> \t\t<\/div>\n\t<\/div>\n \t\t<div id=\"ngg1-image-2326\">\n\t\t<div id=\"gallery-vertical-700-vh\">\n\t\t\t<img title=\" \" alt=\" \" src=\"https:\/\/www.eltono.com\/wp-content\/gallery\/artre-public\/eltono-artrepublic44.jpg\"\/>\n\t\t\t<\/div><div id=\"gallery-vertical-700-vh-comment\"> \t\t<\/div>\n\t<\/div>\n \t<\/div>\n<\/p>\n<p>Este proyecto no hubiera sido posible sin la ayuda de Sierra Forest y la invitaci\u00f3n y la hospitalidad de Yusaku y su familia. Gracias!<\/p>","protected":false},"excerpt":{"rendered":"<p>Art Re-Public Festival Parque Yoyogi, Harajuku, Tokio, Jap\u00f3n 5 de mayo 2011 Mi \u00faltima visita a Jap\u00f3n coincidi\u00f3 con el festival Art Re-Public que organiza mi amigo Yusaku. Es un festival que se monta en la calle en Tokio desde hace un par de a\u00f1os para el d\u00eda de los ni\u00f1os (&#8220;Kodomo No Hi&#8221;). Esta &hellip; <a href=\"https:\/\/www.eltono.com\/es\/murals\/automatic-painting-art-re-public-tokyo\/\" class=\"more-link\">Continue reading <span class=\"screen-reader-text\">Pintura Autom\u00e1tica<\/span><\/a><\/p>\n","protected":false},"author":1,"featured_media":14206,"parent":13155,"menu_order":0,"comment_status":"closed","ping_status":"closed","template":"","meta":{"ngg_post_thumbnail":0,"jetpack_post_was_ever_published":false,"footnotes":""},"categories":[291,5,345,112,262,267,260,266,269],"tags":[],"class_list":["post-4961","page","type-page","status-publish","has-post-thumbnail","hentry","category-291","category-interventions","category-modo","category-mural","category-page_automatic","category-page_festival","category-page_mural","category-page_outdoor","category-page_participatif"],"jetpack_sharing_enabled":true,"jetpack_shortlink":"https:\/\/wp.me\/P7sWFx-1i1","_links":{"self":[{"href":"https:\/\/www.eltono.com\/es\/wp-json\/wp\/v2\/pages\/4961","targetHints":{"allow":["GET"]}}],"collection":[{"href":"https:\/\/www.eltono.com\/es\/wp-json\/wp\/v2\/pages"}],"about":[{"href":"https:\/\/www.eltono.com\/es\/wp-json\/wp\/v2\/types\/page"}],"author":[{"embeddable":true,"href":"https:\/\/www.eltono.com\/es\/wp-json\/wp\/v2\/users\/1"}],"replies":[{"embeddable":true,"href":"https:\/\/www.eltono.com\/es\/wp-json\/wp\/v2\/comments?post=4961"}],"version-history":[{"count":10,"href":"https:\/\/www.eltono.com\/es\/wp-json\/wp\/v2\/pages\/4961\/revisions"}],"predecessor-version":[{"id":21629,"href":"https:\/\/www.eltono.com\/es\/wp-json\/wp\/v2\/pages\/4961\/revisions\/21629"}],"up":[{"embeddable":true,"href":"https:\/\/www.eltono.com\/es\/wp-json\/wp\/v2\/pages\/13155"}],"wp:featuredmedia":[{"embeddable":true,"href":"https:\/\/www.eltono.com\/es\/wp-json\/wp\/v2\/media\/14206"}],"wp:attachment":[{"href":"https:\/\/www.eltono.com\/es\/wp-json\/wp\/v2\/media?parent=4961"}],"wp:term":[{"taxonomy":"category","embeddable":true,"href":"https:\/\/www.eltono.com\/es\/wp-json\/wp\/v2\/categories?post=4961"},{"taxonomy":"post_tag","embeddable":true,"href":"https:\/\/www.eltono.com\/es\/wp-json\/wp\/v2\/tags?post=4961"}],"curies":[{"name":"wp","href":"https:\/\/api.w.org\/{rel}","templated":true}]}}