{"id":5166,"date":"2011-06-28T01:43:07","date_gmt":"2011-06-28T00:43:07","guid":{"rendered":"http:\/\/www.eltono.com\/?page_id=5166"},"modified":"2022-01-05T18:12:32","modified_gmt":"2022-01-05T16:12:32","slug":"espacios-flexibles-mexico-df","status":"publish","type":"page","link":"https:\/\/www.eltono.com\/es\/murals\/espacios-flexibles-mexico-df\/","title":{"rendered":"Espacios Flexibles"},"content":{"rendered":"<p><strong>La Qui\u00f1onera<\/strong><br \/>\nSanta Cruz 111 Col. Candelaria, Coyoac\u00e1n, D.F., M\u00e9xico<br \/>\nJulio 2011<\/p>\n<p>Mural encargado por <a href=\"http:\/\/anonymousgallery.com\/\" target=\"_blank\" rel=\"noopener noreferrer\">Anonymous Gallery<\/a><\/p>\n<p>El 30 de junio de 2011 se inaugur\u00f3 la exposici\u00f3n <em><a href=\"http:\/\/www.muac.unam.mx\/webpage\/ver_exposicion.php?id_exposicion=37\" target=\"_blank\" rel=\"noopener noreferrer\">Antes de la Resaca<\/a><\/em> en el <strong>MUAC <\/strong>(Museo Universitario de Arte Contempor\u00e1neo de M\u00e9xico DF). Los comisarios organizaron una retrospectiva de los espacios que fueron generadores de artistas y propuestas novedosas durante los a\u00f1os 80 y 90 como <strong>La Qui\u00f1onera<\/strong>, <strong>Temistocles 44<\/strong> y<strong> La Panaderia<\/strong>. La exposici\u00f3n propone una revisi\u00f3n de los proyectos y de los artistas que pasaron por esos espacios. En paralelo, Nestor Qui\u00f1ones organizo la exposici\u00f3n <em><strong>Espacios Flexibles<\/strong><\/em> en colaboraci\u00f3n con <strong>Anonymous Gallery<\/strong> (New York) y <strong>La Curtiduria<\/strong> (Oaxaca) con la idea de dar continuidad a <a href=\"http:\/\/www.laquinonera.com.mx\/\" target=\"_blank\" rel=\"noopener noreferrer\">La Qui\u00f1onera<\/a> como espacio expositivo en paralelo al programa del MUAC.<\/p>\n<p>Aprovechando que estaba de paso por M\u00e9xico y que Anonymous Gallery (galer\u00eda que nos apoy\u00f3 durante el proyecto <a href=\"http:\/\/www.eltono.com\/plaf\/\" target=\"_blank\" rel=\"noopener noreferrer\">PLAF<\/a> en 2008) iba a abrir un espacio nuevo en la capital, me invitaron a ser parte de la exposici\u00f3n &#8220;Espacios Flexibles&#8221;.<\/p>\n<p>En los a\u00f1os 80, La Qui\u00f1onera era un espacio muy importante para la escena art\u00edstica nacional y por all\u00ed pasaron artistas que hoy en d\u00eda son muy reconocidos. Fue un gran honor para mi poder presentar mi trabajo en un espacio tan bonito y tan significante. Los ilustres hermanos Hector y Nestor Qui\u00f1ones me acogieron durante cuatro d\u00edas y, con la ayuda de todos, pinte una pared en una de las terrazas del segundo piso.<\/p>\n<p><style type=\"text\/css\" media=\"all\">\n\/* ----------- Galeria Vertical 700 vh ngg1 ------------*\/\n#gallery-vertical-700-vh{\n\t\/\/max-width: 100%;\n\t\/\/width: 700px;\n\tbackground-color: #ffffff;\n\ttext-align: left;\n}\n#gallery-vertical-700-vh img{\n\t\/\/max-width: 100%;\n\tvertical-align: bottom;\n}\n#gallery-vertical-700-vh-comment{\n\tword-wrap: break-word;\n\t\/\/width: 700px;\n\tmargin: 0 0 17px 0;\n}\n<\/style>\n<div class=\"ngg1-galleryoverview\" id=\"ngg1-gallery-49e22335a03ee154a89a82a1e5322320\">\n\t\t<div id=\"ngg1-image-2475\">\n\t\t<div id=\"gallery-vertical-700-vh\">\n\t\t\t<img title=\"La Qui\u00f1onera\" alt=\"La Qui\u00f1onera\" src=\"https:\/\/www.eltono.com\/wp-content\/gallery\/quinonera\/eltono-quinonera00.jpg\"\/>\n\t\t\t<\/div><div id=\"gallery-vertical-700-vh-comment\">La Qui\u00f1onera\t\t<\/div>\n\t<\/div>\n \t\t<div id=\"ngg1-image-2442\">\n\t\t<div id=\"gallery-vertical-700-vh\">\n\t\t\t<img title=\"Antes de empezar, caf\u00e9 con leche de Do\u00f1a Tania.\" alt=\"Antes de empezar, caf\u00e9 con leche de Do\u00f1a Tania.\" src=\"https:\/\/www.eltono.com\/wp-content\/gallery\/quinonera\/eltono-quinonera01.jpg\"\/>\n\t\t\t<\/div><div id=\"gallery-vertical-700-vh-comment\">Antes de empezar, caf\u00e9 con leche de Do\u00f1a Tania.\t\t<\/div>\n\t<\/div>\n \t\t<div id=\"ngg1-image-2443\">\n\t\t<div id=\"gallery-vertical-700-vh\">\n\t\t\t<img title=\" \" alt=\" \" src=\"https:\/\/www.eltono.com\/wp-content\/gallery\/quinonera\/eltono-quinonera02.jpg\"\/>\n\t\t\t<\/div><div id=\"gallery-vertical-700-vh-comment\"> \t\t<\/div>\n\t<\/div>\n \t\t<div id=\"ngg1-image-2444\">\n\t\t<div id=\"gallery-vertical-700-vh\">\n\t\t\t<img title=\" \" alt=\" \" src=\"https:\/\/www.eltono.com\/wp-content\/gallery\/quinonera\/eltono-quinonera03.jpg\"\/>\n\t\t\t<\/div><div id=\"gallery-vertical-700-vh-comment\"> \t\t<\/div>\n\t<\/div>\n \t\t<div id=\"ngg1-image-2445\">\n\t\t<div id=\"gallery-vertical-700-vh\">\n\t\t\t<img title=\" \" alt=\" \" src=\"https:\/\/www.eltono.com\/wp-content\/gallery\/quinonera\/eltono-quinonera04.jpg\"\/>\n\t\t\t<\/div><div id=\"gallery-vertical-700-vh-comment\"> \t\t<\/div>\n\t<\/div>\n \t\t<div id=\"ngg1-image-2446\">\n\t\t<div id=\"gallery-vertical-700-vh\">\n\t\t\t<img title=\" \" alt=\" \" src=\"https:\/\/www.eltono.com\/wp-content\/gallery\/quinonera\/eltono-quinonera05.jpg\"\/>\n\t\t\t<\/div><div id=\"gallery-vertical-700-vh-comment\"> \t\t<\/div>\n\t<\/div>\n \t\t<div id=\"ngg1-image-2447\">\n\t\t<div id=\"gallery-vertical-700-vh\">\n\t\t\t<img title=\" \" alt=\" \" src=\"https:\/\/www.eltono.com\/wp-content\/gallery\/quinonera\/eltono-quinonera06.jpg\"\/>\n\t\t\t<\/div><div id=\"gallery-vertical-700-vh-comment\"> \t\t<\/div>\n\t<\/div>\n \t\t<div id=\"ngg1-image-2449\">\n\t\t<div id=\"gallery-vertical-700-vh\">\n\t\t\t<img title=\" \" alt=\" \" src=\"https:\/\/www.eltono.com\/wp-content\/gallery\/quinonera\/eltono-quinonera08.jpg\"\/>\n\t\t\t<\/div><div id=\"gallery-vertical-700-vh-comment\"> \t\t<\/div>\n\t<\/div>\n \t\t<div id=\"ngg1-image-2450\">\n\t\t<div id=\"gallery-vertical-700-vh\">\n\t\t\t<img title=\" \" alt=\" \" src=\"https:\/\/www.eltono.com\/wp-content\/gallery\/quinonera\/eltono-quinonera09.jpg\"\/>\n\t\t\t<\/div><div id=\"gallery-vertical-700-vh-comment\"> \t\t<\/div>\n\t<\/div>\n \t\t<div id=\"ngg1-image-2452\">\n\t\t<div id=\"gallery-vertical-700-vh\">\n\t\t\t<img title=\" \" alt=\" \" src=\"https:\/\/www.eltono.com\/wp-content\/gallery\/quinonera\/eltono-quinonera11.jpg\"\/>\n\t\t\t<\/div><div id=\"gallery-vertical-700-vh-comment\"> \t\t<\/div>\n\t<\/div>\n \t\t<div id=\"ngg1-image-2454\">\n\t\t<div id=\"gallery-vertical-700-vh\">\n\t\t\t<img title=\" \" alt=\" \" src=\"https:\/\/www.eltono.com\/wp-content\/gallery\/quinonera\/eltono-quinonera13.jpg\"\/>\n\t\t\t<\/div><div id=\"gallery-vertical-700-vh-comment\"> \t\t<\/div>\n\t<\/div>\n \t\t<div id=\"ngg1-image-2455\">\n\t\t<div id=\"gallery-vertical-700-vh\">\n\t\t\t<img title=\"Zapata\" alt=\"Zapata\" src=\"https:\/\/www.eltono.com\/wp-content\/gallery\/quinonera\/eltono-quinonera14.jpg\"\/>\n\t\t\t<\/div><div id=\"gallery-vertical-700-vh-comment\">Zapata\t\t<\/div>\n\t<\/div>\n \t\t<div id=\"ngg1-image-2456\">\n\t\t<div id=\"gallery-vertical-700-vh\">\n\t\t\t<img title=\" \" alt=\" \" src=\"https:\/\/www.eltono.com\/wp-content\/gallery\/quinonera\/eltono-quinonera15.jpg\"\/>\n\t\t\t<\/div><div id=\"gallery-vertical-700-vh-comment\"> \t\t<\/div>\n\t<\/div>\n \t\t<div id=\"ngg1-image-2457\">\n\t\t<div id=\"gallery-vertical-700-vh\">\n\t\t\t<img title=\" \" alt=\" \" src=\"https:\/\/www.eltono.com\/wp-content\/gallery\/quinonera\/eltono-quinonera16.jpg\"\/>\n\t\t\t<\/div><div id=\"gallery-vertical-700-vh-comment\"> \t\t<\/div>\n\t<\/div>\n \t\t<div id=\"ngg1-image-2458\">\n\t\t<div id=\"gallery-vertical-700-vh\">\n\t\t\t<img title=\" \" alt=\" \" src=\"https:\/\/www.eltono.com\/wp-content\/gallery\/quinonera\/eltono-quinonera17.jpg\"\/>\n\t\t\t<\/div><div id=\"gallery-vertical-700-vh-comment\"> \t\t<\/div>\n\t<\/div>\n \t\t<div id=\"ngg1-image-2459\">\n\t\t<div id=\"gallery-vertical-700-vh\">\n\t\t\t<img title=\" \" alt=\" \" src=\"https:\/\/www.eltono.com\/wp-content\/gallery\/quinonera\/eltono-quinonera18.jpg\"\/>\n\t\t\t<\/div><div id=\"gallery-vertical-700-vh-comment\"> \t\t<\/div>\n\t<\/div>\n \t\t<div id=\"ngg1-image-2461\">\n\t\t<div id=\"gallery-vertical-700-vh\">\n\t\t\t<img title=\" \" alt=\" \" src=\"https:\/\/www.eltono.com\/wp-content\/gallery\/quinonera\/eltono-quinonera20.jpg\"\/>\n\t\t\t<\/div><div id=\"gallery-vertical-700-vh-comment\"> \t\t<\/div>\n\t<\/div>\n \t\t<div id=\"ngg1-image-2462\">\n\t\t<div id=\"gallery-vertical-700-vh\">\n\t\t\t<img title=\" \" alt=\" \" src=\"https:\/\/www.eltono.com\/wp-content\/gallery\/quinonera\/eltono-quinonera21.jpg\"\/>\n\t\t\t<\/div><div id=\"gallery-vertical-700-vh-comment\"> \t\t<\/div>\n\t<\/div>\n \t\t<div id=\"ngg1-image-2463\">\n\t\t<div id=\"gallery-vertical-700-vh\">\n\t\t\t<img title=\" \" alt=\" \" src=\"https:\/\/www.eltono.com\/wp-content\/gallery\/quinonera\/eltono-quinonera22.jpg\"\/>\n\t\t\t<\/div><div id=\"gallery-vertical-700-vh-comment\"> \t\t<\/div>\n\t<\/div>\n \t\t<div id=\"ngg1-image-2464\">\n\t\t<div id=\"gallery-vertical-700-vh\">\n\t\t\t<img title=\" \" alt=\" \" src=\"https:\/\/www.eltono.com\/wp-content\/gallery\/quinonera\/eltono-quinonera23.jpg\"\/>\n\t\t\t<\/div><div id=\"gallery-vertical-700-vh-comment\"> \t\t<\/div>\n\t<\/div>\n \t\t<div id=\"ngg1-image-2466\">\n\t\t<div id=\"gallery-vertical-700-vh\">\n\t\t\t<img title=\" \" alt=\" \" src=\"https:\/\/www.eltono.com\/wp-content\/gallery\/quinonera\/eltono-quinonera25.jpg\"\/>\n\t\t\t<\/div><div id=\"gallery-vertical-700-vh-comment\"> \t\t<\/div>\n\t<\/div>\n \t\t<div id=\"ngg1-image-2467\">\n\t\t<div id=\"gallery-vertical-700-vh\">\n\t\t\t<img title=\" \" alt=\" \" src=\"https:\/\/www.eltono.com\/wp-content\/gallery\/quinonera\/eltono-quinonera26.jpg\"\/>\n\t\t\t<\/div><div id=\"gallery-vertical-700-vh-comment\"> \t\t<\/div>\n\t<\/div>\n \t\t<div id=\"ngg1-image-2468\">\n\t\t<div id=\"gallery-vertical-700-vh\">\n\t\t\t<img title=\" \" alt=\" \" src=\"https:\/\/www.eltono.com\/wp-content\/gallery\/quinonera\/eltono-quinonera27.jpg\"\/>\n\t\t\t<\/div><div id=\"gallery-vertical-700-vh-comment\"> \t\t<\/div>\n\t<\/div>\n \t\t<div id=\"ngg1-image-2469\">\n\t\t<div id=\"gallery-vertical-700-vh\">\n\t\t\t<img title=\" \" alt=\" \" src=\"https:\/\/www.eltono.com\/wp-content\/gallery\/quinonera\/eltono-quinonera28.jpg\"\/>\n\t\t\t<\/div><div id=\"gallery-vertical-700-vh-comment\"> \t\t<\/div>\n\t<\/div>\n \t\t<div id=\"ngg1-image-2470\">\n\t\t<div id=\"gallery-vertical-700-vh\">\n\t\t\t<img title=\" \" alt=\" \" src=\"https:\/\/www.eltono.com\/wp-content\/gallery\/quinonera\/eltono-quinonera29.jpg\"\/>\n\t\t\t<\/div><div id=\"gallery-vertical-700-vh-comment\"> \t\t<\/div>\n\t<\/div>\n \t\t<div id=\"ngg1-image-2471\">\n\t\t<div id=\"gallery-vertical-700-vh\">\n\t\t\t<img title=\" \" alt=\" \" src=\"https:\/\/www.eltono.com\/wp-content\/gallery\/quinonera\/eltono-quinonera30.jpg\"\/>\n\t\t\t<\/div><div id=\"gallery-vertical-700-vh-comment\"> \t\t<\/div>\n\t<\/div>\n \t\t<div id=\"ngg1-image-2474\">\n\t\t<div id=\"gallery-vertical-700-vh\">\n\t\t\t<img title=\" \" alt=\" \" src=\"https:\/\/www.eltono.com\/wp-content\/gallery\/quinonera\/eltono-quinonera33.jpg\"\/>\n\t\t\t<\/div><div id=\"gallery-vertical-700-vh-comment\"> \t\t<\/div>\n\t<\/div>\n \t\t<div id=\"ngg1-image-2473\">\n\t\t<div id=\"gallery-vertical-700-vh\">\n\t\t\t<img title=\" \" alt=\" \" src=\"https:\/\/www.eltono.com\/wp-content\/gallery\/quinonera\/eltono-quinonera32.jpg\"\/>\n\t\t\t<\/div><div id=\"gallery-vertical-700-vh-comment\"> \t\t<\/div>\n\t<\/div>\n \t<\/div>\n<\/p>\n<p>Muchas gracias a Nestor, Hector, Rodolfo, Laura, Joseph, Paola y Zapata.<\/p>","protected":false},"excerpt":{"rendered":"<p>La Qui\u00f1onera Santa Cruz 111 Col. Candelaria, Coyoac\u00e1n, D.F., M\u00e9xico Julio 2011 Mural encargado por Anonymous Gallery El 30 de junio de 2011 se inaugur\u00f3 la exposici\u00f3n Antes de la Resaca en el MUAC (Museo Universitario de Arte Contempor\u00e1neo de M\u00e9xico DF). Los comisarios organizaron una retrospectiva de los espacios que fueron generadores de artistas &hellip; <a href=\"https:\/\/www.eltono.com\/es\/murals\/espacios-flexibles-mexico-df\/\" class=\"more-link\">Continue reading <span class=\"screen-reader-text\">Espacios Flexibles<\/span><\/a><\/p>\n","protected":false},"author":1,"featured_media":13245,"parent":13155,"menu_order":0,"comment_status":"closed","ping_status":"closed","template":"","meta":{"ngg_post_thumbnail":0,"jetpack_post_was_ever_published":false,"footnotes":""},"categories":[291,349,3,112,270,261,260,266],"tags":[],"class_list":["post-5166","page","type-page","status-publish","has-post-thumbnail","hentry","category-291","category-csb","category-exhibitions","category-mural","category-page_collective_show","category-page_expo","category-page_mural","category-page_outdoor"],"jetpack_sharing_enabled":true,"jetpack_shortlink":"https:\/\/wp.me\/P7sWFx-1lk","_links":{"self":[{"href":"https:\/\/www.eltono.com\/es\/wp-json\/wp\/v2\/pages\/5166","targetHints":{"allow":["GET"]}}],"collection":[{"href":"https:\/\/www.eltono.com\/es\/wp-json\/wp\/v2\/pages"}],"about":[{"href":"https:\/\/www.eltono.com\/es\/wp-json\/wp\/v2\/types\/page"}],"author":[{"embeddable":true,"href":"https:\/\/www.eltono.com\/es\/wp-json\/wp\/v2\/users\/1"}],"replies":[{"embeddable":true,"href":"https:\/\/www.eltono.com\/es\/wp-json\/wp\/v2\/comments?post=5166"}],"version-history":[{"count":15,"href":"https:\/\/www.eltono.com\/es\/wp-json\/wp\/v2\/pages\/5166\/revisions"}],"predecessor-version":[{"id":22217,"href":"https:\/\/www.eltono.com\/es\/wp-json\/wp\/v2\/pages\/5166\/revisions\/22217"}],"up":[{"embeddable":true,"href":"https:\/\/www.eltono.com\/es\/wp-json\/wp\/v2\/pages\/13155"}],"wp:featuredmedia":[{"embeddable":true,"href":"https:\/\/www.eltono.com\/es\/wp-json\/wp\/v2\/media\/13245"}],"wp:attachment":[{"href":"https:\/\/www.eltono.com\/es\/wp-json\/wp\/v2\/media?parent=5166"}],"wp:term":[{"taxonomy":"category","embeddable":true,"href":"https:\/\/www.eltono.com\/es\/wp-json\/wp\/v2\/categories?post=5166"},{"taxonomy":"post_tag","embeddable":true,"href":"https:\/\/www.eltono.com\/es\/wp-json\/wp\/v2\/tags?post=5166"}],"curies":[{"name":"wp","href":"https:\/\/api.w.org\/{rel}","templated":true}]}}