{"id":539,"date":"2008-06-01T21:46:04","date_gmt":"2008-06-01T19:46:04","guid":{"rendered":"http:\/\/www.eltono.com\/_V2\/?page_id=539"},"modified":"2016-03-20T17:56:26","modified_gmt":"2016-03-20T15:56:26","slug":"astillas","status":"publish","type":"page","link":"https:\/\/www.eltono.com\/es\/exhibitions\/solo\/astillas\/","title":{"rendered":"Astillas"},"content":{"rendered":"<p><strong>La Culpable<\/strong><br \/>\nSucre 101, Barranco, Lima, Per\u00fa<br \/>\nJunio 2008<\/p>\n<p>Proyecto realizado con la ayuda de la <a href=\"http:\/\/www.ambafrance-pe.org\/\" target=\"_blank\">Ambassade de france au P\u00e9rou<\/a> y comisariado por Jules Bay.<\/p>\n<p><strong><em>Astillas<\/em><\/strong>\u00a0se pretende como una experiencia creativa compartida entre Eltono y el espectador. La instalaci\u00f3n ir\u00e1 adquiriendo las formas que el p\u00fablico desee darle al mover las piezas de lugar y establecer todas las combinaciones posibles e imaginables, la instalaci\u00f3n ir\u00e1 adquiriendo tambi\u00e9n la forma de los deseos de todos los participantes. Y a trav\u00e9s de ese sencillo modelo de armado y desarmado permanente, la obra dejar\u00e1 de pertenecer a una sola persona, se har\u00e1 literalmente astillas y ser\u00e1 parte de todos. Empiece a mover las piezas y d\u00e9le rienda suelta a su voluntad.<\/p>\n<h2>Video:<\/h2>\n<p><iframe loading=\"lazy\" src=\"https:\/\/www.youtube.com\/embed\/-Qu402xLSHA?showinfo=0\" width=\"700\" height=\"525\" frameborder=\"0\" allowfullscreen=\"allowfullscreen\"><\/iframe><\/p>\n<h2>Pictures:<\/h2>\n<p><style type=\"text\/css\" media=\"all\">\n\/* ----------- Galeria Vertical 700 vh ngg1 ------------*\/\n#gallery-vertical-700-vh{\n\t\/\/max-width: 100%;\n\t\/\/width: 700px;\n\tbackground-color: #ffffff;\n\ttext-align: left;\n}\n#gallery-vertical-700-vh img{\n\t\/\/max-width: 100%;\n\tvertical-align: bottom;\n}\n#gallery-vertical-700-vh-comment{\n\tword-wrap: break-word;\n\t\/\/width: 700px;\n\tmargin: 0 0 17px 0;\n}\n<\/style>\n<div class=\"ngg1-galleryoverview\" id=\"ngg1-gallery-d14be56a0fa028e2921a587dd7089830\">\n\t\t<div id=\"ngg1-image-3638\">\n\t\t<div id=\"gallery-vertical-700-vh\">\n\t\t\t<img title=\" \" alt=\" \" src=\"https:\/\/www.eltono.com\/wp-content\/gallery\/astillas\/eltono-astillas38.jpg\"\/>\n\t\t\t<\/div><div id=\"gallery-vertical-700-vh-comment\"> \t\t<\/div>\n\t<\/div>\n \t\t<div id=\"ngg1-image-3627\">\n\t\t<div id=\"gallery-vertical-700-vh\">\n\t\t\t<img title=\"Cuando abrimos la galer\u00eda, las paredes estaban vac\u00edas.\" alt=\"Cuando abrimos la galer\u00eda, las paredes estaban vac\u00edas.\" src=\"https:\/\/www.eltono.com\/wp-content\/gallery\/astillas\/eltono-astillas27.jpg\"\/>\n\t\t\t<\/div><div id=\"gallery-vertical-700-vh-comment\">Cuando abrimos la galer\u00eda, las paredes estaban vac\u00edas.\t\t<\/div>\n\t<\/div>\n \t\t<div id=\"ngg1-image-3628\">\n\t\t<div id=\"gallery-vertical-700-vh\">\n\t\t\t<img title=\"As\u00ed era la entrada de la galer\u00eda a la hora de inaugurar la exposici\u00f3n.\" alt=\"As\u00ed era la entrada de la galer\u00eda a la hora de inaugurar la exposici\u00f3n.\" src=\"https:\/\/www.eltono.com\/wp-content\/gallery\/astillas\/eltono-astillas28.jpg\"\/>\n\t\t\t<\/div><div id=\"gallery-vertical-700-vh-comment\">As\u00ed era la entrada de la galer\u00eda a la hora de inaugurar la exposici\u00f3n.\t\t<\/div>\n\t<\/div>\n \t\t<div id=\"ngg1-image-3629\">\n\t\t<div id=\"gallery-vertical-700-vh\">\n\t\t\t<img title=\"Y la gente empez\u00f3 a actuar...\" alt=\"Y la gente empez\u00f3 a actuar...\" src=\"https:\/\/www.eltono.com\/wp-content\/gallery\/astillas\/eltono-astillas29.jpg\"\/>\n\t\t\t<\/div><div id=\"gallery-vertical-700-vh-comment\">Y la gente empez\u00f3 a actuar...\t\t<\/div>\n\t<\/div>\n \t\t<div id=\"ngg1-image-3630\">\n\t\t<div id=\"gallery-vertical-700-vh\">\n\t\t\t<img title=\" \" alt=\" \" src=\"https:\/\/www.eltono.com\/wp-content\/gallery\/astillas\/eltono-astillas30.jpg\"\/>\n\t\t\t<\/div><div id=\"gallery-vertical-700-vh-comment\"> \t\t<\/div>\n\t<\/div>\n \t\t<div id=\"ngg1-image-3631\">\n\t\t<div id=\"gallery-vertical-700-vh\">\n\t\t\t<img title=\" \" alt=\" \" src=\"https:\/\/www.eltono.com\/wp-content\/gallery\/astillas\/eltono-astillas31.jpg\"\/>\n\t\t\t<\/div><div id=\"gallery-vertical-700-vh-comment\"> \t\t<\/div>\n\t<\/div>\n \t\t<div id=\"ngg1-image-3632\">\n\t\t<div id=\"gallery-vertical-700-vh\">\n\t\t\t<img title=\" \" alt=\" \" src=\"https:\/\/www.eltono.com\/wp-content\/gallery\/astillas\/eltono-astillas32.jpg\"\/>\n\t\t\t<\/div><div id=\"gallery-vertical-700-vh-comment\"> \t\t<\/div>\n\t<\/div>\n \t\t<div id=\"ngg1-image-3633\">\n\t\t<div id=\"gallery-vertical-700-vh\">\n\t\t\t<img title=\"Piezas 1, 2 y 3 en la primera sala a las 20h20\" alt=\"Piezas 1, 2 y 3 en la primera sala a las 20h20\" src=\"https:\/\/www.eltono.com\/wp-content\/gallery\/astillas\/eltono-astillas33.jpg\"\/>\n\t\t\t<\/div><div id=\"gallery-vertical-700-vh-comment\">Piezas 1, 2 y 3 en la primera sala a las 20h20\t\t<\/div>\n\t<\/div>\n \t\t<div id=\"ngg1-image-3634\">\n\t\t<div id=\"gallery-vertical-700-vh\">\n\t\t\t<img title=\"Pieza 3 en la primera sala a las 20h29\" alt=\"Pieza 3 en la primera sala a las 20h29\" src=\"https:\/\/www.eltono.com\/wp-content\/gallery\/astillas\/eltono-astillas34.jpg\"\/>\n\t\t\t<\/div><div id=\"gallery-vertical-700-vh-comment\">Pieza 3 en la primera sala a las 20h29\t\t<\/div>\n\t<\/div>\n \t\t<div id=\"ngg1-image-3635\">\n\t\t<div id=\"gallery-vertical-700-vh\">\n\t\t\t<img title=\"Pieza 4 y 5 en la segunda sala a las 22h36\" alt=\"Pieza 4 y 5 en la segunda sala a las 22h36\" src=\"https:\/\/www.eltono.com\/wp-content\/gallery\/astillas\/eltono-astillas35.jpg\"\/>\n\t\t\t<\/div><div id=\"gallery-vertical-700-vh-comment\">Pieza 4 y 5 en la segunda sala a las 22h36\t\t<\/div>\n\t<\/div>\n \t\t<div id=\"ngg1-image-3636\">\n\t\t<div id=\"gallery-vertical-700-vh\">\n\t\t\t<img title=\"Pieza 4 en la segunda sala a las 22h47\" alt=\"Pieza 4 en la segunda sala a las 22h47\" src=\"https:\/\/www.eltono.com\/wp-content\/gallery\/astillas\/eltono-astillas36.jpg\"\/>\n\t\t\t<\/div><div id=\"gallery-vertical-700-vh-comment\">Pieza 4 en la segunda sala a las 22h47\t\t<\/div>\n\t<\/div>\n \t\t<div id=\"ngg1-image-3637\">\n\t\t<div id=\"gallery-vertical-700-vh\">\n\t\t\t<img title=\"Piezas 1 y 2 en la primera sala a las 23h04\" alt=\"Piezas 1 y 2 en la primera sala a las 23h04\" src=\"https:\/\/www.eltono.com\/wp-content\/gallery\/astillas\/eltono-astillas37.jpg\"\/>\n\t\t\t<\/div><div id=\"gallery-vertical-700-vh-comment\">Piezas 1 y 2 en la primera sala a las 23h04\t\t<\/div>\n\t<\/div>\n \t\t<div id=\"ngg1-image-3626\">\n\t\t<div id=\"gallery-vertical-700-vh\">\n\t\t\t<img title=\" \" alt=\" \" src=\"https:\/\/www.eltono.com\/wp-content\/gallery\/astillas\/eltono-astillas26.jpg\"\/>\n\t\t\t<\/div><div id=\"gallery-vertical-700-vh-comment\"> \t\t<\/div>\n\t<\/div>\n \t\t<div id=\"ngg1-image-3639\">\n\t\t<div id=\"gallery-vertical-700-vh\">\n\t\t\t<img title=\"Pieza 6 en la segunda sala a las 23h10\" alt=\"Pieza 6 en la segunda sala a las 23h10\" src=\"https:\/\/www.eltono.com\/wp-content\/gallery\/astillas\/eltono-astillas39.jpg\"\/>\n\t\t\t<\/div><div id=\"gallery-vertical-700-vh-comment\">Pieza 6 en la segunda sala a las 23h10\t\t<\/div>\n\t<\/div>\n \t\t<div id=\"ngg1-image-3640\">\n\t\t<div id=\"gallery-vertical-700-vh\">\n\t\t\t<img title=\"Piezas 3 en la primera sala a las 22h55\" alt=\"Piezas 3 en la primera sala a las 22h55\" src=\"https:\/\/www.eltono.com\/wp-content\/gallery\/astillas\/eltono-astillas40.jpg\"\/>\n\t\t\t<\/div><div id=\"gallery-vertical-700-vh-comment\">Piezas 3 en la primera sala a las 22h55\t\t<\/div>\n\t<\/div>\n \t\t<div id=\"ngg1-image-3641\">\n\t\t<div id=\"gallery-vertical-700-vh\">\n\t\t\t<img title=\"Piezas 2 en la primera sala a las 23h15\" alt=\"Piezas 2 en la primera sala a las 23h15\" src=\"https:\/\/www.eltono.com\/wp-content\/gallery\/astillas\/eltono-astillas41.jpg\"\/>\n\t\t\t<\/div><div id=\"gallery-vertical-700-vh-comment\">Piezas 2 en la primera sala a las 23h15\t\t<\/div>\n\t<\/div>\n \t\t<div id=\"ngg1-image-3642\">\n\t\t<div id=\"gallery-vertical-700-vh\">\n\t\t\t<img title=\"The entrance, 21h45La entrada, 21h45\" alt=\"The entrance, 21h45La entrada, 21h45\" src=\"https:\/\/www.eltono.com\/wp-content\/gallery\/astillas\/eltono-astillas42.jpg\"\/>\n\t\t\t<\/div><div id=\"gallery-vertical-700-vh-comment\">The entrance, 21h45La entrada, 21h45\t\t<\/div>\n\t<\/div>\n \t\t<div id=\"ngg1-image-3643\">\n\t\t<div id=\"gallery-vertical-700-vh\">\n\t\t\t<img title=\"Pieza 5 en la segunda sala a las 22h10\" alt=\"Pieza 5 en la segunda sala a las 22h10\" src=\"https:\/\/www.eltono.com\/wp-content\/gallery\/astillas\/eltono-astillas43.jpg\"\/>\n\t\t\t<\/div><div id=\"gallery-vertical-700-vh-comment\">Pieza 5 en la segunda sala a las 22h10\t\t<\/div>\n\t<\/div>\n \t\t<div id=\"ngg1-image-3644\">\n\t\t<div id=\"gallery-vertical-700-vh\">\n\t\t\t<img title=\"Pieza 4 en la segunda sala a las 22h40\" alt=\"Pieza 4 en la segunda sala a las 22h40\" src=\"https:\/\/www.eltono.com\/wp-content\/gallery\/astillas\/eltono-astillas44.jpg\"\/>\n\t\t\t<\/div><div id=\"gallery-vertical-700-vh-comment\">Pieza 4 en la segunda sala a las 22h40\t\t<\/div>\n\t<\/div>\n \t\t<div id=\"ngg1-image-3645\">\n\t\t<div id=\"gallery-vertical-700-vh\">\n\t\t\t<img title=\"Pieza 5 en la segunda sala al d\u00eda siguiente, 20h33\" alt=\"Pieza 5 en la segunda sala al d\u00eda siguiente, 20h33\" src=\"https:\/\/www.eltono.com\/wp-content\/gallery\/astillas\/eltono-astillas45.jpg\"\/>\n\t\t\t<\/div><div id=\"gallery-vertical-700-vh-comment\">Pieza 5 en la segunda sala al d\u00eda siguiente, 20h33\t\t<\/div>\n\t<\/div>\n \t\t<div id=\"ngg1-image-3646\">\n\t\t<div id=\"gallery-vertical-700-vh\">\n\t\t\t<img title=\"La entrada a las 00h10\" alt=\"La entrada a las 00h10\" src=\"https:\/\/www.eltono.com\/wp-content\/gallery\/astillas\/eltono-astillas46.jpg\"\/>\n\t\t\t<\/div><div id=\"gallery-vertical-700-vh-comment\">La entrada a las 00h10\t\t<\/div>\n\t<\/div>\n \t\t<div id=\"ngg1-image-3647\">\n\t\t<div id=\"gallery-vertical-700-vh\">\n\t\t\t<img title=\"Finalmente, el p\u00fablico demostr\u00f3 ser mucho m\u00e1s creativo que yo esperaba, fue incre\u00edble - Pieza 6 en la segunda sala a las 00h30.\" alt=\"Finalmente, el p\u00fablico demostr\u00f3 ser mucho m\u00e1s creativo que yo esperaba, fue incre\u00edble - Pieza 6 en la segunda sala a las 00h30.\" src=\"https:\/\/www.eltono.com\/wp-content\/gallery\/astillas\/eltono-astillas47.jpg\"\/>\n\t\t\t<\/div><div id=\"gallery-vertical-700-vh-comment\">Finalmente, el p\u00fablico demostr\u00f3 ser mucho m\u00e1s creativo que yo esperaba, fue incre\u00edble - Pieza 6 en la segunda sala a las 00h30.\t\t<\/div>\n\t<\/div>\n \t\t<div id=\"ngg1-image-3648\">\n\t\t<div id=\"gallery-vertical-700-vh\">\n\t\t\t<img title=\"Pieza 4 y 5 en la segunda sala, el d\u00eda siguiente a las 10h22\" alt=\"Pieza 4 y 5 en la segunda sala, el d\u00eda siguiente a las 10h22\" src=\"https:\/\/www.eltono.com\/wp-content\/gallery\/astillas\/eltono-astillas48.jpg\"\/>\n\t\t\t<\/div><div id=\"gallery-vertical-700-vh-comment\">Pieza 4 y 5 en la segunda sala, el d\u00eda siguiente a las 10h22\t\t<\/div>\n\t<\/div>\n \t\t<div id=\"ngg1-image-3649\">\n\t\t<div id=\"gallery-vertical-700-vh\">\n\t\t\t<img title=\"Barranco son dos pasos: Bodega \u201cJuanito\u201d para los sanduches y \u201cTrapiche\u201d para el \u201cArde Papi\u201d.\" alt=\"Barranco son dos pasos: Bodega \u201cJuanito\u201d para los sanduches y \u201cTrapiche\u201d para el \u201cArde Papi\u201d.\" src=\"https:\/\/www.eltono.com\/wp-content\/gallery\/astillas\/eltono-astillas49.jpg\"\/>\n\t\t\t<\/div><div id=\"gallery-vertical-700-vh-comment\">Barranco son dos pasos: Bodega \u201cJuanito\u201d para los sanduches y \u201cTrapiche\u201d para el \u201cArde Papi\u201d.\t\t<\/div>\n\t<\/div>\n \t\t<div id=\"ngg1-image-3615\">\n\t\t<div id=\"gallery-vertical-700-vh\">\n\t\t\t<img title=\"Pase un d\u00eda entero a limpiar el polvo de las 101 maderas, \u00a1el polvo de Lima es muy denso!\" alt=\"Pase un d\u00eda entero a limpiar el polvo de las 101 maderas, \u00a1el polvo de Lima es muy denso!\" src=\"https:\/\/www.eltono.com\/wp-content\/gallery\/astillas\/eltono-astillas14.jpg\"\/>\n\t\t\t<\/div><div id=\"gallery-vertical-700-vh-comment\">Pase un d\u00eda entero a limpiar el polvo de las 101 maderas, \u00a1el polvo de Lima es muy denso!\t\t<\/div>\n\t<\/div>\n \t\t<div id=\"ngg1-image-3604\">\n\t\t<div id=\"gallery-vertical-700-vh\">\n\t\t\t<img title=\"Yo quiero Barranco... \u00bfy tu?\" alt=\"Yo quiero Barranco... \u00bfy tu?\" src=\"https:\/\/www.eltono.com\/wp-content\/gallery\/astillas\/eltono-astillas03.jpg\"\/>\n\t\t\t<\/div><div id=\"gallery-vertical-700-vh-comment\">Yo quiero Barranco... \u00bfy tu?\t\t<\/div>\n\t<\/div>\n \t\t<div id=\"ngg1-image-3605\">\n\t\t<div id=\"gallery-vertical-700-vh\">\n\t\t\t<img title=\"Primer paso, como siempre, \u00a1la tienda de bricolaje local!\" alt=\"Primer paso, como siempre, \u00a1la tienda de bricolaje local!\" src=\"https:\/\/www.eltono.com\/wp-content\/gallery\/astillas\/eltono-astillas04.jpg\"\/>\n\t\t\t<\/div><div id=\"gallery-vertical-700-vh-comment\">Primer paso, como siempre, \u00a1la tienda de bricolaje local!\t\t<\/div>\n\t<\/div>\n \t\t<div id=\"ngg1-image-3606\">\n\t\t<div id=\"gallery-vertical-700-vh\">\n\t\t\t<img title=\"Segundo paso, recolectar madera por las calles alrededor de la galer\u00eda. Encontramos un mont\u00f3n en la azotea de la t\u00eda de un amigo.\" alt=\"Segundo paso, recolectar madera por las calles alrededor de la galer\u00eda. Encontramos un mont\u00f3n en la azotea de la t\u00eda de un amigo.\" src=\"https:\/\/www.eltono.com\/wp-content\/gallery\/astillas\/eltono-astillas05.jpg\"\/>\n\t\t\t<\/div><div id=\"gallery-vertical-700-vh-comment\">Segundo paso, recolectar madera por las calles alrededor de la galer\u00eda. Encontramos un mont\u00f3n en la azotea de la t\u00eda de un amigo.\t\t<\/div>\n\t<\/div>\n \t\t<div id=\"ngg1-image-3607\">\n\t\t<div id=\"gallery-vertical-700-vh\">\n\t\t\t<img title=\"Demasiada madera para llevarnosla andando, adivina quien nos ayudo...\" alt=\"Demasiada madera para llevarnosla andando, adivina quien nos ayudo...\" src=\"https:\/\/www.eltono.com\/wp-content\/gallery\/astillas\/eltono-astillas06.jpg\"\/>\n\t\t\t<\/div><div id=\"gallery-vertical-700-vh-comment\">Demasiada madera para llevarnosla andando, adivina quien nos ayudo...\t\t<\/div>\n\t<\/div>\n \t\t<div id=\"ngg1-image-3608\">\n\t\t<div id=\"gallery-vertical-700-vh\">\n\t\t\t<img title=\"\u00a1\u00a1\u00a1La encantadora Polic\u00eda Nacional con su nueva pick-up!!! Llevaron todo hasta la puerta de la galer\u00eda, nos ayudaron a descargar todo, nos saludaron, dieron besos a las chicas y se fueron a seguir su patrulla nocturna.\" alt=\"\u00a1\u00a1\u00a1La encantadora Polic\u00eda Nacional con su nueva pick-up!!! Llevaron todo hasta la puerta de la galer\u00eda, nos ayudaron a descargar todo, nos saludaron, dieron besos a las chicas y se fueron a seguir su patrulla nocturna.\" src=\"https:\/\/www.eltono.com\/wp-content\/gallery\/astillas\/eltono-astillas07.jpg\"\/>\n\t\t\t<\/div><div id=\"gallery-vertical-700-vh-comment\">\u00a1\u00a1\u00a1La encantadora Polic\u00eda Nacional con su nueva pick-up!!! Llevaron todo hasta la puerta de la galer\u00eda, nos ayudaron a descargar todo, nos saludaron, dieron besos a las chicas y se fueron a seguir su patrulla nocturna.\t\t<\/div>\n\t<\/div>\n \t\t<div id=\"ngg1-image-3609\">\n\t\t<div id=\"gallery-vertical-700-vh\">\n\t\t\t<img title=\"\u00a1La cosecha de la noche!\" alt=\"\u00a1La cosecha de la noche!\" src=\"https:\/\/www.eltono.com\/wp-content\/gallery\/astillas\/eltono-astillas08.jpg\"\/>\n\t\t\t<\/div><div id=\"gallery-vertical-700-vh-comment\">\u00a1La cosecha de la noche!\t\t<\/div>\n\t<\/div>\n \t\t<div id=\"ngg1-image-3610\">\n\t\t<div id=\"gallery-vertical-700-vh\">\n\t\t\t<img title=\"El P\u00e1cifico visto desde la galer\u00eda\" alt=\"El P\u00e1cifico visto desde la galer\u00eda\" src=\"https:\/\/www.eltono.com\/wp-content\/gallery\/astillas\/eltono-astillas09.jpg\"\/>\n\t\t\t<\/div><div id=\"gallery-vertical-700-vh-comment\">El P\u00e1cifico visto desde la galer\u00eda\t\t<\/div>\n\t<\/div>\n \t\t<div id=\"ngg1-image-3611\">\n\t\t<div id=\"gallery-vertical-700-vh\">\n\t\t\t<img title=\"Listo para empezar a trabajar.\" alt=\"Listo para empezar a trabajar.\" src=\"https:\/\/www.eltono.com\/wp-content\/gallery\/astillas\/eltono-astillas10.jpg\"\/>\n\t\t\t<\/div><div id=\"gallery-vertical-700-vh-comment\">Listo para empezar a trabajar.\t\t<\/div>\n\t<\/div>\n \t\t<div id=\"ngg1-image-3612\">\n\t\t<div id=\"gallery-vertical-700-vh\">\n\t\t\t<img title=\" \" alt=\" \" src=\"https:\/\/www.eltono.com\/wp-content\/gallery\/astillas\/eltono-astillas11.jpg\"\/>\n\t\t\t<\/div><div id=\"gallery-vertical-700-vh-comment\"> \t\t<\/div>\n\t<\/div>\n \t\t<div id=\"ngg1-image-3613\">\n\t\t<div id=\"gallery-vertical-700-vh\">\n\t\t\t<img title=\" \" alt=\" \" src=\"https:\/\/www.eltono.com\/wp-content\/gallery\/astillas\/eltono-astillas12.jpg\"\/>\n\t\t\t<\/div><div id=\"gallery-vertical-700-vh-comment\"> \t\t<\/div>\n\t<\/div>\n \t\t<div id=\"ngg1-image-3614\">\n\t\t<div id=\"gallery-vertical-700-vh\">\n\t\t\t<img title=\" \" alt=\" \" src=\"https:\/\/www.eltono.com\/wp-content\/gallery\/astillas\/eltono-astillas13.jpg\"\/>\n\t\t\t<\/div><div id=\"gallery-vertical-700-vh-comment\"> \t\t<\/div>\n\t<\/div>\n \t\t<div id=\"ngg1-image-3603\">\n\t\t<div id=\"gallery-vertical-700-vh\">\n\t\t\t<img title=\"Lima by night!\" alt=\"Lima by night!\" src=\"https:\/\/www.eltono.com\/wp-content\/gallery\/astillas\/eltono-astillas02.jpg\"\/>\n\t\t\t<\/div><div id=\"gallery-vertical-700-vh-comment\">Lima by night!\t\t<\/div>\n\t<\/div>\n \t\t<div id=\"ngg1-image-3616\">\n\t\t<div id=\"gallery-vertical-700-vh\">\n\t\t\t<img title=\" \" alt=\" \" src=\"https:\/\/www.eltono.com\/wp-content\/gallery\/astillas\/eltono-astillas15.jpg\"\/>\n\t\t\t<\/div><div id=\"gallery-vertical-700-vh-comment\"> \t\t<\/div>\n\t<\/div>\n \t\t<div id=\"ngg1-image-3617\">\n\t\t<div id=\"gallery-vertical-700-vh\">\n\t\t\t<img title=\" \" alt=\" \" src=\"https:\/\/www.eltono.com\/wp-content\/gallery\/astillas\/eltono-astillas17.jpg\"\/>\n\t\t\t<\/div><div id=\"gallery-vertical-700-vh-comment\"> \t\t<\/div>\n\t<\/div>\n \t\t<div id=\"ngg1-image-3618\">\n\t\t<div id=\"gallery-vertical-700-vh\">\n\t\t\t<img title=\"Pinte durante cuatro d\u00edas.\" alt=\"Pinte durante cuatro d\u00edas.\" src=\"https:\/\/www.eltono.com\/wp-content\/gallery\/astillas\/eltono-astillas18.jpg\"\/>\n\t\t\t<\/div><div id=\"gallery-vertical-700-vh-comment\">Pinte durante cuatro d\u00edas.\t\t<\/div>\n\t<\/div>\n \t\t<div id=\"ngg1-image-3619\">\n\t\t<div id=\"gallery-vertical-700-vh\">\n\t\t\t<img title=\"Y use \u00a1muuuuucha cinta!\" alt=\"Y use \u00a1muuuuucha cinta!\" src=\"https:\/\/www.eltono.com\/wp-content\/gallery\/astillas\/eltono-astillas19.jpg\"\/>\n\t\t\t<\/div><div id=\"gallery-vertical-700-vh-comment\">Y use \u00a1muuuuucha cinta!\t\t<\/div>\n\t<\/div>\n \t\t<div id=\"ngg1-image-3620\">\n\t\t<div id=\"gallery-vertical-700-vh\">\n\t\t\t<img title=\" \" alt=\" \" src=\"https:\/\/www.eltono.com\/wp-content\/gallery\/astillas\/eltono-astillas20.jpg\"\/>\n\t\t\t<\/div><div id=\"gallery-vertical-700-vh-comment\"> \t\t<\/div>\n\t<\/div>\n \t\t<div id=\"ngg1-image-3621\">\n\t\t<div id=\"gallery-vertical-700-vh\">\n\t\t\t<img title=\" \" alt=\" \" src=\"https:\/\/www.eltono.com\/wp-content\/gallery\/astillas\/eltono-astillas21.jpg\"\/>\n\t\t\t<\/div><div id=\"gallery-vertical-700-vh-comment\"> \t\t<\/div>\n\t<\/div>\n \t\t<div id=\"ngg1-image-3622\">\n\t\t<div id=\"gallery-vertical-700-vh\">\n\t\t\t<img title=\"Trabajando en el sistema para colgar las piezas.\" alt=\"Trabajando en el sistema para colgar las piezas.\" src=\"https:\/\/www.eltono.com\/wp-content\/gallery\/astillas\/eltono-astillas22.jpg\"\/>\n\t\t\t<\/div><div id=\"gallery-vertical-700-vh-comment\">Trabajando en el sistema para colgar las piezas.\t\t<\/div>\n\t<\/div>\n \t\t<div id=\"ngg1-image-3623\">\n\t\t<div id=\"gallery-vertical-700-vh\">\n\t\t\t<img title=\" \" alt=\" \" src=\"https:\/\/www.eltono.com\/wp-content\/gallery\/astillas\/eltono-astillas23.jpg\"\/>\n\t\t\t<\/div><div id=\"gallery-vertical-700-vh-comment\"> \t\t<\/div>\n\t<\/div>\n \t\t<div id=\"ngg1-image-3624\">\n\t\t<div id=\"gallery-vertical-700-vh\">\n\t\t\t<img title=\"Instal\u00e9 seis sistemas para colgar en las dos habitaciones.\" alt=\"Instal\u00e9 seis sistemas para colgar en las dos habitaciones.\" src=\"https:\/\/www.eltono.com\/wp-content\/gallery\/astillas\/eltono-astillas24.jpg\"\/>\n\t\t\t<\/div><div id=\"gallery-vertical-700-vh-comment\">Instal\u00e9 seis sistemas para colgar en las dos habitaciones.\t\t<\/div>\n\t<\/div>\n \t\t<div id=\"ngg1-image-3625\">\n\t\t<div id=\"gallery-vertical-700-vh\">\n\t\t\t<img title=\" \" alt=\" \" src=\"https:\/\/www.eltono.com\/wp-content\/gallery\/astillas\/eltono-astillas25.jpg\"\/>\n\t\t\t<\/div><div id=\"gallery-vertical-700-vh-comment\"> \t\t<\/div>\n\t<\/div>\n \t<\/div>\n<\/p>","protected":false},"excerpt":{"rendered":"<p>La Culpable Sucre 101, Barranco, Lima, Per\u00fa Junio 2008 Proyecto realizado con la ayuda de la Ambassade de france au P\u00e9rou y comisariado por Jules Bay. Astillas\u00a0se pretende como una experiencia creativa compartida entre Eltono y el espectador. La instalaci\u00f3n ir\u00e1 adquiriendo las formas que el p\u00fablico desee darle al mover las piezas de lugar &hellip; <a href=\"https:\/\/www.eltono.com\/es\/exhibitions\/solo\/astillas\/\" class=\"more-link\">Continue reading <span class=\"screen-reader-text\">Astillas<\/span><\/a><\/p>\n","protected":false},"author":1,"featured_media":13539,"parent":13432,"menu_order":0,"comment_status":"closed","ping_status":"closed","template":"","meta":{"ngg_post_thumbnail":0,"jetpack_post_was_ever_published":false,"footnotes":""},"categories":[294,3,261,265,269,264,263],"tags":[],"class_list":["post-539","page","type-page","status-publish","has-post-thumbnail","hentry","category-294","category-exhibitions","category-page_expo","category-page_indoor","category-page_participatif","category-page_solo_show","category-solo-show"],"jetpack_sharing_enabled":true,"jetpack_shortlink":"https:\/\/wp.me\/P7sWFx-8H","_links":{"self":[{"href":"https:\/\/www.eltono.com\/es\/wp-json\/wp\/v2\/pages\/539","targetHints":{"allow":["GET"]}}],"collection":[{"href":"https:\/\/www.eltono.com\/es\/wp-json\/wp\/v2\/pages"}],"about":[{"href":"https:\/\/www.eltono.com\/es\/wp-json\/wp\/v2\/types\/page"}],"author":[{"embeddable":true,"href":"https:\/\/www.eltono.com\/es\/wp-json\/wp\/v2\/users\/1"}],"replies":[{"embeddable":true,"href":"https:\/\/www.eltono.com\/es\/wp-json\/wp\/v2\/comments?post=539"}],"version-history":[{"count":20,"href":"https:\/\/www.eltono.com\/es\/wp-json\/wp\/v2\/pages\/539\/revisions"}],"predecessor-version":[{"id":13939,"href":"https:\/\/www.eltono.com\/es\/wp-json\/wp\/v2\/pages\/539\/revisions\/13939"}],"up":[{"embeddable":true,"href":"https:\/\/www.eltono.com\/es\/wp-json\/wp\/v2\/pages\/13432"}],"wp:featuredmedia":[{"embeddable":true,"href":"https:\/\/www.eltono.com\/es\/wp-json\/wp\/v2\/media\/13539"}],"wp:attachment":[{"href":"https:\/\/www.eltono.com\/es\/wp-json\/wp\/v2\/media?parent=539"}],"wp:term":[{"taxonomy":"category","embeddable":true,"href":"https:\/\/www.eltono.com\/es\/wp-json\/wp\/v2\/categories?post=539"},{"taxonomy":"post_tag","embeddable":true,"href":"https:\/\/www.eltono.com\/es\/wp-json\/wp\/v2\/tags?post=539"}],"curies":[{"name":"wp","href":"https:\/\/api.w.org\/{rel}","templated":true}]}}