{"id":5515,"date":"2011-10-07T17:46:44","date_gmt":"2011-10-07T15:46:44","guid":{"rendered":"http:\/\/www.eltono.com\/?page_id=5515"},"modified":"2016-03-20T17:50:08","modified_gmt":"2016-03-20T15:50:08","slug":"eredu","status":"publish","type":"page","link":"https:\/\/www.eltono.com\/es\/exhibitions\/solo\/eredu\/","title":{"rendered":"Eredu"},"content":{"rendered":"<p><strong>SC Gallery<\/strong><br \/>\nC\/ Cortes 4, Bilbao, Espa\u00f1a<br \/>\n7 de octubre &#8211; 25 de noviembre 2011<\/p>\n<p><strong>SC Gallery<\/strong> me invito a Bilbao para pintar un mural para el festival <em><strong>BLV-art<\/strong><\/em> (festival de arte en el barrio de Bilbao la Vieja) y para exponer en su galer\u00eda. Llam\u00e9 la exposici\u00f3n <em><strong>Eredu<\/strong><\/em> que significa &#8220;modelo&#8221; o &#8220;patr\u00f3n&#8221; en Vasco. Mi idea era ense\u00f1ar distintos trabajos ejecutados con t\u00e9cnicas muy diversas para que destacar\u00e1 un patr\u00f3n caracteristico com\u00fan. Las obras presentadas fueron: cuatro ampliaciones de fotos montadas en dibond de pinturas ilegales que realice durante mi estancia por las calles de Bilbao, cinco composiciones con confetti y cinta doble cara sobre papel Super-Alfa, treinta fotos 10&#215;15 cm de documentaci\u00f3n fotogr\u00e1fica del mural que pinte en en la calle Urazurrutia 20, dos serigraf\u00edas de mi \u00faltima edici\u00f3n <em><a href=\"http:\/\/www.eltono.com\/es\/boutique\/confetti-print\/\" target=\"_blank\">Confetti<\/a><\/em> y una pintura en la pared redonda de la galer\u00eda.<\/p>\n<p>Si est\u00e1 interesado en adquirir obras, por favor contactad directamente con la galer\u00eda: <a href=\"http:\/\/www.scgallery.es\" target=\"_blank\">www.scgallery.es<\/a><\/p>\n<p><style type=\"text\/css\" media=\"all\">\n\/* ----------- Galeria Vertical 700 vh ngg1 ------------*\/\n#gallery-vertical-700-vh{\n\t\/\/max-width: 100%;\n\t\/\/width: 700px;\n\tbackground-color: #ffffff;\n\ttext-align: left;\n}\n#gallery-vertical-700-vh img{\n\t\/\/max-width: 100%;\n\tvertical-align: bottom;\n}\n#gallery-vertical-700-vh-comment{\n\tword-wrap: break-word;\n\t\/\/width: 700px;\n\tmargin: 0 0 17px 0;\n}\n<\/style>\n<div class=\"ngg1-galleryoverview\" id=\"ngg1-gallery-99c3693a0c8bfdf03eb40ff1c9897215\">\n\t\t<div id=\"ngg1-image-2644\">\n\t\t<div id=\"gallery-vertical-700-vh\">\n\t\t\t<img title=\"Miribilla Kalea 7\" alt=\"Miribilla Kalea 7\" src=\"https:\/\/www.eltono.com\/wp-content\/gallery\/bilbao-eredu\/eltono-eredu-calle01.jpg\"\/>\n\t\t\t<\/div><div id=\"gallery-vertical-700-vh-comment\">Miribilla Kalea 7\t\t<\/div>\n\t<\/div>\n \t\t<div id=\"ngg1-image-2678\">\n\t\t<div id=\"gallery-vertical-700-vh\">\n\t\t\t<img title=\"San Frantzisko Kalea 11\" alt=\"San Frantzisko Kalea 11\" src=\"https:\/\/www.eltono.com\/wp-content\/gallery\/bilbao-eredu\/eltono-eredu-calle07.jpg\"\/>\n\t\t\t<\/div><div id=\"gallery-vertical-700-vh-comment\">San Frantzisko Kalea 11\t\t<\/div>\n\t<\/div>\n \t\t<div id=\"ngg1-image-2677\">\n\t\t<div id=\"gallery-vertical-700-vh\">\n\t\t\t<img title=\"Aintzira Kalea 1\" alt=\"Aintzira Kalea 1\" src=\"https:\/\/www.eltono.com\/wp-content\/gallery\/bilbao-eredu\/eltono-eredu-calle06.jpg\"\/>\n\t\t\t<\/div><div id=\"gallery-vertical-700-vh-comment\">Aintzira Kalea 1\t\t<\/div>\n\t<\/div>\n \t\t<div id=\"ngg1-image-2676\">\n\t\t<div id=\"gallery-vertical-700-vh\">\n\t\t\t<img title=\"Zamakola Kalea 5\" alt=\"Zamakola Kalea 5\" src=\"https:\/\/www.eltono.com\/wp-content\/gallery\/bilbao-eredu\/eltono-eredu-calle05.jpg\"\/>\n\t\t\t<\/div><div id=\"gallery-vertical-700-vh-comment\">Zamakola Kalea 5\t\t<\/div>\n\t<\/div>\n \t\t<div id=\"ngg1-image-2645\">\n\t\t<div id=\"gallery-vertical-700-vh\">\n\t\t\t<img title=\"Dibond 60x44 cm\" alt=\"Dibond 60x44 cm\" src=\"https:\/\/www.eltono.com\/wp-content\/gallery\/bilbao-eredu\/eltono-eredu-calle02.jpg\"\/>\n\t\t\t<\/div><div id=\"gallery-vertical-700-vh-comment\">Dibond 60x44 cm\t\t<\/div>\n\t<\/div>\n \t\t<div id=\"ngg1-image-2646\">\n\t\t<div id=\"gallery-vertical-700-vh\">\n\t\t\t<img title=\"Dibond 60x44 cm\" alt=\"Dibond 60x44 cm\" src=\"https:\/\/www.eltono.com\/wp-content\/gallery\/bilbao-eredu\/eltono-eredu-calle03.jpg\"\/>\n\t\t\t<\/div><div id=\"gallery-vertical-700-vh-comment\">Dibond 60x44 cm\t\t<\/div>\n\t<\/div>\n \t\t<div id=\"ngg1-image-2648\">\n\t\t<div id=\"gallery-vertical-700-vh\">\n\t\t\t<img title=\" \" alt=\" \" src=\"https:\/\/www.eltono.com\/wp-content\/gallery\/bilbao-eredu\/eltono-eredu-confetti01.jpg\"\/>\n\t\t\t<\/div><div id=\"gallery-vertical-700-vh-comment\"> \t\t<\/div>\n\t<\/div>\n \t\t<div id=\"ngg1-image-2649\">\n\t\t<div id=\"gallery-vertical-700-vh\">\n\t\t\t<img title=\" \" alt=\" \" src=\"https:\/\/www.eltono.com\/wp-content\/gallery\/bilbao-eredu\/eltono-eredu-confetti02.jpg\"\/>\n\t\t\t<\/div><div id=\"gallery-vertical-700-vh-comment\"> \t\t<\/div>\n\t<\/div>\n \t\t<div id=\"ngg1-image-2651\">\n\t\t<div id=\"gallery-vertical-700-vh\">\n\t\t\t<img title=\" \" alt=\" \" src=\"https:\/\/www.eltono.com\/wp-content\/gallery\/bilbao-eredu\/eltono-eredu-confetti04.jpg\"\/>\n\t\t\t<\/div><div id=\"gallery-vertical-700-vh-comment\"> \t\t<\/div>\n\t<\/div>\n \t\t<div id=\"ngg1-image-2650\">\n\t\t<div id=\"gallery-vertical-700-vh\">\n\t\t\t<img title=\"Super-Alfa 112x77 cm - 1\/5, 2\/5 y 3\/5\" alt=\"Super-Alfa 112x77 cm - 1\/5, 2\/5 y 3\/5\" src=\"https:\/\/www.eltono.com\/wp-content\/gallery\/bilbao-eredu\/eltono-eredu-confetti03.jpg\"\/>\n\t\t\t<\/div><div id=\"gallery-vertical-700-vh-comment\">Super-Alfa 112x77 cm - 1\/5, 2\/5 y 3\/5\t\t<\/div>\n\t<\/div>\n \t\t<div id=\"ngg1-image-2653\">\n\t\t<div id=\"gallery-vertical-700-vh\">\n\t\t\t<img title=\" \" alt=\" \" src=\"https:\/\/www.eltono.com\/wp-content\/gallery\/bilbao-eredu\/eltono-eredu-confetti06.jpg\"\/>\n\t\t\t<\/div><div id=\"gallery-vertical-700-vh-comment\"> \t\t<\/div>\n\t<\/div>\n \t\t<div id=\"ngg1-image-2654\">\n\t\t<div id=\"gallery-vertical-700-vh\">\n\t\t\t<img title=\" \" alt=\" \" src=\"https:\/\/www.eltono.com\/wp-content\/gallery\/bilbao-eredu\/eltono-eredu-confetti07.jpg\"\/>\n\t\t\t<\/div><div id=\"gallery-vertical-700-vh-comment\"> \t\t<\/div>\n\t<\/div>\n \t\t<div id=\"ngg1-image-2652\">\n\t\t<div id=\"gallery-vertical-700-vh\">\n\t\t\t<img title=\"Super-Alfa 112x77 cm - 1\/5\" alt=\"Super-Alfa 112x77 cm - 1\/5\" src=\"https:\/\/www.eltono.com\/wp-content\/gallery\/bilbao-eredu\/eltono-eredu-confetti05.jpg\"\/>\n\t\t\t<\/div><div id=\"gallery-vertical-700-vh-comment\">Super-Alfa 112x77 cm - 1\/5\t\t<\/div>\n\t<\/div>\n \t\t<div id=\"ngg1-image-2657\">\n\t\t<div id=\"gallery-vertical-700-vh\">\n\t\t\t<img title=\"Serigraf\u00eda &quot;Confetti&quot;\" alt=\"Serigraf\u00eda &quot;Confetti&quot;\" src=\"https:\/\/www.eltono.com\/wp-content\/gallery\/bilbao-eredu\/eltono-eredu-galeria03.jpg\"\/>\n\t\t\t<\/div><div id=\"gallery-vertical-700-vh-comment\">Serigraf\u00eda &quot;Confetti&quot;\t\t<\/div>\n\t<\/div>\n \t\t<div id=\"ngg1-image-2655\">\n\t\t<div id=\"gallery-vertical-700-vh\">\n\t\t\t<img title=\" \" alt=\" \" src=\"https:\/\/www.eltono.com\/wp-content\/gallery\/bilbao-eredu\/eltono-eredu-galeria01.jpg\"\/>\n\t\t\t<\/div><div id=\"gallery-vertical-700-vh-comment\"> \t\t<\/div>\n\t<\/div>\n \t\t<div id=\"ngg1-image-2679\">\n\t\t<div id=\"gallery-vertical-700-vh\">\n\t\t\t<img title=\"Documentaci\u00f3n fotogr\u00e1fica del mural\" alt=\"Documentaci\u00f3n fotogr\u00e1fica del mural\" src=\"https:\/\/www.eltono.com\/wp-content\/gallery\/bilbao-eredu\/eltono-eredu-galeria05.jpg\"\/>\n\t\t\t<\/div><div id=\"gallery-vertical-700-vh-comment\">Documentaci\u00f3n fotogr\u00e1fica del mural\t\t<\/div>\n\t<\/div>\n \t\t<div id=\"ngg1-image-2656\">\n\t\t<div id=\"gallery-vertical-700-vh\">\n\t\t\t<img title=\" \" alt=\" \" src=\"https:\/\/www.eltono.com\/wp-content\/gallery\/bilbao-eredu\/eltono-eredu-galeria02.jpg\"\/>\n\t\t\t<\/div><div id=\"gallery-vertical-700-vh-comment\"> \t\t<\/div>\n\t<\/div>\n \t<\/div>\n<\/p>\n<h2>Pintura mural en la calle Urazurrutia 20<\/h2>\n<p><style type=\"text\/css\" media=\"all\">\n\/* ----------- Galeria Vertical 700 vh ngg1 ------------*\/\n#gallery-vertical-700-vh{\n\t\/\/max-width: 100%;\n\t\/\/width: 700px;\n\tbackground-color: #ffffff;\n\ttext-align: left;\n}\n#gallery-vertical-700-vh img{\n\t\/\/max-width: 100%;\n\tvertical-align: bottom;\n}\n#gallery-vertical-700-vh-comment{\n\tword-wrap: break-word;\n\t\/\/width: 700px;\n\tmargin: 0 0 17px 0;\n}\n<\/style>\n<div class=\"ngg1-galleryoverview\" id=\"ngg1-gallery-43cb834a1042fd7b5b8661dad6a37caf\">\n\t\t<div id=\"ngg1-image-2685\">\n\t\t<div id=\"gallery-vertical-700-vh\">\n\t\t\t<img title=\" \" alt=\" \" src=\"https:\/\/www.eltono.com\/wp-content\/gallery\/bilbao-mural\/eltono-eredu-mural01.jpg\"\/>\n\t\t\t<\/div><div id=\"gallery-vertical-700-vh-comment\"> \t\t<\/div>\n\t<\/div>\n \t\t<div id=\"ngg1-image-2686\">\n\t\t<div id=\"gallery-vertical-700-vh\">\n\t\t\t<img title=\" \" alt=\" \" src=\"https:\/\/www.eltono.com\/wp-content\/gallery\/bilbao-mural\/eltono-eredu-mural02.jpg\"\/>\n\t\t\t<\/div><div id=\"gallery-vertical-700-vh-comment\"> \t\t<\/div>\n\t<\/div>\n \t\t<div id=\"ngg1-image-2687\">\n\t\t<div id=\"gallery-vertical-700-vh\">\n\t\t\t<img title=\" \" alt=\" \" src=\"https:\/\/www.eltono.com\/wp-content\/gallery\/bilbao-mural\/eltono-eredu-mural03.jpg\"\/>\n\t\t\t<\/div><div id=\"gallery-vertical-700-vh-comment\"> \t\t<\/div>\n\t<\/div>\n \t\t<div id=\"ngg1-image-2689\">\n\t\t<div id=\"gallery-vertical-700-vh\">\n\t\t\t<img title=\" \" alt=\" \" src=\"https:\/\/www.eltono.com\/wp-content\/gallery\/bilbao-mural\/eltono-eredu-mural05.jpg\"\/>\n\t\t\t<\/div><div id=\"gallery-vertical-700-vh-comment\"> \t\t<\/div>\n\t<\/div>\n \t\t<div id=\"ngg1-image-2690\">\n\t\t<div id=\"gallery-vertical-700-vh\">\n\t\t\t<img title=\" \" alt=\" \" src=\"https:\/\/www.eltono.com\/wp-content\/gallery\/bilbao-mural\/eltono-eredu-mural06.jpg\"\/>\n\t\t\t<\/div><div id=\"gallery-vertical-700-vh-comment\"> \t\t<\/div>\n\t<\/div>\n \t\t<div id=\"ngg1-image-2688\">\n\t\t<div id=\"gallery-vertical-700-vh\">\n\t\t\t<img title=\" \" alt=\" \" src=\"https:\/\/www.eltono.com\/wp-content\/gallery\/bilbao-mural\/eltono-eredu-mural04.jpg\"\/>\n\t\t\t<\/div><div id=\"gallery-vertical-700-vh-comment\"> \t\t<\/div>\n\t<\/div>\n \t\t<div id=\"ngg1-image-2691\">\n\t\t<div id=\"gallery-vertical-700-vh\">\n\t\t\t<img title=\" \" alt=\" \" src=\"https:\/\/www.eltono.com\/wp-content\/gallery\/bilbao-mural\/eltono-eredu-mural07.jpg\"\/>\n\t\t\t<\/div><div id=\"gallery-vertical-700-vh-comment\"> \t\t<\/div>\n\t<\/div>\n \t\t<div id=\"ngg1-image-2692\">\n\t\t<div id=\"gallery-vertical-700-vh\">\n\t\t\t<img title=\" \" alt=\" \" src=\"https:\/\/www.eltono.com\/wp-content\/gallery\/bilbao-mural\/eltono-eredu-mural08.jpg\"\/>\n\t\t\t<\/div><div id=\"gallery-vertical-700-vh-comment\"> \t\t<\/div>\n\t<\/div>\n \t\t<div id=\"ngg1-image-2693\">\n\t\t<div id=\"gallery-vertical-700-vh\">\n\t\t\t<img title=\" \" alt=\" \" src=\"https:\/\/www.eltono.com\/wp-content\/gallery\/bilbao-mural\/eltono-eredu-mural09.jpg\"\/>\n\t\t\t<\/div><div id=\"gallery-vertical-700-vh-comment\"> \t\t<\/div>\n\t<\/div>\n \t\t<div id=\"ngg1-image-2694\">\n\t\t<div id=\"gallery-vertical-700-vh\">\n\t\t\t<img title=\" \" alt=\" \" src=\"https:\/\/www.eltono.com\/wp-content\/gallery\/bilbao-mural\/eltono-eredu-mural10.jpg\"\/>\n\t\t\t<\/div><div id=\"gallery-vertical-700-vh-comment\"> \t\t<\/div>\n\t<\/div>\n \t\t<div id=\"ngg1-image-2695\">\n\t\t<div id=\"gallery-vertical-700-vh\">\n\t\t\t<img title=\" \" alt=\" \" src=\"https:\/\/www.eltono.com\/wp-content\/gallery\/bilbao-mural\/eltono-eredu-mural11.jpg\"\/>\n\t\t\t<\/div><div id=\"gallery-vertical-700-vh-comment\"> \t\t<\/div>\n\t<\/div>\n \t\t<div id=\"ngg1-image-2696\">\n\t\t<div id=\"gallery-vertical-700-vh\">\n\t\t\t<img title=\" \" alt=\" \" src=\"https:\/\/www.eltono.com\/wp-content\/gallery\/bilbao-mural\/eltono-eredu-mural12.jpg\"\/>\n\t\t\t<\/div><div id=\"gallery-vertical-700-vh-comment\"> \t\t<\/div>\n\t<\/div>\n \t\t<div id=\"ngg1-image-2697\">\n\t\t<div id=\"gallery-vertical-700-vh\">\n\t\t\t<img title=\" \" alt=\" \" src=\"https:\/\/www.eltono.com\/wp-content\/gallery\/bilbao-mural\/eltono-eredu-mural13.jpg\"\/>\n\t\t\t<\/div><div id=\"gallery-vertical-700-vh-comment\"> \t\t<\/div>\n\t<\/div>\n \t\t<div id=\"ngg1-image-2698\">\n\t\t<div id=\"gallery-vertical-700-vh\">\n\t\t\t<img title=\" \" alt=\" \" src=\"https:\/\/www.eltono.com\/wp-content\/gallery\/bilbao-mural\/eltono-eredu-mural14.jpg\"\/>\n\t\t\t<\/div><div id=\"gallery-vertical-700-vh-comment\"> \t\t<\/div>\n\t<\/div>\n \t\t<div id=\"ngg1-image-2699\">\n\t\t<div id=\"gallery-vertical-700-vh\">\n\t\t\t<img title=\" \" alt=\" \" src=\"https:\/\/www.eltono.com\/wp-content\/gallery\/bilbao-mural\/eltono-eredu-calle04.jpg\"\/>\n\t\t\t<\/div><div id=\"gallery-vertical-700-vh-comment\"> \t\t<\/div>\n\t<\/div>\n \t<\/div>\n<\/p>","protected":false},"excerpt":{"rendered":"<p>SC Gallery C\/ Cortes 4, Bilbao, Espa\u00f1a 7 de octubre &#8211; 25 de noviembre 2011 SC Gallery me invito a Bilbao para pintar un mural para el festival BLV-art (festival de arte en el barrio de Bilbao la Vieja) y para exponer en su galer\u00eda. Llam\u00e9 la exposici\u00f3n Eredu que significa &#8220;modelo&#8221; o &#8220;patr\u00f3n&#8221; en &hellip; <a href=\"https:\/\/www.eltono.com\/es\/exhibitions\/solo\/eredu\/\" class=\"more-link\">Continue reading <span class=\"screen-reader-text\">Eredu<\/span><\/a><\/p>\n","protected":false},"author":1,"featured_media":13511,"parent":13432,"menu_order":0,"comment_status":"closed","ping_status":"closed","template":"","meta":{"ngg_post_thumbnail":0,"jetpack_post_was_ever_published":false,"footnotes":""},"categories":[291,3,261,265,264,263],"tags":[],"class_list":["post-5515","page","type-page","status-publish","has-post-thumbnail","hentry","category-291","category-exhibitions","category-page_expo","category-page_indoor","category-page_solo_show","category-solo-show"],"jetpack_sharing_enabled":true,"jetpack_shortlink":"https:\/\/wp.me\/P7sWFx-1qX","_links":{"self":[{"href":"https:\/\/www.eltono.com\/es\/wp-json\/wp\/v2\/pages\/5515","targetHints":{"allow":["GET"]}}],"collection":[{"href":"https:\/\/www.eltono.com\/es\/wp-json\/wp\/v2\/pages"}],"about":[{"href":"https:\/\/www.eltono.com\/es\/wp-json\/wp\/v2\/types\/page"}],"author":[{"embeddable":true,"href":"https:\/\/www.eltono.com\/es\/wp-json\/wp\/v2\/users\/1"}],"replies":[{"embeddable":true,"href":"https:\/\/www.eltono.com\/es\/wp-json\/wp\/v2\/comments?post=5515"}],"version-history":[{"count":16,"href":"https:\/\/www.eltono.com\/es\/wp-json\/wp\/v2\/pages\/5515\/revisions"}],"predecessor-version":[{"id":13979,"href":"https:\/\/www.eltono.com\/es\/wp-json\/wp\/v2\/pages\/5515\/revisions\/13979"}],"up":[{"embeddable":true,"href":"https:\/\/www.eltono.com\/es\/wp-json\/wp\/v2\/pages\/13432"}],"wp:featuredmedia":[{"embeddable":true,"href":"https:\/\/www.eltono.com\/es\/wp-json\/wp\/v2\/media\/13511"}],"wp:attachment":[{"href":"https:\/\/www.eltono.com\/es\/wp-json\/wp\/v2\/media?parent=5515"}],"wp:term":[{"taxonomy":"category","embeddable":true,"href":"https:\/\/www.eltono.com\/es\/wp-json\/wp\/v2\/categories?post=5515"},{"taxonomy":"post_tag","embeddable":true,"href":"https:\/\/www.eltono.com\/es\/wp-json\/wp\/v2\/tags?post=5515"}],"curies":[{"name":"wp","href":"https:\/\/api.w.org\/{rel}","templated":true}]}}