{"id":6212,"date":"2012-03-28T10:41:12","date_gmt":"2012-03-28T09:41:12","guid":{"rendered":"http:\/\/www.eltono.com\/?page_id=6212"},"modified":"2023-12-19T09:36:06","modified_gmt":"2023-12-19T08:36:06","slug":"line-and-surface","status":"publish","type":"page","link":"https:\/\/www.eltono.com\/es\/boutique\/line-and-surface\/","title":{"rendered":"&#8220;Line and Surface&#8221;"},"content":{"rendered":"<p>Libro monogr\u00e1fico<\/p>\n<p>Publicado por <a href=\"http:\/\/www.stickit.nl\" target=\"_blank\" rel=\"noopener noreferrer\">Stickit<\/a> en 2012 en una edici\u00f3n limitada de 1000 copias, el libro presenta una selecci\u00f3n de los trabajos en la calle y de los experimentos en espacios interiores que he estado haciendo desde el a\u00f1o 1999. Es un libro de formato peque\u00f1o (22 x 15,50 cm) de 96 p\u00e1ginas con muchas fotos y textos donde hablo de mis experiencias trabajando alrededor del mundo. Los pr\u00f3logos fueron escritos por <strong>Javier Abarca<\/strong> y <strong>Rafael Schacter<\/strong> y el dise\u00f1o es de la mano de <strong>Jeroen van Mourik<\/strong>.<\/p>\n<p>35 \u20ac + 10 \u20ac (gastos de env\u00edo), en venta aqu\u00ed: <a href=\"https:\/\/www.eltono.com\/boutique\/product\/line-and-surface\/\">www.eltono.com\/en\/boutique\/product\/line-and-surface<\/a><\/p>\n<p><a href=\"http:\/\/www.eltono.com\/wp-content\/uploads\/2018\/09\/LineAndSurfaceEltono.jpg\"><img loading=\"lazy\" decoding=\"async\" data-attachment-id=\"19188\" data-permalink=\"https:\/\/www.eltono.com\/es\/boutique\/line-and-surface\/lineandsurfaceeltono\/\" data-orig-file=\"https:\/\/www.eltono.com\/wp-content\/uploads\/2018\/09\/LineAndSurfaceEltono.jpg\" data-orig-size=\"1200,888\" data-comments-opened=\"0\" data-image-meta=\"{&quot;aperture&quot;:&quot;4&quot;,&quot;credit&quot;:&quot;&quot;,&quot;camera&quot;:&quot;ILCE-7R&quot;,&quot;caption&quot;:&quot;&quot;,&quot;created_timestamp&quot;:&quot;1536259788&quot;,&quot;copyright&quot;:&quot;&quot;,&quot;focal_length&quot;:&quot;46&quot;,&quot;iso&quot;:&quot;100&quot;,&quot;shutter_speed&quot;:&quot;0.1&quot;,&quot;title&quot;:&quot;&quot;,&quot;orientation&quot;:&quot;1&quot;}\" data-image-title=\"LineAndSurfaceEltono\" data-image-description=\"\" data-image-caption=\"\" data-medium-file=\"https:\/\/www.eltono.com\/wp-content\/uploads\/2018\/09\/LineAndSurfaceEltono-300x222.jpg\" data-large-file=\"https:\/\/www.eltono.com\/wp-content\/uploads\/2018\/09\/LineAndSurfaceEltono-700x518.jpg\" class=\"alignleft size-full wp-image-19188\" src=\"http:\/\/www.eltono.com\/wp-content\/uploads\/2018\/09\/LineAndSurfaceEltono.jpg\" alt=\"\" width=\"1200\" height=\"888\" srcset=\"https:\/\/www.eltono.com\/wp-content\/uploads\/2018\/09\/LineAndSurfaceEltono.jpg 1200w, https:\/\/www.eltono.com\/wp-content\/uploads\/2018\/09\/LineAndSurfaceEltono-350x259.jpg 350w, https:\/\/www.eltono.com\/wp-content\/uploads\/2018\/09\/LineAndSurfaceEltono-300x222.jpg 300w, https:\/\/www.eltono.com\/wp-content\/uploads\/2018\/09\/LineAndSurfaceEltono-700x518.jpg 700w\" sizes=\"auto, (max-width: 1200px) 100vw, 1200px\" \/><\/a><\/p>\n<p><a href=\"http:\/\/www.eltono.com\/wp-content\/uploads\/2018\/09\/LineAndSurfaceEltono2.jpg\"><img loading=\"lazy\" decoding=\"async\" data-attachment-id=\"19189\" data-permalink=\"https:\/\/www.eltono.com\/es\/boutique\/line-and-surface\/lineandsurfaceeltono2\/\" data-orig-file=\"https:\/\/www.eltono.com\/wp-content\/uploads\/2018\/09\/LineAndSurfaceEltono2.jpg\" data-orig-size=\"1200,801\" data-comments-opened=\"0\" data-image-meta=\"{&quot;aperture&quot;:&quot;4&quot;,&quot;credit&quot;:&quot;&quot;,&quot;camera&quot;:&quot;ILCE-7R&quot;,&quot;caption&quot;:&quot;&quot;,&quot;created_timestamp&quot;:&quot;1536260416&quot;,&quot;copyright&quot;:&quot;&quot;,&quot;focal_length&quot;:&quot;40&quot;,&quot;iso&quot;:&quot;100&quot;,&quot;shutter_speed&quot;:&quot;0.04&quot;,&quot;title&quot;:&quot;&quot;,&quot;orientation&quot;:&quot;1&quot;}\" data-image-title=\"LineAndSurfaceEltono2\" data-image-description=\"\" data-image-caption=\"\" data-medium-file=\"https:\/\/www.eltono.com\/wp-content\/uploads\/2018\/09\/LineAndSurfaceEltono2-300x200.jpg\" data-large-file=\"https:\/\/www.eltono.com\/wp-content\/uploads\/2018\/09\/LineAndSurfaceEltono2-700x467.jpg\" class=\"alignleft size-full wp-image-19189\" src=\"http:\/\/www.eltono.com\/wp-content\/uploads\/2018\/09\/LineAndSurfaceEltono2.jpg\" alt=\"\" width=\"1200\" height=\"801\" srcset=\"https:\/\/www.eltono.com\/wp-content\/uploads\/2018\/09\/LineAndSurfaceEltono2.jpg 1200w, https:\/\/www.eltono.com\/wp-content\/uploads\/2018\/09\/LineAndSurfaceEltono2-350x234.jpg 350w, https:\/\/www.eltono.com\/wp-content\/uploads\/2018\/09\/LineAndSurfaceEltono2-300x200.jpg 300w, https:\/\/www.eltono.com\/wp-content\/uploads\/2018\/09\/LineAndSurfaceEltono2-700x467.jpg 700w\" sizes=\"auto, (max-width: 1200px) 100vw, 1200px\" \/><\/a><\/p>\n<p><a href=\"http:\/\/www.eltono.com\/wp-content\/gallery\/line-and-surface\/eltono-line-and-surface-book07.jpg\"><img decoding=\"async\" src=\"http:\/\/www.eltono.com\/wp-content\/gallery\/line-and-surface\/eltono-line-and-surface-book07.jpg\" alt=\"\" width=\"600\"><\/a><\/p>\n<p><a href=\"http:\/\/www.eltono.com\/wp-content\/gallery\/line-and-surface\/eltono-line-and-surface-book06_0.jpg\"><img decoding=\"async\" src=\"http:\/\/www.eltono.com\/wp-content\/gallery\/line-and-surface\/eltono-line-and-surface-book06_0.jpg\" alt=\"\" width=\"600\"><\/a><\/p>\n<p><a href=\"http:\/\/www.eltono.com\/wp-content\/gallery\/line-and-surface\/eltono-line-and-surface-book03.jpg\"><img decoding=\"async\" src=\"http:\/\/www.eltono.com\/wp-content\/gallery\/line-and-surface\/eltono-line-and-surface-book03.jpg\" alt=\"\" width=\"600\"><\/a><\/p>\n<p><a href=\"http:\/\/www.eltono.com\/wp-content\/gallery\/line-and-surface\/eltono-line-and-surface-book01.jpg\"><img decoding=\"async\" src=\"http:\/\/www.eltono.com\/wp-content\/gallery\/line-and-surface\/eltono-line-and-surface-book01.jpg\" alt=\"\" width=\"600\"><\/a><\/p>\n<p><a href=\"http:\/\/www.eltono.com\/wp-content\/gallery\/line-and-surface\/eltono-line-and-surface-book09.jpg\"><img decoding=\"async\" src=\"http:\/\/www.eltono.com\/wp-content\/gallery\/line-and-surface\/eltono-line-and-surface-book09.jpg\" alt=\"\" width=\"600\"><\/a><\/p>\n<p><a href=\"http:\/\/www.eltono.com\/wp-content\/gallery\/line-and-surface\/eltono-line-and-surface-book08.jpg\"><img decoding=\"async\" src=\"http:\/\/www.eltono.com\/wp-content\/gallery\/line-and-surface\/eltono-line-and-surface-book08.jpg\" alt=\"\" width=\"600\"><\/a><\/p>\n<p><a href=\"http:\/\/www.eltono.com\/wp-content\/gallery\/line-and-surface\/eltono-line-and-surface-book04.jpg\"><img decoding=\"async\" src=\"http:\/\/www.eltono.com\/wp-content\/gallery\/line-and-surface\/eltono-line-and-surface-book04.jpg\" alt=\"\" width=\"600\"><\/a><\/p>","protected":false},"excerpt":{"rendered":"<p>Libro monogr\u00e1fico Publicado por Stickit en 2012 en una edici\u00f3n limitada de 1000 copias, el libro presenta una selecci\u00f3n de los trabajos en la calle y de los experimentos en espacios interiores que he estado haciendo desde el a\u00f1o 1999. Es un libro de formato peque\u00f1o (22 x 15,50 cm) de 96 p\u00e1ginas con muchas &hellip; <a href=\"https:\/\/www.eltono.com\/es\/boutique\/line-and-surface\/\" class=\"more-link\">Continue reading <span class=\"screen-reader-text\">&#8220;Line and Surface&#8221;<\/span><\/a><\/p>\n","protected":false},"author":1,"featured_media":19188,"parent":13,"menu_order":0,"comment_status":"closed","ping_status":"closed","template":"","meta":{"ngg_post_thumbnail":0,"jetpack_post_was_ever_published":false,"footnotes":""},"categories":[290,258,8],"tags":[],"class_list":["post-6212","page","type-page","status-publish","has-post-thumbnail","hentry","category-290","category-edition","category-shop"],"jetpack_sharing_enabled":true,"jetpack_shortlink":"https:\/\/wp.me\/P7sWFx-1Cc","_links":{"self":[{"href":"https:\/\/www.eltono.com\/es\/wp-json\/wp\/v2\/pages\/6212","targetHints":{"allow":["GET"]}}],"collection":[{"href":"https:\/\/www.eltono.com\/es\/wp-json\/wp\/v2\/pages"}],"about":[{"href":"https:\/\/www.eltono.com\/es\/wp-json\/wp\/v2\/types\/page"}],"author":[{"embeddable":true,"href":"https:\/\/www.eltono.com\/es\/wp-json\/wp\/v2\/users\/1"}],"replies":[{"embeddable":true,"href":"https:\/\/www.eltono.com\/es\/wp-json\/wp\/v2\/comments?post=6212"}],"version-history":[{"count":24,"href":"https:\/\/www.eltono.com\/es\/wp-json\/wp\/v2\/pages\/6212\/revisions"}],"predecessor-version":[{"id":23767,"href":"https:\/\/www.eltono.com\/es\/wp-json\/wp\/v2\/pages\/6212\/revisions\/23767"}],"up":[{"embeddable":true,"href":"https:\/\/www.eltono.com\/es\/wp-json\/wp\/v2\/pages\/13"}],"wp:featuredmedia":[{"embeddable":true,"href":"https:\/\/www.eltono.com\/es\/wp-json\/wp\/v2\/media\/19188"}],"wp:attachment":[{"href":"https:\/\/www.eltono.com\/es\/wp-json\/wp\/v2\/media?parent=6212"}],"wp:term":[{"taxonomy":"category","embeddable":true,"href":"https:\/\/www.eltono.com\/es\/wp-json\/wp\/v2\/categories?post=6212"},{"taxonomy":"post_tag","embeddable":true,"href":"https:\/\/www.eltono.com\/es\/wp-json\/wp\/v2\/tags?post=6212"}],"curies":[{"name":"wp","href":"https:\/\/api.w.org\/{rel}","templated":true}]}}