{"id":6451,"date":"2012-05-08T13:08:13","date_gmt":"2012-05-08T11:08:13","guid":{"rendered":"http:\/\/www.eltono.com\/?page_id=6451"},"modified":"2016-03-20T18:03:32","modified_gmt":"2016-03-20T16:03:32","slug":"esto-no-es-graffiti","status":"publish","type":"page","link":"https:\/\/www.eltono.com\/es\/exhibitions\/esto-no-es-graffiti\/","title":{"rendered":"Esto no es Graffiti"},"content":{"rendered":"<p><strong>Cicus<\/strong><br \/>\nSevilla, Espa\u00f1a<br \/>\n8 de mayo &#8211; 31 de mayo 2012<\/p>\n<p>Proyecto comisariado por <a href=\"http:\/\/www.delimbo.com\/\" target=\"_blank\">Delimbo<\/a><\/p>\n<p>\u00bfQue es el graffiti? \u00bfQue es el llamado arte urbano? \u00bfEs esto graffiti? \u00bfArte? \u00bfCuales son los l\u00edmites? \u00bfQuien los marca? <em>Esto No Es Graffiti<\/em> es una Exposici\u00f3n sobre algo llamado de muchos modos diferentes, etiquetado de muchas formas; Pero en esencia, es creaci\u00f3n viva y espont\u00e1nea, con dispares metodolog\u00edas, millones de puntos de vista, y sin ninguna regla escrita. Lo \u00fanico que est\u00e1 claro es que <em>Esto No Es Graffiti<\/em>. El graffiti est\u00e1 en las calles, y es gratis, disfruta de el mientras existe &#8211; <em>Esto No Es Graffiti<\/em>, texto por <a href=\"http:\/\/ilovetocopy.com\/\" target=\"_blank\">Seleka<\/a>, Comisariado por Delimbo.<\/p>\n<p><a href=\"http:\/\/www.estonoesgraffiti.com\/\" target=\"_blank\">www.estonoesgraffiti.com<\/a><\/p>\n<p><img loading=\"lazy\" decoding=\"async\" class=\"alignnone size-full wp-image-6467\" title=\"eneg-logo3\" src=\"http:\/\/www.eltono.com\/wp-content\/uploads\/2012\/07\/eneg-logo3.jpg\" alt=\"\" width=\"515\" height=\"191\" \/><\/p>\n<p>Para la exposici\u00f3n <em>Esto no es Graffiti<\/em>, presente tres obras, dos de ellas en colaboraci\u00f3n con <a href=\"http:\/\/ilovetocopy.com\/\" target=\"_blank\">Seleka<\/a>.<\/p>\n<h2><em>Absence<\/em><\/h2>\n<p>360 x 330 cm, pladur recortado<\/p>\n<p>La primera obra se llama <em><strong>Absence<\/strong><\/em> (ausencia en franc\u00e9s). Bas\u00e1ndome en el nombre de la exposici\u00f3n y reflexionando sobre la cuesti\u00f3n de exponer graffiti en espacios privados, dibuj\u00e9 recortando una pared de pladur que proteg\u00eda el muro original de ladrillos. El resultado expuesto era la ausencia de la obra, reivindicando as\u00ed la calle como su soporte original.<\/p>\n<p><style type=\"text\/css\" media=\"all\">\n\/* ----------- Galeria Vertical 700 vh ngg1 ------------*\/\n#gallery-vertical-700-vh{\n\t\/\/max-width: 100%;\n\t\/\/width: 700px;\n\tbackground-color: #ffffff;\n\ttext-align: left;\n}\n#gallery-vertical-700-vh img{\n\t\/\/max-width: 100%;\n\tvertical-align: bottom;\n}\n#gallery-vertical-700-vh-comment{\n\tword-wrap: break-word;\n\t\/\/width: 700px;\n\tmargin: 0 0 17px 0;\n}\n<\/style>\n<div class=\"ngg1-galleryoverview\" id=\"ngg1-gallery-a162e3eeca9f27b831a79fdf9f953753\">\n\t\t<div id=\"ngg1-image-3090\">\n\t\t<div id=\"gallery-vertical-700-vh\">\n\t\t\t<img title=\"&quot;Absence&quot; (process)\" alt=\"&quot;Absence&quot; (process)\" src=\"https:\/\/www.eltono.com\/wp-content\/gallery\/esto-no-es-graffiti\/eltono-eneg02.jpg\"\/>\n\t\t\t<\/div><div id=\"gallery-vertical-700-vh-comment\">&quot;Absence&quot; (process)\t\t<\/div>\n\t<\/div>\n \t\t<div id=\"ngg1-image-3091\">\n\t\t<div id=\"gallery-vertical-700-vh\">\n\t\t\t<img title=\"&quot;Absence&quot; (proceso)\" alt=\"&quot;Absence&quot; (proceso)\" src=\"https:\/\/www.eltono.com\/wp-content\/gallery\/esto-no-es-graffiti\/eltono-eneg03.jpg\"\/>\n\t\t\t<\/div><div id=\"gallery-vertical-700-vh-comment\">&quot;Absence&quot; (proceso)\t\t<\/div>\n\t<\/div>\n \t\t<div id=\"ngg1-image-3092\">\n\t\t<div id=\"gallery-vertical-700-vh\">\n\t\t\t<img title=\"&quot;Absence&quot;\" alt=\"&quot;Absence&quot;\" src=\"https:\/\/www.eltono.com\/wp-content\/gallery\/esto-no-es-graffiti\/eltono-eneg04.jpg\"\/>\n\t\t\t<\/div><div id=\"gallery-vertical-700-vh-comment\">&quot;Absence&quot;\t\t<\/div>\n\t<\/div>\n \t\t<div id=\"ngg1-image-3093\">\n\t\t<div id=\"gallery-vertical-700-vh\">\n\t\t\t<img title=\"&quot;Absence&quot;\" alt=\"&quot;Absence&quot;\" src=\"https:\/\/www.eltono.com\/wp-content\/gallery\/esto-no-es-graffiti\/eltono-eneg05.jpg\"\/>\n\t\t\t<\/div><div id=\"gallery-vertical-700-vh-comment\">&quot;Absence&quot;\t\t<\/div>\n\t<\/div>\n \t\t<div id=\"ngg1-image-3094\">\n\t\t<div id=\"gallery-vertical-700-vh\">\n\t\t\t<img title=\"&quot;Absence&quot;\" alt=\"&quot;Absence&quot;\" src=\"https:\/\/www.eltono.com\/wp-content\/gallery\/esto-no-es-graffiti\/eltono-eneg06.jpg\"\/>\n\t\t\t<\/div><div id=\"gallery-vertical-700-vh-comment\">&quot;Absence&quot;\t\t<\/div>\n\t<\/div>\n \t\t<div id=\"ngg1-image-3095\">\n\t\t<div id=\"gallery-vertical-700-vh\">\n\t\t\t<img title=\"&quot;Absence&quot;\" alt=\"&quot;Absence&quot;\" src=\"https:\/\/www.eltono.com\/wp-content\/gallery\/esto-no-es-graffiti\/eltono-eneg07.jpg\"\/>\n\t\t\t<\/div><div id=\"gallery-vertical-700-vh-comment\">&quot;Absence&quot;\t\t<\/div>\n\t<\/div>\n \t\t<div id=\"ngg1-image-3126\">\n\t\t<div id=\"gallery-vertical-700-vh\">\n\t\t\t<img title=\"&quot;Absence&quot;, vista de la sala con obras de Sixe y Seleka\" alt=\"&quot;Absence&quot;, vista de la sala con obras de Sixe y Seleka\" src=\"https:\/\/www.eltono.com\/wp-content\/gallery\/esto-no-es-graffiti\/eltono-eneg09.jpg\"\/>\n\t\t\t<\/div><div id=\"gallery-vertical-700-vh-comment\">&quot;Absence&quot;, vista de la sala con obras de Sixe y Seleka\t\t<\/div>\n\t<\/div>\n \t<\/div>\n<\/p>\n<h2><em>Calle Buiza y Mensaque 3<\/em><\/h2>\n<p>Seleka y Eltono<br \/>\n200 x 150 cm cada pieza &#8211; Pintura aerosol sobre papel Fabriano 300 gr &#8211; Pintura aerosol sobre pared e impresi\u00f3n fotogr\u00e1fica<\/p>\n<p>La segunda obra que presente, en colaboraci\u00f3n con Seleka, tambi\u00e9n era una reflexi\u00f3n sobre el hecho de exponer graffiti en un espacio expositivo. Realizamos un dibujo sobre papel y en paralelo, pintamos por la calle, de forma ilegal, su negativo. Dentro de la expo, ense\u00f1amos el dibujo junto a una foto a tama\u00f1o real de la pintada en la calle.<\/p>\n<p><style type=\"text\/css\" media=\"all\">\n\/* ----------- Galeria Vertical 700 vh ngg1 ------------*\/\n#gallery-vertical-700-vh{\n\t\/\/max-width: 100%;\n\t\/\/width: 700px;\n\tbackground-color: #ffffff;\n\ttext-align: left;\n}\n#gallery-vertical-700-vh img{\n\t\/\/max-width: 100%;\n\tvertical-align: bottom;\n}\n#gallery-vertical-700-vh-comment{\n\tword-wrap: break-word;\n\t\/\/width: 700px;\n\tmargin: 0 0 17px 0;\n}\n<\/style>\n<div class=\"ngg1-galleryoverview\" id=\"ngg1-gallery-19dab38f8d08ed1fb688cf6210eb1b46\">\n\t\t<div id=\"ngg1-image-3113\">\n\t\t<div id=\"gallery-vertical-700-vh\">\n\t\t\t<img title=\"\u201cCalle Buiza y Mensaque 3\u201d (painting on paper, process)\" alt=\"\u201cCalle Buiza y Mensaque 3\u201d (painting on paper, process)\" src=\"https:\/\/www.eltono.com\/wp-content\/gallery\/esto-no-es-graffiti-2\/eltono-seleka-eneg01.jpg\"\/>\n\t\t\t<\/div><div id=\"gallery-vertical-700-vh-comment\">\u201cCalle Buiza y Mensaque 3\u201d (painting on paper, process)\t\t<\/div>\n\t<\/div>\n \t\t<div id=\"ngg1-image-3114\">\n\t\t<div id=\"gallery-vertical-700-vh\">\n\t\t\t<img title=\"\u201cCalle Buiza y Mensaque 3\u201d (obra sobre papel)\" alt=\"\u201cCalle Buiza y Mensaque 3\u201d (obra sobre papel)\" src=\"https:\/\/www.eltono.com\/wp-content\/gallery\/esto-no-es-graffiti-2\/eltono-seleka-eneg02.jpg\"\/>\n\t\t\t<\/div><div id=\"gallery-vertical-700-vh-comment\">\u201cCalle Buiza y Mensaque 3\u201d (obra sobre papel)\t\t<\/div>\n\t<\/div>\n \t\t<div id=\"ngg1-image-3115\">\n\t\t<div id=\"gallery-vertical-700-vh\">\n\t\t\t<img title=\"\u201cCalle Buiza y Mensaque 3\u201d (obra en la calle)\" alt=\"\u201cCalle Buiza y Mensaque 3\u201d (obra en la calle)\" src=\"https:\/\/www.eltono.com\/wp-content\/gallery\/esto-no-es-graffiti-2\/eltono-seleka-eneg03.jpg\"\/>\n\t\t\t<\/div><div id=\"gallery-vertical-700-vh-comment\">\u201cCalle Buiza y Mensaque 3\u201d (obra en la calle)\t\t<\/div>\n\t<\/div>\n \t\t<div id=\"ngg1-image-3116\">\n\t\t<div id=\"gallery-vertical-700-vh\">\n\t\t\t<img title=\"\u201cCalle Buiza y Mensaque 3\u201d (obra sobre papel y obra en la calle)\" alt=\"\u201cCalle Buiza y Mensaque 3\u201d (obra sobre papel y obra en la calle)\" src=\"https:\/\/www.eltono.com\/wp-content\/gallery\/esto-no-es-graffiti-2\/eltono-seleka-eneg04.jpg\"\/>\n\t\t\t<\/div><div id=\"gallery-vertical-700-vh-comment\">\u201cCalle Buiza y Mensaque 3\u201d (obra sobre papel y obra en la calle)\t\t<\/div>\n\t<\/div>\n \t\t<div id=\"ngg1-image-3117\">\n\t\t<div id=\"gallery-vertical-700-vh\">\n\t\t\t<img title=\"\u201cCalle Buiza y Mensaque 3\u201d (obra en la calle)\" alt=\"\u201cCalle Buiza y Mensaque 3\u201d (obra en la calle)\" src=\"https:\/\/www.eltono.com\/wp-content\/gallery\/esto-no-es-graffiti-2\/eltono-seleka-eneg05.jpg\"\/>\n\t\t\t<\/div><div id=\"gallery-vertical-700-vh-comment\">\u201cCalle Buiza y Mensaque 3\u201d (obra en la calle)\t\t<\/div>\n\t<\/div>\n \t<\/div>\n<\/p>\n<h2><em>Rompecabezas<\/em><\/h2>\n<p>Seleka y Eltono<br \/>\n400 x 200 cm, madera y pintura aerosol<\/p>\n<p>Para la tercera obra, montamos un collage de madera en una pared y intervenimos encima; primero yo con cinta y luego Seleka pintando. Una vez la pieza acabada, pedimos a Marcos, el montador de la expo, que la desmonte y la vuelva a montar con otro orden. No intervenimos en la composici\u00f3n de la pieza; dejamos el azar y los criterios del montador decidir del aspecto de la obra terminada. La idea de no tener control sobre el resultado final de la obra se inspira en el deterioro que se puede observar en las piezas que pintamos por la ciudad: factores ajenos al artista van modificando poco a poco las pintadas hasta, en la mayor\u00eda de los casos, su desaparici\u00f3n total.<\/p>\n<p><style type=\"text\/css\" media=\"all\">\n\/* ----------- Galeria Vertical 700 vh ngg1 ------------*\/\n#gallery-vertical-700-vh{\n\t\/\/max-width: 100%;\n\t\/\/width: 700px;\n\tbackground-color: #ffffff;\n\ttext-align: left;\n}\n#gallery-vertical-700-vh img{\n\t\/\/max-width: 100%;\n\tvertical-align: bottom;\n}\n#gallery-vertical-700-vh-comment{\n\tword-wrap: break-word;\n\t\/\/width: 700px;\n\tmargin: 0 0 17px 0;\n}\n<\/style>\n<div class=\"ngg1-galleryoverview\" id=\"ngg1-gallery-d99a8d803acfc578ab29945967c24786\">\n\t\t<div id=\"ngg1-image-3125\">\n\t\t<div id=\"gallery-vertical-700-vh\">\n\t\t\t<img title=\"&quot;Rompecabezas&quot; (Eltono&#039;s intervention)\" alt=\"&quot;Rompecabezas&quot; (Eltono&#039;s intervention)\" src=\"https:\/\/www.eltono.com\/wp-content\/gallery\/esto-no-es-graffiti-3\/eltono-seleka-eneg13.jpg\"\/>\n\t\t\t<\/div><div id=\"gallery-vertical-700-vh-comment\">&quot;Rompecabezas&quot; (Eltono&#039;s intervention)\t\t<\/div>\n\t<\/div>\n \t\t<div id=\"ngg1-image-3119\">\n\t\t<div id=\"gallery-vertical-700-vh\">\n\t\t\t<img title=\"&quot;Rompecabezas&quot; (intervenci\u00f3n de Seleka)\" alt=\"&quot;Rompecabezas&quot; (intervenci\u00f3n de Seleka)\" src=\"https:\/\/www.eltono.com\/wp-content\/gallery\/esto-no-es-graffiti-3\/eltono-seleka-eneg07.jpg\"\/>\n\t\t\t<\/div><div id=\"gallery-vertical-700-vh-comment\">&quot;Rompecabezas&quot; (intervenci\u00f3n de Seleka)\t\t<\/div>\n\t<\/div>\n \t\t<div id=\"ngg1-image-3118\">\n\t\t<div id=\"gallery-vertical-700-vh\">\n\t\t\t<img title=\"&quot;Rompecabezas&quot; (intervenci\u00f3n de Eltono)\" alt=\"&quot;Rompecabezas&quot; (intervenci\u00f3n de Eltono)\" src=\"https:\/\/www.eltono.com\/wp-content\/gallery\/esto-no-es-graffiti-3\/eltono-seleka-eneg06.jpg\"\/>\n\t\t\t<\/div><div id=\"gallery-vertical-700-vh-comment\">&quot;Rompecabezas&quot; (intervenci\u00f3n de Eltono)\t\t<\/div>\n\t<\/div>\n \t\t<div id=\"ngg1-image-3121\">\n\t\t<div id=\"gallery-vertical-700-vh\">\n\t\t\t<img title=\"&quot;Rompecabezas&quot; (intervenci\u00f3n de Seleka)\" alt=\"&quot;Rompecabezas&quot; (intervenci\u00f3n de Seleka)\" src=\"https:\/\/www.eltono.com\/wp-content\/gallery\/esto-no-es-graffiti-3\/eltono-seleka-eneg09.jpg\"\/>\n\t\t\t<\/div><div id=\"gallery-vertical-700-vh-comment\">&quot;Rompecabezas&quot; (intervenci\u00f3n de Seleka)\t\t<\/div>\n\t<\/div>\n \t\t<div id=\"ngg1-image-3120\">\n\t\t<div id=\"gallery-vertical-700-vh\">\n\t\t\t<img title=\"&quot;Rompecabezas&quot; (desmontaje y re-montaje por Marcos)\" alt=\"&quot;Rompecabezas&quot; (desmontaje y re-montaje por Marcos)\" src=\"https:\/\/www.eltono.com\/wp-content\/gallery\/esto-no-es-graffiti-3\/eltono-seleka-eneg08.jpg\"\/>\n\t\t\t<\/div><div id=\"gallery-vertical-700-vh-comment\">&quot;Rompecabezas&quot; (desmontaje y re-montaje por Marcos)\t\t<\/div>\n\t<\/div>\n \t\t<div id=\"ngg1-image-3122\">\n\t\t<div id=\"gallery-vertical-700-vh\">\n\t\t\t<img title=\"&quot;Rompecabezas&quot; (estado final)\" alt=\"&quot;Rompecabezas&quot; (estado final)\" src=\"https:\/\/www.eltono.com\/wp-content\/gallery\/esto-no-es-graffiti-3\/eltono-seleka-eneg10.jpg\"\/>\n\t\t\t<\/div><div id=\"gallery-vertical-700-vh-comment\">&quot;Rompecabezas&quot; (estado final)\t\t<\/div>\n\t<\/div>\n \t\t<div id=\"ngg1-image-3123\">\n\t\t<div id=\"gallery-vertical-700-vh\">\n\t\t\t<img title=\"&quot;Rompecabezas&quot; (detalle)\" alt=\"&quot;Rompecabezas&quot; (detalle)\" src=\"https:\/\/www.eltono.com\/wp-content\/gallery\/esto-no-es-graffiti-3\/eltono-seleka-eneg11.jpg\"\/>\n\t\t\t<\/div><div id=\"gallery-vertical-700-vh-comment\">&quot;Rompecabezas&quot; (detalle)\t\t<\/div>\n\t<\/div>\n \t\t<div id=\"ngg1-image-3127\">\n\t\t<div id=\"gallery-vertical-700-vh\">\n\t\t\t<img title=\"Vista de la sala con obras de Sixe y Seleka\" alt=\"Vista de la sala con obras de Sixe y Seleka\" src=\"https:\/\/www.eltono.com\/wp-content\/gallery\/esto-no-es-graffiti-3\/eltono-seleka-eneg14.jpg\"\/>\n\t\t\t<\/div><div id=\"gallery-vertical-700-vh-comment\">Vista de la sala con obras de Sixe y Seleka\t\t<\/div>\n\t<\/div>\n \t\t<div id=\"ngg1-image-3124\">\n\t\t<div id=\"gallery-vertical-700-vh\">\n\t\t\t<img title=\"Vista de la sala con obras de Sixe y Seleka\" alt=\"Vista de la sala con obras de Sixe y Seleka\" src=\"https:\/\/www.eltono.com\/wp-content\/gallery\/esto-no-es-graffiti-3\/eltono-seleka-eneg12.jpg\"\/>\n\t\t\t<\/div><div id=\"gallery-vertical-700-vh-comment\">Vista de la sala con obras de Sixe y Seleka\t\t<\/div>\n\t<\/div>\n \t<\/div>\n<\/p>\n<p>Fotos por Delimbo y Eltono<br \/>\nGracias a Laura y Seleka, Marcos y Domingo<\/p>","protected":false},"excerpt":{"rendered":"<p>Cicus Sevilla, Espa\u00f1a 8 de mayo &#8211; 31 de mayo 2012 Proyecto comisariado por Delimbo \u00bfQue es el graffiti? \u00bfQue es el llamado arte urbano? \u00bfEs esto graffiti? \u00bfArte? \u00bfCuales son los l\u00edmites? \u00bfQuien los marca? Esto No Es Graffiti es una Exposici\u00f3n sobre algo llamado de muchos modos diferentes, etiquetado de muchas formas; Pero &hellip; <a href=\"https:\/\/www.eltono.com\/es\/exhibitions\/esto-no-es-graffiti\/\" class=\"more-link\">Continue reading <span class=\"screen-reader-text\">Esto no es Graffiti<\/span><\/a><\/p>\n","protected":false},"author":1,"featured_media":13849,"parent":9,"menu_order":0,"comment_status":"closed","ping_status":"closed","template":"","meta":{"ngg_post_thumbnail":0,"jetpack_post_was_ever_published":false,"footnotes":""},"categories":[290,3,270,261,265],"tags":[],"class_list":["post-6451","page","type-page","status-publish","has-post-thumbnail","hentry","category-290","category-exhibitions","category-page_collective_show","category-page_expo","category-page_indoor"],"jetpack_sharing_enabled":true,"jetpack_shortlink":"https:\/\/wp.me\/P7sWFx-1G3","_links":{"self":[{"href":"https:\/\/www.eltono.com\/es\/wp-json\/wp\/v2\/pages\/6451","targetHints":{"allow":["GET"]}}],"collection":[{"href":"https:\/\/www.eltono.com\/es\/wp-json\/wp\/v2\/pages"}],"about":[{"href":"https:\/\/www.eltono.com\/es\/wp-json\/wp\/v2\/types\/page"}],"author":[{"embeddable":true,"href":"https:\/\/www.eltono.com\/es\/wp-json\/wp\/v2\/users\/1"}],"replies":[{"embeddable":true,"href":"https:\/\/www.eltono.com\/es\/wp-json\/wp\/v2\/comments?post=6451"}],"version-history":[{"count":8,"href":"https:\/\/www.eltono.com\/es\/wp-json\/wp\/v2\/pages\/6451\/revisions"}],"predecessor-version":[{"id":13848,"href":"https:\/\/www.eltono.com\/es\/wp-json\/wp\/v2\/pages\/6451\/revisions\/13848"}],"up":[{"embeddable":true,"href":"https:\/\/www.eltono.com\/es\/wp-json\/wp\/v2\/pages\/9"}],"wp:featuredmedia":[{"embeddable":true,"href":"https:\/\/www.eltono.com\/es\/wp-json\/wp\/v2\/media\/13849"}],"wp:attachment":[{"href":"https:\/\/www.eltono.com\/es\/wp-json\/wp\/v2\/media?parent=6451"}],"wp:term":[{"taxonomy":"category","embeddable":true,"href":"https:\/\/www.eltono.com\/es\/wp-json\/wp\/v2\/categories?post=6451"},{"taxonomy":"post_tag","embeddable":true,"href":"https:\/\/www.eltono.com\/es\/wp-json\/wp\/v2\/tags?post=6451"}],"curies":[{"name":"wp","href":"https:\/\/api.w.org\/{rel}","templated":true}]}}