{"id":665,"date":"2006-01-01T00:10:54","date_gmt":"2005-12-31T22:10:54","guid":{"rendered":"http:\/\/www.eltono.com\/_V2\/?page_id=665"},"modified":"2016-03-20T18:13:55","modified_gmt":"2016-03-20T16:13:55","slug":"graffitis-sonoros","status":"publish","type":"page","link":"https:\/\/www.eltono.com\/es\/exhibitions\/graffitis-sonoros\/","title":{"rendered":"1a Bienal de Arte Fundaci\u00f3n Once"},"content":{"rendered":"<p><strong>1a Bienal de Arte contempor\u00e1neo Fundaci\u00f3n Once<\/strong><br \/>\nC\u00edrculo de Bellas Artes, Madrid, Espa\u00f1a<br \/>\nEnero 2006<\/p>\n<h2>Graffitis Sonoros<\/h2>\n<p>Instalaci\u00f3n en colaboraci\u00f3n con <a href=\"http:\/\/www.nuriamora.com\/\" target=\"_blank\">Nuria Mora<\/a><\/p>\n<p>Experimento alrededor de la idea de cambiar el est\u00edmulo normal del graffiti, el visual, por un est\u00edmulo menos habitual, el sonido.<\/p>\n<p><iframe loading=\"lazy\" src=\"https:\/\/www.youtube.com\/embed\/1ayzEphqhXU?rel=0&amp;showinfo=0\" width=\"700\" height=\"525\" frameborder=\"0\" allowfullscreen=\"allowfullscreen\"><\/iframe><br \/>\n<style type=\"text\/css\" media=\"all\">\n\/* ----------- Galeria Vertical 700 vh ngg1 ------------*\/\n#gallery-vertical-700-vh{\n\t\/\/max-width: 100%;\n\t\/\/width: 700px;\n\tbackground-color: #ffffff;\n\ttext-align: left;\n}\n#gallery-vertical-700-vh img{\n\t\/\/max-width: 100%;\n\tvertical-align: bottom;\n}\n#gallery-vertical-700-vh-comment{\n\tword-wrap: break-word;\n\t\/\/width: 700px;\n\tmargin: 0 0 17px 0;\n}\n<\/style>\n<div class=\"ngg1-galleryoverview\" id=\"ngg1-gallery-a4e2dcec2ba9622554691b54d6d124d8\">\n\t\t<div id=\"ngg1-image-179\">\n\t\t<div id=\"gallery-vertical-700-vh\">\n\t\t\t<img title=\" \" alt=\" \" src=\"https:\/\/www.eltono.com\/wp-content\/gallery\/graffitis-sonoros\/gs01.jpg\"\/>\n\t\t\t<\/div><div id=\"gallery-vertical-700-vh-comment\"> \t\t<\/div>\n\t<\/div>\n \t\t<div id=\"ngg1-image-180\">\n\t\t<div id=\"gallery-vertical-700-vh\">\n\t\t\t<img title=\" \" alt=\" \" src=\"https:\/\/www.eltono.com\/wp-content\/gallery\/graffitis-sonoros\/gs02.jpg\"\/>\n\t\t\t<\/div><div id=\"gallery-vertical-700-vh-comment\"> \t\t<\/div>\n\t<\/div>\n \t<\/div>\n<\/p>","protected":false},"excerpt":{"rendered":"<p>1a Bienal de Arte contempor\u00e1neo Fundaci\u00f3n Once C\u00edrculo de Bellas Artes, Madrid, Espa\u00f1a Enero 2006 Graffitis Sonoros Instalaci\u00f3n en colaboraci\u00f3n con Nuria Mora Experimento alrededor de la idea de cambiar el est\u00edmulo normal del graffiti, el visual, por un est\u00edmulo menos habitual, el sonido.<\/p>\n","protected":false},"author":1,"featured_media":14157,"parent":9,"menu_order":0,"comment_status":"closed","ping_status":"closed","template":"","meta":{"ngg_post_thumbnail":0,"jetpack_post_was_ever_published":false,"footnotes":""},"categories":[296,3,5,270,261,265,266,269],"tags":[],"class_list":["post-665","page","type-page","status-publish","has-post-thumbnail","hentry","category-296","category-exhibitions","category-interventions","category-page_collective_show","category-page_expo","category-page_indoor","category-page_outdoor","category-page_participatif"],"jetpack_sharing_enabled":true,"jetpack_shortlink":"https:\/\/wp.me\/P7sWFx-aJ","_links":{"self":[{"href":"https:\/\/www.eltono.com\/es\/wp-json\/wp\/v2\/pages\/665","targetHints":{"allow":["GET"]}}],"collection":[{"href":"https:\/\/www.eltono.com\/es\/wp-json\/wp\/v2\/pages"}],"about":[{"href":"https:\/\/www.eltono.com\/es\/wp-json\/wp\/v2\/types\/page"}],"author":[{"embeddable":true,"href":"https:\/\/www.eltono.com\/es\/wp-json\/wp\/v2\/users\/1"}],"replies":[{"embeddable":true,"href":"https:\/\/www.eltono.com\/es\/wp-json\/wp\/v2\/comments?post=665"}],"version-history":[{"count":17,"href":"https:\/\/www.eltono.com\/es\/wp-json\/wp\/v2\/pages\/665\/revisions"}],"predecessor-version":[{"id":14158,"href":"https:\/\/www.eltono.com\/es\/wp-json\/wp\/v2\/pages\/665\/revisions\/14158"}],"up":[{"embeddable":true,"href":"https:\/\/www.eltono.com\/es\/wp-json\/wp\/v2\/pages\/9"}],"wp:featuredmedia":[{"embeddable":true,"href":"https:\/\/www.eltono.com\/es\/wp-json\/wp\/v2\/media\/14157"}],"wp:attachment":[{"href":"https:\/\/www.eltono.com\/es\/wp-json\/wp\/v2\/media?parent=665"}],"wp:term":[{"taxonomy":"category","embeddable":true,"href":"https:\/\/www.eltono.com\/es\/wp-json\/wp\/v2\/categories?post=665"},{"taxonomy":"post_tag","embeddable":true,"href":"https:\/\/www.eltono.com\/es\/wp-json\/wp\/v2\/tags?post=665"}],"curies":[{"name":"wp","href":"https:\/\/api.w.org\/{rel}","templated":true}]}}